{"id":46669,"date":"2024-08-28T11:01:55","date_gmt":"2024-08-28T18:01:55","guid":{"rendered":"https:\/\/www.nlacrc.org\/?page_id=46669"},"modified":"2024-08-28T11:22:23","modified_gmt":"2024-08-28T18:22:23","slug":"outreach-specialists","status":"publish","type":"page","link":"https:\/\/nlacrc.org\/hy\/outreach-specialists\/","title":{"rendered":"\u0531\u0580\u057f\u0561\u0570\u0561\u0575\u057f\u0574\u0561\u0576 \u0574\u0561\u057d\u0576\u0561\u0563\u0565\u057f\u0576\u0565\u0580"},"content":{"rendered":"<p><\/p>\n\n\n\n<h5 class=\"wp-block-heading\">NLACRC-\u0576 \u0578\u0582\u0576\u056b \u0570\u056b\u0576\u0563 \u053c\u0565\u0566\u057e\u056b \u0574\u0561\u057d\u0576\u0561\u0563\u0565\u057f\u0576\u0565\u0580, \u0578\u0580\u0578\u0576\u0584 \u0570\u0561\u057d\u0561\u0576\u0565\u056c\u056b \u0565\u0576 \u056b\u057d\u057a\u0561\u0576\u0565\u0580\u0565\u0576, \u0586\u0561\u0580\u057d\u056b, \u057f\u0561\u0563\u0561\u056c\u0578\u0563 \u0587 \u0570\u0561\u0575\u0565\u0580\u0565\u0576 \u056c\u0565\u0566\u0578\u0582\u0576\u0565\u0580\u0578\u057e:&nbsp;<\/h5>\n\n\n\n<h5 class=\"wp-block-heading\">\u053c\u0565\u0566\u057e\u056b \u0574\u0561\u057d\u0576\u0561\u0563\u0565\u057f\u0576\u0565\u0580\u0568 \u056f\u0561\u0577\u056d\u0561\u057f\u0565\u0576 \u0570\u0561\u0573\u0561\u056d\u0578\u0580\u0564\u0576\u0565\u0580\u056b \u0587 \u0568\u0576\u057f\u0561\u0576\u056b\u0584\u0576\u0565\u0580\u056b \u0570\u0565\u057f, \u0578\u0580\u0578\u0576\u0581 \u0570\u056b\u0574\u0576\u0561\u056f\u0561\u0576 \u056c\u0565\u0566\u0578\u0582\u0576 \u0561\u0576\u0563\u056c\u0565\u0580\u0565\u0576\u056b\u0581 \u0561\u0575\u056c \u0567: \u053f\u0565\u0576\u057f\u0580\u0578\u0576\u056b \u056f\u0578\u0572\u0574\u056b\u0581 \u057d\u057a\u0561\u057d\u0561\u0580\u056f\u057e\u0578\u0572 \u0568\u0576\u057f\u0561\u0576\u056b\u0584\u0576\u0565\u0580\u056b \u0587 \u057d\u057a\u0561\u057c\u0578\u0572\u0576\u0565\u0580\u056b \u0570\u0561\u0574\u0561\u0580 \u0574\u0561\u057d\u0576\u0561\u0563\u0565\u057f\u0568 \u056f\u056e\u0561\u057c\u0561\u0575\u056b \u0578\u0580\u057a\u0565\u057d \u0569\u0561\u0580\u0563\u0574\u0561\u0576\u056b\u0579\/\u0569\u0561\u0580\u0563\u0574\u0561\u0576\u056b\u0579, \u0578\u0582\u057d\u0578\u0582\u0581\u0561\u0576\u0578\u0572 \u0587 \u0570\u0561\u0574\u0561\u0575\u0576\u0584\u0561\u0575\u056b\u0576 \u056f\u0561\u057a:&nbsp;<\/h5>\n\n\n\n<p>\u0533\u0580\u0561\u057d\u0565\u0576\u0575\u0561\u056f\u0561\u0575\u056b\u0576 \u056a\u0561\u0574\u0565\u0580&nbsp;<\/p>\n\n\n\n<ul class=\"wp-block-list\">\n<li>\u0535\u0580\u056f\u0578\u0582\u0577\u0561\u0562\u0569\u056b\u056b\u0581 \u0578\u0582\u0580\u0562\u0561\u0569&nbsp;<\/li>\n<\/ul>\n\n\n\n<ul class=\"wp-block-list\">\n<li>8:00-\u056b\u0581 17:00&nbsp;<\/li>\n<\/ul>\n\n\n\n<p>\u0537\u056c&nbsp;<\/p>\n\n\n\n<ul class=\"wp-block-list\">\n<li><a href=\"mailto:LGBTSupport@nlacrc.org\" target=\"_blank\" rel=\"noreferrer noopener\">Outreach@nlacrc.org<\/a>&nbsp;<\/li>\n<\/ul>\n\n\n\n<p>\u0540\u0565\u057c\u0561\u056d\u0578\u057d (Tagalog)&nbsp;<\/p>\n\n\n\n<ul class=\"wp-block-list\">\n<li>818-287-6970 Ext\u055d 6970&nbsp;<\/li>\n<\/ul>\n\n\n\n<p>\u0540\u0565\u057c\u0561\u056d\u0578\u057d (\u0586\u0561\u0580\u057d\u056b)&nbsp;<\/p>\n\n\n\n<ul class=\"wp-block-list\">\n<li>818-756-6487 Ext\u055d 6487&nbsp;<\/li>\n<\/ul>\n\n\n\n<p>\u0540\u0565\u057c\u0561\u056d\u0578\u057d (\u0570\u0561\u0575\u0565\u0580\u0565\u0576)&nbsp;<\/p>\n\n\n\n<ul class=\"wp-block-list\">\n<li>818-534-5606 Ext:5606&nbsp;<\/li>\n<\/ul>\n\n\n\n<p>\u0540\u0565\u057c\u0561\u056d\u0578\u057d (\u056b\u057d\u057a\u0561\u0576\u0565\u0580\u0565\u0576\u055d San Fernando Valley \u0587 Santa Clarita Valley)&nbsp;<\/p>\n\n\n\n<ul class=\"wp-block-list\">\n<li>818-534-5013&nbsp;<\/li>\n<\/ul>\n\n\n\n<p>\u0540\u0565\u057c\u0561\u056d\u0578\u057d (\u056b\u057d\u057a\u0561\u0576\u0565\u0580\u0565\u0576\u055d Antelope Valley)&nbsp;<\/p>\n\n\n\n<ul class=\"wp-block-list\">\n<li>661-579-1529&nbsp;<\/li>\n<\/ul>\n\n\n\n<p>&#8212;&#8212;&#8212;&#8212;&#8212;&#8212;&#8212;&#8212;&#8212;&#8212;&nbsp;<\/p>\n\n\n\n<p>\u0645\u062a\u062e\u0635\u0635\u0627\u0646 \u0632\u0628\u0627\u0646 \u0641\u0631\u0627\u06af\u06cc\u0631 \u0628\u0627 \u0645\u0634\u062a\u0631\u06cc\u0627\u0646 \u0587 \u0568\u0576\u057f\u0561\u0576\u056b\u0584\u0576\u0565\u0580, \u0578\u0580\u0578\u0576\u0584 \u056b\u0580\u0565\u0576\u0581 \u0570\u056b\u0574\u0576\u0561\u056f\u0561\u0576 \u056c\u0565\u0566\u0578\u0582\u0576\u0565\u0580\u0576 \u0565\u0576, \u0561\u0575\u056c \u0578\u0579 \u0569\u0565 \u0561\u0576\u0563\u056c\u0565\u0580\u0565\u0576\u056b\u0581, \u0578\u0580 \u056f\u0561\u0580\u0578\u0572 \u0565\u0576 \u0561\u0576\u0565\u056c: \u0531\u0575\u057d \u0574\u0561\u057d\u0576\u0561\u0563\u0565\u057f\u0568 \u0628\u0647 \u0639\u0646\u0648\u0627\u0646 \u0645\u062a\u0631\u062c\u0645, \u0645\u0627\u0631\u0628\u06cc, \u0648 \u056f\u0561\u057a \u0578\u0582\u0576\u056b \u0568\u0576\u057f\u0561\u0576\u0565\u056f\u0561\u0576 \u056d\u0574\u0562\u0565\u0580\u056b \u0570\u0565\u057f \u0587 \u0574\u0561\u0580\u0564\u056f\u0561\u0576\u0581, \u0578\u0580\u0578\u0576\u0584 \u062a\u0648\u0633\u0637 \u056f\u0565\u0576\u057f\u0580\u0578\u0576\u056b \u0631\u064a\u062c\u0646\u0627\u0644 \u056e\u0561\u057c\u0561\u0575\u0578\u0582\u0569\u0575\u0578\u0582\u0576\u0576\u0565\u0580\u056b \u0574\u0561\u057f\u0578\u0582\u0581\u0578\u0582\u0574, \u0585\u0563\u057f\u057e\u0578\u0582\u0574 \u0565\u0576:&nbsp;<\/p>\n\n\n\n<p>\u0535\u0580\u056f\u0578\u0582\u0577\u0561\u0562\u0569\u056b \u0574\u056b\u0576\u0579\u0587 \u0578\u0582\u0580\u0562\u0561\u0569&nbsp;<\/p>\n\n\n\n<p>8-\u056b\u0581 5-\u056b\u0581 \u0570\u0565\u057f\u0578&nbsp;<\/p>\n\n\n\n<p>\u202f&nbsp;<\/p>\n\n\n\n<p>\u0537\u056c&nbsp;<\/p>\n\n\n\n<p><a href=\"mailto:Outreach@nlacrc.org\" target=\"_blank\" rel=\"noreferrer noopener\">Outreach@nlacrc.org<\/a>&nbsp;<\/p>\n\n\n\n<p>\u0570\u0565\u057c\u0561\u056d\u0578\u057d (\u057a\u0561\u0580\u057d\u056f\u0565\u0580\u0565\u0576)&nbsp;<\/p>\n\n\n\n<p>818-756-6487&nbsp;<\/p>\n\n\n\n<p>\u0576\u0565\u0580\u0584\u056b\u0576 : 6487&nbsp;<\/p>\n\n\n\n<p>\u2014\u2014\u2014\u2014\u2014\u2014\u2014\u2014\u2014\u2014\u2014&nbsp;<\/p>\n\n\n\n<p>Ang espesyalista ng pakikipag-ugnayan ay makikipag-ugnayan sa mga konsyumer at pamilya na hindi Ingles ang unang lengguahe. \u0537\u057d\u057a\u0565\u057d\u0561\u056c\u056b\u057d\u057f\u0561, \u0578\u0580\u0568 \u056f\u0561\u0580\u0578\u0572 \u0567 \u0569\u0561\u0580\u0563\u0574\u0561\u0576\u0565\u056c\/\u0574\u0565\u056f\u0576\u0561\u0562\u0561\u0576\u0565\u056c, \u0569\u0561\u0580\u0563\u0574\u0561\u0576\u0565\u056c\/\u0574\u0565\u056f\u0576\u0561\u0562\u0561\u0576\u0565\u056c, \u056b\u0576\u0579\u057a\u0565\u057d \u0576\u0561\u0587 \u0569\u0561\u0580\u0563\u0574\u0561\u0576\u0565\u056c\/\u057f\u0561\u0580\u0561\u056e\u0561\u0577\u0580\u057b\u0561\u0576\u0561\u0575\u056b\u0576 \u056f\u0565\u0576\u057f\u0580\u0578\u0576\u0578\u0582\u0574:&nbsp;<\/p>\n\n\n\n<p>\u0555\u0580\u0561\u057d ng Opisina&nbsp;<\/p>\n\n\n\n<ul class=\"wp-block-list\">\n<li>Lunes hanggang Biyernes&nbsp;<\/li>\n<\/ul>\n\n\n\n<ul class=\"wp-block-list\">\n<li>\u0531\u057c\u0561\u057e\u0578\u057f\u0575\u0561\u0576 8:00 \u056a\u0561\u0574\u0568 5:00&nbsp;<\/li>\n<\/ul>\n\n\n\n<p><em>\u0537\u056c<\/em>&nbsp;<\/p>\n\n\n\n<ul class=\"wp-block-list\">\n<li><a href=\"mailto:Outreach@nlacrc.org\" target=\"_blank\" rel=\"noreferrer noopener\">Outreach@nlacrc.org<\/a>&nbsp;<\/li>\n<\/ul>\n\n\n\n<p>Telepono (Tagalog)&nbsp;<\/p>\n\n\n\n<ul class=\"wp-block-list\">\n<li>818-287-6970 Ext\u055d 6970&nbsp;<\/li>\n<\/ul>\n\n\n\n<p>&#8212;&#8212;&#8212;&#8212;&#8212;&#8212;&#8212;&#8212;&#8212;&#8212;&nbsp;<\/p>\n\n\n\n<p>NLACRC tiene dos specialistas de alcance comunitario biling\u00fces en los idiomas farsi y tagalo.&nbsp;<\/p>\n\n\n\n<p>Los specialistas de alcance comunitario en idiomas de extensi\u00f3n trabajar\u00e1n con clientes y familias cuyo idioma principal no sea el ingl\u00e9s. Especialista servir\u00e1 como traductor\/interprete, capacitador y enlace counitario para aquellas familias y consumidores atendidos por el Centro.&nbsp;<\/p>\n\n\n\n<p>Horas de oficina&nbsp;<\/p>\n\n\n\n<ul class=\"wp-block-list\">\n<li>lunes a viernes&nbsp;<\/li>\n<\/ul>\n\n\n\n<ul class=\"wp-block-list\">\n<li>8:00-\u056b\u0581 17:00&nbsp;<\/li>\n<\/ul>\n\n\n\n<p>Correo Electr\u00f3nico&nbsp;<\/p>\n\n\n\n<ul class=\"wp-block-list\">\n<li><a href=\"mailto:Outreach@nlacrc.org\" target=\"_blank\" rel=\"noreferrer noopener\">Outreach@nlacrc.org<\/a>&nbsp;<\/li>\n<\/ul>\n\n\n\n<p>\u0540\u0565\u057c\u0561\u056d\u0578\u057d (\u057f\u0565\u0563\u0561\u056c\u0578)&nbsp;<\/p>\n\n\n\n<ul class=\"wp-block-list\">\n<li>818-287-6970 Ext\u055d 6970&nbsp;<\/li>\n<\/ul>\n\n\n\n<p>\u0540\u0565\u057c\u0561\u056d\u0578\u057d\u0561\u0575\u056b\u0576 (\u0586\u0561\u0580\u057d\u056b)&nbsp;<\/p>\n\n\n\n<ul class=\"wp-block-list\">\n<li>818-756-6487 Ext\u055d 6487&nbsp;<\/li>\n<\/ul>\n\n\n\n<p>Telefono (\u056b\u057d\u057a\u0561\u0576\u0565\u0580\u0565\u0576\u055d San Fernando Valley \u0587 Santa Clarita Valley)&nbsp;<\/p>\n\n\n\n<ul class=\"wp-block-list\">\n<li>818-534-5013&nbsp;<\/li>\n<\/ul>\n\n\n\n<p>\u0540\u0565\u057c\u0561\u056d\u0578\u057d (\u056b\u057d\u057a\u0561\u0576\u0565\u0580\u0565\u0576\u055d Antelope Valley)&nbsp;<\/p>\n\n\n\n<ul class=\"wp-block-list\">\n<li>661-579-1529&nbsp;<\/li>\n<\/ul>\n\n\n\n<p>\u2014\u2014\u2014\u2014\u2014\u2014\u2014\u2014\u2014\u2014\u2014&nbsp;<\/p>\n\n\n\n<p>NLACRC-\u0576 \u0578\u0582\u0576\u056b \u0565\u0580\u0565\u0584 \u053c\u0565\u0566\u057e\u056b \u0574\u0561\u057d\u0576\u0561\u0563\u0565\u057f\u0576\u0565\u0580, \u0578\u0580\u0578\u0576\u0584 \u0570\u0561\u057d\u0561\u0576\u0565\u056c\u056b \u0565\u0576 \u054a\u0561\u057c\u057d\u056f\u0565\u0580\u0565\u0576, \u054f\u0561\u0563\u0561\u056c\u0565\u0580\u0565\u0576 \u0587 \u0540\u0561\u0575\u0565\u0580\u0565\u0576 \u056c\u0565\u0566\u0578\u0582\u0576\u0565\u0580\u0578\u057e:&nbsp;<\/p>\n\n\n\n<p>\u053c\u0565\u0566\u057e\u056b \u0574\u0561\u057d\u0576\u0561\u0563\u0565\u057f\u0576\u0565\u0580\u0568 \u056f\u0561\u0577\u056d\u0561\u057f\u0565\u0576 \u0587 \u0570\u0561\u0573\u0561\u056d\u0578\u0580\u0564\u0576\u0565\u0580\u056b \u0587 \u0568\u0576\u057f\u0561\u0576\u056b\u0584\u0576\u0565\u0580\u056b \u0570\u0565\u057f, \u0578\u0580\u0578\u0576\u0581 \u0570\u056b\u0574\u0576\u0561\u056f\u0561\u0576 \u056c\u0565\u0566\u0578\u0582\u0576 \u0561\u0576\u0563\u056c\u0565\u0580\u0565\u0576\u056b\u0581 \u0561\u0575\u056c \u0567.&nbsp;<\/p>\n\n\n\n<p>\u0531\u0577\u056d\u0561\u057f\u0561\u0576\u0584\u0561\u0575\u056b\u0576 \u056a\u0561\u0574\u0565\u0580&nbsp;<\/p>\n\n\n\n<p>\u0535\u0580\u056f\u0578\u0582\u0577\u0561\u0562\u0569\u056b\u056b\u0581 \u0548\u0582\u0580\u0562\u0561\u0569 8:00-\u056b\u0581 17:00-\u0568:&nbsp;<\/p>\n\n\n\n<p>\u0537\u056c\u0565\u056f\u057f\u0580\u0578\u0576\u0561\u0575\u056b\u0576 \u0570\u0561\u057d\u0581\u0565&nbsp;<\/p>\n\n\n\n<p><a href=\"mailto:Outreach@nlacrc.org\" target=\"_blank\" rel=\"noreferrer noopener\">Outreach@nlacrc.org<\/a>&nbsp;<\/p>\n\n\n\n<p><strong>\u0540\u0565\u057c\u0561\u056d\u0578\u057d (\u054a\u0561\u057c\u057d\u056f\u0565\u0580\u0565\u0576)<\/strong>&nbsp;<\/p>\n\n\n\n<p>818-756-6487 Ext\u055d 6487&nbsp;<\/p>\n\n\n\n<p><strong>\u0540\u0565\u057c\u0561\u056d\u0578\u057d (\u0539\u0561\u0563\u0561\u056c\u0565\u0580\u0565\u0576)<\/strong>&nbsp;<\/p>\n\n\n\n<p>818-287-6970 Ext\u055d 6970&nbsp;<\/p>\n\n\n\n<p><strong>\u0540\u0565\u057c\u0561\u056d\u0578\u057d (\u0540\u0561\u0575\u0565\u0580\u0565\u0576)<\/strong>&nbsp;<\/p>\n\n\n\n<p>818-534-5606 Ext:5606&nbsp;<\/p>\n\n\n\n<p><\/p>\n\n\n\n<p><\/p>","protected":false},"excerpt":{"rendered":"NLACRC-\u0576 \u0578\u0582\u0576\u056b \u0570\u056b\u0576\u0563 \u053c\u0565\u0566\u057e\u056b \u0574\u0561\u057d\u0576\u0561\u0563\u0565\u057f\u0576\u0565\u0580, \u0578\u0580\u0578\u0576\u0584 \u0570\u0561\u057d\u0561\u0576\u0565\u056c\u056b \u0565\u0576 \u056b\u057d\u057a\u0561\u0576\u0565\u0580\u0565\u0576, \u0586\u0561\u0580\u057d\u056b, \u057f\u0561\u0563\u0561\u056c\u0578\u0563 \u0587 \u0570\u0561\u0575\u0565\u0580\u0565\u0576 \u056c\u0565\u0566\u0578\u0582\u0576\u0565\u0580\u0578\u057e:  \u053c\u0565\u0566\u057e\u056b \u0574\u0561\u057d\u0576\u0561\u0563\u0565\u057f\u0576\u0565\u0580\u0568 \u056f\u0561\u0577\u056d\u0561\u057f\u0565\u0576 [\u2026]","protected":false},"author":64,"featured_media":0,"parent":0,"menu_order":0,"comment_status":"closed","ping_status":"closed","template":"","meta":{"_acf_changed":false,"advgb_blocks_editor_width":"","advgb_blocks_columns_visual_guide":"","_EventAllDay":false,"_EventTimezone":"","_EventStartDate":"","_EventEndDate":"","_EventStartDateUTC":"","_EventEndDateUTC":"","_EventShowMap":false,"_EventShowMapLink":false,"_EventURL":"","_EventCost":"","_EventCostDescription":"","_EventCurrencySymbol":"","_EventCurrencyCode":"","_EventCurrencyPosition":"","_EventDateTimeSeparator":"","_EventTimeRangeSeparator":"","_EventOrganizerID":[],"_EventVenueID":[],"_OrganizerEmail":"","_OrganizerPhone":"","_OrganizerWebsite":"","_VenueAddress":"","_VenueCity":"","_VenueCountry":"","_VenueProvince":"","_VenueState":"","_VenueZip":"","_VenuePhone":"","_VenueURL":"","_VenueStateProvince":"","_VenueLat":"","_VenueLng":"","_VenueShowMap":false,"_VenueShowMapLink":false,"_tribe_blocks_recurrence_rules":"","_tribe_blocks_recurrence_description":"","_tribe_blocks_recurrence_exclusions":"","footnotes":""},"class_list":["post-46669","page","type-page","status-publish","hentry"],"acf":[],"yoast_head":"<!-- This site is optimized with the Yoast SEO plugin v26.4 - https:\/\/yoast.com\/wordpress\/plugins\/seo\/ -->\n<title>Outreach Specialists -<\/title>\n<meta name=\"description\" content=\"Outreach Specialists - NLACRC has five Outreach Language Specialists available in Spanish, Farsi, Tagalog, and Armenian languages.\u202f&nbsp; The Outreach Language Specialists will\" \/>\n<meta name=\"robots\" content=\"index, follow, max-snippet:-1, max-image-preview:large, max-video-preview:-1\" \/>\n<link rel=\"canonical\" href=\"https:\/\/www.nlacrc.org\/es\/outreach-specialists\/\" \/>\n<meta property=\"og:locale\" content=\"en_US\" \/>\n<meta property=\"og:type\" content=\"article\" \/>\n<meta property=\"og:title\" content=\"Outreach Specialists -\" \/>\n<meta property=\"og:description\" content=\"Outreach Specialists - NLACRC has five Outreach Language Specialists available in Spanish, Farsi, Tagalog, and Armenian languages.\u202f&nbsp; The Outreach Language Specialists will\" \/>\n<meta property=\"og:url\" content=\"https:\/\/www.nlacrc.org\/es\/outreach-specialists\/\" \/>\n<meta property=\"og:site_name\" content=\"North Los Angeles County\" \/>\n<meta property=\"article:publisher\" content=\"https:\/\/www.facebook.com\/NLACRC\/\" \/>\n<meta property=\"article:modified_time\" content=\"2024-08-28T18:22:23+00:00\" \/>\n<meta name=\"twitter:card\" content=\"summary_large_image\" \/>\n<meta name=\"twitter:site\" content=\"@NLACRC\" \/>\n<meta name=\"twitter:label1\" content=\"Est. reading time\" \/>\n\t<meta name=\"twitter:data1\" content=\"2 minutes\" \/>\n<script type=\"application\/ld+json\" class=\"yoast-schema-graph\">{\"@context\":\"https:\/\/schema.org\",\"@graph\":[{\"@type\":\"WebPage\",\"@id\":\"https:\/\/www.nlacrc.org\/es\/outreach-specialists\/\",\"url\":\"https:\/\/www.nlacrc.org\/es\/outreach-specialists\/\",\"name\":\"Outreach Specialists -\",\"isPartOf\":{\"@id\":\"https:\/\/www.nlacrc.org\/fa\/#website\"},\"datePublished\":\"2024-08-28T18:01:55+00:00\",\"dateModified\":\"2024-08-28T18:22:23+00:00\",\"description\":\"Outreach Specialists - NLACRC has five Outreach Language Specialists available in Spanish, Farsi, Tagalog, and Armenian languages.\u202f&nbsp; The Outreach Language Specialists will\",\"breadcrumb\":{\"@id\":\"https:\/\/www.nlacrc.org\/es\/outreach-specialists\/#breadcrumb\"},\"inLanguage\":\"hy\",\"potentialAction\":[{\"@type\":\"ReadAction\",\"target\":[\"https:\/\/www.nlacrc.org\/es\/outreach-specialists\/\"]}]},{\"@type\":\"BreadcrumbList\",\"@id\":\"https:\/\/www.nlacrc.org\/es\/outreach-specialists\/#breadcrumb\",\"itemListElement\":[{\"@type\":\"ListItem\",\"position\":1,\"name\":\"Home\",\"item\":\"https:\/\/www.nlacrc.org\/\"},{\"@type\":\"ListItem\",\"position\":2,\"name\":\"Outreach Specialists\"}]},{\"@type\":\"WebSite\",\"@id\":\"https:\/\/www.nlacrc.org\/fa\/#website\",\"url\":\"https:\/\/www.nlacrc.org\/fa\/\",\"name\":\"North Los Angeles County\",\"description\":\"Regional Center\",\"publisher\":{\"@id\":\"https:\/\/www.nlacrc.org\/fa\/#organization\"},\"potentialAction\":[{\"@type\":\"SearchAction\",\"target\":{\"@type\":\"EntryPoint\",\"urlTemplate\":\"https:\/\/www.nlacrc.org\/fa\/?s={search_term_string}\"},\"query-input\":{\"@type\":\"PropertyValueSpecification\",\"valueRequired\":true,\"valueName\":\"search_term_string\"}}],\"inLanguage\":\"hy\"},{\"@type\":\"Organization\",\"@id\":\"https:\/\/www.nlacrc.org\/fa\/#organization\",\"name\":\"North Los Angeles County\",\"url\":\"https:\/\/www.nlacrc.org\/fa\/\",\"logo\":{\"@type\":\"ImageObject\",\"inLanguage\":\"hy\",\"@id\":\"https:\/\/www.nlacrc.org\/fa\/#\/schema\/logo\/image\/\",\"url\":\"https:\/\/www.nlacrc.org\/wp-content\/uploads\/2024\/06\/logo.svg\",\"contentUrl\":\"https:\/\/www.nlacrc.org\/wp-content\/uploads\/2024\/06\/logo.svg\",\"width\":131,\"height\":130,\"caption\":\"North Los Angeles County\"},\"image\":{\"@id\":\"https:\/\/www.nlacrc.org\/fa\/#\/schema\/logo\/image\/\"},\"sameAs\":[\"https:\/\/www.facebook.com\/NLACRC\/\",\"https:\/\/x.com\/NLACRC\"]}]}<\/script>\n<!-- \/ Yoast SEO plugin. -->","yoast_head_json":{"title":"Outreach Specialists -","description":"Outreach Specialists - NLACRC has five Outreach Language Specialists available in Spanish, Farsi, Tagalog, and Armenian languages.\u202f&nbsp; The Outreach Language Specialists will","robots":{"index":"index","follow":"follow","max-snippet":"max-snippet:-1","max-image-preview":"max-image-preview:large","max-video-preview":"max-video-preview:-1"},"canonical":"https:\/\/www.nlacrc.org\/es\/outreach-specialists\/","og_locale":"en_US","og_type":"article","og_title":"Outreach Specialists -","og_description":"Outreach Specialists - NLACRC has five Outreach Language Specialists available in Spanish, Farsi, Tagalog, and Armenian languages.\u202f&nbsp; The Outreach Language Specialists will","og_url":"https:\/\/www.nlacrc.org\/es\/outreach-specialists\/","og_site_name":"North Los Angeles County","article_publisher":"https:\/\/www.facebook.com\/NLACRC\/","article_modified_time":"2024-08-28T18:22:23+00:00","twitter_card":"summary_large_image","twitter_site":"@NLACRC","twitter_misc":{"Est. reading time":"2 minutes"},"schema":{"@context":"https:\/\/schema.org","@graph":[{"@type":"WebPage","@id":"https:\/\/www.nlacrc.org\/es\/outreach-specialists\/","url":"https:\/\/www.nlacrc.org\/es\/outreach-specialists\/","name":"Outreach Specialists -","isPartOf":{"@id":"https:\/\/www.nlacrc.org\/fa\/#website"},"datePublished":"2024-08-28T18:01:55+00:00","dateModified":"2024-08-28T18:22:23+00:00","description":"Outreach Specialists - NLACRC has five Outreach Language Specialists available in Spanish, Farsi, Tagalog, and Armenian languages.\u202f&nbsp; The Outreach Language Specialists will","breadcrumb":{"@id":"https:\/\/www.nlacrc.org\/es\/outreach-specialists\/#breadcrumb"},"inLanguage":"hy","potentialAction":[{"@type":"ReadAction","target":["https:\/\/www.nlacrc.org\/es\/outreach-specialists\/"]}]},{"@type":"BreadcrumbList","@id":"https:\/\/www.nlacrc.org\/es\/outreach-specialists\/#breadcrumb","itemListElement":[{"@type":"ListItem","position":1,"name":"Home","item":"https:\/\/www.nlacrc.org\/"},{"@type":"ListItem","position":2,"name":"Outreach Specialists"}]},{"@type":"WebSite","@id":"https:\/\/www.nlacrc.org\/fa\/#website","url":"https:\/\/www.nlacrc.org\/fa\/","name":"\u0540\u0575\u0578\u0582\u057d\u056b\u057d\u0561\u0575\u056b\u0576 \u053c\u0578\u057d \u0531\u0576\u057b\u0565\u056c\u0565\u057d \u0577\u0580\u057b\u0561\u0576","description":"\u054f\u0561\u0580\u0561\u056e\u0561\u0577\u0580\u057b\u0561\u0576\u0561\u0575\u056b\u0576 \u056f\u0565\u0576\u057f\u0580\u0578\u0576","publisher":{"@id":"https:\/\/www.nlacrc.org\/fa\/#organization"},"potentialAction":[{"@type":"SearchAction","target":{"@type":"EntryPoint","urlTemplate":"https:\/\/www.nlacrc.org\/fa\/?s={search_term_string}"},"query-input":{"@type":"PropertyValueSpecification","valueRequired":true,"valueName":"search_term_string"}}],"inLanguage":"hy"},{"@type":"Organization","@id":"https:\/\/www.nlacrc.org\/fa\/#organization","name":"\u0540\u0575\u0578\u0582\u057d\u056b\u057d\u0561\u0575\u056b\u0576 \u053c\u0578\u057d \u0531\u0576\u057b\u0565\u056c\u0565\u057d \u0577\u0580\u057b\u0561\u0576","url":"https:\/\/www.nlacrc.org\/fa\/","logo":{"@type":"ImageObject","inLanguage":"hy","@id":"https:\/\/www.nlacrc.org\/fa\/#\/schema\/logo\/image\/","url":"https:\/\/www.nlacrc.org\/wp-content\/uploads\/2024\/06\/logo.svg","contentUrl":"https:\/\/www.nlacrc.org\/wp-content\/uploads\/2024\/06\/logo.svg","width":131,"height":130,"caption":"North Los Angeles County"},"image":{"@id":"https:\/\/www.nlacrc.org\/fa\/#\/schema\/logo\/image\/"},"sameAs":["https:\/\/www.facebook.com\/NLACRC\/","https:\/\/x.com\/NLACRC"]}]}},"coauthors":[],"author_meta":{"author_link":"https:\/\/nlacrc.org\/hy\/author\/dholt\/","display_name":"dholt"},"relative_dates":{"created":"Posted 2 years ago","modified":"Updated 2 years ago"},"absolute_dates":{"created":"Posted on August 28, 2024","modified":"Updated on August 28, 2024"},"absolute_dates_time":{"created":"Posted on August 28, 2024 11:01 am","modified":"Updated on August 28, 2024 11:22 am"},"featured_img_caption":"","featured_img":false,"series_order":"","_links":{"self":[{"href":"https:\/\/nlacrc.org\/hy\/wp-json\/wp\/v2\/pages\/46669","targetHints":{"allow":["GET"]}}],"collection":[{"href":"https:\/\/nlacrc.org\/hy\/wp-json\/wp\/v2\/pages"}],"about":[{"href":"https:\/\/nlacrc.org\/hy\/wp-json\/wp\/v2\/types\/page"}],"author":[{"embeddable":true,"href":"https:\/\/nlacrc.org\/hy\/wp-json\/wp\/v2\/users\/64"}],"replies":[{"embeddable":true,"href":"https:\/\/nlacrc.org\/hy\/wp-json\/wp\/v2\/comments?post=46669"}],"version-history":[{"count":3,"href":"https:\/\/nlacrc.org\/hy\/wp-json\/wp\/v2\/pages\/46669\/revisions"}],"predecessor-version":[{"id":46679,"href":"https:\/\/nlacrc.org\/hy\/wp-json\/wp\/v2\/pages\/46669\/revisions\/46679"}],"wp:attachment":[{"href":"https:\/\/nlacrc.org\/hy\/wp-json\/wp\/v2\/media?parent=46669"}],"curies":[{"name":"wp","href":"https:\/\/api.w.org\/{rel}","templated":true}]}}