{"id":46669,"date":"2024-08-28T11:01:55","date_gmt":"2024-08-28T18:01:55","guid":{"rendered":"https:\/\/www.nlacrc.org\/?page_id=46669"},"modified":"2024-08-28T11:22:23","modified_gmt":"2024-08-28T18:22:23","slug":"outreach-specialists","status":"publish","type":"page","link":"https:\/\/nlacrc.org\/fa\/outreach-specialists\/","title":{"rendered":"\u0645\u062a\u062e\u0635\u0635\u0627\u0646 \u062a\u0648\u0633\u0639\u0647"},"content":{"rendered":"<p><\/p>\n\n\n\n<h5 class=\"wp-block-heading\">NLACRC \u062f\u0627\u0631\u0627\u06cc \u067e\u0646\u062c \u0645\u062a\u062e\u0635\u0635 \u0632\u0628\u0627\u0646 \u062f\u0631 \u062f\u0633\u062a\u0631\u0633 \u0628\u0647 \u0632\u0628\u0627\u0646\u200c\u0647\u0627\u06cc \u0627\u0633\u067e\u0627\u0646\u06cc\u0627\u06cc\u06cc\u060c \u0641\u0627\u0631\u0633\u06cc\u060c \u062a\u0627\u06af\u0627\u0644\u0648\u06af \u0648 \u0627\u0631\u0645\u0646\u06cc \u0627\u0633\u062a.&nbsp;<\/h5>\n\n\n\n<h5 class=\"wp-block-heading\">\u0645\u062a\u062e\u0635\u0635\u0627\u0646 \u0632\u0628\u0627\u0646 Outreach \u0628\u0627 \u0645\u0634\u062a\u0631\u06cc\u0627\u0646 \u0648 \u062e\u0627\u0646\u0648\u0627\u062f\u0647 \u0647\u0627\u06cc\u06cc \u06a9\u0647 \u0632\u0628\u0627\u0646 \u0627\u0635\u0644\u06cc \u0622\u0646\u0647\u0627 \u063a\u06cc\u0631 \u0627\u0632 \u0627\u0646\u06af\u0644\u06cc\u0633\u06cc \u0627\u0633\u062a \u06a9\u0627\u0631 \u062e\u0648\u0627\u0647\u0646\u062f \u06a9\u0631\u062f. \u0645\u062a\u062e\u0635\u0635 \u0628\u0647 \u0639\u0646\u0648\u0627\u0646 \u0645\u062a\u0631\u062c\u0645\/\u0645\u062a\u0631\u062c\u0645\u060c \u0645\u0631\u0628\u06cc\u060c \u0648 \u0631\u0627\u0628\u0637 \u062c\u0627\u0645\u0639\u0647 \u0628\u0631\u0627\u06cc \u0622\u0646 \u062f\u0633\u062a\u0647 \u0627\u0632 \u062e\u0627\u0646\u0648\u0627\u062f\u0647 \u0647\u0627 \u0648 \u0645\u0635\u0631\u0641 \u06a9\u0646\u0646\u062f\u06af\u0627\u0646\u06cc \u06a9\u0647 \u062a\u0648\u0633\u0637 \u0645\u0631\u06a9\u0632 \u062e\u062f\u0645\u0627\u062a \u0627\u0631\u0627\u0626\u0647 \u0645\u06cc \u0634\u0648\u062f\u060c \u062e\u062f\u0645\u062a \u062e\u0648\u0627\u0647\u062f \u06a9\u0631\u062f.&nbsp;<\/h5>\n\n\n\n<p>\u0633\u0627\u0639\u0627\u062a \u0627\u062f\u0627\u0631\u06cc&nbsp;<\/p>\n\n\n\n<ul class=\"wp-block-list\">\n<li>\u062f\u0648\u0634\u0646\u0628\u0647 \u062a\u0627 \u062c\u0645\u0639\u0647&nbsp;<\/li>\n<\/ul>\n\n\n\n<ul class=\"wp-block-list\">\n<li>8:00 \u0635\u0628\u062d \u062a\u0627 5:00 \u0628\u0639\u062f \u0627\u0632 \u0638\u0647\u0631&nbsp;<\/li>\n<\/ul>\n\n\n\n<p>\u0627\u06cc\u0645\u06cc\u0644&nbsp;<\/p>\n\n\n\n<ul class=\"wp-block-list\">\n<li><a href=\"mailto:LGBTSupport@nlacrc.org\" target=\"_blank\" rel=\"noreferrer noopener\">Outreach@nlacrc.org<\/a>&nbsp;<\/li>\n<\/ul>\n\n\n\n<p>\u062a\u0644\u0641\u0646 (\u062a\u0627\u06af\u0627\u0644\u0648\u06af)&nbsp;<\/p>\n\n\n\n<ul class=\"wp-block-list\">\n<li>818-287-6970 \u062f\u0627\u062e\u0644\u06cc: 6970&nbsp;<\/li>\n<\/ul>\n\n\n\n<p>\u062a\u0644\u0641\u0646 (\u0641\u0627\u0631\u0633\u06cc)&nbsp;<\/p>\n\n\n\n<ul class=\"wp-block-list\">\n<li>818-756-6487 \u062f\u0627\u062e\u0644\u06cc: 6487&nbsp;<\/li>\n<\/ul>\n\n\n\n<p>\u062a\u0644\u0641\u0646 (\u0627\u0631\u0645\u0646\u06cc)&nbsp;<\/p>\n\n\n\n<ul class=\"wp-block-list\">\n<li>818-534-5606 \u062f\u0627\u062e\u0644\u06cc:5606&nbsp;<\/li>\n<\/ul>\n\n\n\n<p>\u062a\u0644\u0641\u0646 (\u0627\u0633\u067e\u0627\u0646\u06cc\u0627\u06cc\u06cc: San Fernando Valley \u0648 Santa Clarita Valley)&nbsp;<\/p>\n\n\n\n<ul class=\"wp-block-list\">\n<li>818-534-5013&nbsp;<\/li>\n<\/ul>\n\n\n\n<p>\u062a\u0644\u0641\u0646 (\u0627\u0633\u067e\u0627\u0646\u06cc\u0627\u06cc\u06cc: Antelope Valley)&nbsp;<\/p>\n\n\n\n<ul class=\"wp-block-list\">\n<li>661-579-1529&nbsp;<\/li>\n<\/ul>\n\n\n\n<p>&#8212;&#8212;&#8212;&#8212;&#8212;&#8212;&#8212;&#8212;&#8212;&#8212;&nbsp;<\/p>\n\n\n\n<p>\u0645\u062a\u062e\u0635\u0635\u0627\u0646 \u0632\u0628\u0627\u0646 \u0641\u0631\u0627\u06af\u06cc\u0631 \u0628\u0627 \u0645\u0634\u062a\u0631\u06cc\u0627\u0646 \u0648 \u062e\u0627\u0646\u0648\u0627\u062f\u0647 \u0647\u0627\u06cc\u06cc \u06a9\u0647 \u0632\u0628\u0627\u0646 \u0627\u0635\u0644\u06cc \u0622\u0646\u0647\u0627 \u063a\u06cc\u0631 \u0627\u0632 \u0627\u0646\u06af\u0644\u06cc\u0633\u06cc \u0627\u0633\u062a \u06a9\u0627\u0631 \u0645\u06cc \u06a9\u0646\u0646\u062f. \u0627\u06cc\u0646 \u0645\u062a\u062e\u0635\u0635 \u0628\u0647 \u0639\u0646\u0648\u0627\u0646 \u0645\u062a\u0631\u062c\u0645\u060c \u0645\u0631\u0628\u06cc\u060c \u0648 \u0627\u0631\u062a\u0628\u0627\u0637 \u0628\u0627 \u062e\u0627\u0646\u0648\u0627\u062f\u0647 \u0647\u0627 \u0648 \u0627\u0641\u0631\u0627\u062f\u06cc \u06a9\u0647 \u062a\u0648\u0633\u0637 \u0645\u0631\u06a9\u0632 \u0631\u06cc\u062c\u0646\u0627\u0644 \u062e\u062f\u0645\u0627\u062a \u062f\u0631\u06cc\u0627\u0641\u062a \u0645\u06cc \u06a9\u0646\u0646\u062f\u060c\u062e\u062f\u0645\u062a \u0645\u06cc \u06a9\u0646\u062f.&nbsp;<\/p>\n\n\n\n<p>\u0627\u0632 \u062f\u0648\u0634\u0646\u0628\u0647 \u062a\u0627 \u062c\u0645\u0639\u0647&nbsp;<\/p>\n\n\n\n<p>\u06f8 \u0635\u0628\u062d \u062a\u0627 \u06f5 \u0628\u0639\u062f \u0627\u0632 \u0638\u0647\u0631&nbsp;<\/p>\n\n\n\n<p>\u202f&nbsp;<\/p>\n\n\n\n<p>\u0627\u06cc\u0645\u06cc\u0644&nbsp;<\/p>\n\n\n\n<p><a href=\"mailto:Outreach@nlacrc.org\" target=\"_blank\" rel=\"noreferrer noopener\">Outreach@nlacrc.org<\/a>&nbsp;<\/p>\n\n\n\n<p>\u062a\u0644\u0641\u0646 (\u0641\u0627\u0631\u0633\u06cc)&nbsp;<\/p>\n\n\n\n<p>\u06f8\u06f1\u06f8-\u06f7\u06f5\u06f6-\u06f6\u06f4\u06f8\u06f7&nbsp;<\/p>\n\n\n\n<p>\u062f\u0627\u062e\u0644\u06cc : \u06f6\u06f4\u06f8\u06f7&nbsp;<\/p>\n\n\n\n<p>\u2014\u2014\u2014\u2014\u2014\u2014\u2014\u2014\u2014\u2014&nbsp;<\/p>\n\n\n\n<p>Ang Espesyalista ng pakikipag-ugnayan ay makikipag-ugnayan sa mga konsyumer at pamilya na hindi inngles ang unang lengguahe. \u0628\u0647\u200c\u0645\u0646\u0638\u0648\u0631 \u062a\u0631\u062c\u0645\u0647\/\u062a\u0641\u0633\u06cc\u0631\u060c \u062f\u0631 tagapag-ugnay \u062f\u0631 \u0645\u0631\u06a9\u0632 \u0645\u0646\u0637\u0642\u0647\u200c\u0627\u06cc \u06a9\u0646\u0633\u06cc\u0648\u0645\u0631 \u062f\u0631 \u0645\u0631\u06a9\u0632 \u0645\u0646\u0637\u0642\u0647\u200c\u0627\u06cc espesyalista.&nbsp;<\/p>\n\n\n\n<p>Oras ng Opisina&nbsp;<\/p>\n\n\n\n<ul class=\"wp-block-list\">\n<li>Lunes hanggang Biyernes&nbsp;<\/li>\n<\/ul>\n\n\n\n<ul class=\"wp-block-list\">\n<li>\u0633\u0627\u0639\u062a 8:00 \u0635\u0628\u062d \u0633\u0627\u0639\u062a 5:00 \u0628\u0639\u062f \u0627\u0632 \u0638\u0647\u0631&nbsp;<\/li>\n<\/ul>\n\n\n\n<p><em>\u0627\u06cc\u0645\u06cc\u0644<\/em>&nbsp;<\/p>\n\n\n\n<ul class=\"wp-block-list\">\n<li><a href=\"mailto:Outreach@nlacrc.org\" target=\"_blank\" rel=\"noreferrer noopener\">Outreach@nlacrc.org<\/a>&nbsp;<\/li>\n<\/ul>\n\n\n\n<p>\u062a\u0644\u0647 \u067e\u0648\u0646\u0648 (\u062a\u0627\u06af\u0627\u0644\u0648\u06af)&nbsp;<\/p>\n\n\n\n<ul class=\"wp-block-list\">\n<li>818-287-6970 \u062f\u0627\u062e\u0644\u06cc: 6970&nbsp;<\/li>\n<\/ul>\n\n\n\n<p>&#8212;&#8212;&#8212;&#8212;&#8212;&#8212;&#8212;&#8212;&#8212;&#8212;&nbsp;<\/p>\n\n\n\n<p>NLACRC tiene dos especialistas de alcance comunitario biling\u00fces en los idiomas farsi y tagalo.&nbsp;<\/p>\n\n\n\n<p>Los especialistas de alcance comunitario en idiomas de extensi\u00f3n trabajar\u00e1n con clientes y familias cuyo idioma principal no sea el ingl\u00e9s. \u062e\u062f\u0645\u0627\u062a \u0648\u06cc\u0698\u0647 \u0627\u0631\u0627\u0626\u0647 \u062f\u0647\u0646\u062f\u0647\/\u062a\u0641\u0633\u06cc\u0631\u060c \u062e\u0627\u0632\u0646 \u0648 \u0645\u062d\u0641\u0648\u0638\u0627\u062a \u0645\u0634\u062a\u0631\u06a9 \u0628\u0631\u0627\u06cc \u062e\u0627\u0646\u0648\u0627\u062f\u0647 \u0647\u0627\u06cc \u062e\u0627\u0646\u0648\u0627\u062f\u0647 \u0648 \u0645\u0635\u0631\u0641 \u06a9\u0646\u0646\u062f\u06af\u0627\u0646 \u0622\u062a\u0646\u06cc\u062f\u0648\u0633 \u0627\u0632 \u0645\u0631\u06a9\u0632.&nbsp;<\/p>\n\n\n\n<p>Horas de oficina&nbsp;<\/p>\n\n\n\n<ul class=\"wp-block-list\">\n<li>lunes a viernes&nbsp;<\/li>\n<\/ul>\n\n\n\n<ul class=\"wp-block-list\">\n<li>8:00 \u0635\u0628\u062d \u062a\u0627 5:00 \u0628\u0639\u062f \u0627\u0632 \u0638\u0647\u0631&nbsp;<\/li>\n<\/ul>\n\n\n\n<p>Correo Electr\u00f3nico&nbsp;<\/p>\n\n\n\n<ul class=\"wp-block-list\">\n<li><a href=\"mailto:Outreach@nlacrc.org\" target=\"_blank\" rel=\"noreferrer noopener\">Outreach@nlacrc.org<\/a>&nbsp;<\/li>\n<\/ul>\n\n\n\n<p>\u062a\u0644\u0641\u0646 (\u062a\u06af\u0627\u0644\u0648)&nbsp;<\/p>\n\n\n\n<ul class=\"wp-block-list\">\n<li>818-287-6970 \u062f\u0627\u062e\u0644\u06cc: 6970&nbsp;<\/li>\n<\/ul>\n\n\n\n<p>\u062a\u0644\u0641\u0646 (\u0641\u0627\u0631\u0633\u06cc)&nbsp;<\/p>\n\n\n\n<ul class=\"wp-block-list\">\n<li>818-756-6487 \u062f\u0627\u062e\u0644\u06cc: 6487&nbsp;<\/li>\n<\/ul>\n\n\n\n<p>Telefono (\u0627\u0633\u067e\u0627\u0646\u06cc\u0627\u06cc\u06cc: San Fernando Valley \u0648 Santa Clarita Valley)&nbsp;<\/p>\n\n\n\n<ul class=\"wp-block-list\">\n<li>818-534-5013&nbsp;<\/li>\n<\/ul>\n\n\n\n<p>\u062a\u0644\u0641\u0648\u0646\u0648 (\u0627\u0633\u067e\u0627\u0646\u06cc\u0627\u06cc\u06cc: Antelope Valley)&nbsp;<\/p>\n\n\n\n<ul class=\"wp-block-list\">\n<li>661-579-1529&nbsp;<\/li>\n<\/ul>\n\n\n\n<p>\u2014\u2014\u2014\u2014\u2014\u2014\u2014\u2014\u2014\u2014&nbsp;<\/p>\n\n\n\n<p>NLACRC-n \u062f\u0627\u0631\u0627\u06cc \u0633\u0647 \u0645\u062a\u062e\u0635\u0635 \u0644\u0632\u0648\u06cc \u0627\u0633\u062a \u06a9\u0647 \u062f\u0631 \u062f\u0633\u062a\u0631\u0633 \u0647\u0633\u062a\u0646\u062f \u0627\u0646\u06af\u0644\u06cc\u0633\u06cc\u060c \u0632\u0628\u0627\u0646 \u0627\u0646\u06af\u0644\u06cc\u0633\u06cc \u0648 \u0641\u0627\u0631\u0633\u06cc:&nbsp;<\/p>\n\n\n\n<p>\u0645\u062a\u062e\u0635\u0635\u0627\u0646 \u062e\u062f\u0645\u0627\u062a \u0645\u0634\u062a\u0631\u06cc\u0627\u0646 \u0648 \u0645\u0634\u062a\u0631\u06cc\u0627\u0646 \u0648 \u062e\u0627\u0646\u0648\u0627\u062f\u0647\u200c\u0647\u0627 \u0628\u0627 \u0622\u0646\u0647\u0627 \u06a9\u0647 \u0632\u0628\u0627\u0646 \u0627\u0635\u0644\u06cc \u0627\u0646\u06af\u0644\u06cc\u0633\u06cc \u0647\u0633\u062a\u0646\u062f\u060c \u0639\u0628\u0627\u0631\u062a\u0646\u062f \u0627\u0632:&nbsp;<\/p>\n\n\n\n<p>\u0633\u0627\u0639\u062a\u0647\u0627\u06cc \u06a9\u0627\u0631\u06cc&nbsp;<\/p>\n\n\n\n<p>\u062f\u0648\u0634\u0627\u0628\u0637\u06cc \u0627\u0632 8:00-\u0627\u0632 \u0633\u0627\u0639\u062a 17:00-:&nbsp;<\/p>\n\n\n\n<p>\u0622\u062f\u0631\u0633 \u0627\u0644\u06a9\u062a\u0631\u0648\u0646\u06cc\u06a9\u06cc&nbsp;<\/p>\n\n\n\n<p><a href=\"mailto:Outreach@nlacrc.org\" target=\"_blank\" rel=\"noreferrer noopener\">Outreach@nlacrc.org<\/a>&nbsp;<\/p>\n\n\n\n<p><strong>\u062a\u0644\u0641\u0646 (\u0641\u0627\u0631\u0633\u06cc)<\/strong>&nbsp;<\/p>\n\n\n\n<p>818-756-6487 \u062f\u0627\u062e\u0644\u06cc: 6487&nbsp;<\/p>\n\n\n\n<p><strong>\u062a\u0644\u0641\u0646 (\u062a\u06af\u0627\u0644\u064a)<\/strong>&nbsp;<\/p>\n\n\n\n<p>818-287-6970 \u062f\u0627\u062e\u0644\u06cc: 6970&nbsp;<\/p>\n\n\n\n<p><strong>\u062a\u0644\u0641\u0646 (\u0627\u06cc\u0631\u0627\u0646\u06cc)<\/strong>&nbsp;<\/p>\n\n\n\n<p>818-534-5606 \u062f\u0627\u062e\u0644\u06cc:5606&nbsp;<\/p>\n\n\n\n<p><\/p>\n\n\n\n<p><\/p>","protected":false},"excerpt":{"rendered":"NLACRC \u062f\u0627\u0631\u0627\u06cc \u067e\u0646\u062c \u0645\u062a\u062e\u0635\u0635 \u0632\u0628\u0627\u0646 \u062f\u0631 \u062f\u0633\u062a\u0631\u0633 \u0628\u0647 \u0632\u0628\u0627\u0646\u200c\u0647\u0627\u06cc \u0627\u0633\u067e\u0627\u0646\u06cc\u0627\u06cc\u06cc\u060c \u0641\u0627\u0631\u0633\u06cc\u060c \u062a\u0627\u06af\u0627\u0644\u0648\u06af \u0648 \u0627\u0631\u0645\u0646\u06cc \u0627\u0633\u062a.  \u0645\u062a\u062e\u0635\u0635\u0627\u0646 \u0632\u0628\u0627\u0646 Outreach \u06a9\u0627\u0631 \u062e\u0648\u0627\u0647\u0646\u062f \u06a9\u0631\u062f [\u2026]","protected":false},"author":64,"featured_media":0,"parent":0,"menu_order":0,"comment_status":"closed","ping_status":"closed","template":"","meta":{"_acf_changed":false,"advgb_blocks_editor_width":"","advgb_blocks_columns_visual_guide":"","_EventAllDay":false,"_EventTimezone":"","_EventStartDate":"","_EventEndDate":"","_EventStartDateUTC":"","_EventEndDateUTC":"","_EventShowMap":false,"_EventShowMapLink":false,"_EventURL":"","_EventCost":"","_EventCostDescription":"","_EventCurrencySymbol":"","_EventCurrencyCode":"","_EventCurrencyPosition":"","_EventDateTimeSeparator":"","_EventTimeRangeSeparator":"","_EventOrganizerID":[],"_EventVenueID":[],"_OrganizerEmail":"","_OrganizerPhone":"","_OrganizerWebsite":"","_VenueAddress":"","_VenueCity":"","_VenueCountry":"","_VenueProvince":"","_VenueState":"","_VenueZip":"","_VenuePhone":"","_VenueURL":"","_VenueStateProvince":"","_VenueLat":"","_VenueLng":"","_VenueShowMap":false,"_VenueShowMapLink":false,"_tribe_blocks_recurrence_rules":"","_tribe_blocks_recurrence_description":"","_tribe_blocks_recurrence_exclusions":"","footnotes":""},"class_list":["post-46669","page","type-page","status-publish","hentry"],"acf":[],"yoast_head":"<!-- This site is optimized with the Yoast SEO plugin v26.4 - https:\/\/yoast.com\/wordpress\/plugins\/seo\/ -->\n<title>Outreach Specialists -<\/title>\n<meta name=\"description\" content=\"Outreach Specialists - NLACRC has five Outreach Language Specialists available in Spanish, Farsi, Tagalog, and Armenian languages.\u202f&nbsp; The Outreach Language Specialists will\" \/>\n<meta name=\"robots\" content=\"index, follow, max-snippet:-1, max-image-preview:large, max-video-preview:-1\" \/>\n<link rel=\"canonical\" href=\"https:\/\/www.nlacrc.org\/es\/outreach-specialists\/\" \/>\n<meta property=\"og:locale\" content=\"en_US\" \/>\n<meta property=\"og:type\" content=\"article\" \/>\n<meta property=\"og:title\" content=\"Outreach Specialists -\" \/>\n<meta property=\"og:description\" content=\"Outreach Specialists - NLACRC has five Outreach Language Specialists available in Spanish, Farsi, Tagalog, and Armenian languages.\u202f&nbsp; The Outreach Language Specialists will\" \/>\n<meta property=\"og:url\" content=\"https:\/\/www.nlacrc.org\/es\/outreach-specialists\/\" \/>\n<meta property=\"og:site_name\" content=\"North Los Angeles County\" \/>\n<meta property=\"article:publisher\" content=\"https:\/\/www.facebook.com\/NLACRC\/\" \/>\n<meta property=\"article:modified_time\" content=\"2024-08-28T18:22:23+00:00\" \/>\n<meta name=\"twitter:card\" content=\"summary_large_image\" \/>\n<meta name=\"twitter:site\" content=\"@NLACRC\" \/>\n<meta name=\"twitter:label1\" content=\"Est. reading time\" \/>\n\t<meta name=\"twitter:data1\" content=\"2 minutes\" \/>\n<script type=\"application\/ld+json\" class=\"yoast-schema-graph\">{\"@context\":\"https:\/\/schema.org\",\"@graph\":[{\"@type\":\"WebPage\",\"@id\":\"https:\/\/www.nlacrc.org\/es\/outreach-specialists\/\",\"url\":\"https:\/\/www.nlacrc.org\/es\/outreach-specialists\/\",\"name\":\"Outreach Specialists -\",\"isPartOf\":{\"@id\":\"https:\/\/www.nlacrc.org\/fa\/#website\"},\"datePublished\":\"2024-08-28T18:01:55+00:00\",\"dateModified\":\"2024-08-28T18:22:23+00:00\",\"description\":\"Outreach Specialists - NLACRC has five Outreach Language Specialists available in Spanish, Farsi, Tagalog, and Armenian languages.\u202f&nbsp; The Outreach Language Specialists will\",\"breadcrumb\":{\"@id\":\"https:\/\/www.nlacrc.org\/es\/outreach-specialists\/#breadcrumb\"},\"inLanguage\":\"fa-AF\",\"potentialAction\":[{\"@type\":\"ReadAction\",\"target\":[\"https:\/\/www.nlacrc.org\/es\/outreach-specialists\/\"]}]},{\"@type\":\"BreadcrumbList\",\"@id\":\"https:\/\/www.nlacrc.org\/es\/outreach-specialists\/#breadcrumb\",\"itemListElement\":[{\"@type\":\"ListItem\",\"position\":1,\"name\":\"Home\",\"item\":\"https:\/\/www.nlacrc.org\/\"},{\"@type\":\"ListItem\",\"position\":2,\"name\":\"Outreach Specialists\"}]},{\"@type\":\"WebSite\",\"@id\":\"https:\/\/www.nlacrc.org\/fa\/#website\",\"url\":\"https:\/\/www.nlacrc.org\/fa\/\",\"name\":\"North Los Angeles County\",\"description\":\"Regional Center\",\"publisher\":{\"@id\":\"https:\/\/www.nlacrc.org\/fa\/#organization\"},\"potentialAction\":[{\"@type\":\"SearchAction\",\"target\":{\"@type\":\"EntryPoint\",\"urlTemplate\":\"https:\/\/www.nlacrc.org\/fa\/?s={search_term_string}\"},\"query-input\":{\"@type\":\"PropertyValueSpecification\",\"valueRequired\":true,\"valueName\":\"search_term_string\"}}],\"inLanguage\":\"fa-AF\"},{\"@type\":\"Organization\",\"@id\":\"https:\/\/www.nlacrc.org\/fa\/#organization\",\"name\":\"North Los Angeles County\",\"url\":\"https:\/\/www.nlacrc.org\/fa\/\",\"logo\":{\"@type\":\"ImageObject\",\"inLanguage\":\"fa-AF\",\"@id\":\"https:\/\/www.nlacrc.org\/fa\/#\/schema\/logo\/image\/\",\"url\":\"https:\/\/www.nlacrc.org\/wp-content\/uploads\/2024\/06\/logo.svg\",\"contentUrl\":\"https:\/\/www.nlacrc.org\/wp-content\/uploads\/2024\/06\/logo.svg\",\"width\":131,\"height\":130,\"caption\":\"North Los Angeles County\"},\"image\":{\"@id\":\"https:\/\/www.nlacrc.org\/fa\/#\/schema\/logo\/image\/\"},\"sameAs\":[\"https:\/\/www.facebook.com\/NLACRC\/\",\"https:\/\/x.com\/NLACRC\"]}]}<\/script>\n<!-- \/ Yoast SEO plugin. -->","yoast_head_json":{"title":"Outreach Specialists -","description":"Outreach Specialists - NLACRC has five Outreach Language Specialists available in Spanish, Farsi, Tagalog, and Armenian languages.\u202f&nbsp; The Outreach Language Specialists will","robots":{"index":"index","follow":"follow","max-snippet":"max-snippet:-1","max-image-preview":"max-image-preview:large","max-video-preview":"max-video-preview:-1"},"canonical":"https:\/\/www.nlacrc.org\/es\/outreach-specialists\/","og_locale":"en_US","og_type":"article","og_title":"Outreach Specialists -","og_description":"Outreach Specialists - NLACRC has five Outreach Language Specialists available in Spanish, Farsi, Tagalog, and Armenian languages.\u202f&nbsp; The Outreach Language Specialists will","og_url":"https:\/\/www.nlacrc.org\/es\/outreach-specialists\/","og_site_name":"North Los Angeles County","article_publisher":"https:\/\/www.facebook.com\/NLACRC\/","article_modified_time":"2024-08-28T18:22:23+00:00","twitter_card":"summary_large_image","twitter_site":"@NLACRC","twitter_misc":{"Est. reading time":"2 minutes"},"schema":{"@context":"https:\/\/schema.org","@graph":[{"@type":"WebPage","@id":"https:\/\/www.nlacrc.org\/es\/outreach-specialists\/","url":"https:\/\/www.nlacrc.org\/es\/outreach-specialists\/","name":"Outreach Specialists -","isPartOf":{"@id":"https:\/\/www.nlacrc.org\/fa\/#website"},"datePublished":"2024-08-28T18:01:55+00:00","dateModified":"2024-08-28T18:22:23+00:00","description":"Outreach Specialists - NLACRC has five Outreach Language Specialists available in Spanish, Farsi, Tagalog, and Armenian languages.\u202f&nbsp; The Outreach Language Specialists will","breadcrumb":{"@id":"https:\/\/www.nlacrc.org\/es\/outreach-specialists\/#breadcrumb"},"inLanguage":"fa-AF","potentialAction":[{"@type":"ReadAction","target":["https:\/\/www.nlacrc.org\/es\/outreach-specialists\/"]}]},{"@type":"BreadcrumbList","@id":"https:\/\/www.nlacrc.org\/es\/outreach-specialists\/#breadcrumb","itemListElement":[{"@type":"ListItem","position":1,"name":"Home","item":"https:\/\/www.nlacrc.org\/"},{"@type":"ListItem","position":2,"name":"Outreach Specialists"}]},{"@type":"WebSite","@id":"https:\/\/www.nlacrc.org\/fa\/#website","url":"https:\/\/www.nlacrc.org\/fa\/","name":"\u0634\u0647\u0631\u0633\u062a\u0627\u0646 \u0644\u0633 \u0622\u0646\u062c\u0644\u0633 \u0634\u0645\u0627\u0644\u06cc","description":"\u0645\u0631\u06a9\u0632 \u0645\u0646\u0637\u0642\u0647 \u0627\u06cc","publisher":{"@id":"https:\/\/www.nlacrc.org\/fa\/#organization"},"potentialAction":[{"@type":"SearchAction","target":{"@type":"EntryPoint","urlTemplate":"https:\/\/www.nlacrc.org\/fa\/?s={search_term_string}"},"query-input":{"@type":"PropertyValueSpecification","valueRequired":true,"valueName":"search_term_string"}}],"inLanguage":"fa-AF"},{"@type":"Organization","@id":"https:\/\/www.nlacrc.org\/fa\/#organization","name":"\u0634\u0647\u0631\u0633\u062a\u0627\u0646 \u0644\u0633 \u0622\u0646\u062c\u0644\u0633 \u0634\u0645\u0627\u0644\u06cc","url":"https:\/\/www.nlacrc.org\/fa\/","logo":{"@type":"ImageObject","inLanguage":"fa-AF","@id":"https:\/\/www.nlacrc.org\/fa\/#\/schema\/logo\/image\/","url":"https:\/\/www.nlacrc.org\/wp-content\/uploads\/2024\/06\/logo.svg","contentUrl":"https:\/\/www.nlacrc.org\/wp-content\/uploads\/2024\/06\/logo.svg","width":131,"height":130,"caption":"North Los Angeles County"},"image":{"@id":"https:\/\/www.nlacrc.org\/fa\/#\/schema\/logo\/image\/"},"sameAs":["https:\/\/www.facebook.com\/NLACRC\/","https:\/\/x.com\/NLACRC"]}]}},"coauthors":[],"author_meta":{"author_link":"https:\/\/nlacrc.org\/fa\/author\/dholt\/","display_name":"dholt"},"relative_dates":{"created":"Posted 2 years ago","modified":"Updated 2 years ago"},"absolute_dates":{"created":"Posted on August 28, 2024","modified":"Updated on August 28, 2024"},"absolute_dates_time":{"created":"Posted on August 28, 2024 11:01 am","modified":"Updated on August 28, 2024 11:22 am"},"featured_img_caption":"","featured_img":false,"series_order":"","_links":{"self":[{"href":"https:\/\/nlacrc.org\/fa\/wp-json\/wp\/v2\/pages\/46669","targetHints":{"allow":["GET"]}}],"collection":[{"href":"https:\/\/nlacrc.org\/fa\/wp-json\/wp\/v2\/pages"}],"about":[{"href":"https:\/\/nlacrc.org\/fa\/wp-json\/wp\/v2\/types\/page"}],"author":[{"embeddable":true,"href":"https:\/\/nlacrc.org\/fa\/wp-json\/wp\/v2\/users\/64"}],"replies":[{"embeddable":true,"href":"https:\/\/nlacrc.org\/fa\/wp-json\/wp\/v2\/comments?post=46669"}],"version-history":[{"count":3,"href":"https:\/\/nlacrc.org\/fa\/wp-json\/wp\/v2\/pages\/46669\/revisions"}],"predecessor-version":[{"id":46679,"href":"https:\/\/nlacrc.org\/fa\/wp-json\/wp\/v2\/pages\/46669\/revisions\/46679"}],"wp:attachment":[{"href":"https:\/\/nlacrc.org\/fa\/wp-json\/wp\/v2\/media?parent=46669"}],"curies":[{"name":"wp","href":"https:\/\/api.w.org\/{rel}","templated":true}]}}