{"id":50313,"date":"2025-01-07T12:40:13","date_gmt":"2025-01-07T20:40:13","guid":{"rendered":"https:\/\/www.nlacrc.org\/?page_id=50313"},"modified":"2025-07-17T14:14:32","modified_gmt":"2025-07-17T21:14:32","slug":"caseload-ratio","status":"publish","type":"page","link":"https:\/\/nlacrc.org\/es\/caseload-ratio\/","title":{"rendered":"Relaci\u00f3n de carga de trabajo"},"content":{"rendered":"<h2 class=\"wp-block-heading has-text-align-center\">2025 Caseload Ratio Meetings and Presentation<\/h2>\n\n\n\n<h4 class=\"wp-block-heading has-text-align-center\">Tuesday, July 22nd, 2025<\/h4>\n\n\n\n<p class=\"has-text-align-center\"><a href=\"https:\/\/www.nlacrc.org\/wp-content\/uploads\/2025\/07\/nlacrc-2025-caseload-ration-presentation.pdf\">Caseload Ratio Presentation PDF<\/a><\/p>\n\n\n\n<p class=\"has-text-align-center\"><a href=\"https:\/\/www.nlacrc.org\/wp-content\/uploads\/2025\/07\/nlacrc-2025-caseload-ration-presentation-spanish.pdf\">Caseload Ratio Presentation PDF (Spanish)<\/a><\/p>\n\n\n\n<p class=\"has-text-align-center\">1:00 PM &#8211; Register Here: <a href=\"https:\/\/rebrand.ly\/CaseloadRatio1PM\" target=\"_blank\" rel=\"noreferrer noopener\">https:\/\/rebrand.ly\/CaseloadRatio1PM<\/a><\/p>\n\n\n\n<p class=\"has-text-align-center\">6:00 PM &#8211; Register Here: <a href=\"https:\/\/rebrand.ly\/CaseloadRatio6pm2025\" target=\"_blank\" rel=\"noreferrer noopener\">https:\/\/rebrand.ly\/CaseloadRatio6pm2025<\/a><\/p>\n\n\n\n<p><\/p>\n\n\n\n<p><strong>Presented in English with Spanish interpretation. Information will be the same at both meetings.<\/strong><\/p>\n\n\n\n<p>If you need interpretation in other languages, please contact publicinfo@nlacrc.org or call (818) 245-5571.<\/p>\n\n\n\n<p>Please send us your request no later than <strong>Tuesday, July 8th<\/strong> so we may accommodate your requests.<\/p>\n\n\n\n<p><a href=\"https:\/\/www.nlacrc.org\/wp-content\/uploads\/2025\/06\/caseload-ratio-3-page-1.jpg\">English Flyer<\/a><\/p>\n\n\n\n<p><a href=\"https:\/\/www.nlacrc.org\/wp-content\/uploads\/2025\/06\/caseload-ratio-3-page-2.jpg\">Spanish Flyer<\/a><\/p>\n\n\n\n<hr class=\"wp-block-separator has-alpha-channel-opacity\"\/>\n\n\n\n<h2 class=\"wp-block-heading\">Caseload Ratio Public Survey<\/h2>\n\n\n\n<p><strong>You can complete a brief survey to tell us how we can improve or reduce high caseload ratios:<\/strong><\/p>\n\n\n\n<p>English: <a href=\"https:\/\/rebrand.ly\/CRSurvey2025EN\">https:\/\/rebrand.ly\/CRSurvey2025EN<\/a><\/p>\n\n\n\n<p>Espa\u00f1ol<strong>: <a href=\"https:\/\/rebrand.ly\/CRSurvey2025SP\">https:\/\/rebrand.ly\/CRSurvey2025SP<\/a><\/strong><\/p>\n\n\n\n<hr class=\"wp-block-separator has-alpha-channel-opacity\"\/>\n\n\n\n<h2 class=\"wp-block-heading\">Antecedentes de la relaci\u00f3n de carga de trabajo<\/h2>\n\n\n\n<ul class=\"wp-block-list\">\n<li>El Departamento de Servicios de Desarrollo (\u201cDDS\u201d) es la agencia a trav\u00e9s de la cual el Estado de California brinda servicios y apoyo a personas con discapacidades intelectuales y del desarrollo.<\/li>\n\n\n\n<li>Cada a\u00f1o, DDS proporciona informaci\u00f3n sobre la proporci\u00f3n de coordinadores de servicios por consumidor del NLACRC.<\/li>\n\n\n\n<li>Este a\u00f1o, la proporci\u00f3n de coordinadores de servicios por consumidor del NLACRC es m\u00e1s alta que la permitida en la Ley Lanterman.<\/li>\n\n\n\n<li>El DDS requiere que los centros regionales celebren una reuni\u00f3n p\u00fablica cuando la cantidad de casos sea demasiado alta.<br><\/li>\n<\/ul>\n\n\n\n<h2 class=\"wp-block-heading\">Prop\u00f3sito de la reuni\u00f3n sobre la relaci\u00f3n de casos<\/h2>\n\n\n\n<ul class=\"wp-block-list\">\n<li>Compartir informaci\u00f3n sobre cu\u00e1les de las proporciones de coordinador de servicios por consumidor del NLACRC son demasiado altas y por qu\u00e9.<\/li>\n\n\n\n<li>Obtener aportes de la comunidad para ser incluidos en el plan de correcci\u00f3n que se enviar\u00e1 al DDS.<\/li>\n<\/ul>\n\n\n\n<h2 class=\"wp-block-heading\">Presentaci\u00f3n de la proporci\u00f3n de casos atendidos del a\u00f1o anterior<\/h2>\n\n\n\n<div class=\"wp-block-buttons is-layout-flex wp-block-buttons-is-layout-flex\">\n<div class=\"wp-block-button\"><a class=\"wp-block-button__link wp-element-button\" href=\"https:\/\/www.nlacrc.org\/wp-content\/uploads\/2025\/01\/NLACRC-2024-Caseload-Ratio-Plan-of-Correction-07.11.2024-Final.pdf\">Plan de correcci\u00f3n de la proporci\u00f3n de casos de 2024<\/a><\/div>\n\n\n\n<div class=\"wp-block-button\"><a class=\"wp-block-button__link wp-element-button\" href=\"https:\/\/www.nlacrc.org\/wp-content\/uploads\/2025\/01\/NLACRC-2024-Caseload-Ration-Presentation-Final-06.24.2024.pdf\">Presentaci\u00f3n de la tasa de carga de trabajo de 2024<\/a><\/div>\n\n\n\n<div class=\"wp-block-button\"><a class=\"wp-block-button__link wp-element-button\" href=\"https:\/\/www.nlacrc.org\/wp-content\/uploads\/2025\/01\/NLACRC-2024-Caseload-Ratio-Presentation-Addendum-Slides-10-and-15-Final.pdf\">Anexo sobre la proporci\u00f3n de casos atendidos en 2024<\/a><\/div>\n<\/div>\n\n\n\n<div class=\"wp-block-buttons is-layout-flex wp-block-buttons-is-layout-flex\">\n<div class=\"wp-block-button\"><a class=\"wp-block-button__link wp-element-button\" href=\"https:\/\/www.nlacrc.org\/wp-content\/uploads\/2025\/01\/2023-Caseload-Ratio-PowerPoint-English.pdf\">Presentaci\u00f3n de la tasa de carga de trabajo de 2023 (en ingl\u00e9s)<\/a><\/div>\n<\/div>\n\n\n\n<div class=\"wp-block-buttons is-layout-flex wp-block-buttons-is-layout-flex\">\n<div class=\"wp-block-button\"><a class=\"wp-block-button__link wp-element-button\" href=\"https:\/\/www.nlacrc.org\/wp-content\/uploads\/2025\/01\/2023-Caseload-Ratio-PPT-Spanish.pdf\">Presentaci\u00f3n de la tasa de carga de trabajo de 2023 (espa\u00f1ol)<\/a><\/div>\n<\/div>\n\n\n\n<p><\/p>","protected":false},"excerpt":{"rendered":"2025 Caseload Ratio Meetings and Presentation Tuesday, July 22nd, 2025 Caseload Ratio Presentation PDF Caseload Ratio Presentation PDF (Spanish) 1:00 [&hellip;]","protected":false},"author":62,"featured_media":0,"parent":0,"menu_order":0,"comment_status":"closed","ping_status":"closed","template":"","meta":{"_acf_changed":false,"advgb_blocks_editor_width":"","advgb_blocks_columns_visual_guide":"","_EventAllDay":false,"_EventTimezone":"","_EventStartDate":"","_EventEndDate":"","_EventStartDateUTC":"","_EventEndDateUTC":"","_EventShowMap":false,"_EventShowMapLink":false,"_EventURL":"","_EventCost":"","_EventCostDescription":"","_EventCurrencySymbol":"","_EventCurrencyCode":"","_EventCurrencyPosition":"","_EventDateTimeSeparator":"","_EventTimeRangeSeparator":"","_EventOrganizerID":[],"_EventVenueID":[],"_OrganizerEmail":"","_OrganizerPhone":"","_OrganizerWebsite":"","_VenueAddress":"","_VenueCity":"","_VenueCountry":"","_VenueProvince":"","_VenueState":"","_VenueZip":"","_VenuePhone":"","_VenueURL":"","_VenueStateProvince":"","_VenueLat":"","_VenueLng":"","_VenueShowMap":false,"_VenueShowMapLink":false,"_tribe_blocks_recurrence_rules":"","_tribe_blocks_recurrence_description":"","_tribe_blocks_recurrence_exclusions":"","footnotes":""},"class_list":["post-50313","page","type-page","status-publish","hentry"],"acf":[],"yoast_head":"<!-- This site is optimized with the Yoast SEO plugin v26.4 - https:\/\/yoast.com\/wordpress\/plugins\/seo\/ -->\n<title>Caseload Ratio -<\/title>\n<meta name=\"description\" content=\"Caseload Ratio - 2025 Caseload Ratio Meetings and Presentation Tuesday, July 22nd, 2025 Caseload Ratio Presentation PDF Caseload Ratio Presentation PDF (Spanish) 1:00 PM -\" \/>\n<meta name=\"robots\" content=\"index, follow, max-snippet:-1, max-image-preview:large, max-video-preview:-1\" \/>\n<link rel=\"canonical\" href=\"https:\/\/www.nlacrc.org\/tl\/caseload-ratio\/\" \/>\n<meta property=\"og:locale\" content=\"es_MX\" \/>\n<meta property=\"og:type\" content=\"article\" \/>\n<meta property=\"og:title\" content=\"Caseload Ratio -\" \/>\n<meta property=\"og:description\" content=\"Caseload Ratio - 2025 Caseload Ratio Meetings and Presentation Tuesday, July 22nd, 2025 Caseload Ratio Presentation PDF Caseload Ratio Presentation PDF (Spanish) 1:00 PM -\" \/>\n<meta property=\"og:url\" content=\"https:\/\/www.nlacrc.org\/tl\/caseload-ratio\/\" \/>\n<meta property=\"og:site_name\" content=\"North Los Angeles County\" \/>\n<meta property=\"article:publisher\" content=\"https:\/\/www.facebook.com\/NLACRC\/\" \/>\n<meta property=\"article:modified_time\" content=\"2025-07-17T21:14:32+00:00\" \/>\n<meta name=\"twitter:card\" content=\"summary_large_image\" \/>\n<meta name=\"twitter:site\" content=\"@NLACRC\" \/>\n<meta name=\"twitter:label1\" content=\"Est. reading time\" \/>\n\t<meta name=\"twitter:data1\" content=\"2 minutos\" \/>\n<script type=\"application\/ld+json\" class=\"yoast-schema-graph\">{\"@context\":\"https:\/\/schema.org\",\"@graph\":[{\"@type\":\"WebPage\",\"@id\":\"https:\/\/www.nlacrc.org\/tl\/caseload-ratio\/\",\"url\":\"https:\/\/www.nlacrc.org\/tl\/caseload-ratio\/\",\"name\":\"Caseload Ratio -\",\"isPartOf\":{\"@id\":\"https:\/\/www.nlacrc.org\/fa\/#website\"},\"datePublished\":\"2025-01-07T20:40:13+00:00\",\"dateModified\":\"2025-07-17T21:14:32+00:00\",\"description\":\"Caseload Ratio - 2025 Caseload Ratio Meetings and Presentation Tuesday, July 22nd, 2025 Caseload Ratio Presentation PDF Caseload Ratio Presentation PDF (Spanish) 1:00 PM -\",\"breadcrumb\":{\"@id\":\"https:\/\/www.nlacrc.org\/tl\/caseload-ratio\/#breadcrumb\"},\"inLanguage\":\"es\",\"potentialAction\":[{\"@type\":\"ReadAction\",\"target\":[\"https:\/\/www.nlacrc.org\/tl\/caseload-ratio\/\"]}]},{\"@type\":\"BreadcrumbList\",\"@id\":\"https:\/\/www.nlacrc.org\/tl\/caseload-ratio\/#breadcrumb\",\"itemListElement\":[{\"@type\":\"ListItem\",\"position\":1,\"name\":\"Home\",\"item\":\"https:\/\/www.nlacrc.org\/\"},{\"@type\":\"ListItem\",\"position\":2,\"name\":\"Caseload Ratio\"}]},{\"@type\":\"WebSite\",\"@id\":\"https:\/\/www.nlacrc.org\/fa\/#website\",\"url\":\"https:\/\/www.nlacrc.org\/fa\/\",\"name\":\"North Los Angeles County\",\"description\":\"Regional Center\",\"publisher\":{\"@id\":\"https:\/\/www.nlacrc.org\/fa\/#organization\"},\"potentialAction\":[{\"@type\":\"SearchAction\",\"target\":{\"@type\":\"EntryPoint\",\"urlTemplate\":\"https:\/\/www.nlacrc.org\/fa\/?s={search_term_string}\"},\"query-input\":{\"@type\":\"PropertyValueSpecification\",\"valueRequired\":true,\"valueName\":\"search_term_string\"}}],\"inLanguage\":\"es\"},{\"@type\":\"Organization\",\"@id\":\"https:\/\/www.nlacrc.org\/fa\/#organization\",\"name\":\"North Los Angeles County\",\"url\":\"https:\/\/www.nlacrc.org\/fa\/\",\"logo\":{\"@type\":\"ImageObject\",\"inLanguage\":\"es\",\"@id\":\"https:\/\/www.nlacrc.org\/fa\/#\/schema\/logo\/image\/\",\"url\":\"https:\/\/www.nlacrc.org\/wp-content\/uploads\/2024\/06\/logo.svg\",\"contentUrl\":\"https:\/\/www.nlacrc.org\/wp-content\/uploads\/2024\/06\/logo.svg\",\"width\":131,\"height\":130,\"caption\":\"North Los Angeles County\"},\"image\":{\"@id\":\"https:\/\/www.nlacrc.org\/fa\/#\/schema\/logo\/image\/\"},\"sameAs\":[\"https:\/\/www.facebook.com\/NLACRC\/\",\"https:\/\/x.com\/NLACRC\"]}]}<\/script>\n<!-- \/ Yoast SEO plugin. -->","yoast_head_json":{"title":"Caseload Ratio -","description":"Caseload Ratio - 2025 Caseload Ratio Meetings and Presentation Tuesday, July 22nd, 2025 Caseload Ratio Presentation PDF Caseload Ratio Presentation PDF (Spanish) 1:00 PM -","robots":{"index":"index","follow":"follow","max-snippet":"max-snippet:-1","max-image-preview":"max-image-preview:large","max-video-preview":"max-video-preview:-1"},"canonical":"https:\/\/www.nlacrc.org\/tl\/caseload-ratio\/","og_locale":"es_MX","og_type":"article","og_title":"Caseload Ratio -","og_description":"Caseload Ratio - 2025 Caseload Ratio Meetings and Presentation Tuesday, July 22nd, 2025 Caseload Ratio Presentation PDF Caseload Ratio Presentation PDF (Spanish) 1:00 PM -","og_url":"https:\/\/www.nlacrc.org\/tl\/caseload-ratio\/","og_site_name":"North Los Angeles County","article_publisher":"https:\/\/www.facebook.com\/NLACRC\/","article_modified_time":"2025-07-17T21:14:32+00:00","twitter_card":"summary_large_image","twitter_site":"@NLACRC","twitter_misc":{"Est. reading time":"2 minutos"},"schema":{"@context":"https:\/\/schema.org","@graph":[{"@type":"WebPage","@id":"https:\/\/www.nlacrc.org\/tl\/caseload-ratio\/","url":"https:\/\/www.nlacrc.org\/tl\/caseload-ratio\/","name":"Caseload Ratio -","isPartOf":{"@id":"https:\/\/www.nlacrc.org\/fa\/#website"},"datePublished":"2025-01-07T20:40:13+00:00","dateModified":"2025-07-17T21:14:32+00:00","description":"Caseload Ratio - 2025 Caseload Ratio Meetings and Presentation Tuesday, July 22nd, 2025 Caseload Ratio Presentation PDF Caseload Ratio Presentation PDF (Spanish) 1:00 PM -","breadcrumb":{"@id":"https:\/\/www.nlacrc.org\/tl\/caseload-ratio\/#breadcrumb"},"inLanguage":"es","potentialAction":[{"@type":"ReadAction","target":["https:\/\/www.nlacrc.org\/tl\/caseload-ratio\/"]}]},{"@type":"BreadcrumbList","@id":"https:\/\/www.nlacrc.org\/tl\/caseload-ratio\/#breadcrumb","itemListElement":[{"@type":"ListItem","position":1,"name":"Home","item":"https:\/\/www.nlacrc.org\/"},{"@type":"ListItem","position":2,"name":"Caseload Ratio"}]},{"@type":"WebSite","@id":"https:\/\/www.nlacrc.org\/fa\/#website","url":"https:\/\/www.nlacrc.org\/fa\/","name":"Norte del condado de Los \u00c1ngeles","description":"Centro Regional","publisher":{"@id":"https:\/\/www.nlacrc.org\/fa\/#organization"},"potentialAction":[{"@type":"SearchAction","target":{"@type":"EntryPoint","urlTemplate":"https:\/\/www.nlacrc.org\/fa\/?s={search_term_string}"},"query-input":{"@type":"PropertyValueSpecification","valueRequired":true,"valueName":"search_term_string"}}],"inLanguage":"es"},{"@type":"Organization","@id":"https:\/\/www.nlacrc.org\/fa\/#organization","name":"Norte del condado de Los \u00c1ngeles","url":"https:\/\/www.nlacrc.org\/fa\/","logo":{"@type":"ImageObject","inLanguage":"es","@id":"https:\/\/www.nlacrc.org\/fa\/#\/schema\/logo\/image\/","url":"https:\/\/www.nlacrc.org\/wp-content\/uploads\/2024\/06\/logo.svg","contentUrl":"https:\/\/www.nlacrc.org\/wp-content\/uploads\/2024\/06\/logo.svg","width":131,"height":130,"caption":"North Los Angeles County"},"image":{"@id":"https:\/\/www.nlacrc.org\/fa\/#\/schema\/logo\/image\/"},"sameAs":["https:\/\/www.facebook.com\/NLACRC\/","https:\/\/x.com\/NLACRC"]}]}},"coauthors":[],"author_meta":{"author_link":"https:\/\/nlacrc.org\/es\/author\/cwhitlock2\/","display_name":"cwhitlock2"},"relative_dates":{"created":"Publicado 1 a\u00f1o hace","modified":"Actualizado 9 meses hace"},"absolute_dates":{"created":"Publicado el enero 7, 2025","modified":"Actualizado el julio 17, 2025"},"absolute_dates_time":{"created":"Publicado el enero 7, 2025 12:40 pm","modified":"Actualizado el julio 17, 2025 2:14 pm"},"featured_img_caption":"","featured_img":false,"series_order":"","_links":{"self":[{"href":"https:\/\/nlacrc.org\/es\/wp-json\/wp\/v2\/pages\/50313","targetHints":{"allow":["GET"]}}],"collection":[{"href":"https:\/\/nlacrc.org\/es\/wp-json\/wp\/v2\/pages"}],"about":[{"href":"https:\/\/nlacrc.org\/es\/wp-json\/wp\/v2\/types\/page"}],"author":[{"embeddable":true,"href":"https:\/\/nlacrc.org\/es\/wp-json\/wp\/v2\/users\/62"}],"replies":[{"embeddable":true,"href":"https:\/\/nlacrc.org\/es\/wp-json\/wp\/v2\/comments?post=50313"}],"version-history":[{"count":11,"href":"https:\/\/nlacrc.org\/es\/wp-json\/wp\/v2\/pages\/50313\/revisions"}],"predecessor-version":[{"id":56244,"href":"https:\/\/nlacrc.org\/es\/wp-json\/wp\/v2\/pages\/50313\/revisions\/56244"}],"wp:attachment":[{"href":"https:\/\/nlacrc.org\/es\/wp-json\/wp\/v2\/media?parent=50313"}],"curies":[{"name":"wp","href":"https:\/\/api.w.org\/{rel}","templated":true}]}}