{"id":47117,"date":"2024-09-09T15:33:05","date_gmt":"2024-09-09T22:33:05","guid":{"rendered":"https:\/\/www.nlacrc.org\/?page_id=47117"},"modified":"2025-03-04T14:40:37","modified_gmt":"2025-03-04T22:40:37","slug":"parent-and-family-support-specialist","status":"publish","type":"page","link":"https:\/\/nlacrc.org\/es\/consumers-families\/resources-for-consumers-families\/parent-and-family-support-specialist\/","title":{"rendered":"Especialista en apoyo a padres y familias"},"content":{"rendered":"<figure class=\"wp-block-image size-large\"><img loading=\"lazy\" decoding=\"async\" width=\"1024\" height=\"318\" src=\"https:\/\/www.nlacrc.org\/wp-content\/uploads\/2024\/06\/children_cupcakes_3-22_1_2200-1024x318.jpg\" alt=\"Children with CupCakes\" class=\"wp-image-40313\" srcset=\"https:\/\/nlacrc.org\/wp-content\/uploads\/2024\/06\/children_cupcakes_3-22_1_2200-1024x318.jpg 1024w, https:\/\/nlacrc.org\/wp-content\/uploads\/2024\/06\/children_cupcakes_3-22_1_2200-300x93.jpg 300w, https:\/\/nlacrc.org\/wp-content\/uploads\/2024\/06\/children_cupcakes_3-22_1_2200-768x238.jpg 768w, https:\/\/nlacrc.org\/wp-content\/uploads\/2024\/06\/children_cupcakes_3-22_1_2200-1536x477.jpg 1536w, https:\/\/nlacrc.org\/wp-content\/uploads\/2024\/06\/children_cupcakes_3-22_1_2200-2048x636.jpg 2048w, https:\/\/nlacrc.org\/wp-content\/uploads\/2024\/06\/children_cupcakes_3-22_1_2200-24x7.jpg 24w, https:\/\/nlacrc.org\/wp-content\/uploads\/2024\/06\/children_cupcakes_3-22_1_2200-36x11.jpg 36w, https:\/\/nlacrc.org\/wp-content\/uploads\/2024\/06\/children_cupcakes_3-22_1_2200-48x15.jpg 48w\" sizes=\"auto, (max-width: 1024px) 100vw, 1024px\" \/><figcaption class=\"wp-element-caption\">Familia con pastelitos caseros reci\u00e9n hechos<\/figcaption><\/figure>\n\n\n\n<p>\u00bfNecesita ayuda para navegar por el sistema del centro regional? <\/p>\n\n\n\n<p>Nuestro especialista en apoyo para padres y familias puede ayudar de la siguiente manera:<\/p>\n\n\n\n<ul class=\"wp-block-list\">\n<li>Conectando a las familias con el acceso a servicios y recursos<\/li>\n\n\n\n<li>Educaci\u00f3n sobre los programas y servicios del centro regional<\/li>\n\n\n\n<li>Orientar y apoyar con preguntas o inquietudes.<\/li>\n<\/ul>\n\n\n\n<p><\/p>\n\n\n\n<p>Comun\u00edquese con la l\u00ednea directa del especialista en apoyo para padres y familias (PFSS):<br><br><strong>Tel\u00e9fono:<\/strong> (661) 951-1220<br>San Fernando y Santa Clarita: Oprime 1<br>Valle del Ant\u00edlope: Oprime 2<br><br><strong>Correo electr\u00f3nico<\/strong>: pfsssupport@nlacrc.org<br><br><strong>Oficinas<\/strong>:San Fernando, Santa Clarita y el Valle Ant\u00edlope<br><br><strong>Horario de oficina<\/strong>: Lunes \u2013 Viernes<br>De 8:30 am a 5:00 pm<\/p>","protected":false},"excerpt":{"rendered":"\u00bfNecesita ayuda para navegar por el sistema del centro regional? Nuestro especialista en apoyo para padres y familias puede ayudarlo de la siguiente manera: Comun\u00edquese con el especialista en apoyo para padres y familias [\u2026]","protected":false},"author":61,"featured_media":0,"parent":36619,"menu_order":0,"comment_status":"closed","ping_status":"closed","template":"","meta":{"_acf_changed":false,"advgb_blocks_editor_width":"","advgb_blocks_columns_visual_guide":"","_EventAllDay":false,"_EventTimezone":"","_EventStartDate":"","_EventEndDate":"","_EventStartDateUTC":"","_EventEndDateUTC":"","_EventShowMap":false,"_EventShowMapLink":false,"_EventURL":"","_EventCost":"","_EventCostDescription":"","_EventCurrencySymbol":"","_EventCurrencyCode":"","_EventCurrencyPosition":"","_EventDateTimeSeparator":"","_EventTimeRangeSeparator":"","_EventOrganizerID":[],"_EventVenueID":[],"_OrganizerEmail":"","_OrganizerPhone":"","_OrganizerWebsite":"","_VenueAddress":"","_VenueCity":"","_VenueCountry":"","_VenueProvince":"","_VenueState":"","_VenueZip":"","_VenuePhone":"","_VenueURL":"","_VenueStateProvince":"","_VenueLat":"","_VenueLng":"","_VenueShowMap":false,"_VenueShowMapLink":false,"_tribe_blocks_recurrence_rules":"","_tribe_blocks_recurrence_description":"","_tribe_blocks_recurrence_exclusions":"","footnotes":""},"class_list":["post-47117","page","type-page","status-publish","hentry"],"acf":[],"yoast_head":"<!-- This site is optimized with the Yoast SEO plugin v26.4 - https:\/\/yoast.com\/wordpress\/plugins\/seo\/ -->\n<title>Parent and Family Support Specialist -<\/title>\n<meta name=\"description\" content=\"Parent and Family Support Specialist - Family with fresh homemade cucakes Need help navigating the regional center system? Our Parent and Family Support Specialist can assist by: Connecting\" \/>\n<meta name=\"robots\" content=\"index, follow, max-snippet:-1, max-image-preview:large, max-video-preview:-1\" \/>\n<link rel=\"canonical\" href=\"https:\/\/www.nlacrc.org\/es\/consumers-families\/resources-for-consumers-families\/parent-and-family-support-specialist\/\" \/>\n<meta property=\"og:locale\" content=\"es_MX\" \/>\n<meta property=\"og:type\" content=\"article\" \/>\n<meta property=\"og:title\" content=\"Parent and Family Support Specialist -\" \/>\n<meta property=\"og:description\" content=\"Parent and Family Support Specialist - Family with fresh homemade cucakes Need help navigating the regional center system? Our Parent and Family Support Specialist can assist by: Connecting\" \/>\n<meta property=\"og:url\" content=\"https:\/\/www.nlacrc.org\/es\/consumers-families\/resources-for-consumers-families\/parent-and-family-support-specialist\/\" \/>\n<meta property=\"og:site_name\" content=\"North Los Angeles County\" \/>\n<meta property=\"article:publisher\" content=\"https:\/\/www.facebook.com\/NLACRC\/\" \/>\n<meta property=\"article:modified_time\" content=\"2025-03-04T22:40:37+00:00\" \/>\n<meta property=\"og:image\" content=\"https:\/\/www.nlacrc.org\/wp-content\/uploads\/2024\/06\/children_cupcakes_3-22_1_2200-1024x318.jpg\" \/>\n<meta name=\"twitter:card\" content=\"summary_large_image\" \/>\n<meta name=\"twitter:site\" content=\"@NLACRC\" \/>\n<meta name=\"twitter:label1\" content=\"Est. reading time\" \/>\n\t<meta name=\"twitter:data1\" content=\"1 minuto\" \/>\n<script type=\"application\/ld+json\" class=\"yoast-schema-graph\">{\"@context\":\"https:\/\/schema.org\",\"@graph\":[{\"@type\":\"WebPage\",\"@id\":\"https:\/\/www.nlacrc.org\/es\/consumers-families\/resources-for-consumers-families\/parent-and-family-support-specialist\/\",\"url\":\"https:\/\/www.nlacrc.org\/es\/consumers-families\/resources-for-consumers-families\/parent-and-family-support-specialist\/\",\"name\":\"Parent and Family Support Specialist -\",\"isPartOf\":{\"@id\":\"https:\/\/www.nlacrc.org\/fa\/#website\"},\"primaryImageOfPage\":{\"@id\":\"https:\/\/www.nlacrc.org\/es\/consumers-families\/resources-for-consumers-families\/parent-and-family-support-specialist\/#primaryimage\"},\"image\":{\"@id\":\"https:\/\/www.nlacrc.org\/es\/consumers-families\/resources-for-consumers-families\/parent-and-family-support-specialist\/#primaryimage\"},\"thumbnailUrl\":\"https:\/\/www.nlacrc.org\/wp-content\/uploads\/2024\/06\/children_cupcakes_3-22_1_2200-1024x318.jpg\",\"datePublished\":\"2024-09-09T22:33:05+00:00\",\"dateModified\":\"2025-03-04T22:40:37+00:00\",\"description\":\"Parent and Family Support Specialist - Family with fresh homemade cucakes Need help navigating the regional center system? Our Parent and Family Support Specialist can assist by: Connecting\",\"breadcrumb\":{\"@id\":\"https:\/\/www.nlacrc.org\/es\/consumers-families\/resources-for-consumers-families\/parent-and-family-support-specialist\/#breadcrumb\"},\"inLanguage\":\"es\",\"potentialAction\":[{\"@type\":\"ReadAction\",\"target\":[\"https:\/\/www.nlacrc.org\/es\/consumers-families\/resources-for-consumers-families\/parent-and-family-support-specialist\/\"]}]},{\"@type\":\"ImageObject\",\"inLanguage\":\"es\",\"@id\":\"https:\/\/www.nlacrc.org\/es\/consumers-families\/resources-for-consumers-families\/parent-and-family-support-specialist\/#primaryimage\",\"url\":\"https:\/\/www.nlacrc.org\/wp-content\/uploads\/2024\/06\/children_cupcakes_3-22_1_2200-1024x318.jpg\",\"contentUrl\":\"https:\/\/www.nlacrc.org\/wp-content\/uploads\/2024\/06\/children_cupcakes_3-22_1_2200-1024x318.jpg\"},{\"@type\":\"BreadcrumbList\",\"@id\":\"https:\/\/www.nlacrc.org\/es\/consumers-families\/resources-for-consumers-families\/parent-and-family-support-specialist\/#breadcrumb\",\"itemListElement\":[{\"@type\":\"ListItem\",\"position\":1,\"name\":\"Home\",\"item\":\"https:\/\/www.nlacrc.org\/\"},{\"@type\":\"ListItem\",\"position\":2,\"name\":\"Consumers &amp; Families\",\"item\":\"https:\/\/nlacrc.org\/consumers-families\/\"},{\"@type\":\"ListItem\",\"position\":3,\"name\":\"Resources for Consumers &amp; Families\",\"item\":\"https:\/\/www.nlacrc.org\/hy\/consumers-families\/resources-for-consumers-families\/\"},{\"@type\":\"ListItem\",\"position\":4,\"name\":\"Parent and Family Support Specialist\"}]},{\"@type\":\"WebSite\",\"@id\":\"https:\/\/www.nlacrc.org\/fa\/#website\",\"url\":\"https:\/\/www.nlacrc.org\/fa\/\",\"name\":\"North Los Angeles County\",\"description\":\"Regional Center\",\"publisher\":{\"@id\":\"https:\/\/www.nlacrc.org\/fa\/#organization\"},\"potentialAction\":[{\"@type\":\"SearchAction\",\"target\":{\"@type\":\"EntryPoint\",\"urlTemplate\":\"https:\/\/www.nlacrc.org\/fa\/?s={search_term_string}\"},\"query-input\":{\"@type\":\"PropertyValueSpecification\",\"valueRequired\":true,\"valueName\":\"search_term_string\"}}],\"inLanguage\":\"es\"},{\"@type\":\"Organization\",\"@id\":\"https:\/\/www.nlacrc.org\/fa\/#organization\",\"name\":\"North Los Angeles County\",\"url\":\"https:\/\/www.nlacrc.org\/fa\/\",\"logo\":{\"@type\":\"ImageObject\",\"inLanguage\":\"es\",\"@id\":\"https:\/\/www.nlacrc.org\/fa\/#\/schema\/logo\/image\/\",\"url\":\"https:\/\/www.nlacrc.org\/wp-content\/uploads\/2024\/06\/logo.svg\",\"contentUrl\":\"https:\/\/www.nlacrc.org\/wp-content\/uploads\/2024\/06\/logo.svg\",\"width\":131,\"height\":130,\"caption\":\"North Los Angeles County\"},\"image\":{\"@id\":\"https:\/\/www.nlacrc.org\/fa\/#\/schema\/logo\/image\/\"},\"sameAs\":[\"https:\/\/www.facebook.com\/NLACRC\/\",\"https:\/\/x.com\/NLACRC\"]}]}<\/script>\n<!-- \/ Yoast SEO plugin. -->","yoast_head_json":{"title":"Parent and Family Support Specialist -","description":"Parent and Family Support Specialist - Family with fresh homemade cucakes Need help navigating the regional center system? Our Parent and Family Support Specialist can assist by: Connecting","robots":{"index":"index","follow":"follow","max-snippet":"max-snippet:-1","max-image-preview":"max-image-preview:large","max-video-preview":"max-video-preview:-1"},"canonical":"https:\/\/www.nlacrc.org\/es\/consumers-families\/resources-for-consumers-families\/parent-and-family-support-specialist\/","og_locale":"es_MX","og_type":"article","og_title":"Parent and Family Support Specialist -","og_description":"Parent and Family Support Specialist - Family with fresh homemade cucakes Need help navigating the regional center system? Our Parent and Family Support Specialist can assist by: Connecting","og_url":"https:\/\/www.nlacrc.org\/es\/consumers-families\/resources-for-consumers-families\/parent-and-family-support-specialist\/","og_site_name":"North Los Angeles County","article_publisher":"https:\/\/www.facebook.com\/NLACRC\/","article_modified_time":"2025-03-04T22:40:37+00:00","og_image":[{"url":"https:\/\/www.nlacrc.org\/wp-content\/uploads\/2024\/06\/children_cupcakes_3-22_1_2200-1024x318.jpg","type":"","width":"","height":""}],"twitter_card":"summary_large_image","twitter_site":"@NLACRC","twitter_misc":{"Est. reading time":"1 minuto"},"schema":{"@context":"https:\/\/schema.org","@graph":[{"@type":"WebPage","@id":"https:\/\/www.nlacrc.org\/es\/consumers-families\/resources-for-consumers-families\/parent-and-family-support-specialist\/","url":"https:\/\/www.nlacrc.org\/es\/consumers-families\/resources-for-consumers-families\/parent-and-family-support-specialist\/","name":"Parent and Family Support Specialist -","isPartOf":{"@id":"https:\/\/www.nlacrc.org\/fa\/#website"},"primaryImageOfPage":{"@id":"https:\/\/www.nlacrc.org\/es\/consumers-families\/resources-for-consumers-families\/parent-and-family-support-specialist\/#primaryimage"},"image":{"@id":"https:\/\/www.nlacrc.org\/es\/consumers-families\/resources-for-consumers-families\/parent-and-family-support-specialist\/#primaryimage"},"thumbnailUrl":"https:\/\/www.nlacrc.org\/wp-content\/uploads\/2024\/06\/children_cupcakes_3-22_1_2200-1024x318.jpg","datePublished":"2024-09-09T22:33:05+00:00","dateModified":"2025-03-04T22:40:37+00:00","description":"Parent and Family Support Specialist - Family with fresh homemade cucakes Need help navigating the regional center system? Our Parent and Family Support Specialist can assist by: Connecting","breadcrumb":{"@id":"https:\/\/www.nlacrc.org\/es\/consumers-families\/resources-for-consumers-families\/parent-and-family-support-specialist\/#breadcrumb"},"inLanguage":"es","potentialAction":[{"@type":"ReadAction","target":["https:\/\/www.nlacrc.org\/es\/consumers-families\/resources-for-consumers-families\/parent-and-family-support-specialist\/"]}]},{"@type":"ImageObject","inLanguage":"es","@id":"https:\/\/www.nlacrc.org\/es\/consumers-families\/resources-for-consumers-families\/parent-and-family-support-specialist\/#primaryimage","url":"https:\/\/www.nlacrc.org\/wp-content\/uploads\/2024\/06\/children_cupcakes_3-22_1_2200-1024x318.jpg","contentUrl":"https:\/\/www.nlacrc.org\/wp-content\/uploads\/2024\/06\/children_cupcakes_3-22_1_2200-1024x318.jpg"},{"@type":"BreadcrumbList","@id":"https:\/\/www.nlacrc.org\/es\/consumers-families\/resources-for-consumers-families\/parent-and-family-support-specialist\/#breadcrumb","itemListElement":[{"@type":"ListItem","position":1,"name":"Home","item":"https:\/\/www.nlacrc.org\/"},{"@type":"ListItem","position":2,"name":"Consumers &amp; Families","item":"https:\/\/nlacrc.org\/consumers-families\/"},{"@type":"ListItem","position":3,"name":"Resources for Consumers &amp; Families","item":"https:\/\/www.nlacrc.org\/hy\/consumers-families\/resources-for-consumers-families\/"},{"@type":"ListItem","position":4,"name":"Parent and Family Support Specialist"}]},{"@type":"WebSite","@id":"https:\/\/www.nlacrc.org\/fa\/#website","url":"https:\/\/www.nlacrc.org\/fa\/","name":"Norte del condado de Los \u00c1ngeles","description":"Centro Regional","publisher":{"@id":"https:\/\/www.nlacrc.org\/fa\/#organization"},"potentialAction":[{"@type":"SearchAction","target":{"@type":"EntryPoint","urlTemplate":"https:\/\/www.nlacrc.org\/fa\/?s={search_term_string}"},"query-input":{"@type":"PropertyValueSpecification","valueRequired":true,"valueName":"search_term_string"}}],"inLanguage":"es"},{"@type":"Organization","@id":"https:\/\/www.nlacrc.org\/fa\/#organization","name":"Norte del condado de Los \u00c1ngeles","url":"https:\/\/www.nlacrc.org\/fa\/","logo":{"@type":"ImageObject","inLanguage":"es","@id":"https:\/\/www.nlacrc.org\/fa\/#\/schema\/logo\/image\/","url":"https:\/\/www.nlacrc.org\/wp-content\/uploads\/2024\/06\/logo.svg","contentUrl":"https:\/\/www.nlacrc.org\/wp-content\/uploads\/2024\/06\/logo.svg","width":131,"height":130,"caption":"North Los Angeles County"},"image":{"@id":"https:\/\/www.nlacrc.org\/fa\/#\/schema\/logo\/image\/"},"sameAs":["https:\/\/www.facebook.com\/NLACRC\/","https:\/\/x.com\/NLACRC"]}]}},"coauthors":[],"author_meta":{"author_link":"https:\/\/nlacrc.org\/es\/author\/jvanderiet\/","display_name":"jvanderiet"},"relative_dates":{"created":"Publicado 2 a\u00f1os hace","modified":"Actualizado 1 a\u00f1o hace"},"absolute_dates":{"created":"Publicado el septiembre 9, 2024","modified":"Actualizado el marzo 4, 2025"},"absolute_dates_time":{"created":"Publicado el septiembre 9, 2024 3:33 pm","modified":"Actualizado el marzo 4, 2025 2:40 pm"},"featured_img_caption":"","featured_img":false,"series_order":"","_links":{"self":[{"href":"https:\/\/nlacrc.org\/es\/wp-json\/wp\/v2\/pages\/47117","targetHints":{"allow":["GET"]}}],"collection":[{"href":"https:\/\/nlacrc.org\/es\/wp-json\/wp\/v2\/pages"}],"about":[{"href":"https:\/\/nlacrc.org\/es\/wp-json\/wp\/v2\/types\/page"}],"author":[{"embeddable":true,"href":"https:\/\/nlacrc.org\/es\/wp-json\/wp\/v2\/users\/61"}],"replies":[{"embeddable":true,"href":"https:\/\/nlacrc.org\/es\/wp-json\/wp\/v2\/comments?post=47117"}],"version-history":[{"count":5,"href":"https:\/\/nlacrc.org\/es\/wp-json\/wp\/v2\/pages\/47117\/revisions"}],"predecessor-version":[{"id":51977,"href":"https:\/\/nlacrc.org\/es\/wp-json\/wp\/v2\/pages\/47117\/revisions\/51977"}],"up":[{"embeddable":true,"href":"https:\/\/nlacrc.org\/es\/wp-json\/wp\/v2\/pages\/36619"}],"wp:attachment":[{"href":"https:\/\/nlacrc.org\/es\/wp-json\/wp\/v2\/media?parent=47117"}],"curies":[{"name":"wp","href":"https:\/\/api.w.org\/{rel}","templated":true}]}}