{"id":46633,"date":"2024-08-27T16:48:11","date_gmt":"2024-08-27T23:48:11","guid":{"rendered":"https:\/\/www.nlacrc.org\/?page_id=46633"},"modified":"2026-01-26T15:28:31","modified_gmt":"2026-01-26T23:28:31","slug":"residential-services-orientation-rso","status":"publish","type":"page","link":"https:\/\/nlacrc.org\/es\/service-providers\/residential-services-orientation-rso\/","title":{"rendered":"Orientaci\u00f3n de servicios residenciales (RSO)"},"content":{"rendered":"<div class=\"wp-block-group is-layout-constrained wp-block-group-is-layout-constrained\">\n<p><strong>ORIENTACI\u00d3N DE SERVICIOS RESIDENCIALES (RSO)<\/strong><\/p>\n\n\n\n<p>La RSO est\u00e1 dise\u00f1ada para brindar una descripci\u00f3n general de los requisitos del T\u00edtulo 17 para la venta de servicios residenciales. La RSO est\u00e1 destinada a personas que desean convertirse en proveedores de servicios residenciales, administradores de nuevas instalaciones residenciales y personas que no se han desempe\u00f1ado como administradores activos en los \u00faltimos 2 a\u00f1os o m\u00e1s. Para obtener m\u00e1s informaci\u00f3n sobre la RSO, consulte el C\u00f3digo de Regulaciones de California, T\u00edtulo 17, Secci\u00f3n 56003.<\/p>\n\n\n\n<p><strong>SPRING 2026 RSO (March-April)<\/strong><\/p>\n\n\n\n<p><strong>HORARIO E INFORMACI\u00d3N<\/strong><\/p>\n\n\n\n<p>CUANDO:&nbsp;&nbsp;&nbsp;&nbsp;&nbsp;&nbsp;&nbsp;&nbsp;&nbsp;&nbsp;&nbsp;&nbsp;&nbsp;&nbsp;&nbsp; <strong>Primera clase (en persona): <\/strong>Monday, Mach 16, 2026<\/p>\n\n\n\n<p>&nbsp;&nbsp;&nbsp;&nbsp;&nbsp;&nbsp;&nbsp;&nbsp;&nbsp;&nbsp;&nbsp;&nbsp;&nbsp;&nbsp;&nbsp;&nbsp;&nbsp;&nbsp;&nbsp;&nbsp;&nbsp;&nbsp;&nbsp;&nbsp;&nbsp;&nbsp;&nbsp;&nbsp;&nbsp; <strong>Clases 2 a 8 (virtuales)<\/strong>: Mondays and Wednesdays, March 18, 2026 \u2013 April 8, 2026<\/p>\n\n\n\n<p><strong>&nbsp;&nbsp;&nbsp;&nbsp;&nbsp;&nbsp;&nbsp;&nbsp;&nbsp;&nbsp;&nbsp;&nbsp;&nbsp;&nbsp;&nbsp;&nbsp;&nbsp;&nbsp;&nbsp;&nbsp;&nbsp;&nbsp;&nbsp;&nbsp;&nbsp;&nbsp;&nbsp;&nbsp;&nbsp; Examen (Presencial): <\/strong>Monday, April 13, 2026 &nbsp;<\/p>\n\n\n\n<p>&nbsp;&nbsp;&nbsp;&nbsp;&nbsp;&nbsp;&nbsp;&nbsp;&nbsp;&nbsp;&nbsp;&nbsp;&nbsp;&nbsp;&nbsp;&nbsp;&nbsp;&nbsp;&nbsp;&nbsp;&nbsp;&nbsp;&nbsp;&nbsp;&nbsp;&nbsp;&nbsp;&nbsp;&nbsp; El calendario del curso es el siguiente:<\/p>\n\n\n\n<figure class=\"wp-block-table\"><table class=\"has-fixed-layout\"><tbody><tr><td colspan=\"6\"><strong>HORARIO DE CLASES DE LA RSO PRIMAVERA 2025<\/strong><\/td><\/tr><tr><td><strong>Semana<\/strong><\/td><td><strong>Clase #<\/strong><\/td><td><strong>Fecha<\/strong><\/td><td><strong>D\u00eda<\/strong><\/td><td><strong>Tiempo<\/strong><\/td><td><strong>Ubicaci\u00f3n<\/strong><\/td><\/tr><tr><td rowspan=\"2\">1<\/td><td>1<\/td><td>03\/16\/2026<\/td><td>Lunes<\/td><td>9:00 a 12:00 horas<\/td><td><strong>En persona<\/strong><\/td><\/tr><tr><td>2<\/td><td>03\/18\/2026<\/td><td>Mi\u00e9rcoles<\/td><td>9:00 a 12:00 horas<\/td><td>Zoom<\/td><\/tr><tr><td rowspan=\"2\">2<\/td><td>3<\/td><td>03\/23\/2026<\/td><td>Lunes<\/td><td>9:00 a 12:00 horas<\/td><td>Zoom<\/td><\/tr><tr><td>4<\/td><td>03\/25\/2026<\/td><td>Mi\u00e9rcoles<\/td><td>9:00 a 12:00 horas<\/td><td>Zoom<\/td><\/tr><tr><td rowspan=\"2\">3<\/td><td>5<\/td><td>03\/30\/2026<\/td><td>Lunes<\/td><td>9:00 a 12:00 horas<\/td><td>Zoom<\/td><\/tr><tr><td>6<\/td><td>04\/01\/2026<\/td><td>Mi\u00e9rcoles<\/td><td>9:00 a 12:00 horas<\/td><td>Zoom<\/td><\/tr><tr><td rowspan=\"2\">4<\/td><td>7<\/td><td>04\/06\/2026<\/td><td>Lunes<\/td><td>9:00 a 12:00 horas<\/td><td>Zoom<\/td><\/tr><tr><td>8<\/td><td>04\/08\/2026<\/td><td>Mi\u00e9rcoles<\/td><td>9:00 a 12:00 horas<\/td><td>Zoom<\/td><\/tr><tr><td>5<\/td><td>9<\/td><td>04\/13\/2026<\/td><td>Lunes<\/td><td>9:00 a 12:00 horas<\/td><td><strong>En persona<\/strong><\/td><\/tr><\/tbody><\/table><\/figure>\n\n\n\n<p>WHERE:&nbsp; &nbsp; &nbsp; &nbsp; &nbsp; &nbsp; &nbsp; &nbsp; The first and last (exam) sessions will be held at North Los Angeles County Regional Center (NLACRC). All other sessions will be virtual\/online via Zoom. Class location and Zoom details will be sent to those enrolled.<\/p>\n\n\n\n<p>PARKING:&nbsp; &nbsp; &nbsp; &nbsp; &nbsp; &nbsp; &nbsp; Free for in-person sessions<\/p>\n\n\n\n<p>FEE:&nbsp;&nbsp;&nbsp;&nbsp;&nbsp;&nbsp; &nbsp;&nbsp;&nbsp;&nbsp;&nbsp;&nbsp;&nbsp;&nbsp;&nbsp;&nbsp;&nbsp;&nbsp;&nbsp;&nbsp;&nbsp;&nbsp;&nbsp; $100<\/p>\n\n\n\n<p>ASISTENCIA: Los participantes deben asistir a todas las clases programadas, llegar a tiempo a todas las clases presenciales y virtuales y aprobar el examen RSO para recibir un certificado de finalizaci\u00f3n. Se permite una ausencia como m\u00e1ximo.<\/p>\n\n\n\n<p>INSTRUCTORS:&nbsp;&nbsp;&nbsp;&nbsp; North Los Angeles County Regional Center (NLACRC) Staff &amp; Special Guest Speakers<\/p>\n\n\n\n<p>DESCRIPTION:&nbsp;&nbsp;&nbsp;&nbsp;&nbsp; This course is designed to provide an overview of the Title 17 requirements for persons who wish to become vendored as residential service providers, Administrators for new residential facilities, and individuals who have not served as an active Administrator in the last 2 or more years. (Title 17 Section 56003)<\/p>\n\n\n\n<p><strong>REQUISITOS DEL CURSO Y REGISTRO<\/strong><\/p>\n\n\n\n<p><strong><u>Requisitos previos de la RSO del NLACRC<\/u><\/strong><\/p>\n\n\n\n<ul class=\"wp-block-list\">\n<li>Certificado que acredite la finalizaci\u00f3n del Programa de Certificaci\u00f3n de Administradores del Departamento de Servicios Sociales (DSS). Hay informaci\u00f3n adicional disponible en: <a href=\"https:\/\/www.cdss.ca.gov\/inforesources\/community-care\/ascp-centralized-application-units\">https:\/\/www.cdss.ca.gov\/inforesources\/community-care\/ascp-centralized-application-units<\/a><\/li>\n<\/ul>\n\n\n\n<ul class=\"wp-block-list\">\n<li>Certificado que acredite la finalizaci\u00f3n de la orientaci\u00f3n para la obtenci\u00f3n de la licencia de atenci\u00f3n comunitaria (CCL) o la orientaci\u00f3n para la RCFE en los \u00faltimos seis meses. Hay informaci\u00f3n adicional disponible en: <a href=\"https:\/\/www.cdss.ca.gov\/inforesources\/community-care\/ascp-centralized-application-units\">https:\/\/www.cdss.ca.gov\/inforesources\/community-care\/ascp-centralized-application-units<\/a><\/li>\n<\/ul>\n\n\n\n<ul class=\"wp-block-list\">\n<li>Certificado que acredite la finalizaci\u00f3n del primer y segundo a\u00f1o del programa Direct Support Professional (DSP)*. Hay informaci\u00f3n adicional disponible en: <a href=\"https:\/\/www.dsptrain.org\/\">https:\/\/www.dsptrain.org\/<\/a>.<\/li>\n<\/ul>\n\n\n\n<ul class=\"wp-block-list\">\n<li>Resumen profesional que demuestre experiencia brindando supervisi\u00f3n directa remunerada y servicios especiales a personas con discapacidades del desarrollo, en un entorno residencial autorizado, durante un m\u00ednimo de 6 meses. Aseg\u00farese de agregar una oraci\u00f3n que indique que NLACRC puede comunicarse con empleadores anteriores y cualquier referencia proporcionada para verificar la experiencia que figura en el resumen.<\/li>\n\n\n\n<li>Cartas de referencia profesionales (2 a 3). Tenga en cuenta que estas cartas deben estar firmadas por la persona que proporciona la referencia e incluir una forma para que NLACRC pueda comunicarse con ella. Una carta debe ser de un profesional que brinde servicios residenciales a los consumidores del centro regional.<\/li>\n<\/ul>\n\n\n\n<ul class=\"wp-block-list\">\n<li>Provide proof of full-time Direct Care Staff experience pursuant to Title 17, Section 56002 (a) (12). Volunteer work is not accepted. Experience must be current within the last two (2) years. Please submit pay stubs for the most recent 6 monhs or more and or W-2 Tax Forms to meet this requirement. NLACRC will verify this experience.<\/li>\n<\/ul>\n\n\n\n<figure class=\"wp-block-table\"><table class=\"has-fixed-layout\"><tbody><tr><td><strong>Servicio <\/strong><strong>Nivel<\/strong><\/td><td><strong>Experiencia m\u00ednima<\/strong><\/td><td><strong>Tiempo completo<\/strong>(40 hrs.\/week;172 hrs.\/month)<\/td><td><strong>T\u00edtulo 17<\/strong><\/td><\/tr><tr><td>Nivel 2<\/td><td>6 meses<\/td><td>1.032 horas<\/td><td>Secci\u00f3n 56037(d)(1)<\/td><\/tr><tr><td>Nivel 3<\/td><td>9 meses<\/td><td>1.548 horas<\/td><td>Secci\u00f3n 56037(e)(1)<\/td><\/tr><tr><td>Nivel 4<\/td><td>12 meses<\/td><td>2.064 horas<\/td><td>Secci\u00f3n 56037(f)(1)<\/td><\/tr><tr><td>Level 5<\/td><td>12 meses<\/td><td>2.064 horas<\/td><td>Secci\u00f3n 56037(f)(1)<\/td><\/tr><tr><td>Level 6<\/td><td>12 meses<\/td><td>2.064 horas<\/td><td>Secci\u00f3n 56037(f)(1)<\/td><\/tr><\/tbody><\/table><\/figure>\n\n\n\n<p><strong>* \u00bfQui\u00e9n est\u00e1 obligado a realizar la Capacitaci\u00f3n Profesional de Apoyo Directo (DSP)?<\/strong><\/p>\n\n\n\n<p>Cualquier persona que trabaje en un Centro de Atenci\u00f3n Comunitaria (CCF, por sus siglas en ingl\u00e9s) autorizado por la Divisi\u00f3n de Licencias de Atenci\u00f3n Comunitaria del Departamento de Servicios Sociales de California y que brinde atenci\u00f3n directa a personas con discapacidades del desarrollo que sean consumidores de un centro regional deber\u00e1 realizar las 70 horas de capacitaci\u00f3n basada en competencias o aprobar las pruebas de competencia correspondientes. Todo el personal de atenci\u00f3n directa en los centros de nivel de servicio 2, 3, 4, 5, 6 y 7 (anteriormente 2, 3 o 4) debe completar la capacitaci\u00f3n de 70 horas o aprobar la prueba de competencia. El t\u00e9rmino &quot;personal de atenci\u00f3n directa&quot; se refiere a todo el personal, incluidos los administradores, de los centros residenciales de nivel de servicio 2, 3, 4, 5, 6 y 7 (anteriormente 2, 3 o 4) que brinden supervisi\u00f3n de servicios directos y servicios especiales a los consumidores.<\/p>\n\n\n\n<p><strong><u>Registro<\/u><\/strong><\/p>\n\n\n\n<p><strong>Fecha l\u00edmite para registrarse: <u>Sunday, March 1, 2026 at 11:59 PM<\/u><\/strong><\/p>\n\n\n\n<p><strong>**NO SE ACEPTAR\u00c1N INSCRIPCIONES TARD\u00cdAS**<\/strong><\/p>\n\n\n\n<ol class=\"wp-block-list\">\n<li>Env\u00ede prueba de TODOS los requisitos previos de RSO a <a href=\"mailto:resourcedevelopment@nlacrc.org\">Resourcedevelopment@nlacrc.org<\/a> by <strong>Sunday, March 1, 2026 at 11:59 PM<\/strong><\/li>\n\n\n\n<li>Una vez que se confirmen y verifiquen sus requisitos previos, se le enviar\u00e1 una invitaci\u00f3n de Eventbrite, una contrase\u00f1a de registro e instrucciones para registrarse.<\/li>\n\n\n\n<li>Ingresa el nombre del evento y la contrase\u00f1a en Eventbrite.com y paga la Orientaci\u00f3n de Servicios Residenciales.<\/li>\n\n\n\n<li>La confirmaci\u00f3n de RSO y los detalles de la ubicaci\u00f3n de la clase se enviar\u00e1n por correo electr\u00f3nico.<\/li>\n<\/ol>\n\n\n\n<p>Si tiene alguna pregunta, comun\u00edquese con Desarrollo de recursos al <a href=\"mailto:resourcedevelopment@nlacrc.org\">Resourcedevelopment@nlacrc.org<\/a>.<\/p>\n<\/div>","protected":false},"excerpt":{"rendered":"ORIENTACI\u00d3N DE SERVICIOS RESIDENCIALES (RSO) La RSO est\u00e1 dise\u00f1ada para brindar una descripci\u00f3n general de los requisitos del T\u00edtulo 17 para la venta de servicios residenciales. La RSO [\u2026]","protected":false},"author":61,"featured_media":0,"parent":36322,"menu_order":0,"comment_status":"closed","ping_status":"closed","template":"","meta":{"_acf_changed":false,"advgb_blocks_editor_width":"","advgb_blocks_columns_visual_guide":"","_EventAllDay":false,"_EventTimezone":"","_EventStartDate":"","_EventEndDate":"","_EventStartDateUTC":"","_EventEndDateUTC":"","_EventShowMap":false,"_EventShowMapLink":false,"_EventURL":"","_EventCost":"","_EventCostDescription":"","_EventCurrencySymbol":"","_EventCurrencyCode":"","_EventCurrencyPosition":"","_EventDateTimeSeparator":"","_EventTimeRangeSeparator":"","_EventOrganizerID":[],"_EventVenueID":[],"_OrganizerEmail":"","_OrganizerPhone":"","_OrganizerWebsite":"","_VenueAddress":"","_VenueCity":"","_VenueCountry":"","_VenueProvince":"","_VenueState":"","_VenueZip":"","_VenuePhone":"","_VenueURL":"","_VenueStateProvince":"","_VenueLat":"","_VenueLng":"","_VenueShowMap":false,"_VenueShowMapLink":false,"_tribe_blocks_recurrence_rules":"","_tribe_blocks_recurrence_description":"","_tribe_blocks_recurrence_exclusions":"","footnotes":""},"class_list":["post-46633","page","type-page","status-publish","hentry"],"acf":[],"yoast_head":"<!-- This site is optimized with the Yoast SEO plugin v26.4 - https:\/\/yoast.com\/wordpress\/plugins\/seo\/ -->\n<title>Residential Services Orientation (RSO) -<\/title>\n<meta name=\"description\" content=\"Residential Services Orientation (RSO) - RESIDENTIAL SERVICES ORIENTATION (RSO) RSO is designed to provide an overview of the Title 17 requirements for residential vendorization. RSO is provided\" \/>\n<meta name=\"robots\" content=\"index, follow, max-snippet:-1, max-image-preview:large, max-video-preview:-1\" \/>\n<link rel=\"canonical\" href=\"https:\/\/www.nlacrc.org\/service-providers\/residential-services-orientation-rso\/\" \/>\n<meta property=\"og:locale\" content=\"es_MX\" \/>\n<meta property=\"og:type\" content=\"article\" \/>\n<meta property=\"og:title\" content=\"Residential Services Orientation (RSO) -\" \/>\n<meta property=\"og:description\" content=\"Residential Services Orientation (RSO) - RESIDENTIAL SERVICES ORIENTATION (RSO) RSO is designed to provide an overview of the Title 17 requirements for residential vendorization. RSO is provided\" \/>\n<meta property=\"og:url\" content=\"https:\/\/www.nlacrc.org\/service-providers\/residential-services-orientation-rso\/\" \/>\n<meta property=\"og:site_name\" content=\"North Los Angeles County\" \/>\n<meta property=\"article:publisher\" content=\"https:\/\/www.facebook.com\/NLACRC\/\" \/>\n<meta property=\"article:modified_time\" content=\"2026-01-26T23:28:31+00:00\" \/>\n<meta name=\"twitter:card\" content=\"summary_large_image\" \/>\n<meta name=\"twitter:site\" content=\"@NLACRC\" \/>\n<meta name=\"twitter:label1\" content=\"Est. reading time\" \/>\n\t<meta name=\"twitter:data1\" content=\"4 minutos\" \/>\n<script type=\"application\/ld+json\" class=\"yoast-schema-graph\">{\"@context\":\"https:\/\/schema.org\",\"@graph\":[{\"@type\":\"WebPage\",\"@id\":\"https:\/\/www.nlacrc.org\/service-providers\/residential-services-orientation-rso\/\",\"url\":\"https:\/\/www.nlacrc.org\/service-providers\/residential-services-orientation-rso\/\",\"name\":\"Residential Services Orientation (RSO) -\",\"isPartOf\":{\"@id\":\"https:\/\/www.nlacrc.org\/fa\/#website\"},\"datePublished\":\"2024-08-27T23:48:11+00:00\",\"dateModified\":\"2026-01-26T23:28:31+00:00\",\"description\":\"Residential Services Orientation (RSO) - RESIDENTIAL SERVICES ORIENTATION (RSO) RSO is designed to provide an overview of the Title 17 requirements for residential vendorization. RSO is provided\",\"breadcrumb\":{\"@id\":\"https:\/\/www.nlacrc.org\/service-providers\/residential-services-orientation-rso\/#breadcrumb\"},\"inLanguage\":\"es\",\"potentialAction\":[{\"@type\":\"ReadAction\",\"target\":[\"https:\/\/www.nlacrc.org\/service-providers\/residential-services-orientation-rso\/\"]}]},{\"@type\":\"BreadcrumbList\",\"@id\":\"https:\/\/www.nlacrc.org\/service-providers\/residential-services-orientation-rso\/#breadcrumb\",\"itemListElement\":[{\"@type\":\"ListItem\",\"position\":1,\"name\":\"Home\",\"item\":\"https:\/\/www.nlacrc.org\/\"},{\"@type\":\"ListItem\",\"position\":2,\"name\":\"Service Providers\",\"item\":\"https:\/\/www.nlacrc.org\/service-providers\/\"},{\"@type\":\"ListItem\",\"position\":3,\"name\":\"Residential Services Orientation (RSO)\"}]},{\"@type\":\"WebSite\",\"@id\":\"https:\/\/www.nlacrc.org\/fa\/#website\",\"url\":\"https:\/\/www.nlacrc.org\/fa\/\",\"name\":\"North Los Angeles County\",\"description\":\"Regional Center\",\"publisher\":{\"@id\":\"https:\/\/www.nlacrc.org\/fa\/#organization\"},\"potentialAction\":[{\"@type\":\"SearchAction\",\"target\":{\"@type\":\"EntryPoint\",\"urlTemplate\":\"https:\/\/www.nlacrc.org\/fa\/?s={search_term_string}\"},\"query-input\":{\"@type\":\"PropertyValueSpecification\",\"valueRequired\":true,\"valueName\":\"search_term_string\"}}],\"inLanguage\":\"es\"},{\"@type\":\"Organization\",\"@id\":\"https:\/\/www.nlacrc.org\/fa\/#organization\",\"name\":\"North Los Angeles County\",\"url\":\"https:\/\/www.nlacrc.org\/fa\/\",\"logo\":{\"@type\":\"ImageObject\",\"inLanguage\":\"es\",\"@id\":\"https:\/\/www.nlacrc.org\/fa\/#\/schema\/logo\/image\/\",\"url\":\"https:\/\/www.nlacrc.org\/wp-content\/uploads\/2024\/06\/logo.svg\",\"contentUrl\":\"https:\/\/www.nlacrc.org\/wp-content\/uploads\/2024\/06\/logo.svg\",\"width\":131,\"height\":130,\"caption\":\"North Los Angeles County\"},\"image\":{\"@id\":\"https:\/\/www.nlacrc.org\/fa\/#\/schema\/logo\/image\/\"},\"sameAs\":[\"https:\/\/www.facebook.com\/NLACRC\/\",\"https:\/\/x.com\/NLACRC\"]}]}<\/script>\n<!-- \/ Yoast SEO plugin. -->","yoast_head_json":{"title":"Residential Services Orientation (RSO) -","description":"Residential Services Orientation (RSO) - RESIDENTIAL SERVICES ORIENTATION (RSO) RSO is designed to provide an overview of the Title 17 requirements for residential vendorization. RSO is provided","robots":{"index":"index","follow":"follow","max-snippet":"max-snippet:-1","max-image-preview":"max-image-preview:large","max-video-preview":"max-video-preview:-1"},"canonical":"https:\/\/www.nlacrc.org\/service-providers\/residential-services-orientation-rso\/","og_locale":"es_MX","og_type":"article","og_title":"Residential Services Orientation (RSO) -","og_description":"Residential Services Orientation (RSO) - RESIDENTIAL SERVICES ORIENTATION (RSO) RSO is designed to provide an overview of the Title 17 requirements for residential vendorization. RSO is provided","og_url":"https:\/\/www.nlacrc.org\/service-providers\/residential-services-orientation-rso\/","og_site_name":"North Los Angeles County","article_publisher":"https:\/\/www.facebook.com\/NLACRC\/","article_modified_time":"2026-01-26T23:28:31+00:00","twitter_card":"summary_large_image","twitter_site":"@NLACRC","twitter_misc":{"Est. reading time":"4 minutos"},"schema":{"@context":"https:\/\/schema.org","@graph":[{"@type":"WebPage","@id":"https:\/\/www.nlacrc.org\/service-providers\/residential-services-orientation-rso\/","url":"https:\/\/www.nlacrc.org\/service-providers\/residential-services-orientation-rso\/","name":"Residential Services Orientation (RSO) -","isPartOf":{"@id":"https:\/\/www.nlacrc.org\/fa\/#website"},"datePublished":"2024-08-27T23:48:11+00:00","dateModified":"2026-01-26T23:28:31+00:00","description":"Residential Services Orientation (RSO) - RESIDENTIAL SERVICES ORIENTATION (RSO) RSO is designed to provide an overview of the Title 17 requirements for residential vendorization. RSO is provided","breadcrumb":{"@id":"https:\/\/www.nlacrc.org\/service-providers\/residential-services-orientation-rso\/#breadcrumb"},"inLanguage":"es","potentialAction":[{"@type":"ReadAction","target":["https:\/\/www.nlacrc.org\/service-providers\/residential-services-orientation-rso\/"]}]},{"@type":"BreadcrumbList","@id":"https:\/\/www.nlacrc.org\/service-providers\/residential-services-orientation-rso\/#breadcrumb","itemListElement":[{"@type":"ListItem","position":1,"name":"Home","item":"https:\/\/www.nlacrc.org\/"},{"@type":"ListItem","position":2,"name":"Service Providers","item":"https:\/\/www.nlacrc.org\/service-providers\/"},{"@type":"ListItem","position":3,"name":"Residential Services Orientation (RSO)"}]},{"@type":"WebSite","@id":"https:\/\/www.nlacrc.org\/fa\/#website","url":"https:\/\/www.nlacrc.org\/fa\/","name":"Norte del condado de Los \u00c1ngeles","description":"Centro Regional","publisher":{"@id":"https:\/\/www.nlacrc.org\/fa\/#organization"},"potentialAction":[{"@type":"SearchAction","target":{"@type":"EntryPoint","urlTemplate":"https:\/\/www.nlacrc.org\/fa\/?s={search_term_string}"},"query-input":{"@type":"PropertyValueSpecification","valueRequired":true,"valueName":"search_term_string"}}],"inLanguage":"es"},{"@type":"Organization","@id":"https:\/\/www.nlacrc.org\/fa\/#organization","name":"Norte del condado de Los \u00c1ngeles","url":"https:\/\/www.nlacrc.org\/fa\/","logo":{"@type":"ImageObject","inLanguage":"es","@id":"https:\/\/www.nlacrc.org\/fa\/#\/schema\/logo\/image\/","url":"https:\/\/www.nlacrc.org\/wp-content\/uploads\/2024\/06\/logo.svg","contentUrl":"https:\/\/www.nlacrc.org\/wp-content\/uploads\/2024\/06\/logo.svg","width":131,"height":130,"caption":"North Los Angeles County"},"image":{"@id":"https:\/\/www.nlacrc.org\/fa\/#\/schema\/logo\/image\/"},"sameAs":["https:\/\/www.facebook.com\/NLACRC\/","https:\/\/x.com\/NLACRC"]}]}},"coauthors":[],"author_meta":{"author_link":"https:\/\/nlacrc.org\/es\/author\/jvanderiet\/","display_name":"jvanderiet"},"relative_dates":{"created":"Publicado 2 a\u00f1os hace","modified":"Actualizado 3 meses hace"},"absolute_dates":{"created":"Publicado el agosto 27, 2024","modified":"Actualizado el enero 26, 2026"},"absolute_dates_time":{"created":"Publicado el agosto 27, 2024 4:48 pm","modified":"Actualizado el enero 26, 2026 3:28 pm"},"featured_img_caption":"","featured_img":false,"series_order":"","_links":{"self":[{"href":"https:\/\/nlacrc.org\/es\/wp-json\/wp\/v2\/pages\/46633","targetHints":{"allow":["GET"]}}],"collection":[{"href":"https:\/\/nlacrc.org\/es\/wp-json\/wp\/v2\/pages"}],"about":[{"href":"https:\/\/nlacrc.org\/es\/wp-json\/wp\/v2\/types\/page"}],"author":[{"embeddable":true,"href":"https:\/\/nlacrc.org\/es\/wp-json\/wp\/v2\/users\/61"}],"replies":[{"embeddable":true,"href":"https:\/\/nlacrc.org\/es\/wp-json\/wp\/v2\/comments?post=46633"}],"version-history":[{"count":8,"href":"https:\/\/nlacrc.org\/es\/wp-json\/wp\/v2\/pages\/46633\/revisions"}],"predecessor-version":[{"id":59380,"href":"https:\/\/nlacrc.org\/es\/wp-json\/wp\/v2\/pages\/46633\/revisions\/59380"}],"up":[{"embeddable":true,"href":"https:\/\/nlacrc.org\/es\/wp-json\/wp\/v2\/pages\/36322"}],"wp:attachment":[{"href":"https:\/\/nlacrc.org\/es\/wp-json\/wp\/v2\/media?parent=46633"}],"curies":[{"name":"wp","href":"https:\/\/api.w.org\/{rel}","templated":true}]}}