{"id":46577,"date":"2024-08-27T08:21:08","date_gmt":"2024-08-27T15:21:08","guid":{"rendered":"https:\/\/www.nlacrc.org\/?page_id=46577"},"modified":"2026-03-26T11:58:02","modified_gmt":"2026-03-26T18:58:02","slug":"deib","status":"publish","type":"page","link":"https:\/\/nlacrc.org\/es\/deib\/","title":{"rendered":"Pol\u00edtica de inclusi\u00f3n, equidad y diversidad"},"content":{"rendered":"<p class=\"has-text-align-center\"><\/p>\n\n\n\n<figure class=\"wp-block-image aligncenter size-large is-resized\"><img loading=\"lazy\" decoding=\"async\" width=\"774\" height=\"602\" src=\"https:\/\/www.nlacrc.org\/wp-content\/uploads\/2024\/08\/deib-page.png\" alt=\"\" class=\"wp-image-46613\" style=\"width:604px;height:auto\" srcset=\"https:\/\/nlacrc.org\/wp-content\/uploads\/2024\/08\/deib-page.png 774w, https:\/\/nlacrc.org\/wp-content\/uploads\/2024\/08\/deib-page-300x233.png 300w, https:\/\/nlacrc.org\/wp-content\/uploads\/2024\/08\/deib-page-768x597.png 768w, https:\/\/nlacrc.org\/wp-content\/uploads\/2024\/08\/deib-page-24x19.png 24w, https:\/\/nlacrc.org\/wp-content\/uploads\/2024\/08\/deib-page-36x28.png 36w, https:\/\/nlacrc.org\/wp-content\/uploads\/2024\/08\/deib-page-48x37.png 48w\" sizes=\"auto, (max-width: 774px) 100vw, 774px\" \/><\/figure>\n\n\n\n<p class=\"has-text-align-center\"><\/p>\n\n\n\n<h4 class=\"wp-block-heading\">El NLACRC se complace en compartir su Pol\u00edtica de Inclusi\u00f3n, Equidad y Diversidad. El NLACRC se compromete a identificar oportunidades de cambio. Nos centraremos en las soluciones y en generar conciencia sobre las diferentes culturas e identidades de la comunidad.<\/h4>\n\n\n\n<div class=\"wp-block-buttons is-layout-flex wp-block-buttons-is-layout-flex\">\n<div class=\"wp-block-button\"><a class=\"wp-block-button__link wp-element-button\" href=\"https:\/\/conta.cc\/40Amb4e\">\u00a1Lee el bolet\u00edn de DEIB aqu\u00ed!<\/a><\/div>\n<\/div>\n\n\n\n<p>Para leer nuestra pol\u00edtica haga clic <a href=\"https:\/\/nlacrc.org\/es\/about-us\/mission-vision-values\/\">aqu\u00ed<\/a> A continuaci\u00f3n se presentan partes de la pol\u00edtica:<\/p>\n\n\n\n<h3 class=\"wp-block-heading\"><strong>Declaraci\u00f3n de visi\u00f3n de la pol\u00edtica<\/strong><\/h3>\n\n\n\n<p>El NLACRC afirma y celebra la inclusi\u00f3n, la equidad y la diversidad de todo el personal, las personas atendidas, sus familias y las comunidades que apoyamos y representamos. La visi\u00f3n del NLACRC es empoderar a las personas con discapacidades del desarrollo para que tengan oportunidades de alcanzar su m\u00e1ximo potencial en todos los aspectos de la vida y de aceptar y mostrar las diferencias.<\/p>\n\n\n\n<h3 class=\"wp-block-heading\"><strong>Declaraci\u00f3n de misi\u00f3n y pol\u00edtica<\/strong><\/h3>\n\n\n\n<div class=\"wp-block-group is-layout-constrained wp-block-group-is-layout-constrained\">\n<p>NLACRC ser\u00e1 un centro regional en la comunidad que reunir\u00e1 perspectivas de todas las posiciones y roles dentro de la comunidad y compartir\u00e1 pensamientos y sugerir\u00e1 acciones que fomenten la inclusi\u00f3n, promuevan la equidad y promuevan la diversidad.<\/p>\n\n\n\n<h3 class=\"wp-block-heading\">Acceso al lenguaje y competencia cultural<\/h3>\n\n\n\n<p>El plan de acceso ling\u00fc\u00edstico y competencia cultural es una estrategia para apoyar mejor las necesidades ling\u00fc\u00edsticas de las personas con discapacidades del desarrollo, sus cuidadores y sus familiares. El objetivo principal ser\u00e1 mejorar la experiencia de los consumidores y las familias y facilitar un acceso m\u00e1s consistente a la informaci\u00f3n y los servicios para grupos multiling\u00fces, monoling\u00fces y de diversas culturas.<\/p>\n\n\n\n<p>El objetivo del plan es brindar acceso a servicios de asistencia ling\u00fc\u00edstica equitativos, oportunos y de calidad a personas con dominio limitado del ingl\u00e9s (LEP), de acuerdo con el Proyecto de Ley de la Asamblea (AB) 959 que requiere que los centros regionales (a) mejoren el acceso y la calidad de los servicios, programas y actividades de la Agencia para personas que no hablan ingl\u00e9s y personas LEP; (b) Reducir las disparidades y demoras, si las hubiera, en la prestaci\u00f3n de servicios\/programas estatales a personas que no hablan ingl\u00e9s y personas LEP elegibles en comparaci\u00f3n con personas que hablan ingl\u00e9s elegibles; y (c) Aumentar la eficacia de la agencia y las interacciones p\u00fablicas.<\/p>\n\n\n\n<p><strong>FY 2025-26 Language Access and Cultural Competency (LACC) Program<\/strong><br><\/p>\n\n\n\n<p><strong>FY 25\/26 Allocation Amount: $1,085,375.00<\/strong><br><strong>Project Duration: July 1, 2025-June 30, 2026<\/strong><br><\/p>\n\n\n\n<figure class=\"wp-block-table\"><table class=\"has-fixed-layout\"><tbody><tr><td>Centro Regional<\/td><td>Plan Summary<\/td><td>Ethnicity &amp; Culture<\/td><td>Languages<\/td><\/tr><tr><td>North Los Angeles County Regional Center (NLACRC)<\/td><td>&nbsp;<br>\u2022 Build internal capacity with dedicated LACC staff to implement activities, including multilingual\/multicultural and LGBTQIA+ specialists.<br>\u2022 Enhance outreach efforts by offering educational materials in the NLACRC digital library, podcasts, and Parent University videos in multiple&nbsp;<br>&nbsp;&nbsp;languages.&nbsp;<br>\u2022 Host inclusive community meetings and focus groups for Armenian, Farsi, Tagalog, LGBTQIA+, and Spanish-speaking communities.<br>\u2022 Implement culturally competent surveys to strengthen community engagement and improve the quality of data collection.<br>\u2022 Partner with EveryoneOn to provide in-person device and online technology training in multiple languages for adult consumers and families.<br>\u2022 Provide interpretation and translation services to enhance accessibility, foster inclusivity, and promote engagement among diverse community<br>&nbsp;&nbsp;members.<br>\u2022 Raise awareness of RC services by advertising in local media, in all threshold languages, to promote resources and community events.<\/td><td>Asian, Black\/African American, Deaf and Hard of Hearing, Hispanic<\/td><td>American Sign Language, Armenian, Farsi Persian, Russian, Spanish, Tagalog, Vietnamese<\/td><\/tr><\/tbody><\/table><\/figure>\n<\/div>\n\n\n\n<h6 class=\"wp-block-heading\">Comit\u00e9 de disparidad<\/h6>\n\n\n\n<p>El NLACRC cuenta con un Comit\u00e9 de Disparidades. Este Comit\u00e9 se ocupa de las disparidades que afectan a las personas atendidas por el NLACRC, a sus familias y a otros miembros de la comunidad. Incluye al personal del NLACRC, as\u00ed como a socios que atienden a personas con discapacidades y otras poblaciones minoritarias.<\/p>\n\n\n\n<h6 class=\"wp-block-heading\">Las organizaciones comunitarias y las asociaciones<\/h6>\n\n\n\n<p>El NLACRC tambi\u00e9n trabaja con organizaciones comunitarias para abordar las disparidades. A continuaci\u00f3n, se incluye una lista de las organizaciones comunitarias que colaboran con el NLACRC:<\/p>\n\n\n\n<div class=\"wp-block-advgb-accordions advgb-accordions-32cdbba8-f2b0-4a53-ba0a-399524bb9283 advgb-accordion-wrapper\" data-collapsed=\"true\">\n<div class=\"wp-block-advgb-accordion-item advgb-accordion-item\" style=\"margin-bottom:15px\"><div class=\"advgb-accordion-header\" style=\"background-color:#000;color:#eee;border-style:solid;border-width:1px;border-radius:2px\"><span class=\"advgb-accordion-header-icon\"><svg fill=\"#fff\" xmlns=\"http:\/\/www.w3.org\/2000\/svg\" width=\"24\" height=\"24\" viewbox=\"0 0 24 24\"><path fill=\"none\" d=\"M0,0h24v24H0V0z\"><\/path><path d=\"M12,5.83L15.17,9l1.41-1.41L12,3L7.41,7.59L8.83,9L12,5.83z M12,18.17L8.83,15l-1.41,1.41L12,21l4.59-4.59L15.17,15 L12,18.17z\"><\/path><\/svg><\/span><h4 class=\"advgb-accordion-header-title\" style=\"color:inherit\">Organizaciones comunitarias (OBC) <\/h4><\/div><div class=\"advgb-accordion-body\" style=\"border-style:solid !important;border-width:1px !important;border-color:undefined !important;border-top:none !important;border-radius:2px !important\">\n<figure class=\"wp-block-table aligncenter\"><table class=\"has-fixed-layout\"><tbody><tr><td><strong>Atenci\u00f3n las 24 horas<\/strong><br>24 Hour Home Care es un proveedor de servicios de atenci\u00f3n a domicilio.<br>Tel\u00e9fono: (866)416-9573 \u00b7 <a href=\"https:\/\/www.24hrcares.com\/\">https:\/\/www.24hrcares.com\/<\/a><\/td><\/tr><tr><td><strong>AV Semilla y Crecimiento<\/strong><br>AV Seed and Grow cuenta con colaboraciones de grupos de apoyo para padres y profesionales, eventos sociales, oportunidades recreativas, talleres educativos, enlaces a recursos, esfuerzos de defensa y muchas otras actividades de extensi\u00f3n para personas y familias de personas con necesidades especiales en Antelope Valley.<br>Tel\u00e9fono: (661) 492-3907 \u00b7 <a href=\"http:\/\/avseedandgrow.org\/\">http:\/\/avseedandgrow.org\/<\/a><\/td><\/tr><tr><td><strong>Centro del Orgullo de la Universidad Estatal de California en Northridge<\/strong><br>El Pride Center apoya a estudiantes, profesores y personal lesbianas, gays, bisexuales, transg\u00e9nero, queer, cuestionables, intersexuales y asexuales (LGBTQIA+) a trav\u00e9s de programas y actividades de divulgaci\u00f3n educativa. Trabaja para mejorar el clima del campus para las personas LGBTQIA+, as\u00ed como para defender el respeto y la seguridad de todos los miembros de la comunidad del campus.<br>Tel\u00e9fono: (818) 677-4355 \u00b7 <a href=\"https:\/\/www.csun.edu\/pride\">https:\/\/www.csun.edu\/pride<\/a><\/td><\/tr><tr><td><strong>Hospital Infantil de Los \u00c1ngeles<\/strong><br>El Hospital Infantil de Los \u00c1ngeles es uno de los hospitales pedi\u00e1tricos l\u00edderes del pa\u00eds.<br>Tel\u00e9fono: (323) 660-2450 \u00b7 <a href=\"https:\/\/www.chla.org\/\">https:\/\/www.chla.org<\/a><\/td><\/tr><tr><td><strong>Colaboraci\u00f3n comunitaria integrada (ICC)<\/strong><br>El objetivo del ICC es promover la equidad, la igualdad y la erradicaci\u00f3n de las disparidades en la compra de servicios para personas con discapacidades intelectuales o del desarrollo.<br>Tel\u00e9fono: (424) 262-2119 \u00b7 <a href=\"https:\/\/www.integratedcommunitycollaborative.org\/\">https:\/\/www.integratedcommunitycollaborative.org\/<\/a><\/td><\/tr><tr><td><strong>Centro LGBT de Los \u00c1ngeles<\/strong><br>El Centro LGBT de Los \u00c1ngeles brinda servicios para personas LGBT, ofreciendo programas, servicios y defensa global que abarcan cuatro amplias categor\u00edas: Salud, Servicios Sociales y Vivienda, Cultura y Educaci\u00f3n, Liderazgo y Defensa.<br>Tel\u00e9fono: (323) 993-7500 \u00b7 <a href=\"https:\/\/lalgbtcenter.org\/\">https:\/\/lalgbtcenter.org<\/a><\/td><\/tr><tr><td><strong>Proyecto de Organizaci\u00f3n Comunitaria Ind\u00edgena Mixteca (MICOP)<\/strong><br>MICOP responde a las necesidades de la comunidad ind\u00edgena mixteca en los condados de Ventura y Santa B\u00e1rbara a trav\u00e9s de la defensa y la divulgaci\u00f3n.<br>Tel\u00e9fono: (805) 247-1188 \u00b7 <a href=\"https:\/\/mixteco.org\/\">https:\/\/mixteco.org<\/a><\/td><\/tr><tr><td><strong>Punto de ruta<\/strong><br>PathPoint se asocia con personas con discapacidades, personas con diagn\u00f3sticos de salud mental y adultos j\u00f3venes para fortalecer las capacidades laborales, desarrollar habilidades para la vida y desarrollar relaciones significativas.<br>Tel\u00e9fono: (818) 773-9570 \u00b7 <a href=\"https:\/\/www.pathpoint.org\/\">https:\/\/www.pathpoint.org<\/a><\/td><\/tr><tr><td><strong>Consejo Estatal sobre Discapacidades del Desarrollo (SCDD)<\/strong><br>SCDD fue establecido por ley estatal y federal como una agencia estatal independiente para garantizar que las personas con discapacidades del desarrollo y sus familias reciban los servicios y apoyos que necesitan.<br>Tel\u00e9fono: (818) 543-4631 \u00b7 <a href=\"https:\/\/scdd.ca.gov\/losangeles\/\">https:\/\/scdd.ca.gov\/losangeles\/<\/a><\/td><\/tr><tr><td><strong>Centro Tarjan de la UCLA<\/strong><br>La misi\u00f3n del Centro Tarjan de la UCLA, Centro Universitario de Excelencia en Discapacidades del Desarrollo, es promover la autodeterminaci\u00f3n, la inclusi\u00f3n y la calidad de vida entre la diversidad de personas con discapacidades y sus familias. Lo hacen a trav\u00e9s de un liderazgo colaborativo en la capacitaci\u00f3n, la educaci\u00f3n comunitaria, la investigaci\u00f3n, el servicio y el intercambio de informaci\u00f3n.<br>Tel\u00e9fono: (310) 825-5054 \u00b7 <a href=\"https:\/\/www.semel.ucla.edu\/initiatives\/the-ucla-tarjan-center\/\">https:\/\/www.semel.ucla.edu\/initiatives\/the-ucla-tarjan-center\/<\/a><\/td><\/tr><\/tbody><\/table><\/figure>\n<\/div><\/div>\n<\/div>\n\n\n\n<p><\/p>\n\n\n\n<p><strong><a href=\"https:\/\/conta.cc\/4cAXzwE\">Haga clic aqu\u00ed para suscribirse a nuestro bolet\u00edn informativo DEIB<\/a><\/strong><\/p>\n\n\n\n<p><\/p>","protected":false},"excerpt":{"rendered":"\u00a1El NLACRC se complace en compartir su Pol\u00edtica de Inclusi\u00f3n, Equidad y Diversidad! El NLACRC se compromete a identificar oportunidades de cambio. [\u2026]","protected":false},"author":64,"featured_media":0,"parent":0,"menu_order":0,"comment_status":"closed","ping_status":"closed","template":"","meta":{"_acf_changed":false,"advgb_blocks_editor_width":"","advgb_blocks_columns_visual_guide":"","_EventAllDay":false,"_EventTimezone":"","_EventStartDate":"","_EventEndDate":"","_EventStartDateUTC":"","_EventEndDateUTC":"","_EventShowMap":false,"_EventShowMapLink":false,"_EventURL":"","_EventCost":"","_EventCostDescription":"","_EventCurrencySymbol":"","_EventCurrencyCode":"","_EventCurrencyPosition":"","_EventDateTimeSeparator":"","_EventTimeRangeSeparator":"","_EventOrganizerID":[],"_EventVenueID":[],"_OrganizerEmail":"","_OrganizerPhone":"","_OrganizerWebsite":"","_VenueAddress":"","_VenueCity":"","_VenueCountry":"","_VenueProvince":"","_VenueState":"","_VenueZip":"","_VenuePhone":"","_VenueURL":"","_VenueStateProvince":"","_VenueLat":"","_VenueLng":"","_VenueShowMap":false,"_VenueShowMapLink":false,"_tribe_blocks_recurrence_rules":"","_tribe_blocks_recurrence_description":"","_tribe_blocks_recurrence_exclusions":"","footnotes":""},"class_list":["post-46577","page","type-page","status-publish","hentry"],"acf":[],"yoast_head":"<!-- This site is optimized with the Yoast SEO plugin v26.4 - https:\/\/yoast.com\/wordpress\/plugins\/seo\/ -->\n<title>Inclusion, Equity, and Diversity Policy -<\/title>\n<meta name=\"description\" content=\"Inclusion, Equity, and Diversity Policy - NLACRC is excited to share its Inclusion, Equity, and Diversity Policy! NLACRC is committed to identifying opportunities for change. We will focus on\" \/>\n<meta name=\"robots\" content=\"index, follow, max-snippet:-1, max-image-preview:large, max-video-preview:-1\" \/>\n<link rel=\"canonical\" href=\"https:\/\/www.nlacrc.org\/deib\/\" \/>\n<meta property=\"og:locale\" content=\"es_MX\" \/>\n<meta property=\"og:type\" content=\"article\" \/>\n<meta property=\"og:title\" content=\"Inclusion, Equity, and Diversity Policy -\" \/>\n<meta property=\"og:description\" content=\"Inclusion, Equity, and Diversity Policy - NLACRC is excited to share its Inclusion, Equity, and Diversity Policy! NLACRC is committed to identifying opportunities for change. We will focus on\" \/>\n<meta property=\"og:url\" content=\"https:\/\/www.nlacrc.org\/deib\/\" \/>\n<meta property=\"og:site_name\" content=\"North Los Angeles County\" \/>\n<meta property=\"article:publisher\" content=\"https:\/\/www.facebook.com\/NLACRC\/\" \/>\n<meta property=\"article:modified_time\" content=\"2026-03-26T18:58:02+00:00\" \/>\n<meta property=\"og:image\" content=\"https:\/\/nlacrc.org\/wp-content\/uploads\/2024\/08\/deib-page.png\" \/>\n\t<meta property=\"og:image:width\" content=\"774\" \/>\n\t<meta property=\"og:image:height\" content=\"602\" \/>\n\t<meta property=\"og:image:type\" content=\"image\/png\" \/>\n<meta name=\"twitter:card\" content=\"summary_large_image\" \/>\n<meta name=\"twitter:site\" content=\"@NLACRC\" \/>\n<meta name=\"twitter:label1\" content=\"Est. reading time\" \/>\n\t<meta name=\"twitter:data1\" content=\"5 minutos\" \/>\n<script type=\"application\/ld+json\" class=\"yoast-schema-graph\">{\"@context\":\"https:\/\/schema.org\",\"@graph\":[{\"@type\":\"WebPage\",\"@id\":\"https:\/\/www.nlacrc.org\/deib\/\",\"url\":\"https:\/\/www.nlacrc.org\/deib\/\",\"name\":\"Inclusion, Equity, and Diversity Policy -\",\"isPartOf\":{\"@id\":\"https:\/\/www.nlacrc.org\/fa\/#website\"},\"primaryImageOfPage\":{\"@id\":\"https:\/\/www.nlacrc.org\/deib\/#primaryimage\"},\"image\":{\"@id\":\"https:\/\/www.nlacrc.org\/deib\/#primaryimage\"},\"thumbnailUrl\":\"https:\/\/www.nlacrc.org\/wp-content\/uploads\/2024\/08\/deib-page.png\",\"datePublished\":\"2024-08-27T15:21:08+00:00\",\"dateModified\":\"2026-03-26T18:58:02+00:00\",\"description\":\"Inclusion, Equity, and Diversity Policy - NLACRC is excited to share its Inclusion, Equity, and Diversity Policy! NLACRC is committed to identifying opportunities for change. We will focus on\",\"breadcrumb\":{\"@id\":\"https:\/\/www.nlacrc.org\/deib\/#breadcrumb\"},\"inLanguage\":\"es\",\"potentialAction\":[{\"@type\":\"ReadAction\",\"target\":[\"https:\/\/www.nlacrc.org\/deib\/\"]}]},{\"@type\":\"ImageObject\",\"inLanguage\":\"es\",\"@id\":\"https:\/\/www.nlacrc.org\/deib\/#primaryimage\",\"url\":\"https:\/\/www.nlacrc.org\/wp-content\/uploads\/2024\/08\/deib-page.png\",\"contentUrl\":\"https:\/\/www.nlacrc.org\/wp-content\/uploads\/2024\/08\/deib-page.png\"},{\"@type\":\"BreadcrumbList\",\"@id\":\"https:\/\/www.nlacrc.org\/deib\/#breadcrumb\",\"itemListElement\":[{\"@type\":\"ListItem\",\"position\":1,\"name\":\"Home\",\"item\":\"https:\/\/www.nlacrc.org\/\"},{\"@type\":\"ListItem\",\"position\":2,\"name\":\"Inclusion, Equity, and Diversity Policy\"}]},{\"@type\":\"WebSite\",\"@id\":\"https:\/\/www.nlacrc.org\/fa\/#website\",\"url\":\"https:\/\/www.nlacrc.org\/fa\/\",\"name\":\"North Los Angeles County\",\"description\":\"Regional Center\",\"publisher\":{\"@id\":\"https:\/\/www.nlacrc.org\/fa\/#organization\"},\"potentialAction\":[{\"@type\":\"SearchAction\",\"target\":{\"@type\":\"EntryPoint\",\"urlTemplate\":\"https:\/\/www.nlacrc.org\/fa\/?s={search_term_string}\"},\"query-input\":{\"@type\":\"PropertyValueSpecification\",\"valueRequired\":true,\"valueName\":\"search_term_string\"}}],\"inLanguage\":\"es\"},{\"@type\":\"Organization\",\"@id\":\"https:\/\/www.nlacrc.org\/fa\/#organization\",\"name\":\"North Los Angeles County\",\"url\":\"https:\/\/www.nlacrc.org\/fa\/\",\"logo\":{\"@type\":\"ImageObject\",\"inLanguage\":\"es\",\"@id\":\"https:\/\/www.nlacrc.org\/fa\/#\/schema\/logo\/image\/\",\"url\":\"https:\/\/www.nlacrc.org\/wp-content\/uploads\/2024\/06\/logo.svg\",\"contentUrl\":\"https:\/\/www.nlacrc.org\/wp-content\/uploads\/2024\/06\/logo.svg\",\"width\":131,\"height\":130,\"caption\":\"North Los Angeles County\"},\"image\":{\"@id\":\"https:\/\/www.nlacrc.org\/fa\/#\/schema\/logo\/image\/\"},\"sameAs\":[\"https:\/\/www.facebook.com\/NLACRC\/\",\"https:\/\/x.com\/NLACRC\"]}]}<\/script>\n<!-- \/ Yoast SEO plugin. -->","yoast_head_json":{"title":"Inclusion, Equity, and Diversity Policy -","description":"Inclusion, Equity, and Diversity Policy - NLACRC is excited to share its Inclusion, Equity, and Diversity Policy! NLACRC is committed to identifying opportunities for change. We will focus on","robots":{"index":"index","follow":"follow","max-snippet":"max-snippet:-1","max-image-preview":"max-image-preview:large","max-video-preview":"max-video-preview:-1"},"canonical":"https:\/\/www.nlacrc.org\/deib\/","og_locale":"es_MX","og_type":"article","og_title":"Inclusion, Equity, and Diversity Policy -","og_description":"Inclusion, Equity, and Diversity Policy - NLACRC is excited to share its Inclusion, Equity, and Diversity Policy! NLACRC is committed to identifying opportunities for change. We will focus on","og_url":"https:\/\/www.nlacrc.org\/deib\/","og_site_name":"North Los Angeles County","article_publisher":"https:\/\/www.facebook.com\/NLACRC\/","article_modified_time":"2026-03-26T18:58:02+00:00","og_image":[{"width":774,"height":602,"url":"https:\/\/nlacrc.org\/wp-content\/uploads\/2024\/08\/deib-page.png","type":"image\/png"}],"twitter_card":"summary_large_image","twitter_site":"@NLACRC","twitter_misc":{"Est. reading time":"5 minutos"},"schema":{"@context":"https:\/\/schema.org","@graph":[{"@type":"WebPage","@id":"https:\/\/www.nlacrc.org\/deib\/","url":"https:\/\/www.nlacrc.org\/deib\/","name":"Inclusion, Equity, and Diversity Policy -","isPartOf":{"@id":"https:\/\/www.nlacrc.org\/fa\/#website"},"primaryImageOfPage":{"@id":"https:\/\/www.nlacrc.org\/deib\/#primaryimage"},"image":{"@id":"https:\/\/www.nlacrc.org\/deib\/#primaryimage"},"thumbnailUrl":"https:\/\/www.nlacrc.org\/wp-content\/uploads\/2024\/08\/deib-page.png","datePublished":"2024-08-27T15:21:08+00:00","dateModified":"2026-03-26T18:58:02+00:00","description":"Inclusion, Equity, and Diversity Policy - NLACRC is excited to share its Inclusion, Equity, and Diversity Policy! NLACRC is committed to identifying opportunities for change. We will focus on","breadcrumb":{"@id":"https:\/\/www.nlacrc.org\/deib\/#breadcrumb"},"inLanguage":"es","potentialAction":[{"@type":"ReadAction","target":["https:\/\/www.nlacrc.org\/deib\/"]}]},{"@type":"ImageObject","inLanguage":"es","@id":"https:\/\/www.nlacrc.org\/deib\/#primaryimage","url":"https:\/\/www.nlacrc.org\/wp-content\/uploads\/2024\/08\/deib-page.png","contentUrl":"https:\/\/www.nlacrc.org\/wp-content\/uploads\/2024\/08\/deib-page.png"},{"@type":"BreadcrumbList","@id":"https:\/\/www.nlacrc.org\/deib\/#breadcrumb","itemListElement":[{"@type":"ListItem","position":1,"name":"Home","item":"https:\/\/www.nlacrc.org\/"},{"@type":"ListItem","position":2,"name":"Inclusion, Equity, and Diversity Policy"}]},{"@type":"WebSite","@id":"https:\/\/www.nlacrc.org\/fa\/#website","url":"https:\/\/www.nlacrc.org\/fa\/","name":"Norte del condado de Los \u00c1ngeles","description":"Centro Regional","publisher":{"@id":"https:\/\/www.nlacrc.org\/fa\/#organization"},"potentialAction":[{"@type":"SearchAction","target":{"@type":"EntryPoint","urlTemplate":"https:\/\/www.nlacrc.org\/fa\/?s={search_term_string}"},"query-input":{"@type":"PropertyValueSpecification","valueRequired":true,"valueName":"search_term_string"}}],"inLanguage":"es"},{"@type":"Organization","@id":"https:\/\/www.nlacrc.org\/fa\/#organization","name":"Norte del condado de Los \u00c1ngeles","url":"https:\/\/www.nlacrc.org\/fa\/","logo":{"@type":"ImageObject","inLanguage":"es","@id":"https:\/\/www.nlacrc.org\/fa\/#\/schema\/logo\/image\/","url":"https:\/\/www.nlacrc.org\/wp-content\/uploads\/2024\/06\/logo.svg","contentUrl":"https:\/\/www.nlacrc.org\/wp-content\/uploads\/2024\/06\/logo.svg","width":131,"height":130,"caption":"North Los Angeles County"},"image":{"@id":"https:\/\/www.nlacrc.org\/fa\/#\/schema\/logo\/image\/"},"sameAs":["https:\/\/www.facebook.com\/NLACRC\/","https:\/\/x.com\/NLACRC"]}]}},"coauthors":[],"author_meta":{"author_link":"https:\/\/nlacrc.org\/es\/author\/dholt\/","display_name":"dholt"},"relative_dates":{"created":"Publicado 2 a\u00f1os hace","modified":"Actualizado 1 semana hace"},"absolute_dates":{"created":"Publicado el agosto 27, 2024","modified":"Actualizado el marzo 26, 2026"},"absolute_dates_time":{"created":"Publicado el agosto 27, 2024 8:21 am","modified":"Actualizado el marzo 26, 2026 11:58 am"},"featured_img_caption":"","featured_img":false,"series_order":"","_links":{"self":[{"href":"https:\/\/nlacrc.org\/es\/wp-json\/wp\/v2\/pages\/46577","targetHints":{"allow":["GET"]}}],"collection":[{"href":"https:\/\/nlacrc.org\/es\/wp-json\/wp\/v2\/pages"}],"about":[{"href":"https:\/\/nlacrc.org\/es\/wp-json\/wp\/v2\/types\/page"}],"author":[{"embeddable":true,"href":"https:\/\/nlacrc.org\/es\/wp-json\/wp\/v2\/users\/64"}],"replies":[{"embeddable":true,"href":"https:\/\/nlacrc.org\/es\/wp-json\/wp\/v2\/comments?post=46577"}],"version-history":[{"count":9,"href":"https:\/\/nlacrc.org\/es\/wp-json\/wp\/v2\/pages\/46577\/revisions"}],"predecessor-version":[{"id":61819,"href":"https:\/\/nlacrc.org\/es\/wp-json\/wp\/v2\/pages\/46577\/revisions\/61819"}],"wp:attachment":[{"href":"https:\/\/nlacrc.org\/es\/wp-json\/wp\/v2\/media?parent=46577"}],"curies":[{"name":"wp","href":"https:\/\/api.w.org\/{rel}","templated":true}]}}