{"id":45474,"date":"2024-08-19T17:02:35","date_gmt":"2024-08-20T00:02:35","guid":{"rendered":"https:\/\/www.nlacrc.org\/?page_id=45474"},"modified":"2024-10-01T16:02:56","modified_gmt":"2024-10-01T23:02:56","slug":"rfp-self-determination-program-funds-2023-24","status":"publish","type":"page","link":"https:\/\/nlacrc.org\/es\/rfp-self-determination-program-funds-2023-24\/","title":{"rendered":"RFP \u2013 Fondos del Programa de Autodeterminaci\u00f3n 2023-24 Segunda Parte"},"content":{"rendered":"<div class=\"wp-block-group is-layout-constrained wp-block-group-is-layout-constrained\">\n<figure class=\"wp-block-table\"><table class=\"has-fixed-layout\"><tbody><tr><td>\u00a0<strong>Solicitud de propuesta \u2013 Programa de autodeterminaci\u00f3n \u2013 Fecha de publicaci\u00f3n: 01\/10\/2024<\/strong><\/td><\/tr><\/tbody><\/table><\/figure>\n<\/div>\n\n\n\n<p>Los Comit\u00e9s Asesores Voluntarios Locales de Autodeterminaci\u00f3n (LVAC) fueron establecidos por ley para supervisar el Programa de Autodeterminaci\u00f3n (SDP) y hacer recomendaciones para mejorarlo a cada centro regional local y al Departamento de Servicios de Desarrollo. De conformidad con la Secci\u00f3n 4685.8(g) del C\u00f3digo de Bienestar e Instituciones (W&amp;I), el Centro Regional del Norte del Condado de Los \u00c1ngeles (\u201cNLACRC\u201d) ha recibido fondos del Departamento de Servicios de Desarrollo (\u201cDDS\u201d) para apoyar la implementaci\u00f3n del Programa de Autodeterminaci\u00f3n (\u201cSDP\u201d).<\/p>\n\n\n\n<p>La secci\u00f3n 4685.8(g) del C\u00f3digo W&amp;I especifica que estos fondos se utilizar\u00e1n para maximizar la capacidad de los participantes del SDP de dirigir sus propias vidas. El DDS, en consulta con las partes interesadas, identific\u00f3 \u00e1reas prioritarias para la financiaci\u00f3n, entre ellas:<\/p>\n\n\n\n<p>       \u2022 Reclutamiento y capacitaci\u00f3n de proveedores de planificaci\u00f3n centrada en la persona y de apoyo autodirigido (SD) y facilitadores independientes con el objetivo de aumentar el n\u00famero de proveedores biling\u00fces y biculturales;<br>       \u2022 Capacitaci\u00f3n conjunta para participantes, familias, centros regionales, miembros de LVAC y otros, con un enfoque en la capacitaci\u00f3n de autodefensores y familias de diversas comunidades que est\u00e1n subrepresentadas en el SDP;<br>       \u2022 Asistencia en el desarrollo del plan de gastos; y,<br>       \u2022 Grupos\/talleres colaborativos para fomentar el aprendizaje continuo y compartido y las oportunidades de resoluci\u00f3n de problemas.<\/p>\n\n\n\n<p>El Programa de Autodeterminaci\u00f3n ofrece a los participantes la oportunidad de desarrollar e implementar planes centrados en la persona, basados en un presupuesto individualizado que los participantes controlan, dentro de las pautas del programa. NLACRC y LVAC est\u00e1n buscando propuestas de partes interesadas para llevar a cabo uno o m\u00e1s de los proyectos que se enumeran a continuaci\u00f3n.<\/p>\n\n\n\n<p>El prop\u00f3sito de estos proyectos es brindar apoyo adicional para navegar por el proceso del SDP y ayudar a avanzar en la transici\u00f3n. El posible solicitante debe demostrar un s\u00f3lido conocimiento del Programa de Autodeterminaci\u00f3n. El posible solicitante debe poder trabajar en colaboraci\u00f3n con otros en una configuraci\u00f3n interdisciplinaria y multiinstitucional (por ejemplo, personas atendidas, familias, centro regional, LVAC) para brindar un apoyo exitoso al individuo.<\/p>\n\n\n\n<p><strong>Fecha l\u00edmite para presentar propuestas: 28 de noviembre de 2024 a las 11:59 p. m.<\/strong><\/p>\n\n\n\n<p><strong>Presentaci\u00f3n de propuesta: <a href=\"mailto:selfdetermination@nlacrc.org\">autodeterminaci\u00f3n@nlacrc.org<\/a><\/strong><\/p>\n\n\n\n<p><strong>Tasa de reembolso:<\/strong> La tasa de reembolso por los servicios variar\u00e1 seg\u00fan el proyecto y la necesidad individual, y estar\u00e1 sujeta a revisi\u00f3n. Tenga en cuenta que las tasas de reembolso deber\u00e1n ser identificadas por <strong>cada hora <\/strong>tarifas para el respectivo alcance de trabajo.<\/p>\n\n\n\n<p>Se aceptan propuestas para los siguientes proyectos:<\/p>\n\n\n\n<p><strong>I. Capacitaci\u00f3n conjunta sobre los principios del SDP y la log\u00edstica del programa:<\/strong><br>Desarrollo e implementaci\u00f3n de capacitaci\u00f3n continua para participantes del SDP, familias, personal del centro regional y miembros del SD-LVAC sobre los principios del SDP y la log\u00edstica del programa, incluida la planificaci\u00f3n centrada en la persona.<\/p>\n\n\n\n<p><strong>Total disponible:<br>A\u00f1o fiscal 2023\/24- $ 7.500,00<\/strong><br>*Los fondos deben utilizarse y facturarse antes del 31\/12\/2025<\/p>\n\n\n\n<p><strong>Gu\u00eda de preparaci\u00f3n de propuestas:<\/strong><\/p>\n\n\n\n<p>\u2022 Nombre de la organizaci\u00f3n o individuo.<br>\u2022 Proyecto\/s de inter\u00e9s.<br>\u2022 \u00bfQu\u00e9 experiencia y habilidades le capacitan para llevar a cabo este proyecto?<br>\u2022 \u00bfCu\u00e1l es su experiencia con la planificaci\u00f3n centrada en la persona?<br>\u2022 \u00bfEn qu\u00e9 idioma(s) puede brindar soporte con fluidez?<br>\u2022 Enumere todas las cualificaciones pertinentes.<br>\u2022 Declaraci\u00f3n de trabajo que describa los servicios a prestar.<br>\u2022 Su tarifa de facturaci\u00f3n por hora por los servicios (esto debe incluir la interpretaci\u00f3n al espa\u00f1ol)<\/p>\n\n\n\n<p><strong>II. Coaching en grupos peque\u00f1os o individual para facilitadores independientes:<\/strong><br>Proporcionar capacitaci\u00f3n y apoyo a los facilitadores independientes que prestan servicios en las \u00e1reas de influencia del NLACRC. Esto podr\u00eda incluir capacitaci\u00f3n en:<br>\u2022 Todas las \u00e1reas del SDP.<br>\u2022 Est\u00e1ndares de servicio del NLACRC, Ley Lanterman, HBS y Directivas DDS.<br>\u2022 El papel de los facilitadores independientes.<br>\u2022 Capacitaci\u00f3n en el proceso de transici\u00f3n del SDP en NLACRC.<br>\u2022 Creaci\u00f3n de planes de gastos.<br>\u2022 Pensamiento cr\u00edtico y resoluci\u00f3n de problemas en SDP.<br>\u2022 C\u00f3mo defender a los participantes.<\/p>\n\n\n\n<p><strong>Total disponible:<br>A\u00f1o fiscal 2023\/24- $25,000.00<\/strong><br>*Los fondos deben utilizarse y facturarse antes del 31\/12\/2025<\/p>\n\n\n\n<p><strong>Gu\u00eda de preparaci\u00f3n de propuestas:<\/strong><\/p>\n\n\n\n<p>\u2022 Nombre de la organizaci\u00f3n o individuo.<br>\u2022 Proyecto\/s de inter\u00e9s.<br>\u2022 \u00bfQu\u00e9 experiencia y habilidades le capacitan para llevar a cabo este proyecto?<br>\u2022 \u00bfCu\u00e1l es su experiencia con la planificaci\u00f3n centrada en la persona?<br>\u2022 \u00bfEn qu\u00e9 idioma(s) puede brindar soporte con fluidez?<br>\u2022 Enumere todas las cualificaciones pertinentes.<br>\u2022 Declaraci\u00f3n de trabajo que describa los servicios a prestar.<br>\u2022 Su <strong>cada hora <\/strong>Tarifa de facturaci\u00f3n por servicios.<\/p>\n\n\n\n<p><strong>Solicitantes elegibles:<\/strong><br>Pueden presentar su solicitud tanto organizaciones sin fines de lucro como privadas. Los empleados de los centros regionales no pueden presentar su solicitud. Los solicitantes deben revelar cualquier posible conflicto de intereses seg\u00fan lo dispuesto en el T\u00edtulo 17, Secci\u00f3n 54500. El solicitante debe obtener y mantener su propio seguro de responsabilidad civil al momento de la adjudicaci\u00f3n de la solicitud de propuestas.<\/p>\n\n\n\n<p><strong>Procedimientos de evaluaci\u00f3n y selecci\u00f3n:<\/strong><br>Todas las propuestas recibidas antes de la fecha l\u00edmite ser\u00e1n revisadas y calificadas por el Comit\u00e9 de Selecci\u00f3n de Propuestas seleccionado por el NLACRC. Las propuestas ser\u00e1n revisadas en cuanto a puntualidad, integridad, calidad, experiencia y estabilidad fiscal del solicitante, razonabilidad de los costos, capacidad del solicitante para identificar y lograr resultados para el consumidor, y la capacidad del proyecto propuesto para responder a las necesidades identificadas por el NLACRC. Despu\u00e9s de la revisi\u00f3n y calificaci\u00f3n preliminares, se programar\u00e1 una entrevista con los finalistas. La decisi\u00f3n final del Comit\u00e9 de Selecci\u00f3n de Propuestas no est\u00e1 sujeta a apelaci\u00f3n. Todos los solicitantes recibir\u00e1n una notificaci\u00f3n de la decisi\u00f3n del NLACRC con respecto a su propuesta.<\/p>\n\n\n\n<p>El Comit\u00e9 de selecci\u00f3n de propuestas utilizar\u00e1 los criterios que se indican a continuaci\u00f3n para calificar todas las propuestas presentadas por los solicitantes. Cada propuesta recibir\u00e1 una puntuaci\u00f3n m\u00e1xima, de la siguiente manera:<\/p>\n\n\n\n<div class=\"wp-block-group is-layout-constrained wp-block-group-is-layout-constrained\">\n<figure class=\"wp-block-table\"><table class=\"has-fixed-layout\"><tbody><tr><td><strong>&nbsp;<br>Secci\u00f3n de propuestas<\/strong><\/td><td><strong>Puntuaci\u00f3n m\u00e1xima<\/strong><\/td><\/tr><tr><td>&nbsp;Experiencia y conocimientos<\/td><td>20&nbsp;<\/td><\/tr><tr><td>Organigrama; cualificaciones y experiencia del personal; contrataci\u00f3n, formaci\u00f3n del personal, personal biling\u00fce<\/td><td>&nbsp;20<\/td><\/tr><tr><td>&nbsp;N\u00famero estimado de consumidores y familias que se beneficiar\u00e1n con la propuesta<\/td><td>&nbsp;20<\/td><\/tr><tr><td>&nbsp;Costo de la propuesta<\/td><td>&nbsp;20<\/td><\/tr><tr><td>&nbsp;Declaraci\u00f3n de trabajo que describe los servicios que se prestar\u00e1n<\/td><td>&nbsp;20<\/td><\/tr><tr><td><strong>&nbsp;Puntos m\u00e1ximos totales<\/strong><\/td><td><strong>&nbsp;100<\/strong><\/td><\/tr><\/tbody><\/table><\/figure>\n<\/div>\n\n\n\n<p><strong><br>Proceso de adjudicaci\u00f3n:<\/strong><br>Una vez seleccionado, el NLACRC emitir\u00e1 una carta de adjudicaci\u00f3n al solicitante seleccionado para la prestaci\u00f3n de servicios. La carta de adjudicaci\u00f3n proporcionar\u00e1 instrucciones para completar el proceso de contrataci\u00f3n, que incluir\u00e1 un contrato, un acuerdo de socio comercial y la documentaci\u00f3n del seguro correspondiente. Se espera que el solicitante seleccionado complete y presente toda la documentaci\u00f3n requerida para completar el proceso de contrataci\u00f3n.<\/p>\n\n\n\n<p><strong>Reserva de derechos:<\/strong><br>El NLACRC se reserva el derecho de solicitar o negociar cambios en una propuesta, de aceptar la totalidad o parte de una propuesta, o de rechazar alguna o todas las propuestas. El NLACRC puede, a su sola y absoluta discreci\u00f3n, no seleccionar a ning\u00fan proveedor para estos servicios si, a su criterio, ning\u00fan solicitante responde lo suficiente a la necesidad. El NLACRC se reserva el derecho de retirar esta Solicitud de Propuesta (RFP) y\/o cualquier elemento dentro de la RFP en cualquier momento sin previo aviso. El NLACRC se reserva el derecho de descalificar cualquier propuesta que est\u00e9 incompleta o que no cumpla con las pautas de la RFP. Esta RFP se ofrece a discreci\u00f3n del NLACRC. No compromete al centro regional a otorgar ninguna subvenci\u00f3n.<\/p>\n\n\n\n<p><strong>Costos por presentaci\u00f3n de propuesta:<\/strong><br>Los solicitantes que respondan a la solicitud de propuestas asumir\u00e1n todos los costos asociados con el desarrollo y la presentaci\u00f3n de una propuesta.<\/p>\n\n\n\n<p><strong>Consultas\/solicitud de asistencia:<\/strong><br>Todas las consultas adicionales relacionadas con esta solicitud o solicitudes de asistencia t\u00e9cnica solo para esta RFP deben dirigirse a <a href=\"mailto:selfdetermination@nlacrc.org\">autodeterminaci\u00f3n@nlacrc.org<\/a>.<\/p>\n\n\n\n<p><strong>Los solicitantes deben demostrar lo siguiente:<\/strong><br>\u2022 Comprensi\u00f3n del SDP y los pasos necesarios para la transici\u00f3n al programa.<br>\u2022 Comprensi\u00f3n del pensamiento centrado en la persona.<br>\u2022 Incluye capacitaci\u00f3n en Planificaci\u00f3n Centrada en la Persona (PCP) y Facilitador Independiente (IF).<br>\u2022 Experiencia en la prestaci\u00f3n de servicios\/apoyos directos a personas con discapacidades del desarrollo o necesidades especiales.<br>\u2022 Capacitaci\u00f3n o habilidades demostradas para el proyecto propuesto.<br>\u2022 Un historial de relaciones laborales positivas con la comunidad y las agencias gubernamentales pertinentes. Si el solicitante es un proveedor actual, debe estar en regla con el centro regional.<br>\u2022 Experiencia en desarrollo de proyectos, incluida la capacidad de completar proyectos, cumplir con los plazos<br>cronogramas y gestionar un proyecto de este tama\u00f1o y alcance.<br>\u2022 Biling\u00fce en espa\u00f1ol, preferible.<\/p>\n\n\n\n<p><strong>El cronograma de selecci\u00f3n es el siguiente:<\/strong><\/p>\n\n\n\n<ol class=\"wp-block-list\">\n<li>La fecha l\u00edmite para presentar la propuesta al NLACRC es el 28 de noviembre de 2024 a las 11:59 p. m.<\/li>\n\n\n\n<li>Las proyecciones y entrevistas se realizar\u00e1n del 2 al 6 de diciembre.<\/li>\n\n\n\n<li>Fecha de inicio: Por determinar<\/li>\n<\/ol>\n\n\n\n<p><strong>Presentaci\u00f3n de propuestas:<\/strong><br>Todas las propuestas deben cumplir con las Pautas para la redacci\u00f3n de propuestas y los requisitos de contenido adjuntos. El solicitante debe enviar la propuesta completa en una copia electr\u00f3nica a selfdetermination@nlacrc.org. No se aceptar\u00e1n copias por fax. Las propuestas deben estar completas, escritas a m\u00e1quina, ordenadas y numeradas. No se aceptar\u00e1n propuestas despu\u00e9s de la fecha l\u00edmite.<\/p>","protected":false},"excerpt":{"rendered":"\u00a0Solicitud de propuesta \u2013 Programa de autodeterminaci\u00f3n \u2013 Fecha de publicaci\u00f3n: 01\/10\/2024 Los Comit\u00e9s Asesores de Voluntarios Locales (LVAC) de Autodeterminaci\u00f3n fueron establecidos por [\u2026]","protected":false},"author":61,"featured_media":0,"parent":0,"menu_order":0,"comment_status":"closed","ping_status":"closed","template":"","meta":{"_acf_changed":false,"advgb_blocks_editor_width":"","advgb_blocks_columns_visual_guide":"","_EventAllDay":false,"_EventTimezone":"","_EventStartDate":"","_EventEndDate":"","_EventStartDateUTC":"","_EventEndDateUTC":"","_EventShowMap":false,"_EventShowMapLink":false,"_EventURL":"","_EventCost":"","_EventCostDescription":"","_EventCurrencySymbol":"","_EventCurrencyCode":"","_EventCurrencyPosition":"","_EventDateTimeSeparator":"","_EventTimeRangeSeparator":"","_EventOrganizerID":[],"_EventVenueID":[],"_OrganizerEmail":"","_OrganizerPhone":"","_OrganizerWebsite":"","_VenueAddress":"","_VenueCity":"","_VenueCountry":"","_VenueProvince":"","_VenueState":"","_VenueZip":"","_VenuePhone":"","_VenueURL":"","_VenueStateProvince":"","_VenueLat":"","_VenueLng":"","_VenueShowMap":false,"_VenueShowMapLink":false,"_tribe_blocks_recurrence_rules":"","_tribe_blocks_recurrence_description":"","_tribe_blocks_recurrence_exclusions":"","footnotes":""},"class_list":["post-45474","page","type-page","status-publish","hentry"],"acf":[],"yoast_head":"<!-- This site is optimized with the Yoast SEO plugin v26.4 - https:\/\/yoast.com\/wordpress\/plugins\/seo\/ -->\n<title>RFP - Self Determination Program Funds 2023-24 Second Part -<\/title>\n<meta name=\"description\" content=\"RFP - Self Determination Program Funds 2023-24 Second Part - \u00a0Request for Proposal - Self Determination Program - Published Date: 10\/01\/2024 Self-Determination Local Volunteer Advisory Committees (LVAC) were\" \/>\n<meta name=\"robots\" content=\"index, follow, max-snippet:-1, max-image-preview:large, max-video-preview:-1\" \/>\n<link rel=\"canonical\" href=\"https:\/\/www.nlacrc.org\/tl\/rfp-self-determination-program-funds-2023-24\/\" \/>\n<meta property=\"og:locale\" content=\"es_MX\" \/>\n<meta property=\"og:type\" content=\"article\" \/>\n<meta property=\"og:title\" content=\"RFP - Self Determination Program Funds 2023-24 Second Part -\" \/>\n<meta property=\"og:description\" content=\"RFP - Self Determination Program Funds 2023-24 Second Part - \u00a0Request for Proposal - Self Determination Program - Published Date: 10\/01\/2024 Self-Determination Local Volunteer Advisory Committees (LVAC) were\" \/>\n<meta property=\"og:url\" content=\"https:\/\/www.nlacrc.org\/tl\/rfp-self-determination-program-funds-2023-24\/\" \/>\n<meta property=\"og:site_name\" content=\"North Los Angeles County\" \/>\n<meta property=\"article:publisher\" content=\"https:\/\/www.facebook.com\/NLACRC\/\" \/>\n<meta property=\"article:modified_time\" content=\"2024-10-01T23:02:56+00:00\" \/>\n<meta name=\"twitter:card\" content=\"summary_large_image\" \/>\n<meta name=\"twitter:site\" content=\"@NLACRC\" \/>\n<meta name=\"twitter:label1\" content=\"Est. reading time\" \/>\n\t<meta name=\"twitter:data1\" content=\"6 minutos\" \/>\n<script type=\"application\/ld+json\" class=\"yoast-schema-graph\">{\"@context\":\"https:\/\/schema.org\",\"@graph\":[{\"@type\":\"WebPage\",\"@id\":\"https:\/\/www.nlacrc.org\/tl\/rfp-self-determination-program-funds-2023-24\/\",\"url\":\"https:\/\/www.nlacrc.org\/tl\/rfp-self-determination-program-funds-2023-24\/\",\"name\":\"RFP - Self Determination Program Funds 2023-24 Second Part -\",\"isPartOf\":{\"@id\":\"https:\/\/www.nlacrc.org\/fa\/#website\"},\"datePublished\":\"2024-08-20T00:02:35+00:00\",\"dateModified\":\"2024-10-01T23:02:56+00:00\",\"description\":\"RFP - Self Determination Program Funds 2023-24 Second Part - \u00a0Request for Proposal - Self Determination Program - Published Date: 10\/01\/2024 Self-Determination Local Volunteer Advisory Committees (LVAC) were\",\"breadcrumb\":{\"@id\":\"https:\/\/www.nlacrc.org\/tl\/rfp-self-determination-program-funds-2023-24\/#breadcrumb\"},\"inLanguage\":\"es\",\"potentialAction\":[{\"@type\":\"ReadAction\",\"target\":[\"https:\/\/www.nlacrc.org\/tl\/rfp-self-determination-program-funds-2023-24\/\"]}]},{\"@type\":\"BreadcrumbList\",\"@id\":\"https:\/\/www.nlacrc.org\/tl\/rfp-self-determination-program-funds-2023-24\/#breadcrumb\",\"itemListElement\":[{\"@type\":\"ListItem\",\"position\":1,\"name\":\"Home\",\"item\":\"https:\/\/www.nlacrc.org\/\"},{\"@type\":\"ListItem\",\"position\":2,\"name\":\"RFP &#8211; Self Determination Program Funds 2023-24 Second Part\"}]},{\"@type\":\"WebSite\",\"@id\":\"https:\/\/www.nlacrc.org\/fa\/#website\",\"url\":\"https:\/\/www.nlacrc.org\/fa\/\",\"name\":\"North Los Angeles County\",\"description\":\"Regional Center\",\"publisher\":{\"@id\":\"https:\/\/www.nlacrc.org\/fa\/#organization\"},\"potentialAction\":[{\"@type\":\"SearchAction\",\"target\":{\"@type\":\"EntryPoint\",\"urlTemplate\":\"https:\/\/www.nlacrc.org\/fa\/?s={search_term_string}\"},\"query-input\":{\"@type\":\"PropertyValueSpecification\",\"valueRequired\":true,\"valueName\":\"search_term_string\"}}],\"inLanguage\":\"es\"},{\"@type\":\"Organization\",\"@id\":\"https:\/\/www.nlacrc.org\/fa\/#organization\",\"name\":\"North Los Angeles County\",\"url\":\"https:\/\/www.nlacrc.org\/fa\/\",\"logo\":{\"@type\":\"ImageObject\",\"inLanguage\":\"es\",\"@id\":\"https:\/\/www.nlacrc.org\/fa\/#\/schema\/logo\/image\/\",\"url\":\"https:\/\/www.nlacrc.org\/wp-content\/uploads\/2024\/06\/logo.svg\",\"contentUrl\":\"https:\/\/www.nlacrc.org\/wp-content\/uploads\/2024\/06\/logo.svg\",\"width\":131,\"height\":130,\"caption\":\"North Los Angeles County\"},\"image\":{\"@id\":\"https:\/\/www.nlacrc.org\/fa\/#\/schema\/logo\/image\/\"},\"sameAs\":[\"https:\/\/www.facebook.com\/NLACRC\/\",\"https:\/\/x.com\/NLACRC\"]}]}<\/script>\n<!-- \/ Yoast SEO plugin. -->","yoast_head_json":{"title":"RFP - Self Determination Program Funds 2023-24 Second Part -","description":"RFP - Self Determination Program Funds 2023-24 Second Part - \u00a0Request for Proposal - Self Determination Program - Published Date: 10\/01\/2024 Self-Determination Local Volunteer Advisory Committees (LVAC) were","robots":{"index":"index","follow":"follow","max-snippet":"max-snippet:-1","max-image-preview":"max-image-preview:large","max-video-preview":"max-video-preview:-1"},"canonical":"https:\/\/www.nlacrc.org\/tl\/rfp-self-determination-program-funds-2023-24\/","og_locale":"es_MX","og_type":"article","og_title":"RFP - Self Determination Program Funds 2023-24 Second Part -","og_description":"RFP - Self Determination Program Funds 2023-24 Second Part - \u00a0Request for Proposal - Self Determination Program - Published Date: 10\/01\/2024 Self-Determination Local Volunteer Advisory Committees (LVAC) were","og_url":"https:\/\/www.nlacrc.org\/tl\/rfp-self-determination-program-funds-2023-24\/","og_site_name":"North Los Angeles County","article_publisher":"https:\/\/www.facebook.com\/NLACRC\/","article_modified_time":"2024-10-01T23:02:56+00:00","twitter_card":"summary_large_image","twitter_site":"@NLACRC","twitter_misc":{"Est. reading time":"6 minutos"},"schema":{"@context":"https:\/\/schema.org","@graph":[{"@type":"WebPage","@id":"https:\/\/www.nlacrc.org\/tl\/rfp-self-determination-program-funds-2023-24\/","url":"https:\/\/www.nlacrc.org\/tl\/rfp-self-determination-program-funds-2023-24\/","name":"RFP - Self Determination Program Funds 2023-24 Second Part -","isPartOf":{"@id":"https:\/\/www.nlacrc.org\/fa\/#website"},"datePublished":"2024-08-20T00:02:35+00:00","dateModified":"2024-10-01T23:02:56+00:00","description":"RFP - Self Determination Program Funds 2023-24 Second Part - \u00a0Request for Proposal - Self Determination Program - Published Date: 10\/01\/2024 Self-Determination Local Volunteer Advisory Committees (LVAC) were","breadcrumb":{"@id":"https:\/\/www.nlacrc.org\/tl\/rfp-self-determination-program-funds-2023-24\/#breadcrumb"},"inLanguage":"es","potentialAction":[{"@type":"ReadAction","target":["https:\/\/www.nlacrc.org\/tl\/rfp-self-determination-program-funds-2023-24\/"]}]},{"@type":"BreadcrumbList","@id":"https:\/\/www.nlacrc.org\/tl\/rfp-self-determination-program-funds-2023-24\/#breadcrumb","itemListElement":[{"@type":"ListItem","position":1,"name":"Home","item":"https:\/\/www.nlacrc.org\/"},{"@type":"ListItem","position":2,"name":"RFP &#8211; Self Determination Program Funds 2023-24 Second Part"}]},{"@type":"WebSite","@id":"https:\/\/www.nlacrc.org\/fa\/#website","url":"https:\/\/www.nlacrc.org\/fa\/","name":"Norte del condado de Los \u00c1ngeles","description":"Centro Regional","publisher":{"@id":"https:\/\/www.nlacrc.org\/fa\/#organization"},"potentialAction":[{"@type":"SearchAction","target":{"@type":"EntryPoint","urlTemplate":"https:\/\/www.nlacrc.org\/fa\/?s={search_term_string}"},"query-input":{"@type":"PropertyValueSpecification","valueRequired":true,"valueName":"search_term_string"}}],"inLanguage":"es"},{"@type":"Organization","@id":"https:\/\/www.nlacrc.org\/fa\/#organization","name":"Norte del condado de Los \u00c1ngeles","url":"https:\/\/www.nlacrc.org\/fa\/","logo":{"@type":"ImageObject","inLanguage":"es","@id":"https:\/\/www.nlacrc.org\/fa\/#\/schema\/logo\/image\/","url":"https:\/\/www.nlacrc.org\/wp-content\/uploads\/2024\/06\/logo.svg","contentUrl":"https:\/\/www.nlacrc.org\/wp-content\/uploads\/2024\/06\/logo.svg","width":131,"height":130,"caption":"North Los Angeles County"},"image":{"@id":"https:\/\/www.nlacrc.org\/fa\/#\/schema\/logo\/image\/"},"sameAs":["https:\/\/www.facebook.com\/NLACRC\/","https:\/\/x.com\/NLACRC"]}]}},"coauthors":[],"author_meta":{"author_link":"https:\/\/nlacrc.org\/es\/author\/jvanderiet\/","display_name":"jvanderiet"},"relative_dates":{"created":"Publicado 2 a\u00f1os hace","modified":"Actualizado 2 a\u00f1os hace"},"absolute_dates":{"created":"Publicado el agosto 19, 2024","modified":"Actualizado el octubre 1, 2024"},"absolute_dates_time":{"created":"Publicado el agosto 19, 2024 5:02 pm","modified":"Actualizado el octubre 1, 2024 4:02 pm"},"featured_img_caption":"","featured_img":false,"series_order":"","_links":{"self":[{"href":"https:\/\/nlacrc.org\/es\/wp-json\/wp\/v2\/pages\/45474","targetHints":{"allow":["GET"]}}],"collection":[{"href":"https:\/\/nlacrc.org\/es\/wp-json\/wp\/v2\/pages"}],"about":[{"href":"https:\/\/nlacrc.org\/es\/wp-json\/wp\/v2\/types\/page"}],"author":[{"embeddable":true,"href":"https:\/\/nlacrc.org\/es\/wp-json\/wp\/v2\/users\/61"}],"replies":[{"embeddable":true,"href":"https:\/\/nlacrc.org\/es\/wp-json\/wp\/v2\/comments?post=45474"}],"version-history":[{"count":4,"href":"https:\/\/nlacrc.org\/es\/wp-json\/wp\/v2\/pages\/45474\/revisions"}],"predecessor-version":[{"id":47941,"href":"https:\/\/nlacrc.org\/es\/wp-json\/wp\/v2\/pages\/45474\/revisions\/47941"}],"wp:attachment":[{"href":"https:\/\/nlacrc.org\/es\/wp-json\/wp\/v2\/media?parent=45474"}],"curies":[{"name":"wp","href":"https:\/\/api.w.org\/{rel}","templated":true}]}}