{"id":38108,"date":"2024-06-21T08:35:13","date_gmt":"2024-06-21T15:35:13","guid":{"rendered":"https:\/\/www.nlacrc.org\/?page_id=38108"},"modified":"2026-04-09T19:41:17","modified_gmt":"2026-04-10T02:41:17","slug":"pos-policies","status":"publish","type":"page","link":"https:\/\/nlacrc.org\/es\/about-us\/transparency-accountability\/policies-dei\/pos-policies\/","title":{"rendered":"Pol\u00edticas de POS"},"content":{"rendered":"<h2 class=\"wp-block-heading\"><strong>Est\u00e1ndares de servicio<\/strong><\/h2>\n\n\n\n<p>Las pol\u00edticas de compra de servicios, conocidas como est\u00e1ndares de servicio, brindan orientaci\u00f3n sobre los tipos de servicios que NLACRC puede comprar para los consumidores. Cada centro regional desarrolla su propia pol\u00edtica de est\u00e1ndares de servicio que es exclusiva para la comunidad a la que presta servicios. Estos est\u00e1ndares son aprobados por el Departamento de Servicios de Desarrollo de California para garantizar que cumplan con la Ley Lanterman.<\/p>\n\n\n\n<p>Adem\u00e1s, se modific\u00f3 la secci\u00f3n 4629.5(b)(5) del C\u00f3digo W&amp;I para exigir que los centros regionales publiquen en sus sitios web de Internet las pol\u00edticas de POS y cualquier otra pol\u00edtica, directriz o herramienta de evaluaci\u00f3n desarrollada por el centro regional utilizada para determinar las necesidades de transporte, asistencia personal o servicios de vida independiente o con apoyo de un consumidor.<\/p>\n\n\n\n<h2 class=\"wp-block-heading\"><strong>Actualizaci\u00f3n de los est\u00e1ndares de servicio del NLACRC<\/strong><\/h2>\n\n\n\n<p>El NLACRC se complace en anunciar la aprobaci\u00f3n de la Norma de procedimiento modificada para terapias no m\u00e9dicas, campamentos y recreaci\u00f3n social por parte del Departamento de Servicios de Desarrollo. Esta norma de servicio se revis\u00f3 para que sea coherente con la secci\u00f3n 4688.22 del C\u00f3digo W&amp;I.<\/p>\n\n\n\n<p>Se eliminaron las referencias a campamentos, recreaci\u00f3n social y terapias no m\u00e9dicas, as\u00ed como otras formas de servicios como apoyo familiar, respiro y guarder\u00eda, ya que la financiaci\u00f3n de estos servicios debe abordarse a trav\u00e9s de las respectivas pol\u00edticas POS.<\/p>\n\n\n\n<p>Se agreg\u00f3 una referencia a los Servicios Dirigidos por los Participantes (PDS), en respuesta a la intenci\u00f3n legislativa de priorizar un mayor acceso a la recreaci\u00f3n social, campamentos y terapias no m\u00e9dicas.<\/p>\n\n\n<div class=\"document_era list\">\r\n\t\t<div class=\"col-md-6\">\r\n\t\t\t\t\t\t\t\t\t<a class=\"doc_block\" href=\"https:\/\/nlacrc.org\/wp-content\/uploads\/2025\/04\/service-standards-updated-12.15.25.pdf\" target=\"_blank\"><img decoding=\"async\" src=\"https:\/\/nlacrc.org\/wp-content\/themes\/planeteriaweb\/img\/PDF.svg\" class=\"img_icon\" alt=\"download this document\" width=\"17px\"><span>Est\u00e1ndares de servicio<\/span><\/a>\r\n\t\t\t\t\t\t\t\t\t\t\t\t<a class=\"doc_block\" href=\"https:\/\/nlacrc.org\/wp-content\/uploads\/2026\/01\/sp-service-standards-updated-12.15.25-spanish.pdf\" target=\"_blank\"><img decoding=\"async\" src=\"https:\/\/nlacrc.org\/wp-content\/themes\/planeteriaweb\/img\/PDF.svg\" class=\"img_icon\" alt=\"download this document\" width=\"17px\"><span>Pol\u00edticas de Compra de Servicio<\/span><\/a>\r\n\t\t\t\t\t\t\t<\/div>\r\n<\/div>\r\n\n\n\n<p>Obtenga m\u00e1s informaci\u00f3n de DDS en:&nbsp;<a href=\"https:\/\/www.dds.ca.gov\/rc\/rc-services\/\" target=\"_blank\" rel=\"noreferrer noopener\">https:\/\/www.dds.ca.gov\/rc\/rc-services\/<\/a><\/p>\n\n\n\n<h2 class=\"wp-block-heading\"><strong>Purchase of Services Policy for ASL Services<\/strong><\/h2>\n\n\n\n<div class=\"wp-block-buttons is-layout-flex wp-block-buttons-is-layout-flex\">\n<div class=\"wp-block-button\"><a class=\"wp-block-button__link wp-element-button\" href=\"https:\/\/www.nlacrc.org\/wp-content\/uploads\/2025\/11\/purchase-of-services-policy-for-asl-services.pdf\">Purchase of Services Policy for ASL Services<\/a><\/div>\n<\/div>\n\n\n\n<p>Board Approved: 11\/12\/2025<br>DDS Approved POS Policy Pursuant to WIC Section 4434 (d): 10\/13\/25<\/p>\n\n\n\n<hr class=\"wp-block-separator aligncenter has-alpha-channel-opacity\"\/>\n\n\n\n<h2 class=\"wp-block-heading\"><strong>Purchase of Services Policy on Social Recreation, Camping and Non-Medical Therapies <\/strong><\/h2>\n\n\n\n<div class=\"wp-block-buttons is-layout-flex wp-block-buttons-is-layout-flex\">\n<div class=\"wp-block-button\"><a class=\"wp-block-button__link wp-element-button\" href=\"https:\/\/www.nlacrc.org\/wp-content\/uploads\/2026\/04\/pos-policy-social-reccampingnonmed-therapies.pdf\">Social Recreation, Camping and Non-Medical Therapies<\/a><\/div>\n<\/div>\n\n\n\n<p>Board Approved: 4\/8\/2026<br>DDS Approved POS Policy Pursuant to WIC Section 4688.22<\/p>","protected":false},"excerpt":{"rendered":"Est\u00e1ndares de Servicio Las Pol\u00edticas de Compra de Servicios, conocidas como Est\u00e1ndares de Servicio, brindan orientaci\u00f3n sobre los tipos de servicios que [\u2026]","protected":false},"author":54,"featured_media":0,"parent":36576,"menu_order":6,"comment_status":"closed","ping_status":"closed","template":"","meta":{"_acf_changed":false,"advgb_blocks_editor_width":"","advgb_blocks_columns_visual_guide":"","_EventAllDay":false,"_EventTimezone":"","_EventStartDate":"","_EventEndDate":"","_EventStartDateUTC":"","_EventEndDateUTC":"","_EventShowMap":false,"_EventShowMapLink":false,"_EventURL":"","_EventCost":"","_EventCostDescription":"","_EventCurrencySymbol":"","_EventCurrencyCode":"","_EventCurrencyPosition":"","_EventDateTimeSeparator":"","_EventTimeRangeSeparator":"","_EventOrganizerID":[],"_EventVenueID":[],"_OrganizerEmail":"","_OrganizerPhone":"","_OrganizerWebsite":"","_VenueAddress":"","_VenueCity":"","_VenueCountry":"","_VenueProvince":"","_VenueState":"","_VenueZip":"","_VenuePhone":"","_VenueURL":"","_VenueStateProvince":"","_VenueLat":"","_VenueLng":"","_VenueShowMap":false,"_VenueShowMapLink":false,"_tribe_blocks_recurrence_rules":"","_tribe_blocks_recurrence_description":"","_tribe_blocks_recurrence_exclusions":"","footnotes":""},"class_list":["post-38108","page","type-page","status-publish","hentry"],"acf":[],"yoast_head":"<!-- This site is optimized with the Yoast SEO plugin v26.4 - https:\/\/yoast.com\/wordpress\/plugins\/seo\/ -->\n<title>POS Policies -<\/title>\n<meta name=\"description\" content=\"POS Policies - Service Standards The Purchase of Service Policies, referred to as Service Standards, provide direction about the types of services that NLACRC may\" \/>\n<meta name=\"robots\" content=\"index, follow, max-snippet:-1, max-image-preview:large, max-video-preview:-1\" \/>\n<link rel=\"canonical\" href=\"https:\/\/www.nlacrc.org\/about-us\/transparency-accountability\/policies-dei\/pos-policies\/\" \/>\n<meta property=\"og:locale\" content=\"es_MX\" \/>\n<meta property=\"og:type\" content=\"article\" \/>\n<meta property=\"og:title\" content=\"POS Policies -\" \/>\n<meta property=\"og:description\" content=\"POS Policies - Service Standards The Purchase of Service Policies, referred to as Service Standards, provide direction about the types of services that NLACRC may\" \/>\n<meta property=\"og:url\" content=\"https:\/\/www.nlacrc.org\/about-us\/transparency-accountability\/policies-dei\/pos-policies\/\" \/>\n<meta property=\"og:site_name\" content=\"North Los Angeles County\" \/>\n<meta property=\"article:publisher\" content=\"https:\/\/www.facebook.com\/NLACRC\/\" \/>\n<meta property=\"article:modified_time\" content=\"2026-04-10T02:41:17+00:00\" \/>\n<meta name=\"twitter:card\" content=\"summary_large_image\" \/>\n<meta name=\"twitter:site\" content=\"@NLACRC\" \/>\n<meta name=\"twitter:label1\" content=\"Est. reading time\" \/>\n\t<meta name=\"twitter:data1\" content=\"2 minutos\" \/>\n<script type=\"application\/ld+json\" class=\"yoast-schema-graph\">{\"@context\":\"https:\/\/schema.org\",\"@graph\":[{\"@type\":\"WebPage\",\"@id\":\"https:\/\/www.nlacrc.org\/about-us\/transparency-accountability\/policies-dei\/pos-policies\/\",\"url\":\"https:\/\/www.nlacrc.org\/about-us\/transparency-accountability\/policies-dei\/pos-policies\/\",\"name\":\"POS Policies -\",\"isPartOf\":{\"@id\":\"https:\/\/www.nlacrc.org\/fa\/#website\"},\"datePublished\":\"2024-06-21T15:35:13+00:00\",\"dateModified\":\"2026-04-10T02:41:17+00:00\",\"description\":\"POS Policies - Service Standards The Purchase of Service Policies, referred to as Service Standards, provide direction about the types of services that NLACRC may\",\"breadcrumb\":{\"@id\":\"https:\/\/www.nlacrc.org\/about-us\/transparency-accountability\/policies-dei\/pos-policies\/#breadcrumb\"},\"inLanguage\":\"es\",\"potentialAction\":[{\"@type\":\"ReadAction\",\"target\":[\"https:\/\/www.nlacrc.org\/about-us\/transparency-accountability\/policies-dei\/pos-policies\/\"]}]},{\"@type\":\"BreadcrumbList\",\"@id\":\"https:\/\/www.nlacrc.org\/about-us\/transparency-accountability\/policies-dei\/pos-policies\/#breadcrumb\",\"itemListElement\":[{\"@type\":\"ListItem\",\"position\":1,\"name\":\"Home\",\"item\":\"https:\/\/www.nlacrc.org\/\"},{\"@type\":\"ListItem\",\"position\":2,\"name\":\"About Us\",\"item\":\"https:\/\/nlacrc.org\/es\/about-us\/\"},{\"@type\":\"ListItem\",\"position\":3,\"name\":\"Transparency &amp; Accountability\",\"item\":\"https:\/\/nlacrc.org\/es\/about-us\/transparency-accountability\/\"},{\"@type\":\"ListItem\",\"position\":4,\"name\":\"Policies &amp; DEI\",\"item\":\"https:\/\/nlacrc.org\/es\/about-us\/transparency-accountability\/policies-dei\/\"},{\"@type\":\"ListItem\",\"position\":5,\"name\":\"POS Policies\"}]},{\"@type\":\"WebSite\",\"@id\":\"https:\/\/www.nlacrc.org\/fa\/#website\",\"url\":\"https:\/\/www.nlacrc.org\/fa\/\",\"name\":\"North Los Angeles County\",\"description\":\"Regional Center\",\"publisher\":{\"@id\":\"https:\/\/www.nlacrc.org\/fa\/#organization\"},\"potentialAction\":[{\"@type\":\"SearchAction\",\"target\":{\"@type\":\"EntryPoint\",\"urlTemplate\":\"https:\/\/www.nlacrc.org\/fa\/?s={search_term_string}\"},\"query-input\":{\"@type\":\"PropertyValueSpecification\",\"valueRequired\":true,\"valueName\":\"search_term_string\"}}],\"inLanguage\":\"es\"},{\"@type\":\"Organization\",\"@id\":\"https:\/\/www.nlacrc.org\/fa\/#organization\",\"name\":\"North Los Angeles County\",\"url\":\"https:\/\/www.nlacrc.org\/fa\/\",\"logo\":{\"@type\":\"ImageObject\",\"inLanguage\":\"es\",\"@id\":\"https:\/\/www.nlacrc.org\/fa\/#\/schema\/logo\/image\/\",\"url\":\"https:\/\/www.nlacrc.org\/wp-content\/uploads\/2024\/06\/logo.svg\",\"contentUrl\":\"https:\/\/www.nlacrc.org\/wp-content\/uploads\/2024\/06\/logo.svg\",\"width\":131,\"height\":130,\"caption\":\"North Los Angeles County\"},\"image\":{\"@id\":\"https:\/\/www.nlacrc.org\/fa\/#\/schema\/logo\/image\/\"},\"sameAs\":[\"https:\/\/www.facebook.com\/NLACRC\/\",\"https:\/\/x.com\/NLACRC\"]}]}<\/script>\n<!-- \/ Yoast SEO plugin. -->","yoast_head_json":{"title":"POS Policies -","description":"POS Policies - Service Standards The Purchase of Service Policies, referred to as Service Standards, provide direction about the types of services that NLACRC may","robots":{"index":"index","follow":"follow","max-snippet":"max-snippet:-1","max-image-preview":"max-image-preview:large","max-video-preview":"max-video-preview:-1"},"canonical":"https:\/\/www.nlacrc.org\/about-us\/transparency-accountability\/policies-dei\/pos-policies\/","og_locale":"es_MX","og_type":"article","og_title":"POS Policies -","og_description":"POS Policies - Service Standards The Purchase of Service Policies, referred to as Service Standards, provide direction about the types of services that NLACRC may","og_url":"https:\/\/www.nlacrc.org\/about-us\/transparency-accountability\/policies-dei\/pos-policies\/","og_site_name":"North Los Angeles County","article_publisher":"https:\/\/www.facebook.com\/NLACRC\/","article_modified_time":"2026-04-10T02:41:17+00:00","twitter_card":"summary_large_image","twitter_site":"@NLACRC","twitter_misc":{"Est. reading time":"2 minutos"},"schema":{"@context":"https:\/\/schema.org","@graph":[{"@type":"WebPage","@id":"https:\/\/www.nlacrc.org\/about-us\/transparency-accountability\/policies-dei\/pos-policies\/","url":"https:\/\/www.nlacrc.org\/about-us\/transparency-accountability\/policies-dei\/pos-policies\/","name":"POS Policies -","isPartOf":{"@id":"https:\/\/www.nlacrc.org\/fa\/#website"},"datePublished":"2024-06-21T15:35:13+00:00","dateModified":"2026-04-10T02:41:17+00:00","description":"POS Policies - Service Standards The Purchase of Service Policies, referred to as Service Standards, provide direction about the types of services that NLACRC may","breadcrumb":{"@id":"https:\/\/www.nlacrc.org\/about-us\/transparency-accountability\/policies-dei\/pos-policies\/#breadcrumb"},"inLanguage":"es","potentialAction":[{"@type":"ReadAction","target":["https:\/\/www.nlacrc.org\/about-us\/transparency-accountability\/policies-dei\/pos-policies\/"]}]},{"@type":"BreadcrumbList","@id":"https:\/\/www.nlacrc.org\/about-us\/transparency-accountability\/policies-dei\/pos-policies\/#breadcrumb","itemListElement":[{"@type":"ListItem","position":1,"name":"Home","item":"https:\/\/www.nlacrc.org\/"},{"@type":"ListItem","position":2,"name":"About Us","item":"https:\/\/nlacrc.org\/es\/about-us\/"},{"@type":"ListItem","position":3,"name":"Transparency &amp; Accountability","item":"https:\/\/nlacrc.org\/es\/about-us\/transparency-accountability\/"},{"@type":"ListItem","position":4,"name":"Policies &amp; DEI","item":"https:\/\/nlacrc.org\/es\/about-us\/transparency-accountability\/policies-dei\/"},{"@type":"ListItem","position":5,"name":"POS Policies"}]},{"@type":"WebSite","@id":"https:\/\/www.nlacrc.org\/fa\/#website","url":"https:\/\/www.nlacrc.org\/fa\/","name":"Norte del condado de Los \u00c1ngeles","description":"Centro Regional","publisher":{"@id":"https:\/\/www.nlacrc.org\/fa\/#organization"},"potentialAction":[{"@type":"SearchAction","target":{"@type":"EntryPoint","urlTemplate":"https:\/\/www.nlacrc.org\/fa\/?s={search_term_string}"},"query-input":{"@type":"PropertyValueSpecification","valueRequired":true,"valueName":"search_term_string"}}],"inLanguage":"es"},{"@type":"Organization","@id":"https:\/\/www.nlacrc.org\/fa\/#organization","name":"Norte del condado de Los \u00c1ngeles","url":"https:\/\/www.nlacrc.org\/fa\/","logo":{"@type":"ImageObject","inLanguage":"es","@id":"https:\/\/www.nlacrc.org\/fa\/#\/schema\/logo\/image\/","url":"https:\/\/www.nlacrc.org\/wp-content\/uploads\/2024\/06\/logo.svg","contentUrl":"https:\/\/www.nlacrc.org\/wp-content\/uploads\/2024\/06\/logo.svg","width":131,"height":130,"caption":"North Los Angeles County"},"image":{"@id":"https:\/\/www.nlacrc.org\/fa\/#\/schema\/logo\/image\/"},"sameAs":["https:\/\/www.facebook.com\/NLACRC\/","https:\/\/x.com\/NLACRC"]}]}},"coauthors":[],"author_meta":{"author_link":"https:\/\/nlacrc.org\/es\/author\/crystal\/","display_name":"crystal"},"relative_dates":{"created":"Publicado 2 a\u00f1os hace","modified":"Actualizado 5 d\u00edas hace"},"absolute_dates":{"created":"Publicado el junio 21, 2024","modified":"Actualizado el abril 9, 2026"},"absolute_dates_time":{"created":"Publicado el junio 21, 2024 8:35 am","modified":"Actualizado el abril 9, 2026 7:41 pm"},"featured_img_caption":"","featured_img":false,"series_order":"","_links":{"self":[{"href":"https:\/\/nlacrc.org\/es\/wp-json\/wp\/v2\/pages\/38108","targetHints":{"allow":["GET"]}}],"collection":[{"href":"https:\/\/nlacrc.org\/es\/wp-json\/wp\/v2\/pages"}],"about":[{"href":"https:\/\/nlacrc.org\/es\/wp-json\/wp\/v2\/types\/page"}],"author":[{"embeddable":true,"href":"https:\/\/nlacrc.org\/es\/wp-json\/wp\/v2\/users\/54"}],"replies":[{"embeddable":true,"href":"https:\/\/nlacrc.org\/es\/wp-json\/wp\/v2\/comments?post=38108"}],"version-history":[{"count":8,"href":"https:\/\/nlacrc.org\/es\/wp-json\/wp\/v2\/pages\/38108\/revisions"}],"predecessor-version":[{"id":61946,"href":"https:\/\/nlacrc.org\/es\/wp-json\/wp\/v2\/pages\/38108\/revisions\/61946"}],"up":[{"embeddable":true,"href":"https:\/\/nlacrc.org\/es\/wp-json\/wp\/v2\/pages\/36576"}],"wp:attachment":[{"href":"https:\/\/nlacrc.org\/es\/wp-json\/wp\/v2\/media?parent=38108"}],"curies":[{"name":"wp","href":"https:\/\/api.w.org\/{rel}","templated":true}]}}