{"id":36659,"date":"2024-06-05T09:32:32","date_gmt":"2024-06-05T16:32:32","guid":{"rendered":"https:\/\/www.nlacrc.org\/?page_id=36659"},"modified":"2025-11-25T15:56:50","modified_gmt":"2025-11-25T23:56:50","slug":"documents-for-providers","status":"publish","type":"page","link":"https:\/\/nlacrc.org\/es\/service-providers\/documents-for-providers\/","title":{"rendered":"Formularios y pol\u00edticas de proveedores de servicios"},"content":{"rendered":"<div class=\"wp-block-group is-layout-constrained wp-block-group-is-layout-constrained\">\n<figure class=\"wp-block-image aligncenter size-large\"><img loading=\"lazy\" decoding=\"async\" width=\"1024\" height=\"318\" src=\"https:\/\/www.nlacrc.org\/wp-content\/uploads\/2024\/06\/service_provider_3-22_1_2200-1024x318.jpg\" alt=\"\" class=\"wp-image-40323\" srcset=\"https:\/\/nlacrc.org\/wp-content\/uploads\/2024\/06\/service_provider_3-22_1_2200-1024x318.jpg 1024w, https:\/\/nlacrc.org\/wp-content\/uploads\/2024\/06\/service_provider_3-22_1_2200-300x93.jpg 300w, https:\/\/nlacrc.org\/wp-content\/uploads\/2024\/06\/service_provider_3-22_1_2200-768x238.jpg 768w, https:\/\/nlacrc.org\/wp-content\/uploads\/2024\/06\/service_provider_3-22_1_2200-1536x477.jpg 1536w, https:\/\/nlacrc.org\/wp-content\/uploads\/2024\/06\/service_provider_3-22_1_2200-2048x636.jpg 2048w, https:\/\/nlacrc.org\/wp-content\/uploads\/2024\/06\/service_provider_3-22_1_2200-24x7.jpg 24w, https:\/\/nlacrc.org\/wp-content\/uploads\/2024\/06\/service_provider_3-22_1_2200-36x11.jpg 36w, https:\/\/nlacrc.org\/wp-content\/uploads\/2024\/06\/service_provider_3-22_1_2200-48x15.jpg 48w\" sizes=\"auto, (max-width: 1024px) 100vw, 1024px\" \/><\/figure>\n\n\n\n<h2 class=\"wp-block-heading has-text-align-center\">Formularios para proveedores de servicios<\/h2>\n\n\n<div class=\"document_era list\">\r\n\t\t<div class=\"col-md-12\">\r\n\t\t\t\t\t\t\t\t\t<a class=\"doc_block\" href=\"https:\/\/www.nlacrc.org\/wp-content\/uploads\/2025\/09\/excess-mileage-cost-calculator.xlsx\" target=\"_blank\"><img decoding=\"async\" src=\"https:\/\/nlacrc.org\/wp-content\/themes\/planeteriaweb\/img\/Link.svg\" class=\"img_icon\" alt=\"download this document\" width=\"17px\"><span>Excess Milage Cost Calculator<\/span><\/a>\r\n\t\t\t\t\t\t\t\t\t\t\t\t<a class=\"doc_block\" href=\"https:\/\/nlacrc.org\/wp-content\/uploads\/2024\/06\/Vendor-Address-Change-Form.pdf\" target=\"_blank\"><img decoding=\"async\" src=\"https:\/\/nlacrc.org\/wp-content\/themes\/planeteriaweb\/img\/PDF.svg\" class=\"img_icon\" alt=\"download this document\" width=\"17px\"><span>Formulario de cambio de direcci\u00f3n del proveedor<\/span><\/a>\r\n\t\t\t\t\t\t\t\t\t\t\t\t<a class=\"doc_block\" href=\"https:\/\/nlacrc.org\/wp-content\/uploads\/2024\/06\/Certificate-of-Return-or-Destruction-of-PHI-Form.pdf\" target=\"_blank\"><img decoding=\"async\" src=\"https:\/\/nlacrc.org\/wp-content\/themes\/planeteriaweb\/img\/PDF.svg\" class=\"img_icon\" alt=\"download this document\" width=\"17px\"><span>Formulario de certificado de devoluci\u00f3n o destrucci\u00f3n de PHI<\/span><\/a>\r\n\t\t\t\t\t\t\t\t\t\t\t\t<a class=\"doc_block\" href=\"https:\/\/nlacrc.org\/wp-content\/uploads\/2024\/06\/Special-Incident-Report.pdf\" target=\"_blank\"><img decoding=\"async\" src=\"https:\/\/nlacrc.org\/wp-content\/themes\/planeteriaweb\/img\/PDF.svg\" class=\"img_icon\" alt=\"download this document\" width=\"17px\"><span>Formulario de informe de incidentes especiales (SIR)<\/span><\/a>\r\n\t\t\t\t\t\t\t<\/div>\r\n<\/div>\r\n<\/div>\n\n\n\n<div class=\"wp-block-group has-background-background-color has-background is-layout-constrained wp-block-group-is-layout-constrained\">\n<h2 class=\"wp-block-heading has-text-align-center\">Pol\u00edticas del proveedor de servicios<\/h2>\n\n\n<div class=\"document_era list\">\r\n\t\t<div class=\"col-md-12\">\r\n\t\t\t\t\t\t\t\t\t<a class=\"doc_block\" href=\"https:\/\/nlacrc.org\/wp-content\/uploads\/2024\/06\/Conflict-of-Interest-Policy.pdf\" target=\"_blank\"><img decoding=\"async\" src=\"https:\/\/nlacrc.org\/wp-content\/themes\/planeteriaweb\/img\/PDF.svg\" class=\"img_icon\" alt=\"download this document\" width=\"17px\"><span>Conflict of Interest Policy<\/span><\/a>\r\n\t\t\t\t\t\t\t\t\t\t\t\t<a class=\"doc_block\" href=\"https:\/\/nlacrc.org\/wp-content\/uploads\/2024\/06\/Contract-Policy.pdf\" target=\"_blank\"><img decoding=\"async\" src=\"https:\/\/nlacrc.org\/wp-content\/themes\/planeteriaweb\/img\/PDF.svg\" class=\"img_icon\" alt=\"download this document\" width=\"17px\"><span>Pol\u00edtica de contratos<\/span><\/a>\r\n\t\t\t\t\t\t\t\t\t\t\t\t<a class=\"doc_block\" href=\"https:\/\/nlacrc.org\/wp-content\/uploads\/2024\/06\/Drug-Free-Work-Place-Policy.pdf\" target=\"_blank\"><img decoding=\"async\" src=\"https:\/\/nlacrc.org\/wp-content\/themes\/planeteriaweb\/img\/PDF.svg\" class=\"img_icon\" alt=\"download this document\" width=\"17px\"><span>Pol\u00edtica de lugar de trabajo libre de drogas<\/span><\/a>\r\n\t\t\t\t\t\t\t\t\t\t\t\t<a class=\"doc_block\" href=\"https:\/\/nlacrc.org\/wp-content\/uploads\/2024\/06\/Business-Associates-Agreement.pdf\" target=\"_blank\"><img decoding=\"async\" src=\"https:\/\/nlacrc.org\/wp-content\/themes\/planeteriaweb\/img\/PDF.svg\" class=\"img_icon\" alt=\"download this document\" width=\"17px\"><span>Acuerdo de asociados comerciales HIPAA<\/span><\/a>\r\n\t\t\t\t\t\t\t\t\t\t\t\t<a class=\"doc_block\" href=\"https:\/\/nlacrc.org\/wp-content\/uploads\/2024\/06\/Out-of-Community-State-Travel-Guidelines-for-Residential-Providers-1.pdf\" target=\"_blank\"><img decoding=\"async\" src=\"https:\/\/nlacrc.org\/wp-content\/themes\/planeteriaweb\/img\/PDF.svg\" class=\"img_icon\" alt=\"download this document\" width=\"17px\"><span>Pautas para viajes fuera de la comunidad para proveedores residenciales<\/span><\/a>\r\n\t\t\t\t\t\t\t\t\t\t\t\t<a class=\"doc_block\" href=\"https:\/\/nlacrc.org\/wp-content\/uploads\/2024\/06\/Out-of-Community-State-Travel-Guideline-for-SLS.pdf\" target=\"_blank\"><img decoding=\"async\" src=\"https:\/\/nlacrc.org\/wp-content\/themes\/planeteriaweb\/img\/PDF.svg\" class=\"img_icon\" alt=\"download this document\" width=\"17px\"><span>Directrices para viajes fuera de la comunidad para SLS<\/span><\/a>\r\n\t\t\t\t\t\t\t\t\t\t\t\t<a class=\"doc_block\" href=\"https:\/\/nlacrc.org\/wp-content\/uploads\/2024\/06\/Recovery-Policy.pdf\" target=\"_blank\"><img decoding=\"async\" src=\"https:\/\/nlacrc.org\/wp-content\/themes\/planeteriaweb\/img\/PDF.svg\" class=\"img_icon\" alt=\"download this document\" width=\"17px\"><span>Pol\u00edtica de recuperaci\u00f3n<\/span><\/a>\r\n\t\t\t\t\t\t\t\t\t\t\t\t<a class=\"doc_block\" href=\"https:\/\/nlacrc.org\/wp-content\/uploads\/2024\/06\/Reporting-Security-Incidents-Involving-Paper-Electronic-Records-or-Other-Formats.pdf\" target=\"_blank\"><img decoding=\"async\" src=\"https:\/\/nlacrc.org\/wp-content\/themes\/planeteriaweb\/img\/PDF.svg\" class=\"img_icon\" alt=\"download this document\" width=\"17px\"><span>C\u00f3mo informar sobre incidentes de seguridad relacionados con documentos en papel, electr\u00f3nicos u otros formatos<\/span><\/a>\r\n\t\t\t\t\t\t\t\t\t\t\t\t<a class=\"doc_block\" href=\"https:\/\/nlacrc.org\/wp-content\/uploads\/2024\/06\/Request-for-Proposals-Policy.pdf\" target=\"_blank\"><img decoding=\"async\" src=\"https:\/\/nlacrc.org\/wp-content\/themes\/planeteriaweb\/img\/PDF.svg\" class=\"img_icon\" alt=\"download this document\" width=\"17px\"><span>Pol\u00edtica de solicitud de propuestas<\/span><\/a>\r\n\t\t\t\t\t\t\t\t\t\t\t\t<a class=\"doc_block\" href=\"https:\/\/nlacrc.org\/wp-content\/uploads\/2024\/06\/Service-Provider-Attendance-Policy.pdf\" target=\"_blank\"><img decoding=\"async\" src=\"https:\/\/nlacrc.org\/wp-content\/themes\/planeteriaweb\/img\/PDF.svg\" class=\"img_icon\" alt=\"download this document\" width=\"17px\"><span>Pol\u00edtica de asistencia del proveedor de servicios<\/span><\/a>\r\n\t\t\t\t\t\t\t\t\t\t\t\t<a class=\"doc_block\" href=\"https:\/\/nlacrc.org\/wp-content\/uploads\/2024\/06\/Service-Provider-Insurance-Policy.pdf\" target=\"_blank\"><img decoding=\"async\" src=\"https:\/\/nlacrc.org\/wp-content\/themes\/planeteriaweb\/img\/PDF.svg\" class=\"img_icon\" alt=\"download this document\" width=\"17px\"><span>P\u00f3liza de seguro del proveedor de servicios<\/span><\/a>\r\n\t\t\t\t\t\t\t\t\t\t\t\t<a class=\"doc_block\" href=\"https:\/\/nlacrc.org\/wp-content\/uploads\/2024\/06\/Transparency-and-Public-Information-Policy.pdf\" target=\"_blank\"><img decoding=\"async\" src=\"https:\/\/nlacrc.org\/wp-content\/themes\/planeteriaweb\/img\/PDF.svg\" class=\"img_icon\" alt=\"download this document\" width=\"17px\"><span>Pol\u00edtica de Transparencia e Informaci\u00f3n P\u00fablica<\/span><\/a>\r\n\t\t\t\t\t\t\t\t\t\t\t\t<a class=\"doc_block\" href=\"https:\/\/nlacrc.org\/wp-content\/uploads\/2024\/06\/Whistleblower-Policy-for-Vendors-Contractors-Others.pdf\" target=\"_blank\"><img decoding=\"async\" src=\"https:\/\/nlacrc.org\/wp-content\/themes\/planeteriaweb\/img\/PDF.svg\" class=\"img_icon\" alt=\"download this document\" width=\"17px\"><span>Pol\u00edtica de denuncia de irregularidades para proveedores, contratistas y otros<\/span><\/a>\r\n\t\t\t\t\t\t\t\t\t\t\t\t<a class=\"doc_block\" href=\"https:\/\/nlacrc.org\/wp-content\/uploads\/2024\/06\/Zero-Tolerance-Policy-for-Consumer-Abuse-or-Neglect.pdf\" target=\"_blank\"><img decoding=\"async\" src=\"https:\/\/nlacrc.org\/wp-content\/themes\/planeteriaweb\/img\/PDF.svg\" class=\"img_icon\" alt=\"download this document\" width=\"17px\"><span>Pol\u00edtica de tolerancia cero ante el abuso o la negligencia del consumidor<\/span><\/a>\r\n\t\t\t\t\t\t\t\t\t\t\t\t\t\t\t<\/div>\r\n<\/div>\r\n<\/div>","protected":false},"excerpt":{"rendered":"Formularios para proveedores de servicios Pol\u00edticas para proveedores de servicios","protected":false},"author":3,"featured_media":0,"parent":36322,"menu_order":41,"comment_status":"closed","ping_status":"closed","template":"","meta":{"_acf_changed":false,"advgb_blocks_editor_width":"","advgb_blocks_columns_visual_guide":"","_EventAllDay":false,"_EventTimezone":"","_EventStartDate":"","_EventEndDate":"","_EventStartDateUTC":"","_EventEndDateUTC":"","_EventShowMap":false,"_EventShowMapLink":false,"_EventURL":"","_EventCost":"","_EventCostDescription":"","_EventCurrencySymbol":"","_EventCurrencyCode":"","_EventCurrencyPosition":"","_EventDateTimeSeparator":"","_EventTimeRangeSeparator":"","_EventOrganizerID":[],"_EventVenueID":[],"_OrganizerEmail":"","_OrganizerPhone":"","_OrganizerWebsite":"","_VenueAddress":"","_VenueCity":"","_VenueCountry":"","_VenueProvince":"","_VenueState":"","_VenueZip":"","_VenuePhone":"","_VenueURL":"","_VenueStateProvince":"","_VenueLat":"","_VenueLng":"","_VenueShowMap":false,"_VenueShowMapLink":false,"_tribe_blocks_recurrence_rules":"","_tribe_blocks_recurrence_description":"","_tribe_blocks_recurrence_exclusions":"","footnotes":""},"class_list":["post-36659","page","type-page","status-publish","hentry"],"acf":[],"yoast_head":"<!-- This site is optimized with the Yoast SEO plugin v26.4 - https:\/\/yoast.com\/wordpress\/plugins\/seo\/ -->\n<title>Service Providers Forms and Policies -<\/title>\n<meta name=\"description\" content=\"Service Providers Forms and Policies - Service Provider Forms    Service Provider Policies\" \/>\n<meta name=\"robots\" content=\"index, follow, max-snippet:-1, max-image-preview:large, max-video-preview:-1\" \/>\n<link rel=\"canonical\" href=\"https:\/\/nlacrc.org\/es\/service-providers\/documents-for-providers\/\" \/>\n<meta property=\"og:locale\" content=\"es_MX\" \/>\n<meta property=\"og:type\" content=\"article\" \/>\n<meta property=\"og:title\" content=\"Service Providers Forms and Policies -\" \/>\n<meta property=\"og:description\" content=\"Service Providers Forms and Policies - Service Provider Forms    Service Provider Policies\" \/>\n<meta property=\"og:url\" content=\"https:\/\/nlacrc.org\/es\/service-providers\/documents-for-providers\/\" \/>\n<meta property=\"og:site_name\" content=\"North Los Angeles County\" \/>\n<meta property=\"article:publisher\" content=\"https:\/\/www.facebook.com\/NLACRC\/\" \/>\n<meta property=\"article:modified_time\" content=\"2025-11-25T23:56:50+00:00\" \/>\n<meta property=\"og:image\" content=\"https:\/\/www.nlacrc.org\/wp-content\/uploads\/2024\/06\/service_provider_3-22_1_2200-1024x318.jpg\" \/>\n<meta name=\"twitter:card\" content=\"summary_large_image\" \/>\n<meta name=\"twitter:site\" content=\"@NLACRC\" \/>\n<meta name=\"twitter:label1\" content=\"Est. reading time\" \/>\n\t<meta name=\"twitter:data1\" content=\"1 minuto\" \/>\n<script type=\"application\/ld+json\" class=\"yoast-schema-graph\">{\"@context\":\"https:\/\/schema.org\",\"@graph\":[{\"@type\":\"WebPage\",\"@id\":\"https:\/\/nlacrc.org\/es\/service-providers\/documents-for-providers\/\",\"url\":\"https:\/\/nlacrc.org\/es\/service-providers\/documents-for-providers\/\",\"name\":\"Service Providers Forms and Policies -\",\"isPartOf\":{\"@id\":\"https:\/\/www.nlacrc.org\/fa\/#website\"},\"primaryImageOfPage\":{\"@id\":\"https:\/\/nlacrc.org\/es\/service-providers\/documents-for-providers\/#primaryimage\"},\"image\":{\"@id\":\"https:\/\/nlacrc.org\/es\/service-providers\/documents-for-providers\/#primaryimage\"},\"thumbnailUrl\":\"https:\/\/www.nlacrc.org\/wp-content\/uploads\/2024\/06\/service_provider_3-22_1_2200-1024x318.jpg\",\"datePublished\":\"2024-06-05T16:32:32+00:00\",\"dateModified\":\"2025-11-25T23:56:50+00:00\",\"description\":\"Service Providers Forms and Policies - Service Provider Forms Service Provider Policies\",\"breadcrumb\":{\"@id\":\"https:\/\/nlacrc.org\/es\/service-providers\/documents-for-providers\/#breadcrumb\"},\"inLanguage\":\"es\",\"potentialAction\":[{\"@type\":\"ReadAction\",\"target\":[\"https:\/\/nlacrc.org\/es\/service-providers\/documents-for-providers\/\"]}]},{\"@type\":\"ImageObject\",\"inLanguage\":\"es\",\"@id\":\"https:\/\/nlacrc.org\/es\/service-providers\/documents-for-providers\/#primaryimage\",\"url\":\"https:\/\/www.nlacrc.org\/wp-content\/uploads\/2024\/06\/service_provider_3-22_1_2200-1024x318.jpg\",\"contentUrl\":\"https:\/\/www.nlacrc.org\/wp-content\/uploads\/2024\/06\/service_provider_3-22_1_2200-1024x318.jpg\"},{\"@type\":\"BreadcrumbList\",\"@id\":\"https:\/\/nlacrc.org\/es\/service-providers\/documents-for-providers\/#breadcrumb\",\"itemListElement\":[{\"@type\":\"ListItem\",\"position\":1,\"name\":\"Home\",\"item\":\"https:\/\/www.nlacrc.org\/\"},{\"@type\":\"ListItem\",\"position\":2,\"name\":\"Service Providers\",\"item\":\"https:\/\/www.nlacrc.org\/service-providers\/\"},{\"@type\":\"ListItem\",\"position\":3,\"name\":\"Service Providers Forms and Policies\"}]},{\"@type\":\"WebSite\",\"@id\":\"https:\/\/www.nlacrc.org\/fa\/#website\",\"url\":\"https:\/\/www.nlacrc.org\/fa\/\",\"name\":\"North Los Angeles County\",\"description\":\"Regional Center\",\"publisher\":{\"@id\":\"https:\/\/www.nlacrc.org\/fa\/#organization\"},\"potentialAction\":[{\"@type\":\"SearchAction\",\"target\":{\"@type\":\"EntryPoint\",\"urlTemplate\":\"https:\/\/www.nlacrc.org\/fa\/?s={search_term_string}\"},\"query-input\":{\"@type\":\"PropertyValueSpecification\",\"valueRequired\":true,\"valueName\":\"search_term_string\"}}],\"inLanguage\":\"es\"},{\"@type\":\"Organization\",\"@id\":\"https:\/\/www.nlacrc.org\/fa\/#organization\",\"name\":\"North Los Angeles County\",\"url\":\"https:\/\/www.nlacrc.org\/fa\/\",\"logo\":{\"@type\":\"ImageObject\",\"inLanguage\":\"es\",\"@id\":\"https:\/\/www.nlacrc.org\/fa\/#\/schema\/logo\/image\/\",\"url\":\"https:\/\/www.nlacrc.org\/wp-content\/uploads\/2024\/06\/logo.svg\",\"contentUrl\":\"https:\/\/www.nlacrc.org\/wp-content\/uploads\/2024\/06\/logo.svg\",\"width\":131,\"height\":130,\"caption\":\"North Los Angeles County\"},\"image\":{\"@id\":\"https:\/\/www.nlacrc.org\/fa\/#\/schema\/logo\/image\/\"},\"sameAs\":[\"https:\/\/www.facebook.com\/NLACRC\/\",\"https:\/\/x.com\/NLACRC\"]}]}<\/script>\n<!-- \/ Yoast SEO plugin. -->","yoast_head_json":{"title":"Service Providers Forms and Policies -","description":"Service Providers Forms and Policies - Service Provider Forms    Service Provider Policies","robots":{"index":"index","follow":"follow","max-snippet":"max-snippet:-1","max-image-preview":"max-image-preview:large","max-video-preview":"max-video-preview:-1"},"canonical":"https:\/\/nlacrc.org\/es\/service-providers\/documents-for-providers\/","og_locale":"es_MX","og_type":"article","og_title":"Service Providers Forms and Policies -","og_description":"Service Providers Forms and Policies - Service Provider Forms    Service Provider Policies","og_url":"https:\/\/nlacrc.org\/es\/service-providers\/documents-for-providers\/","og_site_name":"North Los Angeles County","article_publisher":"https:\/\/www.facebook.com\/NLACRC\/","article_modified_time":"2025-11-25T23:56:50+00:00","og_image":[{"url":"https:\/\/www.nlacrc.org\/wp-content\/uploads\/2024\/06\/service_provider_3-22_1_2200-1024x318.jpg","type":"","width":"","height":""}],"twitter_card":"summary_large_image","twitter_site":"@NLACRC","twitter_misc":{"Est. reading time":"1 minuto"},"schema":{"@context":"https:\/\/schema.org","@graph":[{"@type":"WebPage","@id":"https:\/\/nlacrc.org\/es\/service-providers\/documents-for-providers\/","url":"https:\/\/nlacrc.org\/es\/service-providers\/documents-for-providers\/","name":"Service Providers Forms and Policies -","isPartOf":{"@id":"https:\/\/www.nlacrc.org\/fa\/#website"},"primaryImageOfPage":{"@id":"https:\/\/nlacrc.org\/es\/service-providers\/documents-for-providers\/#primaryimage"},"image":{"@id":"https:\/\/nlacrc.org\/es\/service-providers\/documents-for-providers\/#primaryimage"},"thumbnailUrl":"https:\/\/www.nlacrc.org\/wp-content\/uploads\/2024\/06\/service_provider_3-22_1_2200-1024x318.jpg","datePublished":"2024-06-05T16:32:32+00:00","dateModified":"2025-11-25T23:56:50+00:00","description":"Service Providers Forms and Policies - Service Provider Forms Service Provider Policies","breadcrumb":{"@id":"https:\/\/nlacrc.org\/es\/service-providers\/documents-for-providers\/#breadcrumb"},"inLanguage":"es","potentialAction":[{"@type":"ReadAction","target":["https:\/\/nlacrc.org\/es\/service-providers\/documents-for-providers\/"]}]},{"@type":"ImageObject","inLanguage":"es","@id":"https:\/\/nlacrc.org\/es\/service-providers\/documents-for-providers\/#primaryimage","url":"https:\/\/www.nlacrc.org\/wp-content\/uploads\/2024\/06\/service_provider_3-22_1_2200-1024x318.jpg","contentUrl":"https:\/\/www.nlacrc.org\/wp-content\/uploads\/2024\/06\/service_provider_3-22_1_2200-1024x318.jpg"},{"@type":"BreadcrumbList","@id":"https:\/\/nlacrc.org\/es\/service-providers\/documents-for-providers\/#breadcrumb","itemListElement":[{"@type":"ListItem","position":1,"name":"Home","item":"https:\/\/www.nlacrc.org\/"},{"@type":"ListItem","position":2,"name":"Service Providers","item":"https:\/\/www.nlacrc.org\/service-providers\/"},{"@type":"ListItem","position":3,"name":"Service Providers Forms and Policies"}]},{"@type":"WebSite","@id":"https:\/\/www.nlacrc.org\/fa\/#website","url":"https:\/\/www.nlacrc.org\/fa\/","name":"Norte del condado de Los \u00c1ngeles","description":"Centro Regional","publisher":{"@id":"https:\/\/www.nlacrc.org\/fa\/#organization"},"potentialAction":[{"@type":"SearchAction","target":{"@type":"EntryPoint","urlTemplate":"https:\/\/www.nlacrc.org\/fa\/?s={search_term_string}"},"query-input":{"@type":"PropertyValueSpecification","valueRequired":true,"valueName":"search_term_string"}}],"inLanguage":"es"},{"@type":"Organization","@id":"https:\/\/www.nlacrc.org\/fa\/#organization","name":"Norte del condado de Los \u00c1ngeles","url":"https:\/\/www.nlacrc.org\/fa\/","logo":{"@type":"ImageObject","inLanguage":"es","@id":"https:\/\/www.nlacrc.org\/fa\/#\/schema\/logo\/image\/","url":"https:\/\/www.nlacrc.org\/wp-content\/uploads\/2024\/06\/logo.svg","contentUrl":"https:\/\/www.nlacrc.org\/wp-content\/uploads\/2024\/06\/logo.svg","width":131,"height":130,"caption":"North Los Angeles County"},"image":{"@id":"https:\/\/www.nlacrc.org\/fa\/#\/schema\/logo\/image\/"},"sameAs":["https:\/\/www.facebook.com\/NLACRC\/","https:\/\/x.com\/NLACRC"]}]}},"coauthors":[],"author_meta":{"author_link":"https:\/\/nlacrc.org\/es\/author\/planeteria\/","display_name":"planeteria"},"relative_dates":{"created":"Publicado 2 a\u00f1os hace","modified":"Actualizado 5 meses hace"},"absolute_dates":{"created":"Publicado el junio 5, 2024","modified":"Actualizado el noviembre 25, 2025"},"absolute_dates_time":{"created":"Publicado el junio 5, 2024 9:32 am","modified":"Actualizado el noviembre 25, 2025 3:56 pm"},"featured_img_caption":"","featured_img":false,"series_order":"","_links":{"self":[{"href":"https:\/\/nlacrc.org\/es\/wp-json\/wp\/v2\/pages\/36659","targetHints":{"allow":["GET"]}}],"collection":[{"href":"https:\/\/nlacrc.org\/es\/wp-json\/wp\/v2\/pages"}],"about":[{"href":"https:\/\/nlacrc.org\/es\/wp-json\/wp\/v2\/types\/page"}],"author":[{"embeddable":true,"href":"https:\/\/nlacrc.org\/es\/wp-json\/wp\/v2\/users\/3"}],"replies":[{"embeddable":true,"href":"https:\/\/nlacrc.org\/es\/wp-json\/wp\/v2\/comments?post=36659"}],"version-history":[{"count":9,"href":"https:\/\/nlacrc.org\/es\/wp-json\/wp\/v2\/pages\/36659\/revisions"}],"predecessor-version":[{"id":58709,"href":"https:\/\/nlacrc.org\/es\/wp-json\/wp\/v2\/pages\/36659\/revisions\/58709"}],"up":[{"embeddable":true,"href":"https:\/\/nlacrc.org\/es\/wp-json\/wp\/v2\/pages\/36322"}],"wp:attachment":[{"href":"https:\/\/nlacrc.org\/es\/wp-json\/wp\/v2\/media?parent=36659"}],"curies":[{"name":"wp","href":"https:\/\/api.w.org\/{rel}","templated":true}]}}