{"id":36657,"date":"2024-06-05T09:33:38","date_gmt":"2024-06-05T16:33:38","guid":{"rendered":"https:\/\/www.nlacrc.org\/?page_id=36657"},"modified":"2024-06-14T07:14:42","modified_gmt":"2024-06-14T14:14:42","slug":"faqs","status":"publish","type":"page","link":"https:\/\/nlacrc.org\/es\/consumers-families\/faqs\/","title":{"rendered":"Preguntas frecuentes"},"content":{"rendered":"<div class=\"acc__main faq_list\">\n             \n<div class=\"acc__card\">\n    <div class=\"acc__title\">\n        <h3>\u00bfQu\u00e9 es el Centro Regional del Norte del Condado de Los \u00c1ngeles?<\/h3>\n        <div class=\"acco_sign\">\n            <img decoding=\"async\" src=\"https:\/\/nlacrc.org\/wp-content\/themes\/planeteriaweb\/img\/angle-down.svg\" alt=\"icon\">\n        <\/div>\n    <\/div>\n    <div class=\"acc__panel\">\n        <!-- wp:paragraph -->\n<p>NLACRC es una corporaci\u00f3n privada sin fines de lucro y uno de los 21 centros regionales de California financiados por el Departamento de Servicios de Desarrollo de California (DDS). NLACRC ha apoyado a personas con discapacidades del desarrollo en los valles de San Fernando, Santa Clarita y Antelope durante m\u00e1s de 45 a\u00f1os. Actualmente, brindamos servicios a m\u00e1s de 28 000 personas y sus familias. Cada centro regional est\u00e1 gobernado por una Junta Directiva que incluye a personas con discapacidades del desarrollo, sus familiares, proveedores de servicios y otras personas interesadas.<\/p>\n<!-- \/wp:paragraph -->    \n    <\/div>\n<\/div>\n             \n<div class=\"acc__card\">\n    <div class=\"acc__title\">\n        <h3>\u00bfQu\u00e9 puede hacer el centro regional por m\u00ed?<\/h3>\n        <div class=\"acco_sign\">\n            <img decoding=\"async\" src=\"https:\/\/nlacrc.org\/wp-content\/themes\/planeteriaweb\/img\/angle-down.svg\" alt=\"icon\">\n        <\/div>\n    <\/div>\n    <div class=\"acc__panel\">\n        <!-- wp:paragraph -->\n<p>El centro regional ayuda a planificar, obtener, coordinar y supervisar los servicios y apoyos necesarios debido a una discapacidad del desarrollo.<\/p>\n<!-- \/wp:paragraph -->    \n    <\/div>\n<\/div>\n             \n<div class=\"acc__card\">\n    <div class=\"acc__title\">\n        <h3>\u00bfQu\u00e9 tipos de servicios ofrece NLACRC?<\/h3>\n        <div class=\"acco_sign\">\n            <img decoding=\"async\" src=\"https:\/\/nlacrc.org\/wp-content\/themes\/planeteriaweb\/img\/angle-down.svg\" alt=\"icon\">\n        <\/div>\n    <\/div>\n    <div class=\"acc__panel\">\n        <!-- wp:paragraph -->\n<p>Los centros regionales brindan o coordinan los siguientes servicios y apoyos relacionados con la discapacidad del desarrollo de una persona:<\/p>\n<!-- \/wp:paragraph -->\n\n<!-- wp:list -->\n<ul><!-- wp:list-item -->\n<li>Informaci\u00f3n y referencia<\/li>\n<!-- \/wp:list-item -->\n\n<!-- wp:list-item -->\n<li>Evaluaci\u00f3n y diagn\u00f3stico<\/li>\n<!-- \/wp:list-item -->\n\n<!-- wp:list-item -->\n<li>Planificaci\u00f3n individualizada y coordinaci\u00f3n de servicios<\/li>\n<!-- \/wp:list-item -->\n\n<!-- wp:list-item -->\n<li>Compra de servicios incluidos en el Plan Programa Individual<\/li>\n<!-- \/wp:list-item -->\n\n<!-- wp:list-item -->\n<li>Asistencia para encontrar y utilizar recursos comunitarios y de otro tipo<\/li>\n<!-- \/wp:list-item -->\n\n<!-- wp:list-item -->\n<li>Abogac\u00eda<\/li>\n<!-- \/wp:list-item -->\n\n<!-- wp:list-item -->\n<li>Servicios de intervenci\u00f3n temprana para beb\u00e9s en riesgo y sus familias<\/li>\n<!-- \/wp:list-item -->\n\n<!-- wp:list-item -->\n<li>Apoyo familiar<\/li>\n<!-- \/wp:list-item -->\n\n<!-- wp:list-item -->\n<li>Planificaci\u00f3n, colocaci\u00f3n y seguimiento de la atenci\u00f3n fuera del hogar las 24 horas<\/li>\n<!-- \/wp:list-item -->\n\n<!-- wp:list-item -->\n<li>Oportunidades de formaci\u00f3n y educaci\u00f3n para personas y familias.<\/li>\n<!-- \/wp:list-item -->\n\n<!-- wp:list-item -->\n<li>Educaci\u00f3n comunitaria sobre discapacidades del desarrollo<\/li>\n<!-- \/wp:list-item --><\/ul>\n<!-- \/wp:list -->    \n    <\/div>\n<\/div>\n             \n<div class=\"acc__card\">\n    <div class=\"acc__title\">\n        <h3>\u00bfCu\u00e1nto cuestan los servicios del centro regional?<\/h3>\n        <div class=\"acco_sign\">\n            <img decoding=\"async\" src=\"https:\/\/nlacrc.org\/wp-content\/themes\/planeteriaweb\/img\/angle-down.svg\" alt=\"icon\">\n        <\/div>\n    <\/div>\n    <div class=\"acc__panel\">\n        <!-- wp:paragraph -->\n<p>No hay ning\u00fan costo por el diagn\u00f3stico y la evaluaci\u00f3n de elegibilidad. Una vez que se determina la elegibilidad, la mayor\u00eda de los servicios son gratuitos independientemente de la edad o los ingresos. Existe un requisito para que los padres compartan el costo de las colocaciones fuera del hogar las 24 horas para ni\u00f1os menores de 18 a\u00f1os, lo que depende de la capacidad de pago de los padres.<\/p>\n<!-- \/wp:paragraph -->\n\n<!-- wp:paragraph -->\n<p>El Programa de Participaci\u00f3n Familiar en los Costos (FCPP, por sus siglas en ingl\u00e9s) entr\u00f3 en vigencia el 1 de enero de 2005 y exige que algunas familias compartan el costo de los servicios de relevo, guarder\u00eda y campamento. La Tarifa Anual del Programa Familiar (AFPF, por sus siglas en ingl\u00e9s) es un programa que entr\u00f3 en vigencia el 1 de julio de 2011 como parte del Proyecto de Ley de Remolques AB 104. La AFPF eval\u00faa a las familias con ni\u00f1os de entre 0 y 17 a\u00f1os que reciben ciertos servicios a trav\u00e9s de un centro regional para determinar si deben pagar una Tarifa Anual del Programa Familiar de hasta $200 por familia.<\/p>\n<!-- \/wp:paragraph -->\n\n<!-- wp:paragraph -->\n<p>Los centros regionales est\u00e1n obligados por ley a proporcionar servicios de la manera m\u00e1s rentable posible. Deben utilizar todos los dem\u00e1s recursos, incluidos los recursos gen\u00e9ricos, antes de utilizar los fondos del centro regional. Un recurso gen\u00e9rico es un servicio proporcionado por una agencia que tiene la responsabilidad legal de proporcionar servicios al p\u00fablico en general y recibe fondos p\u00fablicos para proporcionar esos servicios.<\/p>\n<!-- \/wp:paragraph -->\n\n<!-- wp:paragraph -->\n<p>Algunas agencias gen\u00e9ricas a las que se le puede derivar son el distrito escolar local, el departamento de servicios sociales del condado, Medi-Cal, la administraci\u00f3n del Seguro Social, el Departamento de Rehabilitaci\u00f3n y otras. Otros recursos pueden incluir apoyos naturales. Esta es la ayuda que puede recibir de familiares, amigos u otras personas.<\/p>\n<!-- \/wp:paragraph -->    \n    <\/div>\n<\/div>\n             \n<div class=\"acc__card\">\n    <div class=\"acc__title\">\n        <h3>\u00bfC\u00f3mo s\u00e9 qu\u00e9 tipos de servicios recibir\u00e9?<\/h3>\n        <div class=\"acco_sign\">\n            <img decoding=\"async\" src=\"https:\/\/nlacrc.org\/wp-content\/themes\/planeteriaweb\/img\/angle-down.svg\" alt=\"icon\">\n        <\/div>\n    <\/div>\n    <div class=\"acc__panel\">\n        <!-- wp:paragraph -->\n<p>Los centros regionales utilizan un proceso de planificaci\u00f3n para desarrollar un Plan de Programa Individualizado (IPP). Para los ni\u00f1os de 0 a 36 meses, este proceso da como resultado un Plan de Servicio Familiar Individualizado (IFSP). El plan lo desarrollan usted, los padres de un ni\u00f1o menor, un tutor o curador (si lo hubiera), cualquier otra persona que invite a estar con usted y el personal del centro regional.<\/p>\n<!-- \/wp:paragraph -->\n\n<!-- wp:paragraph -->\n<p>El IPP (o IFSP) enumera sus objetivos y los servicios necesarios para alcanzarlos. Describe qui\u00e9n proporcionar\u00e1 el servicio y qui\u00e9n lo pagar\u00e1. Todos los servicios enumerados en el IPP o IFSP ser\u00e1n proporcionados por un recurso gen\u00e9rico o natural, un proveedor de servicios del centro regional (una empresa aprobada por el centro regional) o directamente por el centro regional.<\/p>\n<!-- \/wp:paragraph -->    \n    <\/div>\n<\/div>\n             \n<div class=\"acc__card\">\n    <div class=\"acc__title\">\n        <h3>\u00bfC\u00f3mo puedo solicitar recibir servicios del centro regional?<\/h3>\n        <div class=\"acco_sign\">\n            <img decoding=\"async\" src=\"https:\/\/nlacrc.org\/wp-content\/themes\/planeteriaweb\/img\/angle-down.svg\" alt=\"icon\">\n        <\/div>\n    <\/div>\n    <div class=\"acc__panel\">\n        <!-- wp:paragraph -->\n<p>Para solicitar ver si califica para recibir servicios del centro regional, lea la informaci\u00f3n en nuestra p\u00e1gina de Elegibilidad y complete un formulario. <a href=\"https:\/\/nlacrc.org\/es\/consumers-families\/early-start\/eligibility\/\">solicitud de elegibilidad de admisi\u00f3n<\/a>.<\/p>\n<!-- \/wp:paragraph -->    \n    <\/div>\n<\/div>\n             \n<div class=\"acc__card\">\n    <div class=\"acc__title\">\n        <h3>\u00bfQu\u00e9 son los centros estatales de desarrollo?<\/h3>\n        <div class=\"acco_sign\">\n            <img decoding=\"async\" src=\"https:\/\/nlacrc.org\/wp-content\/themes\/planeteriaweb\/img\/angle-down.svg\" alt=\"icon\">\n        <\/div>\n    <\/div>\n    <div class=\"acc__panel\">\n        <!-- wp:paragraph -->\n<p>El Departamento de Servicios de Desarrollo actualmente opera cuatro centros de desarrollo estatales (DCs, por sus siglas en ingl\u00e9s) que cuentan con licencia y certificaci\u00f3n como Centros de Enfermer\u00eda Especializada (SNF, por sus siglas en ingl\u00e9s), Centros de Cuidados Intermedios\/Retardo Mental (ICF\/MR, por sus siglas en ingl\u00e9s) y hospitales de Cuidados Agudos Generales (GAC, por sus siglas en ingl\u00e9s). La misi\u00f3n principal de los centros DC\/CF es brindar servicios de rehabilitaci\u00f3n y tratamiento las 24 horas para residentes con discapacidades del desarrollo dise\u00f1ados para aumentar los niveles de independencia, las habilidades funcionales y las oportunidades para tomar decisiones que afectan la vida de una persona, incluida la identificaci\u00f3n de servicios y apoyos y opciones para la transici\u00f3n a la comunidad local.<\/p>\n<!-- \/wp:paragraph -->    \n    <\/div>\n<\/div>\n             \n<div class=\"acc__card\">\n    <div class=\"acc__title\">\n        <h3>\u00bfQu\u00e9 es la Ley Lanterman?<\/h3>\n        <div class=\"acco_sign\">\n            <img decoding=\"async\" src=\"https:\/\/nlacrc.org\/wp-content\/themes\/planeteriaweb\/img\/angle-down.svg\" alt=\"icon\">\n        <\/div>\n    <\/div>\n    <div class=\"acc__panel\">\n        <!-- wp:paragraph -->\n<p>La Ley Lanterman de Servicios para Discapacidades del Desarrollo de 1969 es una ley de California que se aprob\u00f3 en 1969. Dice que las personas con discapacidades del desarrollo y sus familias tienen derecho a recibir los servicios y apoyos que necesitan para vivir como personas que no tienen discapacidades.<\/p>\n<!-- \/wp:paragraph -->\n\n<!-- wp:paragraph -->\n<p>La Ley Lanterman tambi\u00e9n le informa cu\u00e1les son sus derechos, c\u00f3mo los centros regionales y los proveedores de servicios pueden ayudarlo, los tipos de servicios y apoyos que est\u00e1n disponibles, c\u00f3mo utilizar el Plan de Programa Individualizado (IPP) para obtener los servicios que necesita, qu\u00e9 hacer cuando le dicen que no puede obtener los servicios que necesita y c\u00f3mo mejorar el sistema. <a href=\"https:\/\/www.dds.ca.gov\/transparency\/laws-regulations\/lanterman-act-and-related-laws\/\" target=\"_blank\" rel=\"noreferrer noopener\">Ver la Ley Lanterman<\/a>.<\/p>\n<!-- \/wp:paragraph -->    \n    <\/div>\n<\/div>\n             \n<div class=\"acc__card\">\n    <div class=\"acc__title\">\n        <h3>Sitio web del Departamento de Servicios de Desarrollo de California<\/h3>\n        <div class=\"acco_sign\">\n            <img decoding=\"async\" src=\"https:\/\/nlacrc.org\/wp-content\/themes\/planeteriaweb\/img\/angle-down.svg\" alt=\"icon\">\n        <\/div>\n    <\/div>\n    <div class=\"acc__panel\">\n        <!-- wp:paragraph -->\n<p>Puede obtener m\u00e1s informaci\u00f3n sobre muchos de estos temas visitando el sitio web del Departamento de Servicios de Desarrollo (DDS) en <a href=\"https:\/\/www.dds.ca.gov\/\" target=\"_blank\" rel=\"noreferrer noopener\">www.dds.ca.gov<\/a>.<\/p>\n<!-- \/wp:paragraph -->    \n    <\/div>\n<\/div>\n<\/div>","protected":false},"excerpt":{"rendered":"","protected":false},"author":3,"featured_media":0,"parent":36314,"menu_order":42,"comment_status":"closed","ping_status":"closed","template":"","meta":{"_acf_changed":false,"advgb_blocks_editor_width":"","advgb_blocks_columns_visual_guide":"","_EventAllDay":false,"_EventTimezone":"","_EventStartDate":"","_EventEndDate":"","_EventStartDateUTC":"","_EventEndDateUTC":"","_EventShowMap":false,"_EventShowMapLink":false,"_EventURL":"","_EventCost":"","_EventCostDescription":"","_EventCurrencySymbol":"","_EventCurrencyCode":"","_EventCurrencyPosition":"","_EventDateTimeSeparator":"","_EventTimeRangeSeparator":"","_EventOrganizerID":[],"_EventVenueID":[],"_OrganizerEmail":"","_OrganizerPhone":"","_OrganizerWebsite":"","_VenueAddress":"","_VenueCity":"","_VenueCountry":"","_VenueProvince":"","_VenueState":"","_VenueZip":"","_VenuePhone":"","_VenueURL":"","_VenueStateProvince":"","_VenueLat":"","_VenueLng":"","_VenueShowMap":false,"_VenueShowMapLink":false,"_tribe_blocks_recurrence_rules":"","_tribe_blocks_recurrence_description":"","_tribe_blocks_recurrence_exclusions":"","footnotes":""},"class_list":["post-36657","page","type-page","status-publish","hentry"],"acf":[],"yoast_head":"<!-- This site is optimized with the Yoast SEO plugin v26.4 - https:\/\/yoast.com\/wordpress\/plugins\/seo\/ -->\n<title>FAQs -<\/title>\n<meta name=\"description\" content=\"FAQs -\" \/>\n<meta name=\"robots\" content=\"index, follow, max-snippet:-1, max-image-preview:large, max-video-preview:-1\" \/>\n<link rel=\"canonical\" href=\"https:\/\/nlacrc.org\/es\/consumers-families\/faqs\/\" \/>\n<meta property=\"og:locale\" content=\"es_MX\" \/>\n<meta property=\"og:type\" content=\"article\" \/>\n<meta property=\"og:title\" content=\"FAQs -\" \/>\n<meta property=\"og:description\" content=\"FAQs -\" \/>\n<meta property=\"og:url\" content=\"https:\/\/nlacrc.org\/es\/consumers-families\/faqs\/\" \/>\n<meta property=\"og:site_name\" content=\"North Los Angeles County\" \/>\n<meta property=\"article:publisher\" content=\"https:\/\/www.facebook.com\/NLACRC\/\" \/>\n<meta property=\"article:modified_time\" content=\"2024-06-14T14:14:42+00:00\" \/>\n<meta name=\"twitter:card\" content=\"summary_large_image\" \/>\n<meta name=\"twitter:site\" content=\"@NLACRC\" \/>\n<script type=\"application\/ld+json\" class=\"yoast-schema-graph\">{\"@context\":\"https:\/\/schema.org\",\"@graph\":[{\"@type\":\"WebPage\",\"@id\":\"https:\/\/nlacrc.org\/consumers-families\/faqs\/\",\"url\":\"https:\/\/nlacrc.org\/consumers-families\/faqs\/\",\"name\":\"FAQs -\",\"isPartOf\":{\"@id\":\"https:\/\/www.nlacrc.org\/fa\/#website\"},\"datePublished\":\"2024-06-05T16:33:38+00:00\",\"dateModified\":\"2024-06-14T14:14:42+00:00\",\"description\":\"FAQs -\",\"breadcrumb\":{\"@id\":\"https:\/\/nlacrc.org\/consumers-families\/faqs\/#breadcrumb\"},\"inLanguage\":\"es\",\"potentialAction\":[{\"@type\":\"ReadAction\",\"target\":[\"https:\/\/nlacrc.org\/consumers-families\/faqs\/\"]}]},{\"@type\":\"BreadcrumbList\",\"@id\":\"https:\/\/nlacrc.org\/consumers-families\/faqs\/#breadcrumb\",\"itemListElement\":[{\"@type\":\"ListItem\",\"position\":1,\"name\":\"Home\",\"item\":\"https:\/\/www.nlacrc.org\/\"},{\"@type\":\"ListItem\",\"position\":2,\"name\":\"Consumers &amp; Families\",\"item\":\"https:\/\/nlacrc.org\/consumers-families\/\"},{\"@type\":\"ListItem\",\"position\":3,\"name\":\"FAQs\"}]},{\"@type\":\"WebSite\",\"@id\":\"https:\/\/www.nlacrc.org\/fa\/#website\",\"url\":\"https:\/\/www.nlacrc.org\/fa\/\",\"name\":\"North Los Angeles County\",\"description\":\"Regional Center\",\"publisher\":{\"@id\":\"https:\/\/www.nlacrc.org\/fa\/#organization\"},\"potentialAction\":[{\"@type\":\"SearchAction\",\"target\":{\"@type\":\"EntryPoint\",\"urlTemplate\":\"https:\/\/www.nlacrc.org\/fa\/?s={search_term_string}\"},\"query-input\":{\"@type\":\"PropertyValueSpecification\",\"valueRequired\":true,\"valueName\":\"search_term_string\"}}],\"inLanguage\":\"es\"},{\"@type\":\"Organization\",\"@id\":\"https:\/\/www.nlacrc.org\/fa\/#organization\",\"name\":\"North Los Angeles County\",\"url\":\"https:\/\/www.nlacrc.org\/fa\/\",\"logo\":{\"@type\":\"ImageObject\",\"inLanguage\":\"es\",\"@id\":\"https:\/\/www.nlacrc.org\/fa\/#\/schema\/logo\/image\/\",\"url\":\"https:\/\/www.nlacrc.org\/wp-content\/uploads\/2024\/06\/logo.svg\",\"contentUrl\":\"https:\/\/www.nlacrc.org\/wp-content\/uploads\/2024\/06\/logo.svg\",\"width\":131,\"height\":130,\"caption\":\"North Los Angeles County\"},\"image\":{\"@id\":\"https:\/\/www.nlacrc.org\/fa\/#\/schema\/logo\/image\/\"},\"sameAs\":[\"https:\/\/www.facebook.com\/NLACRC\/\",\"https:\/\/x.com\/NLACRC\"]}]}<\/script>\n<!-- \/ Yoast SEO plugin. -->","yoast_head_json":{"title":"FAQs -","description":"FAQs -","robots":{"index":"index","follow":"follow","max-snippet":"max-snippet:-1","max-image-preview":"max-image-preview:large","max-video-preview":"max-video-preview:-1"},"canonical":"https:\/\/nlacrc.org\/es\/consumers-families\/faqs\/","og_locale":"es_MX","og_type":"article","og_title":"FAQs -","og_description":"FAQs -","og_url":"https:\/\/nlacrc.org\/es\/consumers-families\/faqs\/","og_site_name":"North Los Angeles County","article_publisher":"https:\/\/www.facebook.com\/NLACRC\/","article_modified_time":"2024-06-14T14:14:42+00:00","twitter_card":"summary_large_image","twitter_site":"@NLACRC","schema":{"@context":"https:\/\/schema.org","@graph":[{"@type":"WebPage","@id":"https:\/\/nlacrc.org\/consumers-families\/faqs\/","url":"https:\/\/nlacrc.org\/consumers-families\/faqs\/","name":"FAQs -","isPartOf":{"@id":"https:\/\/www.nlacrc.org\/fa\/#website"},"datePublished":"2024-06-05T16:33:38+00:00","dateModified":"2024-06-14T14:14:42+00:00","description":"FAQs -","breadcrumb":{"@id":"https:\/\/nlacrc.org\/consumers-families\/faqs\/#breadcrumb"},"inLanguage":"es","potentialAction":[{"@type":"ReadAction","target":["https:\/\/nlacrc.org\/consumers-families\/faqs\/"]}]},{"@type":"BreadcrumbList","@id":"https:\/\/nlacrc.org\/consumers-families\/faqs\/#breadcrumb","itemListElement":[{"@type":"ListItem","position":1,"name":"Home","item":"https:\/\/www.nlacrc.org\/"},{"@type":"ListItem","position":2,"name":"Consumers &amp; Families","item":"https:\/\/nlacrc.org\/consumers-families\/"},{"@type":"ListItem","position":3,"name":"FAQs"}]},{"@type":"WebSite","@id":"https:\/\/www.nlacrc.org\/fa\/#website","url":"https:\/\/www.nlacrc.org\/fa\/","name":"Norte del condado de Los \u00c1ngeles","description":"Centro Regional","publisher":{"@id":"https:\/\/www.nlacrc.org\/fa\/#organization"},"potentialAction":[{"@type":"SearchAction","target":{"@type":"EntryPoint","urlTemplate":"https:\/\/www.nlacrc.org\/fa\/?s={search_term_string}"},"query-input":{"@type":"PropertyValueSpecification","valueRequired":true,"valueName":"search_term_string"}}],"inLanguage":"es"},{"@type":"Organization","@id":"https:\/\/www.nlacrc.org\/fa\/#organization","name":"Norte del condado de Los \u00c1ngeles","url":"https:\/\/www.nlacrc.org\/fa\/","logo":{"@type":"ImageObject","inLanguage":"es","@id":"https:\/\/www.nlacrc.org\/fa\/#\/schema\/logo\/image\/","url":"https:\/\/www.nlacrc.org\/wp-content\/uploads\/2024\/06\/logo.svg","contentUrl":"https:\/\/www.nlacrc.org\/wp-content\/uploads\/2024\/06\/logo.svg","width":131,"height":130,"caption":"North Los Angeles County"},"image":{"@id":"https:\/\/www.nlacrc.org\/fa\/#\/schema\/logo\/image\/"},"sameAs":["https:\/\/www.facebook.com\/NLACRC\/","https:\/\/x.com\/NLACRC"]}]}},"coauthors":[],"author_meta":{"author_link":"https:\/\/nlacrc.org\/es\/author\/planeteria\/","display_name":"planeteria"},"relative_dates":{"created":"Publicado 2 a\u00f1os hace","modified":"Actualizado 2 a\u00f1os hace"},"absolute_dates":{"created":"Publicado el junio 5, 2024","modified":"Actualizado el junio 14, 2024"},"absolute_dates_time":{"created":"Publicado el junio 5, 2024 9:33 am","modified":"Actualizado el junio 14, 2024 7:14 am"},"featured_img_caption":"","featured_img":false,"series_order":"","_links":{"self":[{"href":"https:\/\/nlacrc.org\/es\/wp-json\/wp\/v2\/pages\/36657","targetHints":{"allow":["GET"]}}],"collection":[{"href":"https:\/\/nlacrc.org\/es\/wp-json\/wp\/v2\/pages"}],"about":[{"href":"https:\/\/nlacrc.org\/es\/wp-json\/wp\/v2\/types\/page"}],"author":[{"embeddable":true,"href":"https:\/\/nlacrc.org\/es\/wp-json\/wp\/v2\/users\/3"}],"replies":[{"embeddable":true,"href":"https:\/\/nlacrc.org\/es\/wp-json\/wp\/v2\/comments?post=36657"}],"version-history":[{"count":3,"href":"https:\/\/nlacrc.org\/es\/wp-json\/wp\/v2\/pages\/36657\/revisions"}],"predecessor-version":[{"id":37186,"href":"https:\/\/nlacrc.org\/es\/wp-json\/wp\/v2\/pages\/36657\/revisions\/37186"}],"up":[{"embeddable":true,"href":"https:\/\/nlacrc.org\/es\/wp-json\/wp\/v2\/pages\/36314"}],"wp:attachment":[{"href":"https:\/\/nlacrc.org\/es\/wp-json\/wp\/v2\/media?parent=36657"}],"curies":[{"name":"wp","href":"https:\/\/api.w.org\/{rel}","templated":true}]}}