{"id":36639,"date":"2024-06-05T09:30:56","date_gmt":"2024-06-05T16:30:56","guid":{"rendered":"https:\/\/www.nlacrc.org\/?page_id=36639"},"modified":"2026-05-01T10:22:27","modified_gmt":"2026-05-01T17:22:27","slug":"assessments","status":"publish","type":"page","link":"https:\/\/nlacrc.org\/es\/consumers-families\/assessments\/","title":{"rendered":"Evaluaciones"},"content":{"rendered":"<div class=\"wp-block-group is-layout-constrained wp-block-group-is-layout-constrained\">  \n<section class=\"expand_img_grid imagelist\">\n          <div class=\"container\">\n         <!-- <h2 class=\"text-center\">Expandable Image Grid<\/h2>-->\n        <div class=\"expanding-grid three\">\n                            <ul class=\"links\">\n\t\t\t\t\t\t\t\t                                <li class=\"\">\n                                  <a href=\"#section1\">\n                                      <div class=\"expand_box\">\n\t\t\t\t\t\t\t\t\t  \t\t\t\t\t\t\t\t\t\t\t\t\t<div class=\"expand_img\">\n\t\t\t\t\t\t\t\t\t\t\t<img decoding=\"async\" src=\"https:\/\/nlacrc.org\/wp-content\/uploads\/2024\/06\/supported_living_services_3_2_600.jpg\" alt=\"a young woman hugging an elderly woman\">\n\t\t\t\t\t\t\t\t\t\t\t<\/div>\n\t\t\t\t\t\t\t\t\t\t\t\t\t\t\t\t\t\t\t\t\t\t                                            <div class=\"expand_det\">\n\t\t\t\t\t\t\t\t\t\t\t\t\t\t\t\t\t\t\t\t\t\t <span> <\/span>\n                                             <h4> Servicios de vida con apoyo<\/h4>\t\t\t\t\t\t\t\t\t\t\t\t\t\t\t\t\t\t\t\t\t\t<div class=\"plus-minus_icon\"> <img decoding=\"async\" src=\"https:\/\/nlacrc.org\/wp-content\/themes\/planeteriaweb\/img\/angle-down.svg\" alt=\"arrow\"> <\/div>\n                                            <\/div>\n\t\t\t\t\t\t\t\t\t\t\t                                        <\/div>\n                                <\/a>\n                                <\/li>\n\t\t\t\t\t\t\t\t                                <li class=\"\">\n                                  <a href=\"#section2\">\n                                      <div class=\"expand_box\">\n\t\t\t\t\t\t\t\t\t  \t\t\t\t\t\t\t\t\t\t\t\t\t<div class=\"expand_img\">\n\t\t\t\t\t\t\t\t\t\t\t<img decoding=\"async\" src=\"https:\/\/nlacrc.org\/wp-content\/uploads\/2024\/06\/independent_living_services_3_2_600.jpg\" alt=\"a woman at home in a wheelchair playing with a cat\">\n\t\t\t\t\t\t\t\t\t\t\t<\/div>\n\t\t\t\t\t\t\t\t\t\t\t\t\t\t\t\t\t\t\t\t\t\t                                            <div class=\"expand_det\">\n\t\t\t\t\t\t\t\t\t\t\t\t\t\t\t\t\t\t\t\t\t\t <span> <\/span>\n                                             <h4> Servicios de vida independiente<\/h4>\t\t\t\t\t\t\t\t\t\t\t\t\t\t\t\t\t\t\t\t\t\t<div class=\"plus-minus_icon\"> <img decoding=\"async\" src=\"https:\/\/nlacrc.org\/wp-content\/themes\/planeteriaweb\/img\/angle-down.svg\" alt=\"arrow\"> <\/div>\n                                            <\/div>\n\t\t\t\t\t\t\t\t\t\t\t                                        <\/div>\n                                <\/a>\n                                <\/li>\n\t\t\t\t\t\t\t\t                                <li class=\"\">\n                                  <a href=\"#section3\">\n                                      <div class=\"expand_box\">\n\t\t\t\t\t\t\t\t\t  \t\t\t\t\t\t\t\t\t\t\t\t\t<div class=\"expand_img\">\n\t\t\t\t\t\t\t\t\t\t\t<img decoding=\"async\" src=\"https:\/\/nlacrc.org\/wp-content\/uploads\/2024\/06\/respite_services_3_2_600.jpg\" alt=\"senior grandmother sitting in a wheelchair, smiling, while her daughter and son in law help her\">\n\t\t\t\t\t\t\t\t\t\t\t<\/div>\n\t\t\t\t\t\t\t\t\t\t\t\t\t\t\t\t\t\t\t\t\t\t                                            <div class=\"expand_det\">\n\t\t\t\t\t\t\t\t\t\t\t\t\t\t\t\t\t\t\t\t\t\t <span> <\/span>\n                                             <h4> Servicios de respiro<\/h4>\t\t\t\t\t\t\t\t\t\t\t\t\t\t\t\t\t\t\t\t\t\t<div class=\"plus-minus_icon\"> <img decoding=\"async\" src=\"https:\/\/nlacrc.org\/wp-content\/themes\/planeteriaweb\/img\/angle-down.svg\" alt=\"arrow\"> <\/div>\n                                            <\/div>\n\t\t\t\t\t\t\t\t\t\t\t                                        <\/div>\n                                <\/a>\n                                <\/li>\n\t\t\t\t\t\t\t\t                            <\/ul>\n\n\t\t\t\t\t\t\t\n\t\t\t\t\t\t\t                            <div id=\"section1\" class=\"expanding-container\">\n                                \n                                   <div class=\"expand-content\"> \n                                                                            <div class=\"expand-text-area\">\n                                                                                                                                    <br>\n                                            \n                                                                                        <a class=\"doc_block\" href=\"https:\/\/www.nlacrc.org\/wp-content\/uploads\/2024\/06\/Supported-Living-Services-Standardized-Assessment-Questionnaire-English.pdf\" target=\"_blank\">Evaluaci\u00f3n de servicios de vida asistida<\/a>\n                                                \n\n                                        <\/div>\n                                                                            \n                                    <div class=\"expand-txt-p\">\n                                        <p>Los servicios de vida asistida (SLS, por sus siglas en ingl\u00e9s) ofrecen m\u00e1s apoyo del que se puede brindar a trav\u00e9s de los servicios de vida independiente (ILS, por sus siglas en ingl\u00e9s). Los SLS ayudan a los consumidores adultos que viven solos en una casa que poseen o alquilan. Los consumidores deben pagar el alquiler y todas sus necesidades de vida diaria. Los servicios se basan en la necesidad e incluyen servicios de apoyo en el hogar como parte del plan para satisfacer las necesidades de cuidado diario del consumidor. Los servicios de SLS se revisan trimestralmente y se modifican para satisfacer las necesidades del consumidor.<\/p>\n<p>SLS incluye soporte con:<\/p>\n<ul>\n<li>B\u00fasqueda y mudanza a una casa.<\/li>\n<li>Elecci\u00f3n de personal y compa\u00f1eros de casa.<\/li>\n<li>Conectarse con los recursos de la comunidad.<\/li>\n<li>Hacer citas m\u00e9dicas.<\/li>\n<li>Actividades comunes de la vida diaria y planificaci\u00f3n de emergencia.<\/li>\n<li>Ser un miembro activo de la comunidad.<\/li>\n<li>Gestionar finanzas y otras necesidades.<\/li>\n<\/ul>\n                                    <\/div>\n                                    \t\t\t\t\t\t\t\t\t                                    \n                               <\/div>\n                            <\/div>\n                            \t\t\t\t\t\t\t\n\t\t\t\t\t\t\t                            <div id=\"section2\" class=\"expanding-container\">\n                                \n                                   <div class=\"expand-content\"> \n                                                                            <div class=\"expand-text-area\">\n                                                                                                                                    <br>\n                                            \n                                                                                        <a class=\"doc_block\" href=\"https:\/\/www.nlacrc.org\/wp-content\/uploads\/2024\/06\/Independent-Living-Services-Assessment-English.pdf\" target=\"_blank\">Evaluaci\u00f3n de servicios de vida independiente<\/a>\n                                                \n\n                                        <\/div>\n                                                                            \n                                    <div class=\"expand-txt-p\">\n                                        <p>Los servicios de vida independiente (ILS, por sus siglas en ingl\u00e9s) pueden ser para adultos que viven en el hogar familiar o para adultos que viven solos. Los ILS ense\u00f1an a los adultos las habilidades que necesitan para vivir solos. Esto puede incluir la administraci\u00f3n del dinero, la planificaci\u00f3n de las comidas, el acceso a los recursos de la comunidad y las habilidades de seguridad. Los ILS tambi\u00e9n pueden ayudar a garantizar que:<\/p>\n<ul>\n<li>Las compras de comestibles est\u00e1n hechas.<\/li>\n<li>Se concertan citas m\u00e9dicas.<\/li>\n<li>Se pagan las necesidades b\u00e1sicas de vida y las facturas.<\/li>\n<\/ul>\n                                    <\/div>\n                                    \t\t\t\t\t\t\t\t\t                                    \n                               <\/div>\n                            <\/div>\n                            \t\t\t\t\t\t\t\n\t\t\t\t\t\t\t                            <div id=\"section3\" class=\"expanding-container\">\n                                \n                                   <div class=\"expand-content\"> \n                                                                            <div class=\"expand-text-area\">\n                                                                                                                                    <br>\n                                            \n                                                                                        <a class=\"doc_block\" href=\"https:\/\/www.nlacrc.org\/wp-content\/uploads\/2024\/06\/Respite-Services-Assessment-Tool-English.pdf\" target=\"_blank\">Evaluaci\u00f3n de servicios de relevo<\/a>\n                                                \n\n                                        <\/div>\n                                                                            \n                                    <div class=\"expand-txt-p\">\n                                        <p>Los servicios de respiro brindan a las familias tiempo libre de las exigencias de cuidar a una persona con una discapacidad del desarrollo. El respiro puede ser planificado o de emergencia y puede llevarse a cabo:<\/p>\n<ul>\n<li>En el hogar de la familia (\u201crespiro en el hogar\u201d), o<\/li>\n<li>En un centro residencial autorizado (\u201crespiro fuera del hogar\u201d).<\/li>\n<\/ul>\n<p>El respiro tambi\u00e9n est\u00e1 disponible a trav\u00e9s de los Servicios Dirigidos por el Participante.<\/p>\n<p>Hay dos tipos principales de servicios de relevo en el hogar:<\/p>\n<ol>\n<li><strong>Employer of\u00a0 Record<\/strong><br \/>\nSi en su familia hay alguien mayor de 18 a\u00f1os<br \/>\nSi desea ser un trabajador de relevo, puede recomendar a esa persona para que sea contratada por un<br \/>\nAgencia de respiro. Si la persona que usted recomienda es elegible para trabajar y es contratada, puede programar una cita directamente con ella.<\/li>\n<li><strong>Respiro de la agencia<\/strong><br \/>\nSi su familia no tiene a nadie en mente, puede contratar a un trabajador de relevo a trav\u00e9s de una agencia. Trabajar\u00eda con la agencia para elegir al personal y programar la visita a su hogar.<\/li>\n<\/ol>\n<p>El respiro en el hogar se puede brindar a nivel de enfermer\u00eda o de comportamiento. Una evaluaci\u00f3n puede ayudarlo a saber qu\u00e9 nivel de atenci\u00f3n se necesita para que pueda<br \/>\nElija una agencia calificada para brindar ese nivel de atenci\u00f3n. Respiro fuera del hogar El respiro fuera del hogar permite a los consumidores permanecer en un hogar autorizado por hasta 21 d\u00edas.<\/p>\n                                    <\/div>\n                                    \t\t\t\t\t\t\t\t\t                                    \n                               <\/div>\n                            <\/div>\n                            \t\t\t\t\t\t\t                        <\/div>\n                         <\/div>\n                        <\/section>\n    \n    \n      \n<!--- END EXPANDABLE IMAGE GRID---><\/div>\n\n\n\n<div class=\"wp-block-group has-background-background-color has-background is-layout-constrained wp-block-group-is-layout-constrained\">\n<h2 class=\"wp-block-heading has-text-align-center\">Evaluaciones en espa\u00f1ol<\/h2>\n\n\n<div class=\"document_era list\">\r\n\t\t<div class=\"col-md-12\">\r\n\t\t\t\t\t\t\t\t\t<a class=\"doc_block\" href=\"https:\/\/nlacrc.org\/wp-content\/uploads\/2024\/06\/Supported-Living-Services-Assessment-Spanish.pdf\" target=\"_blank\"><img decoding=\"async\" src=\"https:\/\/nlacrc.org\/wp-content\/themes\/planeteriaweb\/img\/PDF.svg\" class=\"img_icon\" alt=\"download this document\" width=\"17px\"><span>Evaluaci\u00f3n de servicios de vida asistida<\/span><\/a>\r\n\t\t\t\t\t\t\t\t\t\t\t\t<a class=\"doc_block\" href=\"https:\/\/nlacrc.org\/wp-content\/uploads\/2024\/06\/Independent-Living-Services-Assessment-Spanish.pdf\" target=\"_blank\"><img decoding=\"async\" src=\"https:\/\/nlacrc.org\/wp-content\/themes\/planeteriaweb\/img\/PDF.svg\" class=\"img_icon\" alt=\"download this document\" width=\"17px\"><span>Evaluaci\u00f3n de servicios de vida independiente<\/span><\/a>\r\n\t\t\t\t\t\t\t<\/div>\r\n<\/div>\r\n<\/div>","protected":false},"excerpt":{"rendered":"Evaluaciones en espa\u00f1ol","protected":false},"author":3,"featured_media":0,"parent":36314,"menu_order":45,"comment_status":"closed","ping_status":"closed","template":"","meta":{"_acf_changed":false,"advgb_blocks_editor_width":"","advgb_blocks_columns_visual_guide":"","_EventAllDay":false,"_EventTimezone":"","_EventStartDate":"","_EventEndDate":"","_EventStartDateUTC":"","_EventEndDateUTC":"","_EventShowMap":false,"_EventShowMapLink":false,"_EventURL":"","_EventCost":"","_EventCostDescription":"","_EventCurrencySymbol":"","_EventCurrencyCode":"","_EventCurrencyPosition":"","_EventDateTimeSeparator":"","_EventTimeRangeSeparator":"","_EventOrganizerID":[],"_EventVenueID":[],"_OrganizerEmail":"","_OrganizerPhone":"","_OrganizerWebsite":"","_VenueAddress":"","_VenueCity":"","_VenueCountry":"","_VenueProvince":"","_VenueState":"","_VenueZip":"","_VenuePhone":"","_VenueURL":"","_VenueStateProvince":"","_VenueLat":"","_VenueLng":"","_VenueShowMap":false,"_VenueShowMapLink":false,"_tribe_blocks_recurrence_rules":"","_tribe_blocks_recurrence_description":"","_tribe_blocks_recurrence_exclusions":"","footnotes":""},"class_list":["post-36639","page","type-page","status-publish","hentry"],"acf":[],"yoast_head":"<!-- This site is optimized with the Yoast SEO plugin v26.4 - https:\/\/yoast.com\/wordpress\/plugins\/seo\/ -->\n<title>Assessments -<\/title>\n<meta name=\"description\" content=\"Assessments - Assessments in Spanish\" \/>\n<meta name=\"robots\" content=\"index, follow, max-snippet:-1, max-image-preview:large, max-video-preview:-1\" \/>\n<link rel=\"canonical\" href=\"https:\/\/www.nlacrc.org\/consumers-families\/assessments\/\" \/>\n<meta property=\"og:locale\" content=\"es_MX\" \/>\n<meta property=\"og:type\" content=\"article\" \/>\n<meta property=\"og:title\" content=\"Assessments -\" \/>\n<meta property=\"og:description\" content=\"Assessments - Assessments in Spanish\" \/>\n<meta property=\"og:url\" content=\"https:\/\/www.nlacrc.org\/consumers-families\/assessments\/\" \/>\n<meta property=\"og:site_name\" content=\"North Los Angeles County\" \/>\n<meta property=\"article:publisher\" content=\"https:\/\/www.facebook.com\/NLACRC\/\" \/>\n<meta property=\"article:modified_time\" content=\"2026-05-01T17:22:27+00:00\" \/>\n<meta name=\"twitter:card\" content=\"summary_large_image\" \/>\n<meta name=\"twitter:site\" content=\"@NLACRC\" \/>\n<meta name=\"twitter:label1\" content=\"Est. reading time\" \/>\n\t<meta name=\"twitter:data1\" content=\"1 minuto\" \/>\n<script type=\"application\/ld+json\" class=\"yoast-schema-graph\">{\"@context\":\"https:\/\/schema.org\",\"@graph\":[{\"@type\":\"WebPage\",\"@id\":\"https:\/\/www.nlacrc.org\/consumers-families\/assessments\/\",\"url\":\"https:\/\/www.nlacrc.org\/consumers-families\/assessments\/\",\"name\":\"Assessments -\",\"isPartOf\":{\"@id\":\"https:\/\/www.nlacrc.org\/fa\/#website\"},\"datePublished\":\"2024-06-05T16:30:56+00:00\",\"dateModified\":\"2026-05-01T17:22:27+00:00\",\"description\":\"Assessments - Assessments in Spanish\",\"breadcrumb\":{\"@id\":\"https:\/\/www.nlacrc.org\/consumers-families\/assessments\/#breadcrumb\"},\"inLanguage\":\"es\",\"potentialAction\":[{\"@type\":\"ReadAction\",\"target\":[\"https:\/\/www.nlacrc.org\/consumers-families\/assessments\/\"]}]},{\"@type\":\"BreadcrumbList\",\"@id\":\"https:\/\/www.nlacrc.org\/consumers-families\/assessments\/#breadcrumb\",\"itemListElement\":[{\"@type\":\"ListItem\",\"position\":1,\"name\":\"Home\",\"item\":\"https:\/\/www.nlacrc.org\/\"},{\"@type\":\"ListItem\",\"position\":2,\"name\":\"Consumers &amp; Families\",\"item\":\"https:\/\/nlacrc.org\/consumers-families\/\"},{\"@type\":\"ListItem\",\"position\":3,\"name\":\"Assessments\"}]},{\"@type\":\"WebSite\",\"@id\":\"https:\/\/www.nlacrc.org\/fa\/#website\",\"url\":\"https:\/\/www.nlacrc.org\/fa\/\",\"name\":\"North Los Angeles County\",\"description\":\"Regional Center\",\"publisher\":{\"@id\":\"https:\/\/www.nlacrc.org\/fa\/#organization\"},\"potentialAction\":[{\"@type\":\"SearchAction\",\"target\":{\"@type\":\"EntryPoint\",\"urlTemplate\":\"https:\/\/www.nlacrc.org\/fa\/?s={search_term_string}\"},\"query-input\":{\"@type\":\"PropertyValueSpecification\",\"valueRequired\":true,\"valueName\":\"search_term_string\"}}],\"inLanguage\":\"es\"},{\"@type\":\"Organization\",\"@id\":\"https:\/\/www.nlacrc.org\/fa\/#organization\",\"name\":\"North Los Angeles County\",\"url\":\"https:\/\/www.nlacrc.org\/fa\/\",\"logo\":{\"@type\":\"ImageObject\",\"inLanguage\":\"es\",\"@id\":\"https:\/\/www.nlacrc.org\/fa\/#\/schema\/logo\/image\/\",\"url\":\"https:\/\/www.nlacrc.org\/wp-content\/uploads\/2024\/06\/logo.svg\",\"contentUrl\":\"https:\/\/www.nlacrc.org\/wp-content\/uploads\/2024\/06\/logo.svg\",\"width\":131,\"height\":130,\"caption\":\"North Los Angeles County\"},\"image\":{\"@id\":\"https:\/\/www.nlacrc.org\/fa\/#\/schema\/logo\/image\/\"},\"sameAs\":[\"https:\/\/www.facebook.com\/NLACRC\/\",\"https:\/\/x.com\/NLACRC\"]}]}<\/script>\n<!-- \/ Yoast SEO plugin. -->","yoast_head_json":{"title":"Assessments -","description":"Assessments - Assessments in Spanish","robots":{"index":"index","follow":"follow","max-snippet":"max-snippet:-1","max-image-preview":"max-image-preview:large","max-video-preview":"max-video-preview:-1"},"canonical":"https:\/\/www.nlacrc.org\/consumers-families\/assessments\/","og_locale":"es_MX","og_type":"article","og_title":"Assessments -","og_description":"Assessments - Assessments in Spanish","og_url":"https:\/\/www.nlacrc.org\/consumers-families\/assessments\/","og_site_name":"North Los Angeles County","article_publisher":"https:\/\/www.facebook.com\/NLACRC\/","article_modified_time":"2026-05-01T17:22:27+00:00","twitter_card":"summary_large_image","twitter_site":"@NLACRC","twitter_misc":{"Est. reading time":"1 minuto"},"schema":{"@context":"https:\/\/schema.org","@graph":[{"@type":"WebPage","@id":"https:\/\/www.nlacrc.org\/consumers-families\/assessments\/","url":"https:\/\/www.nlacrc.org\/consumers-families\/assessments\/","name":"Assessments -","isPartOf":{"@id":"https:\/\/www.nlacrc.org\/fa\/#website"},"datePublished":"2024-06-05T16:30:56+00:00","dateModified":"2026-05-01T17:22:27+00:00","description":"Assessments - Assessments in Spanish","breadcrumb":{"@id":"https:\/\/www.nlacrc.org\/consumers-families\/assessments\/#breadcrumb"},"inLanguage":"es","potentialAction":[{"@type":"ReadAction","target":["https:\/\/www.nlacrc.org\/consumers-families\/assessments\/"]}]},{"@type":"BreadcrumbList","@id":"https:\/\/www.nlacrc.org\/consumers-families\/assessments\/#breadcrumb","itemListElement":[{"@type":"ListItem","position":1,"name":"Home","item":"https:\/\/www.nlacrc.org\/"},{"@type":"ListItem","position":2,"name":"Consumers &amp; Families","item":"https:\/\/nlacrc.org\/consumers-families\/"},{"@type":"ListItem","position":3,"name":"Assessments"}]},{"@type":"WebSite","@id":"https:\/\/www.nlacrc.org\/fa\/#website","url":"https:\/\/www.nlacrc.org\/fa\/","name":"Norte del condado de Los \u00c1ngeles","description":"Centro Regional","publisher":{"@id":"https:\/\/www.nlacrc.org\/fa\/#organization"},"potentialAction":[{"@type":"SearchAction","target":{"@type":"EntryPoint","urlTemplate":"https:\/\/www.nlacrc.org\/fa\/?s={search_term_string}"},"query-input":{"@type":"PropertyValueSpecification","valueRequired":true,"valueName":"search_term_string"}}],"inLanguage":"es"},{"@type":"Organization","@id":"https:\/\/www.nlacrc.org\/fa\/#organization","name":"Norte del condado de Los \u00c1ngeles","url":"https:\/\/www.nlacrc.org\/fa\/","logo":{"@type":"ImageObject","inLanguage":"es","@id":"https:\/\/www.nlacrc.org\/fa\/#\/schema\/logo\/image\/","url":"https:\/\/www.nlacrc.org\/wp-content\/uploads\/2024\/06\/logo.svg","contentUrl":"https:\/\/www.nlacrc.org\/wp-content\/uploads\/2024\/06\/logo.svg","width":131,"height":130,"caption":"North Los Angeles County"},"image":{"@id":"https:\/\/www.nlacrc.org\/fa\/#\/schema\/logo\/image\/"},"sameAs":["https:\/\/www.facebook.com\/NLACRC\/","https:\/\/x.com\/NLACRC"]}]}},"coauthors":[],"author_meta":{"author_link":"https:\/\/nlacrc.org\/es\/author\/planeteria\/","display_name":"planeteria"},"relative_dates":{"created":"Publicado 2 a\u00f1os hace","modified":"Actualizado 4 d\u00edas hace"},"absolute_dates":{"created":"Publicado el junio 5, 2024","modified":"Actualizado el mayo 1, 2026"},"absolute_dates_time":{"created":"Publicado el junio 5, 2024 9:30 am","modified":"Actualizado el mayo 1, 2026 10:22 am"},"featured_img_caption":"","featured_img":false,"series_order":"","_links":{"self":[{"href":"https:\/\/nlacrc.org\/es\/wp-json\/wp\/v2\/pages\/36639","targetHints":{"allow":["GET"]}}],"collection":[{"href":"https:\/\/nlacrc.org\/es\/wp-json\/wp\/v2\/pages"}],"about":[{"href":"https:\/\/nlacrc.org\/es\/wp-json\/wp\/v2\/types\/page"}],"author":[{"embeddable":true,"href":"https:\/\/nlacrc.org\/es\/wp-json\/wp\/v2\/users\/3"}],"replies":[{"embeddable":true,"href":"https:\/\/nlacrc.org\/es\/wp-json\/wp\/v2\/comments?post=36639"}],"version-history":[{"count":6,"href":"https:\/\/nlacrc.org\/es\/wp-json\/wp\/v2\/pages\/36639\/revisions"}],"predecessor-version":[{"id":62216,"href":"https:\/\/nlacrc.org\/es\/wp-json\/wp\/v2\/pages\/36639\/revisions\/62216"}],"up":[{"embeddable":true,"href":"https:\/\/nlacrc.org\/es\/wp-json\/wp\/v2\/pages\/36314"}],"wp:attachment":[{"href":"https:\/\/nlacrc.org\/es\/wp-json\/wp\/v2\/media?parent=36639"}],"curies":[{"name":"wp","href":"https:\/\/api.w.org\/{rel}","templated":true}]}}