{"id":36623,"date":"2024-06-05T09:34:30","date_gmt":"2024-06-05T16:34:30","guid":{"rendered":"https:\/\/www.nlacrc.org\/?page_id=36623"},"modified":"2026-03-06T12:25:58","modified_gmt":"2026-03-06T20:25:58","slug":"medi-cal-managed-care","status":"publish","type":"page","link":"https:\/\/nlacrc.org\/es\/consumers-families\/resources-for-consumers-families\/medi-cal-managed-care\/","title":{"rendered":"Atenci\u00f3n administrada de Medi-Cal"},"content":{"rendered":"<div class=\"wp-block-group is-layout-constrained wp-block-group-is-layout-constrained\">\n<h2 class=\"wp-block-heading has-text-align-center\">Plan de salud LA Care<\/h2>\n\n\n\n<p>Si es miembro actual de LA Care y tiene preguntas sobre su plan o beneficio, comun\u00edquese con su centro de llamadas para miembros disponible las 24 horas al <a href=\"tel: 8888399909\">(888) 839-9909<\/a>.<\/p>\n\n\n\n<h2 class=\"wp-block-heading has-text-align-center\">Tratamiento de salud conductual<\/h2>\n\n\n\n<p>LA Care cubre el tratamiento de salud conductual para miembros menores de 21 a\u00f1os con una recomendaci\u00f3n de un m\u00e9dico, cirujano o psic\u00f3logo autorizado que indique que los servicios de terapia conductual basados en evidencia son m\u00e9dicamente necesarios. Esto incluye el an\u00e1lisis conductual aplicado (ABA) y tratamientos basados en evidencia similares.<\/p>\n\n\n  \n\n<section class=\"contact_cards imagelist\" style=\"text-align:Left;\">\n            <div class=\"container\">\n                <div class=\"contactcard_row row one\">\n\t\t\t\t\t\t\t\t\t\t\t\t\t\t\t<div class=\"contact_col\">\n\t\t\t\t\t\t\t\t\t\t                        <div class=\"contact_box\">\n\t\t\t\t\t\t\t\t\t\t\t\t\t\t\t<div class=\"cont_img\"><\/div>\n\t\t\t\t\t\t\t                                <div class=\"cont_inner\">\n\t\t\t\t\t\t\t\t<h3>Tratamiento de salud conductual de LA Care (an\u00e1lisis conductual aplicado)<\/h3>\t\t\t\t\t\t\t\t                                <p>Para miembros de Medi-Cal menores de 21 a\u00f1os<\/p>\t\t\t\t\t\t\t\t\t\t\t\t\t\t\t\t\t\t\t\t\t\t\t\t\t<div class=\"tel_em_fax\">\n\t\t\t\t\t\t\t\t\t\t<p><strong>Yo:<\/strong> <a href=\"tel:(888) 347-2264\">(888) 347-2264<\/a><\/p>\t\t\t\t\t\t\t\t\t\t\t\t\t\t\t\t\t\t\t\t\t\t\t\t\t\t\t\t\t\t<p><a href=\"mailto:ASDBenefit@lacare.org\"> ASDBenefit@lacare.org<\/a><\/p>\t\t\t\t\t\t\t\t\t\t\t\t\t\t\t\t\t\t\t<\/div>\n\t\t\t\t\t\t\t\t                                <\/div>\n                        <\/div>\n\t\t\t\t\t                    <\/div>\n                                    <\/div>\n            <\/div>\n        <\/section>\n    \n\n    \n\n\n\n<p>Los servicios de salud conductual incluyen el tratamiento de trastornos de salud mental y de abuso de sustancias. LA Care ofrece estos servicios a trav\u00e9s de Carelon Behavioral Health.<\/p>\n\n\n  \n\n<section class=\"contact_cards imagelist\" style=\"text-align:Left;\">\n            <div class=\"container\">\n                <div class=\"contactcard_row row one\">\n\t\t\t\t\t\t\t\t\t\t\t\t\t\t\t<div class=\"contact_col\">\n\t\t\t\t\t\t\t\t\t\t                        <div class=\"contact_box\">\n\t\t\t\t\t\t\t\t\t\t\t\t\t\t\t<div class=\"cont_img\"><\/div>\n\t\t\t\t\t\t\t                                <div class=\"cont_inner\">\n\t\t\t\t\t\t\t\t\t\t\t\t\t\t\t\t<p><strong>Salud conductual de Carelon<\/strong><\/p>                                <p>Tel\u00e9fono de texto y tel\u00e9fono de contacto: (800) 735-2929<\/p>\t\t\t\t\t\t\t\t\t\t\t\t\t\t\t\t\t\t\t\t\t\t\t\t\t<div class=\"tel_em_fax\">\n\t\t\t\t\t\t\t\t\t\t<p><strong>Yo:<\/strong> <a href=\"tel:(877) 344-2858\">(877) 344-2858<\/a><\/p>\t\t\t\t\t\t\t\t\t\t\t\t\t\t\t\t\t\t\t\t\t\t\t\t\t\t\t\t\t\t\t\t\t\t\t\t\t\t\t\t\t\t\t\t\t\t\t\t\t<\/div>\n\t\t\t\t\t\t\t\t                                <\/div>\n                        <\/div>\n\t\t\t\t\t                    <\/div>\n                                    <\/div>\n            <\/div>\n        <\/section>\n    \n\n    \n\n\n\n<h2 class=\"wp-block-heading has-text-align-center\">Servicios y apoyos de atenci\u00f3n a largo plazo gestionados<\/h2>\n\n\n\n<p>LA Care ofrece servicios y apoyos de atenci\u00f3n a largo plazo administrados en los siguientes tipos de centros o hogares de atenci\u00f3n a largo plazo:<\/p>\n\n\n\n<ul class=\"wp-block-list\">\n<li>Servicios de un centro de enfermer\u00eda especializada aprobados por LA Care<\/li>\n\n\n\n<li>Servicios de atenci\u00f3n subaguda (incluidos los de adultos y ni\u00f1os) aprobados por LA Care<\/li>\n\n\n\n<li>Servicios basados en el hogar y la comunidad aprobados por LA Care<\/li>\n\n\n\n<li>Servicios comunitarios para adultos (CBAS)<\/li>\n\n\n\n<li>Servicios de apoyo en el hogar (IHSS)<\/li>\n\n\n\n<li>Los servicios de centros de atenci\u00f3n intermedia que aprueba LA Care incluyen:<\/li>\n\n\n\n<li>Centro de atenci\u00f3n intermedia\/discapacitados del desarrollo (ICF\/DD),<\/li>\n\n\n\n<li>Centro de atenci\u00f3n intermedia\/habilitaci\u00f3n para discapacitados del desarrollo (ICF\/DD-H) y<\/li>\n\n\n\n<li>Centro de cuidados intermedios\/enfermer\u00eda para personas con discapacidades del desarrollo (ICF\/DD-N)<\/li>\n<\/ul>\n\n\n\n<p>Si tiene preguntas sobre los servicios de atenci\u00f3n a largo plazo, llame a Servicios para Miembros al <a href=\"tel: 8888399909\">(888) 839-9909<\/a> o <a href=\"tel: 8554271223\">(855) 427-1223<\/a> (TTY: 711).<\/p>\n\n\n\n<div class=\"wp-block-buttons is-layout-flex wp-block-buttons-is-layout-flex\">\n<div class=\"wp-block-button\"><a class=\"wp-block-button__link wp-element-button\" href=\"https:\/\/www.lacare.org\/sites\/default\/files\/la4313_mcla_nmg_non-spd_en_202601rev.pdf\">2026 Medi-Cal New Member Guide<\/a><\/div>\n<\/div>\n<\/div>","protected":false},"excerpt":{"rendered":"Plan de salud LA Care Si es miembro actual de LA Care y tiene preguntas sobre su plan o [\u2026]","protected":false},"author":3,"featured_media":0,"parent":36619,"menu_order":53,"comment_status":"closed","ping_status":"closed","template":"","meta":{"_acf_changed":false,"advgb_blocks_editor_width":"","advgb_blocks_columns_visual_guide":"","_EventAllDay":false,"_EventTimezone":"","_EventStartDate":"","_EventEndDate":"","_EventStartDateUTC":"","_EventEndDateUTC":"","_EventShowMap":false,"_EventShowMapLink":false,"_EventURL":"","_EventCost":"","_EventCostDescription":"","_EventCurrencySymbol":"","_EventCurrencyCode":"","_EventCurrencyPosition":"","_EventDateTimeSeparator":"","_EventTimeRangeSeparator":"","_EventOrganizerID":[],"_EventVenueID":[],"_OrganizerEmail":"","_OrganizerPhone":"","_OrganizerWebsite":"","_VenueAddress":"","_VenueCity":"","_VenueCountry":"","_VenueProvince":"","_VenueState":"","_VenueZip":"","_VenuePhone":"","_VenueURL":"","_VenueStateProvince":"","_VenueLat":"","_VenueLng":"","_VenueShowMap":false,"_VenueShowMapLink":false,"_tribe_blocks_recurrence_rules":"","_tribe_blocks_recurrence_description":"","_tribe_blocks_recurrence_exclusions":"","footnotes":""},"class_list":["post-36623","page","type-page","status-publish","hentry"],"acf":[],"yoast_head":"<!-- This site is optimized with the Yoast SEO plugin v26.4 - https:\/\/yoast.com\/wordpress\/plugins\/seo\/ -->\n<title>Medi-Cal Managed Care -<\/title>\n<meta name=\"description\" content=\"Medi-Cal Managed Care - L.A Care Health Plan If you are a current member of L.A. Care and have questions about your plan or benefit, please contact their 24 hour member call\" \/>\n<meta name=\"robots\" content=\"index, follow, max-snippet:-1, max-image-preview:large, max-video-preview:-1\" \/>\n<link rel=\"canonical\" href=\"https:\/\/www.nlacrc.org\/consumers-families\/resources-for-consumers-families\/medi-cal-managed-care\/\" \/>\n<meta property=\"og:locale\" content=\"es_MX\" \/>\n<meta property=\"og:type\" content=\"article\" \/>\n<meta property=\"og:title\" content=\"Medi-Cal Managed Care -\" \/>\n<meta property=\"og:description\" content=\"Medi-Cal Managed Care - L.A Care Health Plan If you are a current member of L.A. Care and have questions about your plan or benefit, please contact their 24 hour member call\" \/>\n<meta property=\"og:url\" content=\"https:\/\/www.nlacrc.org\/consumers-families\/resources-for-consumers-families\/medi-cal-managed-care\/\" \/>\n<meta property=\"og:site_name\" content=\"North Los Angeles County\" \/>\n<meta property=\"article:publisher\" content=\"https:\/\/www.facebook.com\/NLACRC\/\" \/>\n<meta property=\"article:modified_time\" content=\"2026-03-06T20:25:58+00:00\" \/>\n<meta name=\"twitter:card\" content=\"summary_large_image\" \/>\n<meta name=\"twitter:site\" content=\"@NLACRC\" \/>\n<meta name=\"twitter:label1\" content=\"Est. reading time\" \/>\n\t<meta name=\"twitter:data1\" content=\"1 minuto\" \/>\n<script type=\"application\/ld+json\" class=\"yoast-schema-graph\">{\"@context\":\"https:\/\/schema.org\",\"@graph\":[{\"@type\":\"WebPage\",\"@id\":\"https:\/\/www.nlacrc.org\/consumers-families\/resources-for-consumers-families\/medi-cal-managed-care\/\",\"url\":\"https:\/\/www.nlacrc.org\/consumers-families\/resources-for-consumers-families\/medi-cal-managed-care\/\",\"name\":\"Medi-Cal Managed Care -\",\"isPartOf\":{\"@id\":\"https:\/\/www.nlacrc.org\/fa\/#website\"},\"datePublished\":\"2024-06-05T16:34:30+00:00\",\"dateModified\":\"2026-03-06T20:25:58+00:00\",\"description\":\"Medi-Cal Managed Care - L.A Care Health Plan If you are a current member of L.A. Care and have questions about your plan or benefit, please contact their 24 hour member call\",\"breadcrumb\":{\"@id\":\"https:\/\/www.nlacrc.org\/consumers-families\/resources-for-consumers-families\/medi-cal-managed-care\/#breadcrumb\"},\"inLanguage\":\"es\",\"potentialAction\":[{\"@type\":\"ReadAction\",\"target\":[\"https:\/\/www.nlacrc.org\/consumers-families\/resources-for-consumers-families\/medi-cal-managed-care\/\"]}]},{\"@type\":\"BreadcrumbList\",\"@id\":\"https:\/\/www.nlacrc.org\/consumers-families\/resources-for-consumers-families\/medi-cal-managed-care\/#breadcrumb\",\"itemListElement\":[{\"@type\":\"ListItem\",\"position\":1,\"name\":\"Home\",\"item\":\"https:\/\/www.nlacrc.org\/\"},{\"@type\":\"ListItem\",\"position\":2,\"name\":\"Consumers &amp; Families\",\"item\":\"https:\/\/nlacrc.org\/consumers-families\/\"},{\"@type\":\"ListItem\",\"position\":3,\"name\":\"Resources for Consumers &amp; Families\",\"item\":\"https:\/\/www.nlacrc.org\/hy\/consumers-families\/resources-for-consumers-families\/\"},{\"@type\":\"ListItem\",\"position\":4,\"name\":\"Medi-Cal Managed Care\"}]},{\"@type\":\"WebSite\",\"@id\":\"https:\/\/www.nlacrc.org\/fa\/#website\",\"url\":\"https:\/\/www.nlacrc.org\/fa\/\",\"name\":\"North Los Angeles County\",\"description\":\"Regional Center\",\"publisher\":{\"@id\":\"https:\/\/www.nlacrc.org\/fa\/#organization\"},\"potentialAction\":[{\"@type\":\"SearchAction\",\"target\":{\"@type\":\"EntryPoint\",\"urlTemplate\":\"https:\/\/www.nlacrc.org\/fa\/?s={search_term_string}\"},\"query-input\":{\"@type\":\"PropertyValueSpecification\",\"valueRequired\":true,\"valueName\":\"search_term_string\"}}],\"inLanguage\":\"es\"},{\"@type\":\"Organization\",\"@id\":\"https:\/\/www.nlacrc.org\/fa\/#organization\",\"name\":\"North Los Angeles County\",\"url\":\"https:\/\/www.nlacrc.org\/fa\/\",\"logo\":{\"@type\":\"ImageObject\",\"inLanguage\":\"es\",\"@id\":\"https:\/\/www.nlacrc.org\/fa\/#\/schema\/logo\/image\/\",\"url\":\"https:\/\/www.nlacrc.org\/wp-content\/uploads\/2024\/06\/logo.svg\",\"contentUrl\":\"https:\/\/www.nlacrc.org\/wp-content\/uploads\/2024\/06\/logo.svg\",\"width\":131,\"height\":130,\"caption\":\"North Los Angeles County\"},\"image\":{\"@id\":\"https:\/\/www.nlacrc.org\/fa\/#\/schema\/logo\/image\/\"},\"sameAs\":[\"https:\/\/www.facebook.com\/NLACRC\/\",\"https:\/\/x.com\/NLACRC\"]}]}<\/script>\n<!-- \/ Yoast SEO plugin. -->","yoast_head_json":{"title":"Medi-Cal Managed Care -","description":"Medi-Cal Managed Care - L.A Care Health Plan If you are a current member of L.A. Care and have questions about your plan or benefit, please contact their 24 hour member call","robots":{"index":"index","follow":"follow","max-snippet":"max-snippet:-1","max-image-preview":"max-image-preview:large","max-video-preview":"max-video-preview:-1"},"canonical":"https:\/\/www.nlacrc.org\/consumers-families\/resources-for-consumers-families\/medi-cal-managed-care\/","og_locale":"es_MX","og_type":"article","og_title":"Medi-Cal Managed Care -","og_description":"Medi-Cal Managed Care - L.A Care Health Plan If you are a current member of L.A. Care and have questions about your plan or benefit, please contact their 24 hour member call","og_url":"https:\/\/www.nlacrc.org\/consumers-families\/resources-for-consumers-families\/medi-cal-managed-care\/","og_site_name":"North Los Angeles County","article_publisher":"https:\/\/www.facebook.com\/NLACRC\/","article_modified_time":"2026-03-06T20:25:58+00:00","twitter_card":"summary_large_image","twitter_site":"@NLACRC","twitter_misc":{"Est. reading time":"1 minuto"},"schema":{"@context":"https:\/\/schema.org","@graph":[{"@type":"WebPage","@id":"https:\/\/www.nlacrc.org\/consumers-families\/resources-for-consumers-families\/medi-cal-managed-care\/","url":"https:\/\/www.nlacrc.org\/consumers-families\/resources-for-consumers-families\/medi-cal-managed-care\/","name":"Medi-Cal Managed Care -","isPartOf":{"@id":"https:\/\/www.nlacrc.org\/fa\/#website"},"datePublished":"2024-06-05T16:34:30+00:00","dateModified":"2026-03-06T20:25:58+00:00","description":"Medi-Cal Managed Care - L.A Care Health Plan If you are a current member of L.A. Care and have questions about your plan or benefit, please contact their 24 hour member call","breadcrumb":{"@id":"https:\/\/www.nlacrc.org\/consumers-families\/resources-for-consumers-families\/medi-cal-managed-care\/#breadcrumb"},"inLanguage":"es","potentialAction":[{"@type":"ReadAction","target":["https:\/\/www.nlacrc.org\/consumers-families\/resources-for-consumers-families\/medi-cal-managed-care\/"]}]},{"@type":"BreadcrumbList","@id":"https:\/\/www.nlacrc.org\/consumers-families\/resources-for-consumers-families\/medi-cal-managed-care\/#breadcrumb","itemListElement":[{"@type":"ListItem","position":1,"name":"Home","item":"https:\/\/www.nlacrc.org\/"},{"@type":"ListItem","position":2,"name":"Consumers &amp; Families","item":"https:\/\/nlacrc.org\/consumers-families\/"},{"@type":"ListItem","position":3,"name":"Resources for Consumers &amp; Families","item":"https:\/\/www.nlacrc.org\/hy\/consumers-families\/resources-for-consumers-families\/"},{"@type":"ListItem","position":4,"name":"Medi-Cal Managed Care"}]},{"@type":"WebSite","@id":"https:\/\/www.nlacrc.org\/fa\/#website","url":"https:\/\/www.nlacrc.org\/fa\/","name":"Norte del condado de Los \u00c1ngeles","description":"Centro Regional","publisher":{"@id":"https:\/\/www.nlacrc.org\/fa\/#organization"},"potentialAction":[{"@type":"SearchAction","target":{"@type":"EntryPoint","urlTemplate":"https:\/\/www.nlacrc.org\/fa\/?s={search_term_string}"},"query-input":{"@type":"PropertyValueSpecification","valueRequired":true,"valueName":"search_term_string"}}],"inLanguage":"es"},{"@type":"Organization","@id":"https:\/\/www.nlacrc.org\/fa\/#organization","name":"Norte del condado de Los \u00c1ngeles","url":"https:\/\/www.nlacrc.org\/fa\/","logo":{"@type":"ImageObject","inLanguage":"es","@id":"https:\/\/www.nlacrc.org\/fa\/#\/schema\/logo\/image\/","url":"https:\/\/www.nlacrc.org\/wp-content\/uploads\/2024\/06\/logo.svg","contentUrl":"https:\/\/www.nlacrc.org\/wp-content\/uploads\/2024\/06\/logo.svg","width":131,"height":130,"caption":"North Los Angeles County"},"image":{"@id":"https:\/\/www.nlacrc.org\/fa\/#\/schema\/logo\/image\/"},"sameAs":["https:\/\/www.facebook.com\/NLACRC\/","https:\/\/x.com\/NLACRC"]}]}},"coauthors":[],"author_meta":{"author_link":"https:\/\/nlacrc.org\/es\/author\/planeteria\/","display_name":"planeteria"},"relative_dates":{"created":"Publicado 2 a\u00f1os hace","modified":"Actualizado 1 mes hace"},"absolute_dates":{"created":"Publicado el junio 5, 2024","modified":"Actualizado el marzo 6, 2026"},"absolute_dates_time":{"created":"Publicado el junio 5, 2024 9:34 am","modified":"Actualizado el marzo 6, 2026 12:25 pm"},"featured_img_caption":"","featured_img":false,"series_order":"","_links":{"self":[{"href":"https:\/\/nlacrc.org\/es\/wp-json\/wp\/v2\/pages\/36623","targetHints":{"allow":["GET"]}}],"collection":[{"href":"https:\/\/nlacrc.org\/es\/wp-json\/wp\/v2\/pages"}],"about":[{"href":"https:\/\/nlacrc.org\/es\/wp-json\/wp\/v2\/types\/page"}],"author":[{"embeddable":true,"href":"https:\/\/nlacrc.org\/es\/wp-json\/wp\/v2\/users\/3"}],"replies":[{"embeddable":true,"href":"https:\/\/nlacrc.org\/es\/wp-json\/wp\/v2\/comments?post=36623"}],"version-history":[{"count":8,"href":"https:\/\/nlacrc.org\/es\/wp-json\/wp\/v2\/pages\/36623\/revisions"}],"predecessor-version":[{"id":59801,"href":"https:\/\/nlacrc.org\/es\/wp-json\/wp\/v2\/pages\/36623\/revisions\/59801"}],"up":[{"embeddable":true,"href":"https:\/\/nlacrc.org\/es\/wp-json\/wp\/v2\/pages\/36619"}],"wp:attachment":[{"href":"https:\/\/nlacrc.org\/es\/wp-json\/wp\/v2\/media?parent=36623"}],"curies":[{"name":"wp","href":"https:\/\/api.w.org\/{rel}","templated":true}]}}