{"id":36619,"date":"2024-06-05T09:36:28","date_gmt":"2024-06-05T16:36:28","guid":{"rendered":"https:\/\/www.nlacrc.org\/?page_id=36619"},"modified":"2025-04-11T09:46:58","modified_gmt":"2025-04-11T16:46:58","slug":"resources-for-consumers-families","status":"publish","type":"page","link":"https:\/\/nlacrc.org\/es\/consumers-families\/resources-for-consumers-families\/","title":{"rendered":"Recursos para consumidores y familias"},"content":{"rendered":"<div class=\"wp-block-group alignfull is-layout-constrained wp-block-group-is-layout-constrained\">\n<div class=\"wp-block-media-text alignfull is-stacked-on-mobile\"><figure class=\"wp-block-media-text__media\"><img loading=\"lazy\" decoding=\"async\" width=\"1024\" height=\"683\" src=\"https:\/\/www.nlacrc.org\/wp-content\/uploads\/2024\/06\/group_of_young_professionals_3_2_1600-1024x683.jpg\" alt=\"a group of young professionals standing behind a desk\" class=\"wp-image-37592 size-full\" srcset=\"https:\/\/nlacrc.org\/wp-content\/uploads\/2024\/06\/group_of_young_professionals_3_2_1600-1024x683.jpg 1024w, https:\/\/nlacrc.org\/wp-content\/uploads\/2024\/06\/group_of_young_professionals_3_2_1600-300x200.jpg 300w, https:\/\/nlacrc.org\/wp-content\/uploads\/2024\/06\/group_of_young_professionals_3_2_1600-768x512.jpg 768w, https:\/\/nlacrc.org\/wp-content\/uploads\/2024\/06\/group_of_young_professionals_3_2_1600-1536x1024.jpg 1536w, https:\/\/nlacrc.org\/wp-content\/uploads\/2024\/06\/group_of_young_professionals_3_2_1600.jpg 1600w, https:\/\/nlacrc.org\/wp-content\/uploads\/2024\/06\/group_of_young_professionals_3_2_1600-720x480.jpg 720w, https:\/\/nlacrc.org\/wp-content\/uploads\/2024\/06\/group_of_young_professionals_3_2_1600-600x400.jpg 600w, https:\/\/nlacrc.org\/wp-content\/uploads\/2024\/06\/group_of_young_professionals_3_2_1600-24x16.jpg 24w, https:\/\/nlacrc.org\/wp-content\/uploads\/2024\/06\/group_of_young_professionals_3_2_1600-36x24.jpg 36w, https:\/\/nlacrc.org\/wp-content\/uploads\/2024\/06\/group_of_young_professionals_3_2_1600-48x32.jpg 48w\" sizes=\"auto, (max-width: 1024px) 100vw, 1024px\" \/><\/figure><div class=\"wp-block-media-text__content\">\n<p><strong>Los centros regionales tienen el mandato no s\u00f3lo de atender a personas con discapacidades del desarrollo, sino tambi\u00e9n de proporcionar servicios de la manera m\u00e1s rentable posible.<\/strong> <\/p>\n\n\n\n<p>Estamos obligados por la <em>Ley Lanterman<\/em> utilizar todos los dem\u00e1s recursos o recursos gen\u00e9ricos primero antes de utilizar los fondos del centro regional.<\/p>\n\n\n\n<p>Una agencia gen\u00e9rica es aquella que tiene la responsabilidad legal de servir a todos los miembros del p\u00fablico en general y recibe fondos p\u00fablicos para proporcionar esos servicios.<\/p>\n\n\n\n<p>Los servicios y apoyos gen\u00e9ricos est\u00e1n disponibles para cualquier persona en la comunidad. Estos incluyen servicios y apoyos proporcionados por agencias gubernamentales como Medi-Cal, Seguridad Social y servicios para personas mayores.<\/p>\n\n\n\n<p>Tambi\u00e9n se pueden proporcionar servicios y apoyos gen\u00e9ricos a trav\u00e9s de apoyos naturales, distritos escolares, organizaciones no gubernamentales como Easter Seals Society, agencias de servicios familiares, organizaciones religiosas, etc.<\/p>\n\n\n\n<p><\/p>\n<\/div><\/div>\n<\/div>\n\n\n\n<div class=\"wp-block-group has-secondary-background-color has-background is-layout-constrained wp-block-group-is-layout-constrained\">\n<h2 class=\"wp-block-heading has-text-align-center\">M\u00e1s informaci\u00f3n<\/h2>\n\n\n<section class=\"button_list list\">\n              <div class=\"container\">\n               <!--<h2 class=\"text-center\">Button List<\/h2>-->\n               <div class=\"simple_list_wrap\">\n                    <div class=\"simple_list_info\">\n                        <div class=\"row no-margin four\">\n\t\t\t\t\t\t\t                            \t\t\t\t\t\t\t\t\t\t\t\t\t\t<div class=\"col-lg-3 col-md-3 simple_list_col\">\n\t\t\t\t\t\t\t                                <a href=\"https:\/\/nlacrc.org\/es\/consumers-families\/resources-for-consumers-families\/enhanced-service-coordination\/\" class=\"\" target=\"\">Coordinaci\u00f3n de servicios mejorada<\/a>\n                            <\/div>\n                            \t\t\t\t\t\t\t                            \t\t\t\t\t\t\t\t\t\t\t\t\t\t<div class=\"col-lg-3 col-md-3 simple_list_col\">\n\t\t\t\t\t\t\t                                <a href=\"https:\/\/nlacrc.org\/es\/consumers-families\/resources-for-consumers-families\/medi-cal-managed-care\/\" class=\"\" target=\"\">Atenci\u00f3n administrada de Medi-Cal<\/a>\n                            <\/div>\n                            \t\t\t\t\t\t\t                            \t\t\t\t\t\t\t\t\t\t\t\t\t\t<div class=\"col-lg-3 col-md-3 simple_list_col\">\n\t\t\t\t\t\t\t                                <a href=\"https:\/\/nlacrc.org\/es\/consumers-families\/resources-for-consumers-families\/new-consumer-orientation-packet\/\" class=\"\" target=\"\">Nuevo paquete de orientaci\u00f3n al consumidor<\/a>\n                            <\/div>\n                            \t\t\t\t\t\t\t                            \t\t\t\t\t\t\t\t\t\t\t\t\t\t<div class=\"col-lg-3 col-md-3 simple_list_col\">\n\t\t\t\t\t\t\t                                <a href=\"https:\/\/nlacrc.org\/es\/consumers-families\/resources-for-consumers-families\/generic-resources\/\" class=\"\" target=\"\">Recursos gen\u00e9ricos<\/a>\n                            <\/div>\n                            \t\t\t\t\t\t\t                            \t\t\t\t\t\t\t\t\t\t\t\t\t\t<div class=\"col-lg-3 col-md-3 simple_list_col\">\n\t\t\t\t\t\t\t                                <a href=\"https:\/\/nlacrc.org\/es\/consumers-families\/resources-for-consumers-families\/emergency-preparedness\/\" class=\"\" target=\"\">Preparaci\u00f3n para emergencias<\/a>\n                            <\/div>\n                            \t\t\t\t\t\t\t                            \t\t\t\t\t\t\t\t\t\t\t\t\t\t<div class=\"col-lg-3 col-md-3 simple_list_col\">\n\t\t\t\t\t\t\t                                <a href=\"https:\/\/nlacrc.org\/es\/consumers-families\/resources-for-consumers-families\/mental-health-wellness\/\" class=\"\" target=\"\">Salud mental y bienestar<\/a>\n                            <\/div>\n                            \t\t\t\t\t\t\t                            \t\t\t\t\t\t\t\t\t\t\t\t\t\t<div class=\"col-lg-3 col-md-3 simple_list_col\">\n\t\t\t\t\t\t\t                                <a href=\"https:\/\/nlacrc.org\/es\/consumers-families\/resources-for-consumers-families\/cultural-awareness\/\" class=\"\" target=\"\">Conciencia cultural<\/a>\n                            <\/div>\n                            \t\t\t\t\t\t\t                            \t\t\t\t\t\t\t\t\t\t\t\t\t\t<div class=\"col-lg-3 col-md-3 simple_list_col\">\n\t\t\t\t\t\t\t                                <a href=\"https:\/\/nlacrc.org\/es\/support-groups\/\" class=\"\" target=\"\">Grupos de apoyo<\/a>\n                            <\/div>\n                            \t\t\t\t\t\t\t                            \t\t\t\t\t\t\t\t\t\t\t\t\t\t<div class=\"col-lg-3 col-md-3 simple_list_col\">\n\t\t\t\t\t\t\t                                <a href=\"https:\/\/nlacrc.org\/es\/resource-center\/\" class=\"\" target=\"\">Centro de recursos<\/a>\n                            <\/div>\n                            \t\t\t\t\t\t\t                        <\/div>\n                    <\/div>\n            <\/div>\n              <\/div>\n      <\/section>\n<\/div>","protected":false},"excerpt":{"rendered":"Los centros regionales tienen el mandato no s\u00f3lo de atender a personas con discapacidades del desarrollo, sino tambi\u00e9n de brindar servicios de la manera m\u00e1s [\u2026]","protected":false},"author":3,"featured_media":0,"parent":36314,"menu_order":55,"comment_status":"closed","ping_status":"closed","template":"","meta":{"_acf_changed":false,"advgb_blocks_editor_width":"","advgb_blocks_columns_visual_guide":"","_EventAllDay":false,"_EventTimezone":"","_EventStartDate":"","_EventEndDate":"","_EventStartDateUTC":"","_EventEndDateUTC":"","_EventShowMap":false,"_EventShowMapLink":false,"_EventURL":"","_EventCost":"","_EventCostDescription":"","_EventCurrencySymbol":"","_EventCurrencyCode":"","_EventCurrencyPosition":"","_EventDateTimeSeparator":"","_EventTimeRangeSeparator":"","_EventOrganizerID":[],"_EventVenueID":[],"_OrganizerEmail":"","_OrganizerPhone":"","_OrganizerWebsite":"","_VenueAddress":"","_VenueCity":"","_VenueCountry":"","_VenueProvince":"","_VenueState":"","_VenueZip":"","_VenuePhone":"","_VenueURL":"","_VenueStateProvince":"","_VenueLat":"","_VenueLng":"","_VenueShowMap":false,"_VenueShowMapLink":false,"_tribe_blocks_recurrence_rules":"","_tribe_blocks_recurrence_description":"","_tribe_blocks_recurrence_exclusions":"","footnotes":""},"class_list":["post-36619","page","type-page","status-publish","hentry"],"acf":[],"yoast_head":"<!-- This site is optimized with the Yoast SEO plugin v26.4 - https:\/\/yoast.com\/wordpress\/plugins\/seo\/ -->\n<title>Resources for Consumers &amp; Families -<\/title>\n<meta name=\"description\" content=\"Resources for Consumers &amp; Families - Regional centers have a mandate not only to serve persons with developmental disabilities, but to provide services in the most cost-effective manner\" \/>\n<meta name=\"robots\" content=\"index, follow, max-snippet:-1, max-image-preview:large, max-video-preview:-1\" \/>\n<link rel=\"canonical\" href=\"https:\/\/www.nlacrc.org\/hy\/consumers-families\/resources-for-consumers-families\/\" \/>\n<meta property=\"og:locale\" content=\"es_MX\" \/>\n<meta property=\"og:type\" content=\"article\" \/>\n<meta property=\"og:title\" content=\"Resources for Consumers &amp; Families -\" \/>\n<meta property=\"og:description\" content=\"Resources for Consumers &amp; Families - Regional centers have a mandate not only to serve persons with developmental disabilities, but to provide services in the most cost-effective manner\" \/>\n<meta property=\"og:url\" content=\"https:\/\/www.nlacrc.org\/hy\/consumers-families\/resources-for-consumers-families\/\" \/>\n<meta property=\"og:site_name\" content=\"North Los Angeles County\" \/>\n<meta property=\"article:publisher\" content=\"https:\/\/www.facebook.com\/NLACRC\/\" \/>\n<meta property=\"article:modified_time\" content=\"2025-04-11T16:46:58+00:00\" \/>\n<meta property=\"og:image\" content=\"https:\/\/www.nlacrc.org\/wp-content\/uploads\/2024\/06\/group_of_young_professionals_3_2_1600-1024x683.jpg\" \/>\n<meta name=\"twitter:card\" content=\"summary_large_image\" \/>\n<meta name=\"twitter:site\" content=\"@NLACRC\" \/>\n<meta name=\"twitter:label1\" content=\"Est. reading time\" \/>\n\t<meta name=\"twitter:data1\" content=\"1 minuto\" \/>\n<script type=\"application\/ld+json\" class=\"yoast-schema-graph\">{\"@context\":\"https:\/\/schema.org\",\"@graph\":[{\"@type\":\"WebPage\",\"@id\":\"https:\/\/www.nlacrc.org\/hy\/consumers-families\/resources-for-consumers-families\/\",\"url\":\"https:\/\/www.nlacrc.org\/hy\/consumers-families\/resources-for-consumers-families\/\",\"name\":\"Resources for Consumers &amp; Families -\",\"isPartOf\":{\"@id\":\"https:\/\/www.nlacrc.org\/fa\/#website\"},\"primaryImageOfPage\":{\"@id\":\"https:\/\/www.nlacrc.org\/hy\/consumers-families\/resources-for-consumers-families\/#primaryimage\"},\"image\":{\"@id\":\"https:\/\/www.nlacrc.org\/hy\/consumers-families\/resources-for-consumers-families\/#primaryimage\"},\"thumbnailUrl\":\"https:\/\/www.nlacrc.org\/wp-content\/uploads\/2024\/06\/group_of_young_professionals_3_2_1600-1024x683.jpg\",\"datePublished\":\"2024-06-05T16:36:28+00:00\",\"dateModified\":\"2025-04-11T16:46:58+00:00\",\"description\":\"Resources for Consumers &amp; Families - Regional centers have a mandate not only to serve persons with developmental disabilities, but to provide services in the most cost-effective manner\",\"breadcrumb\":{\"@id\":\"https:\/\/www.nlacrc.org\/hy\/consumers-families\/resources-for-consumers-families\/#breadcrumb\"},\"inLanguage\":\"es\",\"potentialAction\":[{\"@type\":\"ReadAction\",\"target\":[\"https:\/\/www.nlacrc.org\/hy\/consumers-families\/resources-for-consumers-families\/\"]}]},{\"@type\":\"ImageObject\",\"inLanguage\":\"es\",\"@id\":\"https:\/\/www.nlacrc.org\/hy\/consumers-families\/resources-for-consumers-families\/#primaryimage\",\"url\":\"https:\/\/www.nlacrc.org\/wp-content\/uploads\/2024\/06\/group_of_young_professionals_3_2_1600-1024x683.jpg\",\"contentUrl\":\"https:\/\/www.nlacrc.org\/wp-content\/uploads\/2024\/06\/group_of_young_professionals_3_2_1600-1024x683.jpg\"},{\"@type\":\"BreadcrumbList\",\"@id\":\"https:\/\/www.nlacrc.org\/hy\/consumers-families\/resources-for-consumers-families\/#breadcrumb\",\"itemListElement\":[{\"@type\":\"ListItem\",\"position\":1,\"name\":\"Home\",\"item\":\"https:\/\/www.nlacrc.org\/\"},{\"@type\":\"ListItem\",\"position\":2,\"name\":\"Consumers &amp; Families\",\"item\":\"https:\/\/nlacrc.org\/consumers-families\/\"},{\"@type\":\"ListItem\",\"position\":3,\"name\":\"Resources for Consumers &amp; Families\"}]},{\"@type\":\"WebSite\",\"@id\":\"https:\/\/www.nlacrc.org\/fa\/#website\",\"url\":\"https:\/\/www.nlacrc.org\/fa\/\",\"name\":\"North Los Angeles County\",\"description\":\"Regional Center\",\"publisher\":{\"@id\":\"https:\/\/www.nlacrc.org\/fa\/#organization\"},\"potentialAction\":[{\"@type\":\"SearchAction\",\"target\":{\"@type\":\"EntryPoint\",\"urlTemplate\":\"https:\/\/www.nlacrc.org\/fa\/?s={search_term_string}\"},\"query-input\":{\"@type\":\"PropertyValueSpecification\",\"valueRequired\":true,\"valueName\":\"search_term_string\"}}],\"inLanguage\":\"es\"},{\"@type\":\"Organization\",\"@id\":\"https:\/\/www.nlacrc.org\/fa\/#organization\",\"name\":\"North Los Angeles County\",\"url\":\"https:\/\/www.nlacrc.org\/fa\/\",\"logo\":{\"@type\":\"ImageObject\",\"inLanguage\":\"es\",\"@id\":\"https:\/\/www.nlacrc.org\/fa\/#\/schema\/logo\/image\/\",\"url\":\"https:\/\/www.nlacrc.org\/wp-content\/uploads\/2024\/06\/logo.svg\",\"contentUrl\":\"https:\/\/www.nlacrc.org\/wp-content\/uploads\/2024\/06\/logo.svg\",\"width\":131,\"height\":130,\"caption\":\"North Los Angeles County\"},\"image\":{\"@id\":\"https:\/\/www.nlacrc.org\/fa\/#\/schema\/logo\/image\/\"},\"sameAs\":[\"https:\/\/www.facebook.com\/NLACRC\/\",\"https:\/\/x.com\/NLACRC\"]}]}<\/script>\n<!-- \/ Yoast SEO plugin. -->","yoast_head_json":{"title":"Resources for Consumers &amp; Families -","description":"Resources for Consumers &amp; Families - Regional centers have a mandate not only to serve persons with developmental disabilities, but to provide services in the most cost-effective manner","robots":{"index":"index","follow":"follow","max-snippet":"max-snippet:-1","max-image-preview":"max-image-preview:large","max-video-preview":"max-video-preview:-1"},"canonical":"https:\/\/www.nlacrc.org\/hy\/consumers-families\/resources-for-consumers-families\/","og_locale":"es_MX","og_type":"article","og_title":"Resources for Consumers &amp; Families -","og_description":"Resources for Consumers &amp; Families - Regional centers have a mandate not only to serve persons with developmental disabilities, but to provide services in the most cost-effective manner","og_url":"https:\/\/www.nlacrc.org\/hy\/consumers-families\/resources-for-consumers-families\/","og_site_name":"North Los Angeles County","article_publisher":"https:\/\/www.facebook.com\/NLACRC\/","article_modified_time":"2025-04-11T16:46:58+00:00","og_image":[{"url":"https:\/\/www.nlacrc.org\/wp-content\/uploads\/2024\/06\/group_of_young_professionals_3_2_1600-1024x683.jpg","type":"","width":"","height":""}],"twitter_card":"summary_large_image","twitter_site":"@NLACRC","twitter_misc":{"Est. reading time":"1 minuto"},"schema":{"@context":"https:\/\/schema.org","@graph":[{"@type":"WebPage","@id":"https:\/\/www.nlacrc.org\/hy\/consumers-families\/resources-for-consumers-families\/","url":"https:\/\/www.nlacrc.org\/hy\/consumers-families\/resources-for-consumers-families\/","name":"Resources for Consumers &amp; Families -","isPartOf":{"@id":"https:\/\/www.nlacrc.org\/fa\/#website"},"primaryImageOfPage":{"@id":"https:\/\/www.nlacrc.org\/hy\/consumers-families\/resources-for-consumers-families\/#primaryimage"},"image":{"@id":"https:\/\/www.nlacrc.org\/hy\/consumers-families\/resources-for-consumers-families\/#primaryimage"},"thumbnailUrl":"https:\/\/www.nlacrc.org\/wp-content\/uploads\/2024\/06\/group_of_young_professionals_3_2_1600-1024x683.jpg","datePublished":"2024-06-05T16:36:28+00:00","dateModified":"2025-04-11T16:46:58+00:00","description":"Resources for Consumers &amp; Families - Regional centers have a mandate not only to serve persons with developmental disabilities, but to provide services in the most cost-effective manner","breadcrumb":{"@id":"https:\/\/www.nlacrc.org\/hy\/consumers-families\/resources-for-consumers-families\/#breadcrumb"},"inLanguage":"es","potentialAction":[{"@type":"ReadAction","target":["https:\/\/www.nlacrc.org\/hy\/consumers-families\/resources-for-consumers-families\/"]}]},{"@type":"ImageObject","inLanguage":"es","@id":"https:\/\/www.nlacrc.org\/hy\/consumers-families\/resources-for-consumers-families\/#primaryimage","url":"https:\/\/www.nlacrc.org\/wp-content\/uploads\/2024\/06\/group_of_young_professionals_3_2_1600-1024x683.jpg","contentUrl":"https:\/\/www.nlacrc.org\/wp-content\/uploads\/2024\/06\/group_of_young_professionals_3_2_1600-1024x683.jpg"},{"@type":"BreadcrumbList","@id":"https:\/\/www.nlacrc.org\/hy\/consumers-families\/resources-for-consumers-families\/#breadcrumb","itemListElement":[{"@type":"ListItem","position":1,"name":"Home","item":"https:\/\/www.nlacrc.org\/"},{"@type":"ListItem","position":2,"name":"Consumers &amp; Families","item":"https:\/\/nlacrc.org\/consumers-families\/"},{"@type":"ListItem","position":3,"name":"Resources for Consumers &amp; Families"}]},{"@type":"WebSite","@id":"https:\/\/www.nlacrc.org\/fa\/#website","url":"https:\/\/www.nlacrc.org\/fa\/","name":"Norte del condado de Los \u00c1ngeles","description":"Centro Regional","publisher":{"@id":"https:\/\/www.nlacrc.org\/fa\/#organization"},"potentialAction":[{"@type":"SearchAction","target":{"@type":"EntryPoint","urlTemplate":"https:\/\/www.nlacrc.org\/fa\/?s={search_term_string}"},"query-input":{"@type":"PropertyValueSpecification","valueRequired":true,"valueName":"search_term_string"}}],"inLanguage":"es"},{"@type":"Organization","@id":"https:\/\/www.nlacrc.org\/fa\/#organization","name":"Norte del condado de Los \u00c1ngeles","url":"https:\/\/www.nlacrc.org\/fa\/","logo":{"@type":"ImageObject","inLanguage":"es","@id":"https:\/\/www.nlacrc.org\/fa\/#\/schema\/logo\/image\/","url":"https:\/\/www.nlacrc.org\/wp-content\/uploads\/2024\/06\/logo.svg","contentUrl":"https:\/\/www.nlacrc.org\/wp-content\/uploads\/2024\/06\/logo.svg","width":131,"height":130,"caption":"North Los Angeles County"},"image":{"@id":"https:\/\/www.nlacrc.org\/fa\/#\/schema\/logo\/image\/"},"sameAs":["https:\/\/www.facebook.com\/NLACRC\/","https:\/\/x.com\/NLACRC"]}]}},"coauthors":[],"author_meta":{"author_link":"https:\/\/nlacrc.org\/es\/author\/planeteria\/","display_name":"planeteria"},"relative_dates":{"created":"Publicado 2 a\u00f1os hace","modified":"Actualizado 12 meses hace"},"absolute_dates":{"created":"Publicado el junio 5, 2024","modified":"Actualizado el abril 11, 2025"},"absolute_dates_time":{"created":"Publicado el junio 5, 2024 9:36 am","modified":"Actualizado el abril 11, 2025 9:46 am"},"featured_img_caption":"","featured_img":false,"series_order":"","_links":{"self":[{"href":"https:\/\/nlacrc.org\/es\/wp-json\/wp\/v2\/pages\/36619","targetHints":{"allow":["GET"]}}],"collection":[{"href":"https:\/\/nlacrc.org\/es\/wp-json\/wp\/v2\/pages"}],"about":[{"href":"https:\/\/nlacrc.org\/es\/wp-json\/wp\/v2\/types\/page"}],"author":[{"embeddable":true,"href":"https:\/\/nlacrc.org\/es\/wp-json\/wp\/v2\/users\/3"}],"replies":[{"embeddable":true,"href":"https:\/\/nlacrc.org\/es\/wp-json\/wp\/v2\/comments?post=36619"}],"version-history":[{"count":6,"href":"https:\/\/nlacrc.org\/es\/wp-json\/wp\/v2\/pages\/36619\/revisions"}],"predecessor-version":[{"id":52704,"href":"https:\/\/nlacrc.org\/es\/wp-json\/wp\/v2\/pages\/36619\/revisions\/52704"}],"up":[{"embeddable":true,"href":"https:\/\/nlacrc.org\/es\/wp-json\/wp\/v2\/pages\/36314"}],"wp:attachment":[{"href":"https:\/\/nlacrc.org\/es\/wp-json\/wp\/v2\/media?parent=36619"}],"curies":[{"name":"wp","href":"https:\/\/api.w.org\/{rel}","templated":true}]}}