{"id":36611,"date":"2024-06-05T09:31:57","date_gmt":"2024-06-05T16:31:57","guid":{"rendered":"https:\/\/www.nlacrc.org\/?page_id=36611"},"modified":"2024-06-17T09:36:41","modified_gmt":"2024-06-17T16:36:41","slug":"coordinated-family-support-services-pilot-program","status":"publish","type":"page","link":"https:\/\/nlacrc.org\/es\/consumers-families\/adults\/coordinated-family-support-services-pilot-program\/","title":{"rendered":"Programa piloto de servicios coordinados de apoyo familiar"},"content":{"rendered":"<div class=\"wp-block-group is-layout-constrained wp-block-group-is-layout-constrained\">\n<h2 class=\"wp-block-heading has-text-align-center\">Programa piloto de servicios de apoyo familiar coordinado para consumidores adultos que residen con su familia<\/h2>\n\n\n\n<p>El estado de California lanzar\u00e1 un programa piloto de servicios de apoyo familiar coordinado (CFS) en enero de 2023 para consumidores adultos con discapacidades que viven con sus familias. Este programa tiene como objetivo brindar servicios y apoyo personalizados a estos consumidores, respetando su idioma, etnia y cultura.<\/p>\n\n\n\n<div class=\"wp-block-buttons is-layout-flex wp-block-buttons-is-layout-flex\">\n<div class=\"wp-block-button\"><a class=\"wp-block-button__link wp-element-button\" href=\"https:\/\/www.dds.ca.gov\/services\/coordinated-family-support-service\/\" target=\"_blank\" rel=\"noreferrer noopener\">Ver m\u00e1s informaci\u00f3n sobre los servicios para el SFC<\/a><\/div>\n<\/div>\n\n\n\n<h3 class=\"wp-block-heading\">Hojas informativas sobre el programa<\/h3>\n\n\n<div class=\"document_era list\">\r\n\t\t<div class=\"col-md-12\">\r\n\t\t\t\t\t\t\t\t\t<a class=\"doc_block\" href=\"https:\/\/nlacrc.org\/wp-content\/uploads\/2024\/06\/Coordinated-Family-Support-Fact-Sheet-English.pdf\" target=\"_blank\"><img decoding=\"async\" src=\"https:\/\/nlacrc.org\/wp-content\/themes\/planeteriaweb\/img\/PDF.svg\" class=\"img_icon\" alt=\"download this document\" width=\"17px\"><span>Ingl\u00e9s<\/span><\/a>\r\n\t\t\t\t\t\t\t\t\t\t\t\t<a class=\"doc_block\" href=\"https:\/\/nlacrc.org\/wp-content\/uploads\/2024\/06\/Coordinated-Family-Support-Fact-Sheet-Spanish.pdf\" target=\"_blank\"><img decoding=\"async\" src=\"https:\/\/nlacrc.org\/wp-content\/themes\/planeteriaweb\/img\/PDF.svg\" class=\"img_icon\" alt=\"download this document\" width=\"17px\"><span>Espa\u00f1ol<\/span><\/a>\r\n\t\t\t\t\t\t\t\t\t\t\t\t<a class=\"doc_block\" href=\"https:\/\/nlacrc.org\/wp-content\/uploads\/2024\/06\/Coordinated-Family-Support-Fact-Sheet-Armenian.pdf\" target=\"_blank\"><img decoding=\"async\" src=\"https:\/\/nlacrc.org\/wp-content\/themes\/planeteriaweb\/img\/PDF.svg\" class=\"img_icon\" alt=\"download this document\" width=\"17px\"><span>armenio<\/span><\/a>\r\n\t\t\t\t\t\t\t<\/div>\r\n<\/div>\r\n\n\n\n<p>Los consumidores y las familias que tengan preguntas deben comunicarse con el coordinador de servicios de su centro regional.<\/p>\n<\/div>\n\n\n\n<div class=\"wp-block-group is-layout-constrained wp-block-group-is-layout-constrained\">\n<h2 class=\"wp-block-heading has-text-align-center\">Seminarios web de febrero<\/h2>\n\n\n\n<p>A continuaci\u00f3n se encuentran enlaces a las diapositivas de presentaci\u00f3n y grabaciones de los seminarios web de febrero en espa\u00f1ol y en ingl\u00e9s.<\/p>\n\n\n<div class=\"document_era list\">\r\n\t\t<div class=\"col-md-12\">\r\n\t\t\t\t\t\t\t\t\t<a class=\"doc_block\" href=\"https:\/\/nlacrc.org\/wp-content\/uploads\/2024\/06\/Coordinate-Family-Support-Services-Webinar-Presentation.pdf\" target=\"_blank\"><img decoding=\"async\" src=\"https:\/\/nlacrc.org\/wp-content\/themes\/planeteriaweb\/img\/PDF.svg\" class=\"img_icon\" alt=\"download this document\" width=\"17px\"><span>Diapositivas de PowerPoint en ingl\u00e9s<\/span><\/a>\r\n\t\t\t\t\t\t\t\t\t\t\t\t<a class=\"doc_block\" href=\"https:\/\/nlacrc.org\/wp-content\/uploads\/2024\/06\/Coordinated-Family-Support-Services-Webinar-Spanish.pdf\" target=\"_blank\"><img decoding=\"async\" src=\"https:\/\/nlacrc.org\/wp-content\/themes\/planeteriaweb\/img\/PDF.svg\" class=\"img_icon\" alt=\"download this document\" width=\"17px\"><span>Diapositivas de PowerPoint en espa\u00f1ol<\/span><\/a>\r\n\t\t\t\t\t\t\t\t\t\t\t\t<a class=\"doc_block\" href=\"https:\/\/cal-dds.zoom.us\/rec\/play\/1sIFl45KX9h90zqptW-btQrG1XTpvB004ELJaYwFhQHIXPXB5tq7wAQhwFhd-2_1_st-VUQNWd3I4SCq.Ft9GQq9UNl2-2CLj?canPlayFromShare=true&#038;from=share_recording_detail&#038;startTime=1676512864000&#038;componentName=rec-play&#038;originRequestUrl=https%3A%2F%2Fcal-dds.zoom.us%2Frec%2Fshare%2FgR28vkoZNFxJszuUfyQvkyEnJqqPew74h5jWO0tmDICEaF4nLcAUf2_HDEk0vgkG.FURiwoY30jSJPP_Y%3FstartTime%3D1676512864000\" target=\"_blank\"><img decoding=\"async\" src=\"https:\/\/nlacrc.org\/wp-content\/themes\/planeteriaweb\/img\/Link.svg\" class=\"img_icon\" alt=\"download this document\" width=\"17px\"><span>Grabaci\u00f3n del seminario web del 15 de febrero en espa\u00f1ol, LSM y ASL<\/span><\/a>\r\n\t\t\t\t\t\t\t\t\t\t\t\t<a class=\"doc_block\" href=\"https:\/\/cal-dds.zoom.us\/rec\/play\/xkWjdqN-V5GqyepxZGg6A4ZMGd24NIq6ImtkuIJWO8c_vfE4L4ZwtBAgDvw39KCuvsCf5XZRHYlgFjld.63Lp1KcOM0Rjy9CI?canPlayFromShare=true&#038;from=share_recording_detail&#038;startTime=1676599210000&#038;componentName=rec-play&#038;originRequestUrl=https%3A%2F%2Fcal-dds.zoom.us%2Frec%2Fshare%2Fzz6SCTluiFiQZ_UY7gXpBQGHuAri3LhuKa_PwdRCmpv0pncOWWV8djDjU0PVCDd6.4bCULYPELjPbl9sX%3FstartTime%3D1676599210000\" target=\"_blank\"><img decoding=\"async\" src=\"https:\/\/nlacrc.org\/wp-content\/themes\/planeteriaweb\/img\/Link.svg\" class=\"img_icon\" alt=\"download this document\" width=\"17px\"><span>Grabaci\u00f3n del seminario web del 16 de febrero en ingl\u00e9s con ASL y subt\u00edtulos<\/span><\/a>\r\n\t\t\t\t\t\t\t<\/div>\r\n<\/div>\r\n\n\n\n<p>Por favor env\u00ede un correo electr\u00f3nico <a href=\"mailto:cfs@dds.ca.gov\" target=\"_blank\" rel=\"noreferrer noopener\">cfs@dds.ca.gov<\/a> Si tiene alguna pregunta despu\u00e9s de revisar el material.<\/p>\n<\/div>","protected":false},"excerpt":{"rendered":"Programa piloto de servicios de apoyo familiar coordinado para consumidores adultos que residen con su familia El estado de California est\u00e1 lanzando [\u2026]","protected":false},"author":3,"featured_media":0,"parent":36609,"menu_order":59,"comment_status":"closed","ping_status":"closed","template":"","meta":{"_acf_changed":false,"advgb_blocks_editor_width":"","advgb_blocks_columns_visual_guide":"","_EventAllDay":false,"_EventTimezone":"","_EventStartDate":"","_EventEndDate":"","_EventStartDateUTC":"","_EventEndDateUTC":"","_EventShowMap":false,"_EventShowMapLink":false,"_EventURL":"","_EventCost":"","_EventCostDescription":"","_EventCurrencySymbol":"","_EventCurrencyCode":"","_EventCurrencyPosition":"","_EventDateTimeSeparator":"","_EventTimeRangeSeparator":"","_EventOrganizerID":[],"_EventVenueID":[],"_OrganizerEmail":"","_OrganizerPhone":"","_OrganizerWebsite":"","_VenueAddress":"","_VenueCity":"","_VenueCountry":"","_VenueProvince":"","_VenueState":"","_VenueZip":"","_VenuePhone":"","_VenueURL":"","_VenueStateProvince":"","_VenueLat":"","_VenueLng":"","_VenueShowMap":false,"_VenueShowMapLink":false,"_tribe_blocks_recurrence_rules":"","_tribe_blocks_recurrence_description":"","_tribe_blocks_recurrence_exclusions":"","footnotes":""},"class_list":["post-36611","page","type-page","status-publish","hentry"],"acf":[],"yoast_head":"<!-- This site is optimized with the Yoast SEO plugin v26.4 - https:\/\/yoast.com\/wordpress\/plugins\/seo\/ -->\n<title>Coordinated Family Support Services Pilot Program -<\/title>\n<meta name=\"description\" content=\"Coordinated Family Support Services Pilot Program - Coordinated Family Support Services Pilot Program for Adult Consumers who Reside with their Family The State of California is launching a Coordinated\" \/>\n<meta name=\"robots\" content=\"index, follow, max-snippet:-1, max-image-preview:large, max-video-preview:-1\" \/>\n<link rel=\"canonical\" href=\"https:\/\/nlacrc.org\/es\/consumers-families\/adults\/coordinated-family-support-services-pilot-program\/\" \/>\n<meta property=\"og:locale\" content=\"es_MX\" \/>\n<meta property=\"og:type\" content=\"article\" \/>\n<meta property=\"og:title\" content=\"Coordinated Family Support Services Pilot Program -\" \/>\n<meta property=\"og:description\" content=\"Coordinated Family Support Services Pilot Program - Coordinated Family Support Services Pilot Program for Adult Consumers who Reside with their Family The State of California is launching a Coordinated\" \/>\n<meta property=\"og:url\" content=\"https:\/\/nlacrc.org\/es\/consumers-families\/adults\/coordinated-family-support-services-pilot-program\/\" \/>\n<meta property=\"og:site_name\" content=\"North Los Angeles County\" \/>\n<meta property=\"article:publisher\" content=\"https:\/\/www.facebook.com\/NLACRC\/\" \/>\n<meta property=\"article:modified_time\" content=\"2024-06-17T16:36:41+00:00\" \/>\n<meta name=\"twitter:card\" content=\"summary_large_image\" \/>\n<meta name=\"twitter:site\" content=\"@NLACRC\" \/>\n<meta name=\"twitter:label1\" content=\"Est. reading time\" \/>\n\t<meta name=\"twitter:data1\" content=\"1 minuto\" \/>\n<script type=\"application\/ld+json\" class=\"yoast-schema-graph\">{\"@context\":\"https:\/\/schema.org\",\"@graph\":[{\"@type\":\"WebPage\",\"@id\":\"https:\/\/nlacrc.org\/es\/consumers-families\/adults\/coordinated-family-support-services-pilot-program\/\",\"url\":\"https:\/\/nlacrc.org\/es\/consumers-families\/adults\/coordinated-family-support-services-pilot-program\/\",\"name\":\"Coordinated Family Support Services Pilot Program -\",\"isPartOf\":{\"@id\":\"https:\/\/www.nlacrc.org\/fa\/#website\"},\"datePublished\":\"2024-06-05T16:31:57+00:00\",\"dateModified\":\"2024-06-17T16:36:41+00:00\",\"description\":\"Coordinated Family Support Services Pilot Program - Coordinated Family Support Services Pilot Program for Adult Consumers who Reside with their Family The State of California is launching a Coordinated\",\"breadcrumb\":{\"@id\":\"https:\/\/nlacrc.org\/es\/consumers-families\/adults\/coordinated-family-support-services-pilot-program\/#breadcrumb\"},\"inLanguage\":\"es\",\"potentialAction\":[{\"@type\":\"ReadAction\",\"target\":[\"https:\/\/nlacrc.org\/es\/consumers-families\/adults\/coordinated-family-support-services-pilot-program\/\"]}]},{\"@type\":\"BreadcrumbList\",\"@id\":\"https:\/\/nlacrc.org\/es\/consumers-families\/adults\/coordinated-family-support-services-pilot-program\/#breadcrumb\",\"itemListElement\":[{\"@type\":\"ListItem\",\"position\":1,\"name\":\"Home\",\"item\":\"https:\/\/www.nlacrc.org\/\"},{\"@type\":\"ListItem\",\"position\":2,\"name\":\"Consumers &amp; Families\",\"item\":\"https:\/\/nlacrc.org\/consumers-families\/\"},{\"@type\":\"ListItem\",\"position\":3,\"name\":\"Adults\",\"item\":\"https:\/\/nlacrc.org\/es\/consumers-families\/adults\/\"},{\"@type\":\"ListItem\",\"position\":4,\"name\":\"Coordinated Family Support Services Pilot Program\"}]},{\"@type\":\"WebSite\",\"@id\":\"https:\/\/www.nlacrc.org\/fa\/#website\",\"url\":\"https:\/\/www.nlacrc.org\/fa\/\",\"name\":\"North Los Angeles County\",\"description\":\"Regional Center\",\"publisher\":{\"@id\":\"https:\/\/www.nlacrc.org\/fa\/#organization\"},\"potentialAction\":[{\"@type\":\"SearchAction\",\"target\":{\"@type\":\"EntryPoint\",\"urlTemplate\":\"https:\/\/www.nlacrc.org\/fa\/?s={search_term_string}\"},\"query-input\":{\"@type\":\"PropertyValueSpecification\",\"valueRequired\":true,\"valueName\":\"search_term_string\"}}],\"inLanguage\":\"es\"},{\"@type\":\"Organization\",\"@id\":\"https:\/\/www.nlacrc.org\/fa\/#organization\",\"name\":\"North Los Angeles County\",\"url\":\"https:\/\/www.nlacrc.org\/fa\/\",\"logo\":{\"@type\":\"ImageObject\",\"inLanguage\":\"es\",\"@id\":\"https:\/\/www.nlacrc.org\/fa\/#\/schema\/logo\/image\/\",\"url\":\"https:\/\/www.nlacrc.org\/wp-content\/uploads\/2024\/06\/logo.svg\",\"contentUrl\":\"https:\/\/www.nlacrc.org\/wp-content\/uploads\/2024\/06\/logo.svg\",\"width\":131,\"height\":130,\"caption\":\"North Los Angeles County\"},\"image\":{\"@id\":\"https:\/\/www.nlacrc.org\/fa\/#\/schema\/logo\/image\/\"},\"sameAs\":[\"https:\/\/www.facebook.com\/NLACRC\/\",\"https:\/\/x.com\/NLACRC\"]}]}<\/script>\n<!-- \/ Yoast SEO plugin. -->","yoast_head_json":{"title":"Coordinated Family Support Services Pilot Program -","description":"Coordinated Family Support Services Pilot Program - Coordinated Family Support Services Pilot Program for Adult Consumers who Reside with their Family The State of California is launching a Coordinated","robots":{"index":"index","follow":"follow","max-snippet":"max-snippet:-1","max-image-preview":"max-image-preview:large","max-video-preview":"max-video-preview:-1"},"canonical":"https:\/\/nlacrc.org\/es\/consumers-families\/adults\/coordinated-family-support-services-pilot-program\/","og_locale":"es_MX","og_type":"article","og_title":"Coordinated Family Support Services Pilot Program -","og_description":"Coordinated Family Support Services Pilot Program - Coordinated Family Support Services Pilot Program for Adult Consumers who Reside with their Family The State of California is launching a Coordinated","og_url":"https:\/\/nlacrc.org\/es\/consumers-families\/adults\/coordinated-family-support-services-pilot-program\/","og_site_name":"North Los Angeles County","article_publisher":"https:\/\/www.facebook.com\/NLACRC\/","article_modified_time":"2024-06-17T16:36:41+00:00","twitter_card":"summary_large_image","twitter_site":"@NLACRC","twitter_misc":{"Est. reading time":"1 minuto"},"schema":{"@context":"https:\/\/schema.org","@graph":[{"@type":"WebPage","@id":"https:\/\/nlacrc.org\/es\/consumers-families\/adults\/coordinated-family-support-services-pilot-program\/","url":"https:\/\/nlacrc.org\/es\/consumers-families\/adults\/coordinated-family-support-services-pilot-program\/","name":"Coordinated Family Support Services Pilot Program -","isPartOf":{"@id":"https:\/\/www.nlacrc.org\/fa\/#website"},"datePublished":"2024-06-05T16:31:57+00:00","dateModified":"2024-06-17T16:36:41+00:00","description":"Coordinated Family Support Services Pilot Program - Coordinated Family Support Services Pilot Program for Adult Consumers who Reside with their Family The State of California is launching a Coordinated","breadcrumb":{"@id":"https:\/\/nlacrc.org\/es\/consumers-families\/adults\/coordinated-family-support-services-pilot-program\/#breadcrumb"},"inLanguage":"es","potentialAction":[{"@type":"ReadAction","target":["https:\/\/nlacrc.org\/es\/consumers-families\/adults\/coordinated-family-support-services-pilot-program\/"]}]},{"@type":"BreadcrumbList","@id":"https:\/\/nlacrc.org\/es\/consumers-families\/adults\/coordinated-family-support-services-pilot-program\/#breadcrumb","itemListElement":[{"@type":"ListItem","position":1,"name":"Home","item":"https:\/\/www.nlacrc.org\/"},{"@type":"ListItem","position":2,"name":"Consumers &amp; Families","item":"https:\/\/nlacrc.org\/consumers-families\/"},{"@type":"ListItem","position":3,"name":"Adults","item":"https:\/\/nlacrc.org\/es\/consumers-families\/adults\/"},{"@type":"ListItem","position":4,"name":"Coordinated Family Support Services Pilot Program"}]},{"@type":"WebSite","@id":"https:\/\/www.nlacrc.org\/fa\/#website","url":"https:\/\/www.nlacrc.org\/fa\/","name":"Norte del condado de Los \u00c1ngeles","description":"Centro Regional","publisher":{"@id":"https:\/\/www.nlacrc.org\/fa\/#organization"},"potentialAction":[{"@type":"SearchAction","target":{"@type":"EntryPoint","urlTemplate":"https:\/\/www.nlacrc.org\/fa\/?s={search_term_string}"},"query-input":{"@type":"PropertyValueSpecification","valueRequired":true,"valueName":"search_term_string"}}],"inLanguage":"es"},{"@type":"Organization","@id":"https:\/\/www.nlacrc.org\/fa\/#organization","name":"Norte del condado de Los \u00c1ngeles","url":"https:\/\/www.nlacrc.org\/fa\/","logo":{"@type":"ImageObject","inLanguage":"es","@id":"https:\/\/www.nlacrc.org\/fa\/#\/schema\/logo\/image\/","url":"https:\/\/www.nlacrc.org\/wp-content\/uploads\/2024\/06\/logo.svg","contentUrl":"https:\/\/www.nlacrc.org\/wp-content\/uploads\/2024\/06\/logo.svg","width":131,"height":130,"caption":"North Los Angeles County"},"image":{"@id":"https:\/\/www.nlacrc.org\/fa\/#\/schema\/logo\/image\/"},"sameAs":["https:\/\/www.facebook.com\/NLACRC\/","https:\/\/x.com\/NLACRC"]}]}},"coauthors":[],"author_meta":{"author_link":"https:\/\/nlacrc.org\/es\/author\/planeteria\/","display_name":"planeteria"},"relative_dates":{"created":"Publicado 2 a\u00f1os hace","modified":"Actualizado 2 a\u00f1os hace"},"absolute_dates":{"created":"Publicado el junio 5, 2024","modified":"Actualizado el junio 17, 2024"},"absolute_dates_time":{"created":"Publicado el junio 5, 2024 9:31 am","modified":"Actualizado el junio 17, 2024 9:36 am"},"featured_img_caption":"","featured_img":false,"series_order":"","_links":{"self":[{"href":"https:\/\/nlacrc.org\/es\/wp-json\/wp\/v2\/pages\/36611","targetHints":{"allow":["GET"]}}],"collection":[{"href":"https:\/\/nlacrc.org\/es\/wp-json\/wp\/v2\/pages"}],"about":[{"href":"https:\/\/nlacrc.org\/es\/wp-json\/wp\/v2\/types\/page"}],"author":[{"embeddable":true,"href":"https:\/\/nlacrc.org\/es\/wp-json\/wp\/v2\/users\/3"}],"replies":[{"embeddable":true,"href":"https:\/\/nlacrc.org\/es\/wp-json\/wp\/v2\/comments?post=36611"}],"version-history":[{"count":5,"href":"https:\/\/nlacrc.org\/es\/wp-json\/wp\/v2\/pages\/36611\/revisions"}],"predecessor-version":[{"id":37581,"href":"https:\/\/nlacrc.org\/es\/wp-json\/wp\/v2\/pages\/36611\/revisions\/37581"}],"up":[{"embeddable":true,"href":"https:\/\/nlacrc.org\/es\/wp-json\/wp\/v2\/pages\/36609"}],"wp:attachment":[{"href":"https:\/\/nlacrc.org\/es\/wp-json\/wp\/v2\/media?parent=36611"}],"curies":[{"name":"wp","href":"https:\/\/api.w.org\/{rel}","templated":true}]}}