{"id":36580,"date":"2024-06-05T09:36:21","date_gmt":"2024-06-05T16:36:21","guid":{"rendered":"https:\/\/www.nlacrc.org\/?page_id=36580"},"modified":"2024-06-20T03:41:33","modified_gmt":"2024-06-20T10:41:33","slug":"resources","status":"publish","type":"page","link":"https:\/\/nlacrc.org\/es\/about-us\/transparency-accountability\/resources\/","title":{"rendered":"Recursos"},"content":{"rendered":"<div class=\"wp-block-group has-secondary-background-color has-background is-layout-constrained wp-block-group-is-layout-constrained\">  \n<section class=\"expand_img_grid imagelist aligncenter\">\n          <div class=\"container\">\n         <!-- <h2 class=\"text-center\">Expandable Image Grid<\/h2>-->\n        <div class=\"expanding-grid four\">\n                            <ul class=\"links\">\n\t\t\t\t\t\t\t\t                                <li class=\"\">\n                                  <a href=\"#section1Association of Regional Center Agencies\">\n                                      <div class=\"expand_box\">\n\t\t\t\t\t\t\t\t\t  \t\t\t\t\t\t\t\t\t\t\t\t\t<div class=\"expand_img\">\n\t\t\t\t\t\t\t\t\t\t\t<img decoding=\"async\" src=\"https:\/\/nlacrc.org\/wp-content\/uploads\/2024\/06\/handicap_male_3_2_600.jpg\" alt=\"a male in a wheelchair at his laptop\">\n\t\t\t\t\t\t\t\t\t\t\t<\/div>\n\t\t\t\t\t\t\t\t\t\t\t\t\t\t\t\t\t\t\t\t\t\t                                            <div class=\"expand_det\">\n\t\t\t\t\t\t\t\t\t\t\t\t\t\t\t\t\t\t\t\t\t\t <span>Asociaci\u00f3n de Agencias de Centros Regionales <\/span>\n                                             \t\t\t\t\t\t\t\t\t\t\t\t\t\t\t\t\t\t\t\t\t\t<div class=\"plus-minus_icon\"> <img decoding=\"async\" src=\"https:\/\/nlacrc.org\/wp-content\/themes\/planeteriaweb\/img\/angle-down.svg\" alt=\"arrow\"> <\/div>\n                                            <\/div>\n\t\t\t\t\t\t\t\t\t\t\t                                        <\/div>\n                                <\/a>\n                                <\/li>\n\t\t\t\t\t\t\t\t                                <li class=\"\">\n                                  <a href=\"#section2Department of Developmental Services\">\n                                      <div class=\"expand_box\">\n\t\t\t\t\t\t\t\t\t  \t\t\t\t\t\t\t\t\t\t\t\t\t<div class=\"expand_img\">\n\t\t\t\t\t\t\t\t\t\t\t<img decoding=\"async\" src=\"https:\/\/nlacrc.org\/wp-content\/uploads\/2024\/06\/teenagers_at_rehab_center_3_2_600.jpg\" alt=\"a group of teenagers at a rehab center\">\n\t\t\t\t\t\t\t\t\t\t\t<\/div>\n\t\t\t\t\t\t\t\t\t\t\t\t\t\t\t\t\t\t\t\t\t\t                                            <div class=\"expand_det\">\n\t\t\t\t\t\t\t\t\t\t\t\t\t\t\t\t\t\t\t\t\t\t <span>Departamento de Servicios de Desarrollo <\/span>\n                                             \t\t\t\t\t\t\t\t\t\t\t\t\t\t\t\t\t\t\t\t\t\t<div class=\"plus-minus_icon\"> <img decoding=\"async\" src=\"https:\/\/nlacrc.org\/wp-content\/themes\/planeteriaweb\/img\/angle-down.svg\" alt=\"arrow\"> <\/div>\n                                            <\/div>\n\t\t\t\t\t\t\t\t\t\t\t                                        <\/div>\n                                <\/a>\n                                <\/li>\n\t\t\t\t\t\t\t\t                                <li class=\"\">\n                                  <a href=\"#section3Disability Rights California\">\n                                      <div class=\"expand_box\">\n\t\t\t\t\t\t\t\t\t  \t\t\t\t\t\t\t\t\t\t\t\t\t<div class=\"expand_img\">\n\t\t\t\t\t\t\t\t\t\t\t<img decoding=\"async\" src=\"https:\/\/nlacrc.org\/wp-content\/uploads\/2024\/06\/business_woman_in_wheelchair_3_2_600.jpg\" alt=\"a business woman in a wheelchair talking to a businessman\">\n\t\t\t\t\t\t\t\t\t\t\t<\/div>\n\t\t\t\t\t\t\t\t\t\t\t\t\t\t\t\t\t\t\t\t\t\t                                            <div class=\"expand_det\">\n\t\t\t\t\t\t\t\t\t\t\t\t\t\t\t\t\t\t\t\t\t\t <span>Derechos de las personas con discapacidad en California <\/span>\n                                             \t\t\t\t\t\t\t\t\t\t\t\t\t\t\t\t\t\t\t\t\t\t<div class=\"plus-minus_icon\"> <img decoding=\"async\" src=\"https:\/\/nlacrc.org\/wp-content\/themes\/planeteriaweb\/img\/angle-down.svg\" alt=\"arrow\"> <\/div>\n                                            <\/div>\n\t\t\t\t\t\t\t\t\t\t\t                                        <\/div>\n                                <\/a>\n                                <\/li>\n\t\t\t\t\t\t\t\t                                <li class=\"\">\n                                  <a href=\"#section4State Council of Developmental Disabilities\">\n                                      <div class=\"expand_box\">\n\t\t\t\t\t\t\t\t\t  \t\t\t\t\t\t\t\t\t\t\t\t\t<div class=\"expand_img\">\n\t\t\t\t\t\t\t\t\t\t\t<img decoding=\"async\" src=\"https:\/\/nlacrc.org\/wp-content\/uploads\/2024\/06\/disabled_boy_3_2_600.jpg\" alt=\"a disabled boy in a wheelchair holding hands with his caregivers\">\n\t\t\t\t\t\t\t\t\t\t\t<\/div>\n\t\t\t\t\t\t\t\t\t\t\t\t\t\t\t\t\t\t\t\t\t\t                                            <div class=\"expand_det\">\n\t\t\t\t\t\t\t\t\t\t\t\t\t\t\t\t\t\t\t\t\t\t <span>Consejo Estatal de Discapacidades del Desarrollo <\/span>\n                                             \t\t\t\t\t\t\t\t\t\t\t\t\t\t\t\t\t\t\t\t\t\t<div class=\"plus-minus_icon\"> <img decoding=\"async\" src=\"https:\/\/nlacrc.org\/wp-content\/themes\/planeteriaweb\/img\/angle-down.svg\" alt=\"arrow\"> <\/div>\n                                            <\/div>\n\t\t\t\t\t\t\t\t\t\t\t                                        <\/div>\n                                <\/a>\n                                <\/li>\n\t\t\t\t\t\t\t\t                                <li class=\"\">\n                                  <a href=\"#section5Early Start Info Packet\">\n                                      <div class=\"expand_box\">\n\t\t\t\t\t\t\t\t\t  \t\t\t\t\t\t\t\t\t\t\t\t\t<div class=\"expand_img\">\n\t\t\t\t\t\t\t\t\t\t\t<img decoding=\"async\" src=\"https:\/\/nlacrc.org\/wp-content\/uploads\/2024\/06\/mom_and_son_3_2_600.jpg\" alt=\"a mom carrying her son\">\n\t\t\t\t\t\t\t\t\t\t\t<\/div>\n\t\t\t\t\t\t\t\t\t\t\t\t\t\t\t\t\t\t\t\t\t\t                                            <div class=\"expand_det\">\n\t\t\t\t\t\t\t\t\t\t\t\t\t\t\t\t\t\t\t\t\t\t <span>Paquete de informaci\u00f3n sobre el inicio temprano <\/span>\n                                             \t\t\t\t\t\t\t\t\t\t\t\t\t\t\t\t\t\t\t\t\t\t<div class=\"plus-minus_icon\"> <img decoding=\"async\" src=\"https:\/\/nlacrc.org\/wp-content\/themes\/planeteriaweb\/img\/angle-down.svg\" alt=\"arrow\"> <\/div>\n                                            <\/div>\n\t\t\t\t\t\t\t\t\t\t\t                                        <\/div>\n                                <\/a>\n                                <\/li>\n\t\t\t\t\t\t\t\t                            <\/ul>\n\n\t\t\t\t\t\t\t\n\t\t\t\t\t\t\t                            <div id=\"section1Association of Regional Center Agencies\" class=\"expanding-container\">\n                                \n                                   <div class=\"expand-content\"> \n                                                                            <div class=\"expand-text-area\">\n                                                                                                                                    <br>\n                                            \n                                                                                        <a class=\"doc_block\" href=\"https:\/\/arcanet.org\/\" target=\"_blank\">Sitio web de ARCA<\/a>\n                                                \n\n                                        <\/div>\n                                                                            \n                                    <div class=\"expand-txt-p\">\n                                        <p>La misi\u00f3n de ARCA es promover, apoyar y avanzar los centros regionales en el logro de la intenci\u00f3n y el mandato de la Ley Lanterman de Servicios para Discapacidades del Desarrollo al brindar servicios comunitarios que permitan a las personas con discapacidades del desarrollo alcanzar su m\u00e1ximo potencial y el m\u00e1s alto nivel de autosuficiencia.<\/p>\n<p>La Asociaci\u00f3n funciona como l\u00edder y defensora de la promoci\u00f3n del derecho continuo de las personas con discapacidades del desarrollo a todos los servicios que permitan la plena inclusi\u00f3n en la comunidad. La Asociaci\u00f3n tambi\u00e9n participa en el desarrollo de pol\u00edticas legislativas p\u00fablicas y sirve como punto focal para los servicios de comunicaci\u00f3n, educaci\u00f3n, capacitaci\u00f3n y prevenci\u00f3n.<\/p>\n                                    <\/div>\n                                    \t\t\t\t\t\t\t\t\t                                    \n                               <\/div>\n                            <\/div>\n                            \t\t\t\t\t\t\t\n\t\t\t\t\t\t\t                            <div id=\"section2Department of Developmental Services\" class=\"expanding-container\">\n                                \n                                   <div class=\"expand-content\"> \n                                                                            <div class=\"expand-text-area\">\n                                                                                                                                    <br>\n                                            \n                                                                                        <a class=\"doc_block\" href=\"https:\/\/www.dds.ca.gov\/\" target=\"_blank\">Sitio web de DDS<\/a>\n                                                \n\n                                        <\/div>\n                                                                            \n                                    <div class=\"expand-txt-p\">\n                                        <p>El Departamento de Servicios de Desarrollo de California (DDS) trabaja para garantizar que los californianos con discapacidades del desarrollo tengan la oportunidad de tomar decisiones y llevar vidas independientes y productivas como miembros de sus comunidades en el entorno menos restrictivo posible.<\/p>\n                                    <\/div>\n                                    \t\t\t\t\t\t\t\t\t                                    \n                               <\/div>\n                            <\/div>\n                            \t\t\t\t\t\t\t\n\t\t\t\t\t\t\t                            <div id=\"section3Disability Rights California\" class=\"expanding-container\">\n                                \n                                   <div class=\"expand-content\"> \n                                                                            <div class=\"expand-text-area\">\n                                                                                                                                    <br>\n                                            \n                                                                                        <a class=\"doc_block\" href=\"https:\/\/www.disabilityrightsca.org\/\" target=\"_blank\">Sitio web de la Rep\u00fablica Democr\u00e1tica del Congo<\/a>\n                                                \n\n                                        <\/div>\n                                                                            \n                                    <div class=\"expand-txt-p\">\n                                        <p>Disability Rights California (DRC) es la agencia designada por la ley federal para proteger y defender los derechos de los californianos con discapacidades. DRC trabaja en litigios, representaci\u00f3n legal, servicios de defensa, investigaciones, pol\u00edticas p\u00fablicas y brinda informaci\u00f3n, asesoramiento, derivaciones y extensi\u00f3n comunitaria. Durante m\u00e1s de 40 a\u00f1os, DRC ha trabajado para promover los derechos de los californianos con discapacidades en educaci\u00f3n, empleo, independencia, salud y seguridad, y se ha convertido en la organizaci\u00f3n de derechos de las personas con discapacidad m\u00e1s grande del pa\u00eds.<\/p>\n                                    <\/div>\n                                    \t\t\t\t\t\t\t\t\t                                    \n                               <\/div>\n                            <\/div>\n                            \t\t\t\t\t\t\t\n\t\t\t\t\t\t\t                            <div id=\"section4State Council of Developmental Disabilities\" class=\"expanding-container\">\n                                \n                                   <div class=\"expand-content\"> \n                                                                            <div class=\"expand-text-area\">\n                                                                                                                                    <br>\n                                            \n                                                                                        <a class=\"doc_block\" href=\"https:\/\/scdd.ca.gov\/\" target=\"_blank\">Sitio web del SCDD<\/a>\n                                                \n\n                                        <\/div>\n                                                                            \n                                    <div class=\"expand-txt-p\">\n                                        <p>El Consejo Estatal sobre Discapacidades del Desarrollo (SCDD) est\u00e1 establecido por la ley estatal y federal como una agencia estatal independiente para garantizar que las personas con discapacidades del desarrollo y sus familias reciban los servicios y apoyos que necesitan.<\/p>\n<p>Los consumidores son quienes mejor saben qu\u00e9 apoyos y servicios necesitan para vivir de forma independiente y participar activamente en sus comunidades. A trav\u00e9s de la defensa de los derechos, el desarrollo de capacidades y el cambio sist\u00e9mico, SCDD trabaja para lograr un sistema de servicios, apoyos y otros tipos de asistencia individualizados para los consumidores y las familias.<\/p>\n                                    <\/div>\n                                    \t\t\t\t\t\t\t\t\t                                    \n                               <\/div>\n                            <\/div>\n                            \t\t\t\t\t\t\t\n\t\t\t\t\t\t\t                            <div id=\"section5Early Start Info Packet\" class=\"expanding-container\">\n                                \n                                   <div class=\"expand-content\"> \n                                                                            <div class=\"expand-text-area\">\n                                                                                                                                    <br>\n                                            \n                                                                                        <a class=\"doc_block\" href=\"https:\/\/www.dds.ca.gov\/services\/early-start\/\" target=\"_blank\">Informaci\u00f3n de inicio temprano<\/a>\n                                                \n\n                                        <\/div>\n                                                                            \n                                    <div class=\"expand-txt-p\">\n                                        <p>El programa Early Start (ES) es el programa de intervenci\u00f3n temprana de California para beb\u00e9s y ni\u00f1os peque\u00f1os con retrasos en el desarrollo o en riesgo de tener una discapacidad del desarrollo y sus familias. Los servicios de Early Start est\u00e1n disponibles en todo el estado y se brindan en un sistema coordinado y centrado en la familia.<\/p>\n                                    <\/div>\n                                    \t\t\t\t\t\t\t\t\t                                    \n                               <\/div>\n                            <\/div>\n                            \t\t\t\t\t\t\t                        <\/div>\n                         <\/div>\n                        <\/section>\n    \n    \n      \n<!--- END EXPANDABLE IMAGE GRID---><\/div>","protected":false},"excerpt":{"rendered":"","protected":false},"author":3,"featured_media":0,"parent":36572,"menu_order":74,"comment_status":"closed","ping_status":"closed","template":"","meta":{"_acf_changed":false,"advgb_blocks_editor_width":"","advgb_blocks_columns_visual_guide":"","_EventAllDay":false,"_EventTimezone":"","_EventStartDate":"","_EventEndDate":"","_EventStartDateUTC":"","_EventEndDateUTC":"","_EventShowMap":false,"_EventShowMapLink":false,"_EventURL":"","_EventCost":"","_EventCostDescription":"","_EventCurrencySymbol":"","_EventCurrencyCode":"","_EventCurrencyPosition":"","_EventDateTimeSeparator":"","_EventTimeRangeSeparator":"","_EventOrganizerID":[],"_EventVenueID":[],"_OrganizerEmail":"","_OrganizerPhone":"","_OrganizerWebsite":"","_VenueAddress":"","_VenueCity":"","_VenueCountry":"","_VenueProvince":"","_VenueState":"","_VenueZip":"","_VenuePhone":"","_VenueURL":"","_VenueStateProvince":"","_VenueLat":"","_VenueLng":"","_VenueShowMap":false,"_VenueShowMapLink":false,"_tribe_blocks_recurrence_rules":"","_tribe_blocks_recurrence_description":"","_tribe_blocks_recurrence_exclusions":"","footnotes":""},"class_list":["post-36580","page","type-page","status-publish","hentry"],"acf":[],"yoast_head":"<!-- This site is optimized with the Yoast SEO plugin v26.4 - https:\/\/yoast.com\/wordpress\/plugins\/seo\/ -->\n<title>Resources -<\/title>\n<meta name=\"description\" content=\"Resources -\" \/>\n<meta name=\"robots\" content=\"index, follow, max-snippet:-1, max-image-preview:large, max-video-preview:-1\" \/>\n<link rel=\"canonical\" href=\"https:\/\/nlacrc.org\/es\/about-us\/transparency-accountability\/resources\/\" \/>\n<meta property=\"og:locale\" content=\"es_MX\" \/>\n<meta property=\"og:type\" content=\"article\" \/>\n<meta property=\"og:title\" content=\"Resources -\" \/>\n<meta property=\"og:description\" content=\"Resources -\" \/>\n<meta property=\"og:url\" content=\"https:\/\/nlacrc.org\/es\/about-us\/transparency-accountability\/resources\/\" \/>\n<meta property=\"og:site_name\" content=\"North Los Angeles County\" \/>\n<meta property=\"article:publisher\" content=\"https:\/\/www.facebook.com\/NLACRC\/\" \/>\n<meta property=\"article:modified_time\" content=\"2024-06-20T10:41:33+00:00\" \/>\n<meta name=\"twitter:card\" content=\"summary_large_image\" \/>\n<meta name=\"twitter:site\" content=\"@NLACRC\" \/>\n<script type=\"application\/ld+json\" class=\"yoast-schema-graph\">{\"@context\":\"https:\/\/schema.org\",\"@graph\":[{\"@type\":\"WebPage\",\"@id\":\"https:\/\/nlacrc.org\/es\/about-us\/transparency-accountability\/resources\/\",\"url\":\"https:\/\/nlacrc.org\/es\/about-us\/transparency-accountability\/resources\/\",\"name\":\"Resources -\",\"isPartOf\":{\"@id\":\"https:\/\/www.nlacrc.org\/fa\/#website\"},\"datePublished\":\"2024-06-05T16:36:21+00:00\",\"dateModified\":\"2024-06-20T10:41:33+00:00\",\"description\":\"Resources -\",\"breadcrumb\":{\"@id\":\"https:\/\/nlacrc.org\/es\/about-us\/transparency-accountability\/resources\/#breadcrumb\"},\"inLanguage\":\"es\",\"potentialAction\":[{\"@type\":\"ReadAction\",\"target\":[\"https:\/\/nlacrc.org\/es\/about-us\/transparency-accountability\/resources\/\"]}]},{\"@type\":\"BreadcrumbList\",\"@id\":\"https:\/\/nlacrc.org\/es\/about-us\/transparency-accountability\/resources\/#breadcrumb\",\"itemListElement\":[{\"@type\":\"ListItem\",\"position\":1,\"name\":\"Home\",\"item\":\"https:\/\/www.nlacrc.org\/\"},{\"@type\":\"ListItem\",\"position\":2,\"name\":\"About Us\",\"item\":\"https:\/\/nlacrc.org\/es\/about-us\/\"},{\"@type\":\"ListItem\",\"position\":3,\"name\":\"Transparency &amp; Accountability\",\"item\":\"https:\/\/nlacrc.org\/es\/about-us\/transparency-accountability\/\"},{\"@type\":\"ListItem\",\"position\":4,\"name\":\"Resources\"}]},{\"@type\":\"WebSite\",\"@id\":\"https:\/\/www.nlacrc.org\/fa\/#website\",\"url\":\"https:\/\/www.nlacrc.org\/fa\/\",\"name\":\"North Los Angeles County\",\"description\":\"Regional Center\",\"publisher\":{\"@id\":\"https:\/\/www.nlacrc.org\/fa\/#organization\"},\"potentialAction\":[{\"@type\":\"SearchAction\",\"target\":{\"@type\":\"EntryPoint\",\"urlTemplate\":\"https:\/\/www.nlacrc.org\/fa\/?s={search_term_string}\"},\"query-input\":{\"@type\":\"PropertyValueSpecification\",\"valueRequired\":true,\"valueName\":\"search_term_string\"}}],\"inLanguage\":\"es\"},{\"@type\":\"Organization\",\"@id\":\"https:\/\/www.nlacrc.org\/fa\/#organization\",\"name\":\"North Los Angeles County\",\"url\":\"https:\/\/www.nlacrc.org\/fa\/\",\"logo\":{\"@type\":\"ImageObject\",\"inLanguage\":\"es\",\"@id\":\"https:\/\/www.nlacrc.org\/fa\/#\/schema\/logo\/image\/\",\"url\":\"https:\/\/www.nlacrc.org\/wp-content\/uploads\/2024\/06\/logo.svg\",\"contentUrl\":\"https:\/\/www.nlacrc.org\/wp-content\/uploads\/2024\/06\/logo.svg\",\"width\":131,\"height\":130,\"caption\":\"North Los Angeles County\"},\"image\":{\"@id\":\"https:\/\/www.nlacrc.org\/fa\/#\/schema\/logo\/image\/\"},\"sameAs\":[\"https:\/\/www.facebook.com\/NLACRC\/\",\"https:\/\/x.com\/NLACRC\"]}]}<\/script>\n<!-- \/ Yoast SEO plugin. -->","yoast_head_json":{"title":"Resources -","description":"Resources -","robots":{"index":"index","follow":"follow","max-snippet":"max-snippet:-1","max-image-preview":"max-image-preview:large","max-video-preview":"max-video-preview:-1"},"canonical":"https:\/\/nlacrc.org\/es\/about-us\/transparency-accountability\/resources\/","og_locale":"es_MX","og_type":"article","og_title":"Resources -","og_description":"Resources -","og_url":"https:\/\/nlacrc.org\/es\/about-us\/transparency-accountability\/resources\/","og_site_name":"North Los Angeles County","article_publisher":"https:\/\/www.facebook.com\/NLACRC\/","article_modified_time":"2024-06-20T10:41:33+00:00","twitter_card":"summary_large_image","twitter_site":"@NLACRC","schema":{"@context":"https:\/\/schema.org","@graph":[{"@type":"WebPage","@id":"https:\/\/nlacrc.org\/es\/about-us\/transparency-accountability\/resources\/","url":"https:\/\/nlacrc.org\/es\/about-us\/transparency-accountability\/resources\/","name":"Resources -","isPartOf":{"@id":"https:\/\/www.nlacrc.org\/fa\/#website"},"datePublished":"2024-06-05T16:36:21+00:00","dateModified":"2024-06-20T10:41:33+00:00","description":"Resources -","breadcrumb":{"@id":"https:\/\/nlacrc.org\/es\/about-us\/transparency-accountability\/resources\/#breadcrumb"},"inLanguage":"es","potentialAction":[{"@type":"ReadAction","target":["https:\/\/nlacrc.org\/es\/about-us\/transparency-accountability\/resources\/"]}]},{"@type":"BreadcrumbList","@id":"https:\/\/nlacrc.org\/es\/about-us\/transparency-accountability\/resources\/#breadcrumb","itemListElement":[{"@type":"ListItem","position":1,"name":"Home","item":"https:\/\/www.nlacrc.org\/"},{"@type":"ListItem","position":2,"name":"About Us","item":"https:\/\/nlacrc.org\/es\/about-us\/"},{"@type":"ListItem","position":3,"name":"Transparency &amp; Accountability","item":"https:\/\/nlacrc.org\/es\/about-us\/transparency-accountability\/"},{"@type":"ListItem","position":4,"name":"Resources"}]},{"@type":"WebSite","@id":"https:\/\/www.nlacrc.org\/fa\/#website","url":"https:\/\/www.nlacrc.org\/fa\/","name":"Norte del condado de Los \u00c1ngeles","description":"Centro Regional","publisher":{"@id":"https:\/\/www.nlacrc.org\/fa\/#organization"},"potentialAction":[{"@type":"SearchAction","target":{"@type":"EntryPoint","urlTemplate":"https:\/\/www.nlacrc.org\/fa\/?s={search_term_string}"},"query-input":{"@type":"PropertyValueSpecification","valueRequired":true,"valueName":"search_term_string"}}],"inLanguage":"es"},{"@type":"Organization","@id":"https:\/\/www.nlacrc.org\/fa\/#organization","name":"Norte del condado de Los \u00c1ngeles","url":"https:\/\/www.nlacrc.org\/fa\/","logo":{"@type":"ImageObject","inLanguage":"es","@id":"https:\/\/www.nlacrc.org\/fa\/#\/schema\/logo\/image\/","url":"https:\/\/www.nlacrc.org\/wp-content\/uploads\/2024\/06\/logo.svg","contentUrl":"https:\/\/www.nlacrc.org\/wp-content\/uploads\/2024\/06\/logo.svg","width":131,"height":130,"caption":"North Los Angeles County"},"image":{"@id":"https:\/\/www.nlacrc.org\/fa\/#\/schema\/logo\/image\/"},"sameAs":["https:\/\/www.facebook.com\/NLACRC\/","https:\/\/x.com\/NLACRC"]}]}},"coauthors":[],"author_meta":{"author_link":"https:\/\/nlacrc.org\/es\/author\/planeteria\/","display_name":"planeteria"},"relative_dates":{"created":"Publicado 2 a\u00f1os hace","modified":"Actualizado 2 a\u00f1os hace"},"absolute_dates":{"created":"Publicado el junio 5, 2024","modified":"Actualizado el junio 20, 2024"},"absolute_dates_time":{"created":"Publicado el junio 5, 2024 9:36 am","modified":"Actualizado el junio 20, 2024 3:41 am"},"featured_img_caption":"","featured_img":false,"series_order":"","_links":{"self":[{"href":"https:\/\/nlacrc.org\/es\/wp-json\/wp\/v2\/pages\/36580","targetHints":{"allow":["GET"]}}],"collection":[{"href":"https:\/\/nlacrc.org\/es\/wp-json\/wp\/v2\/pages"}],"about":[{"href":"https:\/\/nlacrc.org\/es\/wp-json\/wp\/v2\/types\/page"}],"author":[{"embeddable":true,"href":"https:\/\/nlacrc.org\/es\/wp-json\/wp\/v2\/users\/3"}],"replies":[{"embeddable":true,"href":"https:\/\/nlacrc.org\/es\/wp-json\/wp\/v2\/comments?post=36580"}],"version-history":[{"count":5,"href":"https:\/\/nlacrc.org\/es\/wp-json\/wp\/v2\/pages\/36580\/revisions"}],"predecessor-version":[{"id":37907,"href":"https:\/\/nlacrc.org\/es\/wp-json\/wp\/v2\/pages\/36580\/revisions\/37907"}],"up":[{"embeddable":true,"href":"https:\/\/nlacrc.org\/es\/wp-json\/wp\/v2\/pages\/36572"}],"wp:attachment":[{"href":"https:\/\/nlacrc.org\/es\/wp-json\/wp\/v2\/media?parent=36580"}],"curies":[{"name":"wp","href":"https:\/\/api.w.org\/{rel}","templated":true}]}}