{"id":36542,"date":"2024-06-05T09:34:11","date_gmt":"2024-06-05T16:34:11","guid":{"rendered":"https:\/\/www.nlacrc.org\/?page_id=36542"},"modified":"2024-06-26T07:50:06","modified_gmt":"2024-06-26T14:50:06","slug":"history-of-nlacrc","status":"publish","type":"page","link":"https:\/\/nlacrc.org\/es\/about-us\/history-of-nlacrc\/","title":{"rendered":"Historia del NLACRC"},"content":{"rendered":"<figure class=\"wp-block-image size-large\"><img loading=\"lazy\" decoding=\"async\" width=\"1024\" height=\"318\" src=\"https:\/\/www.nlacrc.org\/wp-content\/uploads\/2024\/06\/LA_3-22_1_2200-1024x318.jpg\" alt=\"\" class=\"wp-image-40293\" srcset=\"https:\/\/nlacrc.org\/wp-content\/uploads\/2024\/06\/LA_3-22_1_2200-1024x318.jpg 1024w, https:\/\/nlacrc.org\/wp-content\/uploads\/2024\/06\/LA_3-22_1_2200-300x93.jpg 300w, https:\/\/nlacrc.org\/wp-content\/uploads\/2024\/06\/LA_3-22_1_2200-768x239.jpg 768w, https:\/\/nlacrc.org\/wp-content\/uploads\/2024\/06\/LA_3-22_1_2200-1536x478.jpg 1536w, https:\/\/nlacrc.org\/wp-content\/uploads\/2024\/06\/LA_3-22_1_2200-2048x637.jpg 2048w, https:\/\/nlacrc.org\/wp-content\/uploads\/2024\/06\/LA_3-22_1_2200-24x7.jpg 24w, https:\/\/nlacrc.org\/wp-content\/uploads\/2024\/06\/LA_3-22_1_2200-36x11.jpg 36w, https:\/\/nlacrc.org\/wp-content\/uploads\/2024\/06\/LA_3-22_1_2200-48x15.jpg 48w\" sizes=\"auto, (max-width: 1024px) 100vw, 1024px\" \/><\/figure>\n\n\n\n<h2 class=\"wp-block-heading has-text-align-center\">Historia de los centros regionales y la Ley Lanterman<\/h2>\n\n\n\n<p>En California, como en otros estados, las grandes instituciones dominaron el sistema de servicios para personas con discapacidades del desarrollo durante la primera mitad del siglo XX. Los servicios comunitarios financiados con fondos p\u00fablicos eran limitados y la atenci\u00f3n fuera del hogar en grandes instituciones p\u00fablicas y privadas era, por lo general, la \u00fanica opci\u00f3n de servicio disponible.<\/p>\n\n\n\n<p>En realidad, el crecimiento de las grandes instituciones aument\u00f3 en los Estados Unidos entre los a\u00f1os 1920 y 1940 como resultado de las opiniones y pol\u00edticas sociales, pol\u00edticas y econ\u00f3micas de la \u00e9poca, en particular el movimiento eugen\u00e9sico. Los eugenistas promovieron la idea de que los problemas sociales del mundo podr\u00edan eliminarse mediante la cr\u00eda selectiva para eliminar los \u201cgenes indeseables\u201d del acervo gen\u00e9tico humano. Para lograrlo, los eugenistas recomendaban que las personas que consideraban \u201cno aptas\u201d, incluidas aquellas con discapacidades mentales y de desarrollo, fueran esterilizadas o segregadas del resto de la sociedad para negarles la capacidad de reproducirse.<\/p>\n\n\n\n<p>Estas ideas influyeron en muchos profesionales de la salud y responsables de pol\u00edticas p\u00fablicas de los Estados Unidos y las apoyaron. Incluso despu\u00e9s de que los conceptos de la eugenesia cayeran en descr\u00e9dito tras la Segunda Guerra Mundial, continuaron influyendo en las pol\u00edticas p\u00fablicas y en las vidas de las personas con discapacidad durante otros veinte a\u00f1os a trav\u00e9s de la pr\u00e1ctica continua de la esterilizaci\u00f3n involuntaria y el uso de la institucionalizaci\u00f3n como medio de aislamiento de las personas con discapacidad.<\/p>\n\n\n\n<p>En la d\u00e9cada de 1950, las familias de ni\u00f1os con retraso mental comenzaron a organizarse y a crear sus propios sistemas de apoyo y servicios comunitarios como alternativa a la atenci\u00f3n institucional. Organizaciones dirigidas por padres como Aid for Retarded Citizens en San Francisco y Exceptional Children&#039;s Foundation en Los \u00c1ngeles establecieron escuelas privadas, centros de actividades y talleres protegidos para sus hijos e hijas con retraso mental a quienes se les negaba el acceso a la educaci\u00f3n p\u00fablica y a los servicios vocacionales.<\/p>\n\n\n\n<p>A principios de los a\u00f1os 60, el movimiento por los derechos civiles y la elecci\u00f3n del presidente John F. Kennedy (que ten\u00eda una hermana con retraso mental) ayudaron a acelerar el proceso de cambio. A medida que el retraso mental pas\u00f3 a formar parte de la agenda nacional, los fondos federales se destinaron a formas de proporcionar servicios comunitarios a las personas con retraso mental.<\/p>\n\n\n\n<p>En 1964, hab\u00eda m\u00e1s de 13.000 personas con discapacidades del desarrollo que resid\u00edan en cuatro instituciones superpobladas de California (llamadas hospitales estatales) y otras 3.000 en listas de espera. A instancias de los padres, la Legislatura de California nombr\u00f3 un subcomit\u00e9 para investigar las preocupaciones sobre la atenci\u00f3n brindada en los hospitales estatales y para analizar la necesidad de construir instituciones adicionales. La investigaci\u00f3n revel\u00f3 graves problemas con los hospitales estatales existentes y que construir grandes instituciones adicionales ser\u00eda muy costoso.<\/p>\n\n\n\n<div class=\"wp-block-media-text has-media-on-the-right is-stacked-on-mobile\" style=\"grid-template-columns:auto 40%\"><div class=\"wp-block-media-text__content\">\n<div class=\"wp-block-group is-nowrap is-layout-flex wp-container-core-group-is-layout-6c531013 wp-block-group-is-layout-flex\">\n<p>Esto impuls\u00f3 a la Legislatura a buscar una alternativa. En 1966, se asignaron fondos para establecer dos centros piloto regionales, uno en el norte y otro en el sur de California. El objetivo principal de los centros era proporcionar servicios comunitarios para apoyar a las personas que estaban en peligro de ser internadas en hospitales estatales. El asamble\u00edsta Frank D. Lanterman fue coautor de la legislaci\u00f3n para el proyecto piloto. Durante su primer a\u00f1o de funcionamiento, los centros piloto atendieron a 559 personas.<\/p>\n<\/div>\n<\/div><figure class=\"wp-block-media-text__media\"><img loading=\"lazy\" decoding=\"async\" width=\"529\" height=\"600\" src=\"https:\/\/www.nlacrc.org\/wp-content\/uploads\/2024\/06\/FD_Lanterman_600.jpg\" alt=\"A black and white portrait of Lanterman\" class=\"wp-image-37556 size-full\" srcset=\"https:\/\/nlacrc.org\/wp-content\/uploads\/2024\/06\/FD_Lanterman_600.jpg 529w, https:\/\/nlacrc.org\/wp-content\/uploads\/2024\/06\/FD_Lanterman_600-265x300.jpg 265w, https:\/\/nlacrc.org\/wp-content\/uploads\/2024\/06\/FD_Lanterman_600-21x24.jpg 21w, https:\/\/nlacrc.org\/wp-content\/uploads\/2024\/06\/FD_Lanterman_600-32x36.jpg 32w, https:\/\/nlacrc.org\/wp-content\/uploads\/2024\/06\/FD_Lanterman_600-42x48.jpg 42w\" sizes=\"auto, (max-width: 529px) 100vw, 529px\" \/><\/figure><\/div>\n\n\n\n<div style=\"height:25px\" aria-hidden=\"true\" class=\"wp-block-spacer\"><\/div>\n\n\n\n<p>Estos dos primeros centros regionales tuvieron tanto \u00e9xito que la Legislatura se propuso dise\u00f1ar un sistema estatal. En 1969, la Ley Lanterman sobre Retardo Mental estableci\u00f3 el sistema de centros regionales, que hoy incluye veinti\u00fan centros regionales en toda California.<\/p>\n\n\n\n<p>En 1973, la Ley Lanterman sobre Retardo Mental se ampli\u00f3 para incluir a las personas con par\u00e1lisis cerebral, epilepsia y autismo, y otras afecciones estrechamente relacionadas con el retraso mental. En 1976, la legislaci\u00f3n pas\u00f3 a llamarse Ley Lanterman de Servicios para Discapacidades del Desarrollo (tambi\u00e9n conocida como Ley Lanterman) y se modific\u00f3 para establecer el derecho a servicios de tratamiento y rehabilitaci\u00f3n y a una planificaci\u00f3n de programas individualizados. En 2014, la ley cambi\u00f3 el t\u00e9rmino \u201cretardo mental\u201d por discapacidad intelectual.<\/p>\n\n\n\n<p>A mediados de los a\u00f1os 1980, la disponibilidad de servicios comunitarios no s\u00f3lo ayudaba a las personas a vivir con \u00e9xito en sus comunidades de origen, sino que tambi\u00e9n ayudaba a cientos de personas a salir de los hospitales estatales (rebautizados como centros estatales de desarrollo en 1978). En 1985, s\u00f3lo hab\u00eda 7.100 personas residiendo en centros estatales de desarrollo, mientras que m\u00e1s de 78.000 personas recib\u00edan servicios comunitarios a trav\u00e9s del sistema de centros regionales.<\/p>\n\n\n\n<p>En 1992, el Proyecto de Ley Senatorial 1383 actualiz\u00f3 la filosof\u00eda de la Ley Lanterman y ampli\u00f3 la gama de servicios y apoyos disponibles. La nueva filosof\u00eda adopt\u00f3 el concepto de \u201cempoderamiento\u201d, estableciendo una planificaci\u00f3n centrada en la persona y otorgando a las personas y a sus familias m\u00e1s opciones y autoridad para tomar decisiones sobre sus propias vidas.<\/p>\n\n\n\n<p>A principios de siglo, se hizo evidente un cambio importante en el sistema de servicios de desarrollo de California. En 2001, s\u00f3lo 3.800 personas segu\u00edan residiendo en centros de desarrollo estatales, mientras que m\u00e1s de 163.000 personas y familias recib\u00edan servicios comunitarios.<\/p>\n\n\n\n<p>En la actualidad, el sistema de servicios contin\u00faa enfoc\u00e1ndose en brindar servicios y apoyo a trav\u00e9s de proveedores comunitarios y contin\u00faa con el objetivo de reducir la cantidad de personas que residen en centros de desarrollo estatales; en febrero de 2015, solo 1,147 personas a\u00fan resid\u00edan en centros de desarrollo estatales y alrededor de 287,000 personas y familias recib\u00edan servicios comunitarios coordinados a trav\u00e9s del sistema de centros regionales previsto por el asamble\u00edsta Frank Lanterman.<\/p>","protected":false},"excerpt":{"rendered":"Historia de los Centros Regionales y la Ley Lanterman En California, como en otros estados, las grandes instituciones dominaban el sistema de servicios [\u2026]","protected":false},"author":3,"featured_media":0,"parent":36312,"menu_order":92,"comment_status":"closed","ping_status":"closed","template":"","meta":{"_acf_changed":false,"advgb_blocks_editor_width":"","advgb_blocks_columns_visual_guide":"","_EventAllDay":false,"_EventTimezone":"","_EventStartDate":"","_EventEndDate":"","_EventStartDateUTC":"","_EventEndDateUTC":"","_EventShowMap":false,"_EventShowMapLink":false,"_EventURL":"","_EventCost":"","_EventCostDescription":"","_EventCurrencySymbol":"","_EventCurrencyCode":"","_EventCurrencyPosition":"","_EventDateTimeSeparator":"","_EventTimeRangeSeparator":"","_EventOrganizerID":[],"_EventVenueID":[],"_OrganizerEmail":"","_OrganizerPhone":"","_OrganizerWebsite":"","_VenueAddress":"","_VenueCity":"","_VenueCountry":"","_VenueProvince":"","_VenueState":"","_VenueZip":"","_VenuePhone":"","_VenueURL":"","_VenueStateProvince":"","_VenueLat":"","_VenueLng":"","_VenueShowMap":false,"_VenueShowMapLink":false,"_tribe_blocks_recurrence_rules":"","_tribe_blocks_recurrence_description":"","_tribe_blocks_recurrence_exclusions":"","footnotes":""},"class_list":["post-36542","page","type-page","status-publish","hentry"],"acf":[],"yoast_head":"<!-- This site is optimized with the Yoast SEO plugin v26.4 - https:\/\/yoast.com\/wordpress\/plugins\/seo\/ -->\n<title>History of NLACRC -<\/title>\n<meta name=\"description\" content=\"History of NLACRC - History of Regional Centers &amp; the Lanterman Act In California, as in other states, large institutions dominated the service system for people with\" \/>\n<meta name=\"robots\" content=\"index, follow, max-snippet:-1, max-image-preview:large, max-video-preview:-1\" \/>\n<link rel=\"canonical\" href=\"https:\/\/www.nlacrc.org\/about-us\/history-of-nlacrc\/\" \/>\n<meta property=\"og:locale\" content=\"es_MX\" \/>\n<meta property=\"og:type\" content=\"article\" \/>\n<meta property=\"og:title\" content=\"History of NLACRC -\" \/>\n<meta property=\"og:description\" content=\"History of NLACRC - History of Regional Centers &amp; the Lanterman Act In California, as in other states, large institutions dominated the service system for people with\" \/>\n<meta property=\"og:url\" content=\"https:\/\/www.nlacrc.org\/about-us\/history-of-nlacrc\/\" \/>\n<meta property=\"og:site_name\" content=\"North Los Angeles County\" \/>\n<meta property=\"article:publisher\" content=\"https:\/\/www.facebook.com\/NLACRC\/\" \/>\n<meta property=\"article:modified_time\" content=\"2024-06-26T14:50:06+00:00\" \/>\n<meta property=\"og:image\" content=\"https:\/\/www.nlacrc.org\/wp-content\/uploads\/2024\/06\/LA_3-22_1_2200-1024x318.jpg\" \/>\n<meta name=\"twitter:card\" content=\"summary_large_image\" \/>\n<meta name=\"twitter:site\" content=\"@NLACRC\" \/>\n<meta name=\"twitter:label1\" content=\"Est. reading time\" \/>\n\t<meta name=\"twitter:data1\" content=\"4 minutos\" \/>\n<script type=\"application\/ld+json\" class=\"yoast-schema-graph\">{\"@context\":\"https:\/\/schema.org\",\"@graph\":[{\"@type\":\"WebPage\",\"@id\":\"https:\/\/www.nlacrc.org\/about-us\/history-of-nlacrc\/\",\"url\":\"https:\/\/www.nlacrc.org\/about-us\/history-of-nlacrc\/\",\"name\":\"History of NLACRC -\",\"isPartOf\":{\"@id\":\"https:\/\/www.nlacrc.org\/fa\/#website\"},\"primaryImageOfPage\":{\"@id\":\"https:\/\/www.nlacrc.org\/about-us\/history-of-nlacrc\/#primaryimage\"},\"image\":{\"@id\":\"https:\/\/www.nlacrc.org\/about-us\/history-of-nlacrc\/#primaryimage\"},\"thumbnailUrl\":\"https:\/\/www.nlacrc.org\/wp-content\/uploads\/2024\/06\/LA_3-22_1_2200-1024x318.jpg\",\"datePublished\":\"2024-06-05T16:34:11+00:00\",\"dateModified\":\"2024-06-26T14:50:06+00:00\",\"description\":\"History of NLACRC - History of Regional Centers &amp; the Lanterman Act In California, as in other states, large institutions dominated the service system for people with\",\"breadcrumb\":{\"@id\":\"https:\/\/www.nlacrc.org\/about-us\/history-of-nlacrc\/#breadcrumb\"},\"inLanguage\":\"es\",\"potentialAction\":[{\"@type\":\"ReadAction\",\"target\":[\"https:\/\/www.nlacrc.org\/about-us\/history-of-nlacrc\/\"]}]},{\"@type\":\"ImageObject\",\"inLanguage\":\"es\",\"@id\":\"https:\/\/www.nlacrc.org\/about-us\/history-of-nlacrc\/#primaryimage\",\"url\":\"https:\/\/www.nlacrc.org\/wp-content\/uploads\/2024\/06\/LA_3-22_1_2200-1024x318.jpg\",\"contentUrl\":\"https:\/\/www.nlacrc.org\/wp-content\/uploads\/2024\/06\/LA_3-22_1_2200-1024x318.jpg\"},{\"@type\":\"BreadcrumbList\",\"@id\":\"https:\/\/www.nlacrc.org\/about-us\/history-of-nlacrc\/#breadcrumb\",\"itemListElement\":[{\"@type\":\"ListItem\",\"position\":1,\"name\":\"Home\",\"item\":\"https:\/\/www.nlacrc.org\/\"},{\"@type\":\"ListItem\",\"position\":2,\"name\":\"About Us\",\"item\":\"https:\/\/nlacrc.org\/es\/about-us\/\"},{\"@type\":\"ListItem\",\"position\":3,\"name\":\"History of NLACRC\"}]},{\"@type\":\"WebSite\",\"@id\":\"https:\/\/www.nlacrc.org\/fa\/#website\",\"url\":\"https:\/\/www.nlacrc.org\/fa\/\",\"name\":\"North Los Angeles County\",\"description\":\"Regional Center\",\"publisher\":{\"@id\":\"https:\/\/www.nlacrc.org\/fa\/#organization\"},\"potentialAction\":[{\"@type\":\"SearchAction\",\"target\":{\"@type\":\"EntryPoint\",\"urlTemplate\":\"https:\/\/www.nlacrc.org\/fa\/?s={search_term_string}\"},\"query-input\":{\"@type\":\"PropertyValueSpecification\",\"valueRequired\":true,\"valueName\":\"search_term_string\"}}],\"inLanguage\":\"es\"},{\"@type\":\"Organization\",\"@id\":\"https:\/\/www.nlacrc.org\/fa\/#organization\",\"name\":\"North Los Angeles County\",\"url\":\"https:\/\/www.nlacrc.org\/fa\/\",\"logo\":{\"@type\":\"ImageObject\",\"inLanguage\":\"es\",\"@id\":\"https:\/\/www.nlacrc.org\/fa\/#\/schema\/logo\/image\/\",\"url\":\"https:\/\/www.nlacrc.org\/wp-content\/uploads\/2024\/06\/logo.svg\",\"contentUrl\":\"https:\/\/www.nlacrc.org\/wp-content\/uploads\/2024\/06\/logo.svg\",\"width\":131,\"height\":130,\"caption\":\"North Los Angeles County\"},\"image\":{\"@id\":\"https:\/\/www.nlacrc.org\/fa\/#\/schema\/logo\/image\/\"},\"sameAs\":[\"https:\/\/www.facebook.com\/NLACRC\/\",\"https:\/\/x.com\/NLACRC\"]}]}<\/script>\n<!-- \/ Yoast SEO plugin. -->","yoast_head_json":{"title":"History of NLACRC -","description":"History of NLACRC - History of Regional Centers &amp; the Lanterman Act In California, as in other states, large institutions dominated the service system for people with","robots":{"index":"index","follow":"follow","max-snippet":"max-snippet:-1","max-image-preview":"max-image-preview:large","max-video-preview":"max-video-preview:-1"},"canonical":"https:\/\/www.nlacrc.org\/about-us\/history-of-nlacrc\/","og_locale":"es_MX","og_type":"article","og_title":"History of NLACRC -","og_description":"History of NLACRC - History of Regional Centers &amp; the Lanterman Act In California, as in other states, large institutions dominated the service system for people with","og_url":"https:\/\/www.nlacrc.org\/about-us\/history-of-nlacrc\/","og_site_name":"North Los Angeles County","article_publisher":"https:\/\/www.facebook.com\/NLACRC\/","article_modified_time":"2024-06-26T14:50:06+00:00","og_image":[{"url":"https:\/\/www.nlacrc.org\/wp-content\/uploads\/2024\/06\/LA_3-22_1_2200-1024x318.jpg","type":"","width":"","height":""}],"twitter_card":"summary_large_image","twitter_site":"@NLACRC","twitter_misc":{"Est. reading time":"4 minutos"},"schema":{"@context":"https:\/\/schema.org","@graph":[{"@type":"WebPage","@id":"https:\/\/www.nlacrc.org\/about-us\/history-of-nlacrc\/","url":"https:\/\/www.nlacrc.org\/about-us\/history-of-nlacrc\/","name":"History of NLACRC -","isPartOf":{"@id":"https:\/\/www.nlacrc.org\/fa\/#website"},"primaryImageOfPage":{"@id":"https:\/\/www.nlacrc.org\/about-us\/history-of-nlacrc\/#primaryimage"},"image":{"@id":"https:\/\/www.nlacrc.org\/about-us\/history-of-nlacrc\/#primaryimage"},"thumbnailUrl":"https:\/\/www.nlacrc.org\/wp-content\/uploads\/2024\/06\/LA_3-22_1_2200-1024x318.jpg","datePublished":"2024-06-05T16:34:11+00:00","dateModified":"2024-06-26T14:50:06+00:00","description":"History of NLACRC - History of Regional Centers &amp; the Lanterman Act In California, as in other states, large institutions dominated the service system for people with","breadcrumb":{"@id":"https:\/\/www.nlacrc.org\/about-us\/history-of-nlacrc\/#breadcrumb"},"inLanguage":"es","potentialAction":[{"@type":"ReadAction","target":["https:\/\/www.nlacrc.org\/about-us\/history-of-nlacrc\/"]}]},{"@type":"ImageObject","inLanguage":"es","@id":"https:\/\/www.nlacrc.org\/about-us\/history-of-nlacrc\/#primaryimage","url":"https:\/\/www.nlacrc.org\/wp-content\/uploads\/2024\/06\/LA_3-22_1_2200-1024x318.jpg","contentUrl":"https:\/\/www.nlacrc.org\/wp-content\/uploads\/2024\/06\/LA_3-22_1_2200-1024x318.jpg"},{"@type":"BreadcrumbList","@id":"https:\/\/www.nlacrc.org\/about-us\/history-of-nlacrc\/#breadcrumb","itemListElement":[{"@type":"ListItem","position":1,"name":"Home","item":"https:\/\/www.nlacrc.org\/"},{"@type":"ListItem","position":2,"name":"About Us","item":"https:\/\/nlacrc.org\/es\/about-us\/"},{"@type":"ListItem","position":3,"name":"History of NLACRC"}]},{"@type":"WebSite","@id":"https:\/\/www.nlacrc.org\/fa\/#website","url":"https:\/\/www.nlacrc.org\/fa\/","name":"Norte del condado de Los \u00c1ngeles","description":"Centro Regional","publisher":{"@id":"https:\/\/www.nlacrc.org\/fa\/#organization"},"potentialAction":[{"@type":"SearchAction","target":{"@type":"EntryPoint","urlTemplate":"https:\/\/www.nlacrc.org\/fa\/?s={search_term_string}"},"query-input":{"@type":"PropertyValueSpecification","valueRequired":true,"valueName":"search_term_string"}}],"inLanguage":"es"},{"@type":"Organization","@id":"https:\/\/www.nlacrc.org\/fa\/#organization","name":"Norte del condado de Los \u00c1ngeles","url":"https:\/\/www.nlacrc.org\/fa\/","logo":{"@type":"ImageObject","inLanguage":"es","@id":"https:\/\/www.nlacrc.org\/fa\/#\/schema\/logo\/image\/","url":"https:\/\/www.nlacrc.org\/wp-content\/uploads\/2024\/06\/logo.svg","contentUrl":"https:\/\/www.nlacrc.org\/wp-content\/uploads\/2024\/06\/logo.svg","width":131,"height":130,"caption":"North Los Angeles County"},"image":{"@id":"https:\/\/www.nlacrc.org\/fa\/#\/schema\/logo\/image\/"},"sameAs":["https:\/\/www.facebook.com\/NLACRC\/","https:\/\/x.com\/NLACRC"]}]}},"coauthors":[],"author_meta":{"author_link":"https:\/\/nlacrc.org\/es\/author\/planeteria\/","display_name":"planeteria"},"relative_dates":{"created":"Publicado 2 a\u00f1os hace","modified":"Actualizado 2 a\u00f1os hace"},"absolute_dates":{"created":"Publicado el junio 5, 2024","modified":"Actualizado el junio 26, 2024"},"absolute_dates_time":{"created":"Publicado el junio 5, 2024 9:34 am","modified":"Actualizado el junio 26, 2024 7:50 am"},"featured_img_caption":"","featured_img":false,"series_order":"","_links":{"self":[{"href":"https:\/\/nlacrc.org\/es\/wp-json\/wp\/v2\/pages\/36542","targetHints":{"allow":["GET"]}}],"collection":[{"href":"https:\/\/nlacrc.org\/es\/wp-json\/wp\/v2\/pages"}],"about":[{"href":"https:\/\/nlacrc.org\/es\/wp-json\/wp\/v2\/types\/page"}],"author":[{"embeddable":true,"href":"https:\/\/nlacrc.org\/es\/wp-json\/wp\/v2\/users\/3"}],"replies":[{"embeddable":true,"href":"https:\/\/nlacrc.org\/es\/wp-json\/wp\/v2\/comments?post=36542"}],"version-history":[{"count":5,"href":"https:\/\/nlacrc.org\/es\/wp-json\/wp\/v2\/pages\/36542\/revisions"}],"predecessor-version":[{"id":43741,"href":"https:\/\/nlacrc.org\/es\/wp-json\/wp\/v2\/pages\/36542\/revisions\/43741"}],"up":[{"embeddable":true,"href":"https:\/\/nlacrc.org\/es\/wp-json\/wp\/v2\/pages\/36312"}],"wp:attachment":[{"href":"https:\/\/nlacrc.org\/es\/wp-json\/wp\/v2\/media?parent=36542"}],"curies":[{"name":"wp","href":"https:\/\/api.w.org\/{rel}","templated":true}]}}